{"id":34578,"date":"2022-07-13T11:18:40","date_gmt":"2022-07-13T10:18:40","guid":{"rendered":"https:\/\/websjop.afuk.frl\/nl\/?post_type=product&#038;p=34578"},"modified":"2023-11-02T14:45:02","modified_gmt":"2023-11-02T13:45:02","slug":"in-running-gag-om-te-gulen","status":"publish","type":"product","link":"https:\/\/websjop.afuk.frl\/nl\/winkel\/in-running-gag-om-te-gulen\/","title":{"rendered":"In running gag om te g\u00fblen"},"content":{"rendered":"<p>Sipke de Schiffart zijn eerste gedichtenbundel was <em>Oan my tinke. <\/em>De bundel werd genomineerd voor de Piter Jellesprijs. In deze tweede bundel spelen liefde en erotiek weer een grote rol, maar komen ook andere menselijke zaken aan de orde, waar de dichter zowel met cynisme als compassie zijn licht over laat schijnen.<\/p>\n<p>De Schiffart publiceerde naast po\u00ebzie ook de verhalenbundel <em>Wat it is om bang te w\u00eazen <\/em>en de roman <em>Sjappy.<\/em><\/p>\n<p>&nbsp;<\/p>\n","protected":false},"excerpt":{"rendered":"<p>Sipke de Schiffart zijn eerste gedichtenbundel was Oan my tinke. De bundel werd genomineerd voor de Piter Jellesprijs. In deze tweede bundel spelen liefde en erotiek weer een grote rol, maar komen ook andere menselijke zaken aan de orde, waar de dichter zowel met cynisme als compassie zijn licht over laat schijnen. De Schiffart publiceerde [&hellip;]<\/p>\n","protected":false},"featured_media":34604,"comment_status":"closed","ping_status":"closed","template":"","meta":{"_acf_changed":false},"product_brand":[],"product_cat":[538,535,1215],"product_tag":[21005,5191,21004,6212,17036,9659],"class_list":{"0":"post-34578","1":"product","2":"type-product","3":"status-publish","4":"has-post-thumbnail","6":"product_cat-dichtbondels","7":"product_cat-fryske-boeken","8":"product_cat-romans-en-literatuer","9":"product_tag-erotiek","10":"product_tag-gedichten","11":"product_tag-in-running-gag-om-te-gulen","12":"product_tag-leafde","13":"product_tag-poezie","14":"product_tag-sipke-de-schiffart","15":"product_shipping_class-brievenbus-verzending","16":"pa_auteur-sipke-de-schiffart-2","17":"pa_isbn-21003","18":"pa_new-label-1-3","19":"pa_taal-frysk","20":"pa_uitgever-hispel","22":"first","23":"instock","24":"taxable","25":"shipping-taxable","26":"purchasable","27":"product-type-simple"},"acf":[],"yoast_head":"<!-- This site is optimized with the Yoast SEO plugin v27.3 - https:\/\/yoast.com\/product\/yoast-seo-wordpress\/ -->\n<title>In running gag om te g\u00fblen &#8211; Af\u00fbk Websjop<\/title>\n<meta name=\"description\" content=\"In In running gag om te g\u00fblen spelen liefde en erotiek een grote rol, maar komen ook andere menselijke zaken aan de orde, met cynische en romantische kijk.\" \/>\n<meta name=\"robots\" content=\"index, follow, max-snippet:-1, max-image-preview:large, max-video-preview:-1\" \/>\n<link rel=\"canonical\" href=\"https:\/\/websjop.afuk.frl\/nl\/winkel\/in-running-gag-om-te-gulen\/\" \/>\n<meta property=\"og:locale\" content=\"nl_NL\" \/>\n<meta property=\"og:type\" content=\"article\" \/>\n<meta property=\"og:title\" content=\"In running gag om te g\u00fblen &#8211; Af\u00fbk Websjop\" \/>\n<meta property=\"og:description\" content=\"In In running gag om te g\u00fblen spelen liefde en erotiek een grote rol, maar komen ook andere menselijke zaken aan de orde, met cynische en romantische kijk.\" \/>\n<meta property=\"og:url\" content=\"https:\/\/websjop.afuk.frl\/nl\/winkel\/in-running-gag-om-te-gulen\/\" \/>\n<meta property=\"og:site_name\" content=\"Af\u00fbk Websjop\" \/>\n<meta property=\"article:modified_time\" content=\"2023-11-02T13:45:02+00:00\" \/>\n<meta property=\"og:image\" content=\"https:\/\/websjop.afuk.frl\/wp-content\/uploads\/2022\/07\/in-running-gag-1.jpg\" \/>\n\t<meta property=\"og:image:width\" content=\"1450\" \/>\n\t<meta property=\"og:image:height\" content=\"2298\" \/>\n\t<meta property=\"og:image:type\" content=\"image\/jpeg\" \/>\n<meta name=\"twitter:card\" content=\"summary_large_image\" \/>\n<script type=\"application\/ld+json\" class=\"yoast-schema-graph\">{\"@context\":\"https:\\\/\\\/schema.org\",\"@graph\":[{\"@type\":\"WebPage\",\"@id\":\"https:\\\/\\\/websjop.afuk.frl\\\/nl\\\/winkel\\\/in-running-gag-om-te-gulen\\\/\",\"url\":\"https:\\\/\\\/websjop.afuk.frl\\\/nl\\\/winkel\\\/in-running-gag-om-te-gulen\\\/\",\"name\":\"In running gag om te g\u00fblen &#8211; Af\u00fbk Websjop\",\"isPartOf\":{\"@id\":\"https:\\\/\\\/websjop.afuk.frl\\\/nl\\\/#website\"},\"primaryImageOfPage\":{\"@id\":\"https:\\\/\\\/websjop.afuk.frl\\\/nl\\\/winkel\\\/in-running-gag-om-te-gulen\\\/#primaryimage\"},\"image\":{\"@id\":\"https:\\\/\\\/websjop.afuk.frl\\\/nl\\\/winkel\\\/in-running-gag-om-te-gulen\\\/#primaryimage\"},\"thumbnailUrl\":\"https:\\\/\\\/websjop.afuk.frl\\\/wp-content\\\/uploads\\\/2022\\\/07\\\/in-running-gag-1.jpg\",\"datePublished\":\"2022-07-13T10:18:40+00:00\",\"dateModified\":\"2023-11-02T13:45:02+00:00\",\"description\":\"In In running gag om te g\u00fblen spelen liefde en erotiek een grote rol, maar komen ook andere menselijke zaken aan de orde, met cynische en romantische kijk.\",\"breadcrumb\":{\"@id\":\"https:\\\/\\\/websjop.afuk.frl\\\/nl\\\/winkel\\\/in-running-gag-om-te-gulen\\\/#breadcrumb\"},\"inLanguage\":\"nl-NL\",\"potentialAction\":[{\"@type\":\"ReadAction\",\"target\":[\"https:\\\/\\\/websjop.afuk.frl\\\/nl\\\/winkel\\\/in-running-gag-om-te-gulen\\\/\"]}]},{\"@type\":\"ImageObject\",\"inLanguage\":\"nl-NL\",\"@id\":\"https:\\\/\\\/websjop.afuk.frl\\\/nl\\\/winkel\\\/in-running-gag-om-te-gulen\\\/#primaryimage\",\"url\":\"https:\\\/\\\/websjop.afuk.frl\\\/wp-content\\\/uploads\\\/2022\\\/07\\\/in-running-gag-1.jpg\",\"contentUrl\":\"https:\\\/\\\/websjop.afuk.frl\\\/wp-content\\\/uploads\\\/2022\\\/07\\\/in-running-gag-1.jpg\",\"width\":1450,\"height\":2298,\"caption\":\"In running gag\"},{\"@type\":\"BreadcrumbList\",\"@id\":\"https:\\\/\\\/websjop.afuk.frl\\\/nl\\\/winkel\\\/in-running-gag-om-te-gulen\\\/#breadcrumb\",\"itemListElement\":[{\"@type\":\"ListItem\",\"position\":1,\"name\":\"Home\",\"item\":\"https:\\\/\\\/websjop.afuk.frl\\\/nl\\\/\"},{\"@type\":\"ListItem\",\"position\":2,\"name\":\"Winkel\",\"item\":\"https:\\\/\\\/websjop.afuk.frl\\\/nl\\\/winkel\\\/\"},{\"@type\":\"ListItem\",\"position\":3,\"name\":\"In running gag om te g\u00fblen\"}]},{\"@type\":\"WebSite\",\"@id\":\"https:\\\/\\\/websjop.afuk.frl\\\/nl\\\/#website\",\"url\":\"https:\\\/\\\/websjop.afuk.frl\\\/nl\\\/\",\"name\":\"Af\u00fbk Websjop\",\"description\":\"\",\"potentialAction\":[{\"@type\":\"SearchAction\",\"target\":{\"@type\":\"EntryPoint\",\"urlTemplate\":\"https:\\\/\\\/websjop.afuk.frl\\\/nl\\\/?s={search_term_string}\"},\"query-input\":{\"@type\":\"PropertyValueSpecification\",\"valueRequired\":true,\"valueName\":\"search_term_string\"}}],\"inLanguage\":\"nl-NL\"}]}<\/script>\n<!-- \/ Yoast SEO plugin. -->","yoast_head_json":{"title":"In running gag om te g\u00fblen &#8211; Af\u00fbk Websjop","description":"In In running gag om te g\u00fblen spelen liefde en erotiek een grote rol, maar komen ook andere menselijke zaken aan de orde, met cynische en romantische kijk.","robots":{"index":"index","follow":"follow","max-snippet":"max-snippet:-1","max-image-preview":"max-image-preview:large","max-video-preview":"max-video-preview:-1"},"canonical":"https:\/\/websjop.afuk.frl\/nl\/winkel\/in-running-gag-om-te-gulen\/","og_locale":"nl_NL","og_type":"article","og_title":"In running gag om te g\u00fblen &#8211; Af\u00fbk Websjop","og_description":"In In running gag om te g\u00fblen spelen liefde en erotiek een grote rol, maar komen ook andere menselijke zaken aan de orde, met cynische en romantische kijk.","og_url":"https:\/\/websjop.afuk.frl\/nl\/winkel\/in-running-gag-om-te-gulen\/","og_site_name":"Af\u00fbk Websjop","article_modified_time":"2023-11-02T13:45:02+00:00","og_image":[{"width":1450,"height":2298,"url":"https:\/\/websjop.afuk.frl\/wp-content\/uploads\/2022\/07\/in-running-gag-1.jpg","type":"image\/jpeg"}],"twitter_card":"summary_large_image","schema":{"@context":"https:\/\/schema.org","@graph":[{"@type":"WebPage","@id":"https:\/\/websjop.afuk.frl\/nl\/winkel\/in-running-gag-om-te-gulen\/","url":"https:\/\/websjop.afuk.frl\/nl\/winkel\/in-running-gag-om-te-gulen\/","name":"In running gag om te g\u00fblen &#8211; Af\u00fbk Websjop","isPartOf":{"@id":"https:\/\/websjop.afuk.frl\/nl\/#website"},"primaryImageOfPage":{"@id":"https:\/\/websjop.afuk.frl\/nl\/winkel\/in-running-gag-om-te-gulen\/#primaryimage"},"image":{"@id":"https:\/\/websjop.afuk.frl\/nl\/winkel\/in-running-gag-om-te-gulen\/#primaryimage"},"thumbnailUrl":"https:\/\/websjop.afuk.frl\/wp-content\/uploads\/2022\/07\/in-running-gag-1.jpg","datePublished":"2022-07-13T10:18:40+00:00","dateModified":"2023-11-02T13:45:02+00:00","description":"In In running gag om te g\u00fblen spelen liefde en erotiek een grote rol, maar komen ook andere menselijke zaken aan de orde, met cynische en romantische kijk.","breadcrumb":{"@id":"https:\/\/websjop.afuk.frl\/nl\/winkel\/in-running-gag-om-te-gulen\/#breadcrumb"},"inLanguage":"nl-NL","potentialAction":[{"@type":"ReadAction","target":["https:\/\/websjop.afuk.frl\/nl\/winkel\/in-running-gag-om-te-gulen\/"]}]},{"@type":"ImageObject","inLanguage":"nl-NL","@id":"https:\/\/websjop.afuk.frl\/nl\/winkel\/in-running-gag-om-te-gulen\/#primaryimage","url":"https:\/\/websjop.afuk.frl\/wp-content\/uploads\/2022\/07\/in-running-gag-1.jpg","contentUrl":"https:\/\/websjop.afuk.frl\/wp-content\/uploads\/2022\/07\/in-running-gag-1.jpg","width":1450,"height":2298,"caption":"In running gag"},{"@type":"BreadcrumbList","@id":"https:\/\/websjop.afuk.frl\/nl\/winkel\/in-running-gag-om-te-gulen\/#breadcrumb","itemListElement":[{"@type":"ListItem","position":1,"name":"Home","item":"https:\/\/websjop.afuk.frl\/nl\/"},{"@type":"ListItem","position":2,"name":"Winkel","item":"https:\/\/websjop.afuk.frl\/nl\/winkel\/"},{"@type":"ListItem","position":3,"name":"In running gag om te g\u00fblen"}]},{"@type":"WebSite","@id":"https:\/\/websjop.afuk.frl\/nl\/#website","url":"https:\/\/websjop.afuk.frl\/nl\/","name":"Af\u00fbk Websjop","description":"","potentialAction":[{"@type":"SearchAction","target":{"@type":"EntryPoint","urlTemplate":"https:\/\/websjop.afuk.frl\/nl\/?s={search_term_string}"},"query-input":{"@type":"PropertyValueSpecification","valueRequired":true,"valueName":"search_term_string"}}],"inLanguage":"nl-NL"}]}},"_links":{"self":[{"href":"https:\/\/websjop.afuk.frl\/nl\/wp-json\/wp\/v2\/product\/34578","targetHints":{"allow":["GET"]}}],"collection":[{"href":"https:\/\/websjop.afuk.frl\/nl\/wp-json\/wp\/v2\/product"}],"about":[{"href":"https:\/\/websjop.afuk.frl\/nl\/wp-json\/wp\/v2\/types\/product"}],"replies":[{"embeddable":true,"href":"https:\/\/websjop.afuk.frl\/nl\/wp-json\/wp\/v2\/comments?post=34578"}],"wp:featuredmedia":[{"embeddable":true,"href":"https:\/\/websjop.afuk.frl\/nl\/wp-json\/wp\/v2\/media\/34604"}],"wp:attachment":[{"href":"https:\/\/websjop.afuk.frl\/nl\/wp-json\/wp\/v2\/media?parent=34578"}],"wp:term":[{"taxonomy":"product_brand","embeddable":true,"href":"https:\/\/websjop.afuk.frl\/nl\/wp-json\/wp\/v2\/product_brand?post=34578"},{"taxonomy":"product_cat","embeddable":true,"href":"https:\/\/websjop.afuk.frl\/nl\/wp-json\/wp\/v2\/product_cat?post=34578"},{"taxonomy":"product_tag","embeddable":true,"href":"https:\/\/websjop.afuk.frl\/nl\/wp-json\/wp\/v2\/product_tag?post=34578"}],"curies":[{"name":"wp","href":"https:\/\/api.w.org\/{rel}","templated":true}]}}