{"id":34477,"date":"2024-05-01T10:32:12","date_gmt":"2024-05-01T09:32:12","guid":{"rendered":"https:\/\/websjop.afuk.frl\/nl\/?post_type=product&#038;p=34477"},"modified":"2026-01-08T15:53:10","modified_gmt":"2026-01-08T14:53:10","slug":"joazefine-fiert-fakansje","status":"publish","type":"product","link":"https:\/\/websjop.afuk.frl\/nl\/winkel\/joazefine-fiert-fakansje\/","title":{"rendered":"Joazefine fiert fak\u00e2nsje"},"content":{"rendered":"<p>De postbode is met vakantie en stuurt zijn vrienden een kaartje. &#8216;Vakantievieren, dat wil ik ook&#8217;, denkt Joazefine, dus ze pakt haar tas in en draaft naar de bushalte. Als er na een paar uren nog steeds geen bus voorbij gekomen is, loopt ze teleurgesteld terug naar de boerderij. Maar onderweg ontdekt ze vlakbij huis een prachtig vakantieplekje. Daar heeft ze veel vakantieplezier, maar wat vinden ze er op de boerderij van?<\/p>\n<p><a href=\"https:\/\/heitenmem.frl\/lestip-fan-keimpe-joazefine-fiert-fakansje\/\" target=\"_blank\" rel=\"noopener\">Kijk voor filmpjes en printables bij dit boek bij de L\u00eastip fan Keimpe.<\/a><\/p>\n<hr \/>\n<p><em>Klaske: &#8220;Der is ien ding yn de fak\u00e2nsje op de pleats dat Joazefine net misse kin, mar wat dat is? L\u00eas it boek mar gau. It is in hearlik fak\u00e2nsjeboek mei prachtige plaatsjes w\u00earyn\u2019t je hieltyd wer nije grapkes fine. Alle bern sille de dingen dy\u2019t Joazefine en de oare bisten dogge ek dwaan wolle. Foar ferfelen is gjin tiid!&#8221; <a href=\"https:\/\/heitenmem.nl\/artikel\/24033\/joazefine\/\" target=\"_blank\" rel=\"noopener\">L\u00eas hjir de folsleine resinsje.<\/a><\/em><\/p>\n","protected":false},"excerpt":{"rendered":"<p>De postbode is met vakantie en stuurt zijn vrienden een kaartje. &#8216;Vakantievieren, dat wil ik ook&#8217;, denkt Joazefine, dus ze pakt haar tas in en draaft naar de bushalte. Als er na een paar uren nog steeds geen bus voorbij gekomen is, loopt ze teleurgesteld terug naar de boerderij. Maar onderweg ontdekt ze vlakbij huis [&hellip;]<\/p>\n","protected":false},"featured_media":34478,"comment_status":"closed","ping_status":"closed","template":"","meta":{"_acf_changed":false},"product_brand":[],"product_cat":[1213,549,16973,535,16974,23627,1313,23024,22833],"product_tag":[20999,20998,21000,19167,17072],"class_list":{"0":"post-34477","1":"product","2":"type-product","3":"status-publish","4":"has-post-thumbnail","6":"product_cat-berne-en-jeugdboeken","7":"product_cat-berneboeken-0-tot-4-jaar","8":"product_cat-berneboekewike2023","9":"product_cat-fryske-boeken","10":"product_cat-groep-1-en-2","11":"product_cat-op-aventoer","12":"product_cat-simmer-yn-fryslan","13":"product_cat-tema-buorkerij-en-bisten","14":"product_cat-tema-simmer-foar-jonge-bern","15":"product_tag-alexander-steffensmeier","16":"product_tag-joazefine-fiert-fakansje","17":"product_tag-op-fakansje","18":"product_tag-op-reis","19":"product_tag-vakantie","20":"product_shipping_class-brievenbus-verzending","21":"pa_auteur-alexander-steffensmeier-2","22":"pa_isbn-20997","23":"pa_new-label-1-3","24":"pa_taal-frysk","25":"pa_uitgever-afuk","26":"pa_vertaler-hermien-van-der-meer","28":"first","29":"instock","30":"taxable","31":"shipping-taxable","32":"purchasable","33":"product-type-simple"},"acf":[],"yoast_head":"<!-- This site is optimized with the Yoast SEO plugin v27.3 - https:\/\/yoast.com\/product\/yoast-seo-wordpress\/ -->\n<title>Joazefine fiert fak\u00e2nsje &#8211; Af\u00fbk Websjop<\/title>\n<meta name=\"description\" content=\"De postbode is met vakantie en stuurt zijn vrienden een kaartje. &#039;Vakantievieren, dat wil ik ook&#039;, denkt Joazefine, dus ze pakt haar tas in en gaat weg.\" \/>\n<meta name=\"robots\" content=\"index, follow, max-snippet:-1, max-image-preview:large, max-video-preview:-1\" \/>\n<link rel=\"canonical\" href=\"https:\/\/websjop.afuk.frl\/nl\/winkel\/joazefine-fiert-fakansje\/\" \/>\n<meta property=\"og:locale\" content=\"nl_NL\" \/>\n<meta property=\"og:type\" content=\"article\" \/>\n<meta property=\"og:title\" content=\"Joazefine fiert fak\u00e2nsje &#8211; Af\u00fbk Websjop\" \/>\n<meta property=\"og:description\" content=\"De postbode is met vakantie en stuurt zijn vrienden een kaartje. &#039;Vakantievieren, dat wil ik ook&#039;, denkt Joazefine, dus ze pakt haar tas in en gaat weg.\" \/>\n<meta property=\"og:url\" content=\"https:\/\/websjop.afuk.frl\/nl\/winkel\/joazefine-fiert-fakansje\/\" \/>\n<meta property=\"og:site_name\" content=\"Af\u00fbk Websjop\" \/>\n<meta property=\"article:modified_time\" content=\"2026-01-08T14:53:10+00:00\" \/>\n<meta property=\"og:image\" content=\"https:\/\/websjop.afuk.frl\/wp-content\/uploads\/2022\/07\/Joazefine-fiert-fakansje-LR.jpg\" \/>\n\t<meta property=\"og:image:width\" content=\"1500\" \/>\n\t<meta property=\"og:image:height\" content=\"1898\" \/>\n\t<meta property=\"og:image:type\" content=\"image\/jpeg\" \/>\n<meta name=\"twitter:card\" content=\"summary_large_image\" \/>\n<meta name=\"twitter:label1\" content=\"Geschatte leestijd\" \/>\n\t<meta name=\"twitter:data1\" content=\"2 minuten\" \/>\n<script type=\"application\/ld+json\" class=\"yoast-schema-graph\">{\"@context\":\"https:\\\/\\\/schema.org\",\"@graph\":[{\"@type\":\"WebPage\",\"@id\":\"https:\\\/\\\/websjop.afuk.frl\\\/nl\\\/winkel\\\/joazefine-fiert-fakansje\\\/\",\"url\":\"https:\\\/\\\/websjop.afuk.frl\\\/nl\\\/winkel\\\/joazefine-fiert-fakansje\\\/\",\"name\":\"Joazefine fiert fak\u00e2nsje &#8211; Af\u00fbk Websjop\",\"isPartOf\":{\"@id\":\"https:\\\/\\\/websjop.afuk.frl\\\/nl\\\/#website\"},\"primaryImageOfPage\":{\"@id\":\"https:\\\/\\\/websjop.afuk.frl\\\/nl\\\/winkel\\\/joazefine-fiert-fakansje\\\/#primaryimage\"},\"image\":{\"@id\":\"https:\\\/\\\/websjop.afuk.frl\\\/nl\\\/winkel\\\/joazefine-fiert-fakansje\\\/#primaryimage\"},\"thumbnailUrl\":\"https:\\\/\\\/websjop.afuk.frl\\\/wp-content\\\/uploads\\\/2022\\\/07\\\/Joazefine-fiert-fakansje-LR.jpg\",\"datePublished\":\"2024-05-01T09:32:12+00:00\",\"dateModified\":\"2026-01-08T14:53:10+00:00\",\"description\":\"De postbode is met vakantie en stuurt zijn vrienden een kaartje. 'Vakantievieren, dat wil ik ook', denkt Joazefine, dus ze pakt haar tas in en gaat weg.\",\"breadcrumb\":{\"@id\":\"https:\\\/\\\/websjop.afuk.frl\\\/nl\\\/winkel\\\/joazefine-fiert-fakansje\\\/#breadcrumb\"},\"inLanguage\":\"nl-NL\",\"potentialAction\":[{\"@type\":\"ReadAction\",\"target\":[\"https:\\\/\\\/websjop.afuk.frl\\\/nl\\\/winkel\\\/joazefine-fiert-fakansje\\\/\"]}]},{\"@type\":\"ImageObject\",\"inLanguage\":\"nl-NL\",\"@id\":\"https:\\\/\\\/websjop.afuk.frl\\\/nl\\\/winkel\\\/joazefine-fiert-fakansje\\\/#primaryimage\",\"url\":\"https:\\\/\\\/websjop.afuk.frl\\\/wp-content\\\/uploads\\\/2022\\\/07\\\/Joazefine-fiert-fakansje-LR.jpg\",\"contentUrl\":\"https:\\\/\\\/websjop.afuk.frl\\\/wp-content\\\/uploads\\\/2022\\\/07\\\/Joazefine-fiert-fakansje-LR.jpg\",\"width\":1500,\"height\":1898,\"caption\":\"Joazefine fiert fak\u00e2nsje\"},{\"@type\":\"BreadcrumbList\",\"@id\":\"https:\\\/\\\/websjop.afuk.frl\\\/nl\\\/winkel\\\/joazefine-fiert-fakansje\\\/#breadcrumb\",\"itemListElement\":[{\"@type\":\"ListItem\",\"position\":1,\"name\":\"Home\",\"item\":\"https:\\\/\\\/websjop.afuk.frl\\\/nl\\\/\"},{\"@type\":\"ListItem\",\"position\":2,\"name\":\"Winkel\",\"item\":\"https:\\\/\\\/websjop.afuk.frl\\\/nl\\\/winkel\\\/\"},{\"@type\":\"ListItem\",\"position\":3,\"name\":\"Joazefine fiert fak\u00e2nsje\"}]},{\"@type\":\"WebSite\",\"@id\":\"https:\\\/\\\/websjop.afuk.frl\\\/nl\\\/#website\",\"url\":\"https:\\\/\\\/websjop.afuk.frl\\\/nl\\\/\",\"name\":\"Af\u00fbk Websjop\",\"description\":\"\",\"potentialAction\":[{\"@type\":\"SearchAction\",\"target\":{\"@type\":\"EntryPoint\",\"urlTemplate\":\"https:\\\/\\\/websjop.afuk.frl\\\/nl\\\/?s={search_term_string}\"},\"query-input\":{\"@type\":\"PropertyValueSpecification\",\"valueRequired\":true,\"valueName\":\"search_term_string\"}}],\"inLanguage\":\"nl-NL\"}]}<\/script>\n<!-- \/ Yoast SEO plugin. -->","yoast_head_json":{"title":"Joazefine fiert fak\u00e2nsje &#8211; Af\u00fbk Websjop","description":"De postbode is met vakantie en stuurt zijn vrienden een kaartje. 'Vakantievieren, dat wil ik ook', denkt Joazefine, dus ze pakt haar tas in en gaat weg.","robots":{"index":"index","follow":"follow","max-snippet":"max-snippet:-1","max-image-preview":"max-image-preview:large","max-video-preview":"max-video-preview:-1"},"canonical":"https:\/\/websjop.afuk.frl\/nl\/winkel\/joazefine-fiert-fakansje\/","og_locale":"nl_NL","og_type":"article","og_title":"Joazefine fiert fak\u00e2nsje &#8211; Af\u00fbk Websjop","og_description":"De postbode is met vakantie en stuurt zijn vrienden een kaartje. 'Vakantievieren, dat wil ik ook', denkt Joazefine, dus ze pakt haar tas in en gaat weg.","og_url":"https:\/\/websjop.afuk.frl\/nl\/winkel\/joazefine-fiert-fakansje\/","og_site_name":"Af\u00fbk Websjop","article_modified_time":"2026-01-08T14:53:10+00:00","og_image":[{"width":1500,"height":1898,"url":"https:\/\/websjop.afuk.frl\/wp-content\/uploads\/2022\/07\/Joazefine-fiert-fakansje-LR.jpg","type":"image\/jpeg"}],"twitter_card":"summary_large_image","twitter_misc":{"Geschatte leestijd":"2 minuten"},"schema":{"@context":"https:\/\/schema.org","@graph":[{"@type":"WebPage","@id":"https:\/\/websjop.afuk.frl\/nl\/winkel\/joazefine-fiert-fakansje\/","url":"https:\/\/websjop.afuk.frl\/nl\/winkel\/joazefine-fiert-fakansje\/","name":"Joazefine fiert fak\u00e2nsje &#8211; Af\u00fbk Websjop","isPartOf":{"@id":"https:\/\/websjop.afuk.frl\/nl\/#website"},"primaryImageOfPage":{"@id":"https:\/\/websjop.afuk.frl\/nl\/winkel\/joazefine-fiert-fakansje\/#primaryimage"},"image":{"@id":"https:\/\/websjop.afuk.frl\/nl\/winkel\/joazefine-fiert-fakansje\/#primaryimage"},"thumbnailUrl":"https:\/\/websjop.afuk.frl\/wp-content\/uploads\/2022\/07\/Joazefine-fiert-fakansje-LR.jpg","datePublished":"2024-05-01T09:32:12+00:00","dateModified":"2026-01-08T14:53:10+00:00","description":"De postbode is met vakantie en stuurt zijn vrienden een kaartje. 'Vakantievieren, dat wil ik ook', denkt Joazefine, dus ze pakt haar tas in en gaat weg.","breadcrumb":{"@id":"https:\/\/websjop.afuk.frl\/nl\/winkel\/joazefine-fiert-fakansje\/#breadcrumb"},"inLanguage":"nl-NL","potentialAction":[{"@type":"ReadAction","target":["https:\/\/websjop.afuk.frl\/nl\/winkel\/joazefine-fiert-fakansje\/"]}]},{"@type":"ImageObject","inLanguage":"nl-NL","@id":"https:\/\/websjop.afuk.frl\/nl\/winkel\/joazefine-fiert-fakansje\/#primaryimage","url":"https:\/\/websjop.afuk.frl\/wp-content\/uploads\/2022\/07\/Joazefine-fiert-fakansje-LR.jpg","contentUrl":"https:\/\/websjop.afuk.frl\/wp-content\/uploads\/2022\/07\/Joazefine-fiert-fakansje-LR.jpg","width":1500,"height":1898,"caption":"Joazefine fiert fak\u00e2nsje"},{"@type":"BreadcrumbList","@id":"https:\/\/websjop.afuk.frl\/nl\/winkel\/joazefine-fiert-fakansje\/#breadcrumb","itemListElement":[{"@type":"ListItem","position":1,"name":"Home","item":"https:\/\/websjop.afuk.frl\/nl\/"},{"@type":"ListItem","position":2,"name":"Winkel","item":"https:\/\/websjop.afuk.frl\/nl\/winkel\/"},{"@type":"ListItem","position":3,"name":"Joazefine fiert fak\u00e2nsje"}]},{"@type":"WebSite","@id":"https:\/\/websjop.afuk.frl\/nl\/#website","url":"https:\/\/websjop.afuk.frl\/nl\/","name":"Af\u00fbk Websjop","description":"","potentialAction":[{"@type":"SearchAction","target":{"@type":"EntryPoint","urlTemplate":"https:\/\/websjop.afuk.frl\/nl\/?s={search_term_string}"},"query-input":{"@type":"PropertyValueSpecification","valueRequired":true,"valueName":"search_term_string"}}],"inLanguage":"nl-NL"}]}},"_links":{"self":[{"href":"https:\/\/websjop.afuk.frl\/nl\/wp-json\/wp\/v2\/product\/34477","targetHints":{"allow":["GET"]}}],"collection":[{"href":"https:\/\/websjop.afuk.frl\/nl\/wp-json\/wp\/v2\/product"}],"about":[{"href":"https:\/\/websjop.afuk.frl\/nl\/wp-json\/wp\/v2\/types\/product"}],"replies":[{"embeddable":true,"href":"https:\/\/websjop.afuk.frl\/nl\/wp-json\/wp\/v2\/comments?post=34477"}],"wp:featuredmedia":[{"embeddable":true,"href":"https:\/\/websjop.afuk.frl\/nl\/wp-json\/wp\/v2\/media\/34478"}],"wp:attachment":[{"href":"https:\/\/websjop.afuk.frl\/nl\/wp-json\/wp\/v2\/media?parent=34477"}],"wp:term":[{"taxonomy":"product_brand","embeddable":true,"href":"https:\/\/websjop.afuk.frl\/nl\/wp-json\/wp\/v2\/product_brand?post=34477"},{"taxonomy":"product_cat","embeddable":true,"href":"https:\/\/websjop.afuk.frl\/nl\/wp-json\/wp\/v2\/product_cat?post=34477"},{"taxonomy":"product_tag","embeddable":true,"href":"https:\/\/websjop.afuk.frl\/nl\/wp-json\/wp\/v2\/product_tag?post=34477"}],"curies":[{"name":"wp","href":"https:\/\/api.w.org\/{rel}","templated":true}]}}