{"id":34347,"date":"2022-06-24T11:37:30","date_gmt":"2022-06-24T10:37:30","guid":{"rendered":"https:\/\/websjop.afuk.frl\/nl\/?post_type=product&#038;p=34347"},"modified":"2023-11-02T14:45:14","modified_gmt":"2023-11-02T13:45:14","slug":"noarderleech-unyk-poetysk-lanskip-uniek-poetisch-landschap","status":"publish","type":"product","link":"https:\/\/websjop.afuk.frl\/nl\/winkel\/noarderleech-unyk-poetysk-lanskip-uniek-poetisch-landschap\/","title":{"rendered":"Noarderleech &#8211; Unyk po\u00ebtysk l\u00e2nskip, Uniek po\u00ebtisch landschap"},"content":{"rendered":"<p>Het Noarderleech is een van Europa&#8217;s grootste kwelders en wordt gezien als zeer belangrijke natuur voor Europa. In de loop der jaren heeft fotograaf Evert Wilstra prachtige foto&#8217;s gemaakt van dit 4200 hectare grote natuurgebied, dat ook onderdeel is van UNESCO Werelderfgoed Waddenzee.<\/p>\n<p>Jochum Rijpma laat ons met zijn gedichten de leegte, het mooie licht en het nachtelijke duister van het gebied voelen.<\/p>\n<p>Uniek tweetalig fotoboek.<\/p>\n<p>Kijk voor een interview met Evert Wilstra: <a href=\"https:\/\/lc.nl\/cultuur\/Evert-Wilstras-oergong-fan-sport-nei-keunst-28008556.html\">https:\/\/lc.nl\/cultuur\/Evert-Wilstras-oergong-fan-sport-nei-keunst-28008556.html<\/a><\/p>\n","protected":false},"excerpt":{"rendered":"<p>Het Noarderleech is een van Europa&#8217;s grootste kwelders en wordt gezien als zeer belangrijke natuur voor Europa. In de loop der jaren heeft fotograaf Evert Wilstra prachtige foto&#8217;s gemaakt van dit 4200 hectare grote natuurgebied, dat ook onderdeel is van UNESCO Werelderfgoed Waddenzee. Jochum Rijpma laat ons met zijn gedichten de leegte, het mooie licht [&hellip;]<\/p>\n","protected":false},"featured_media":34348,"comment_status":"closed","ping_status":"closed","template":"","meta":{"_acf_changed":false},"product_brand":[],"product_cat":[545,535,544,542,1216],"product_tag":[20934,5892,20935,20936,16429,20933,20870,19276,5653],"class_list":{"0":"post-34347","1":"product","2":"type-product","3":"status-publish","4":"has-post-thumbnail","6":"product_cat-fotoboeken","7":"product_cat-fryske-boeken","8":"product_cat-keunst-en-kultuer","9":"product_cat-natoer","10":"product_cat-natoer-en-toerisme","11":"product_tag-evert-wilstra","12":"product_tag-fotoboek","13":"product_tag-jochum-rijpma","14":"product_tag-natoergebiet","15":"product_tag-natuurgebied","16":"product_tag-noarderleech","17":"product_tag-unesco","18":"product_tag-waad","19":"product_tag-wad","20":"product_shipping_class-brievenbus-verzending","21":"pa_auteur-evert-wilstra-en-jochum-rijpma","22":"pa_isbn-20931","23":"pa_new-label-1-3","24":"pa_taal-frysk-nederlansk","25":"pa_uitgever-afuk","26":"pa_vertaler-syds-wiersma","28":"first","29":"instock","30":"taxable","31":"shipping-taxable","32":"purchasable","33":"product-type-simple"},"acf":[],"yoast_head":"<!-- This site is optimized with the Yoast SEO plugin v27.2 - https:\/\/yoast.com\/product\/yoast-seo-wordpress\/ -->\n<title>Noarderleech - Unyk po\u00ebtysk l\u00e2nskip, Uniek po\u00ebtisch landschap &#8211; Af\u00fbk Websjop<\/title>\n<meta name=\"description\" content=\"In Noarderleech heeft fotograaf Evert Wilstra prachtige foto&#039;s gemaakt van dit prachtige natuurgebied, Jochum Rijpma onderstreept het met mooie gedichten.\" \/>\n<meta name=\"robots\" content=\"index, follow, max-snippet:-1, max-image-preview:large, max-video-preview:-1\" \/>\n<link rel=\"canonical\" href=\"https:\/\/websjop.afuk.frl\/nl\/winkel\/noarderleech-unyk-poetysk-lanskip-uniek-poetisch-landschap\/\" \/>\n<meta property=\"og:locale\" content=\"nl_NL\" \/>\n<meta property=\"og:type\" content=\"article\" \/>\n<meta property=\"og:title\" content=\"Noarderleech - Unyk po\u00ebtysk l\u00e2nskip, Uniek po\u00ebtisch landschap &#8211; Af\u00fbk Websjop\" \/>\n<meta property=\"og:description\" content=\"In Noarderleech heeft fotograaf Evert Wilstra prachtige foto&#039;s gemaakt van dit prachtige natuurgebied, Jochum Rijpma onderstreept het met mooie gedichten.\" \/>\n<meta property=\"og:url\" content=\"https:\/\/websjop.afuk.frl\/nl\/winkel\/noarderleech-unyk-poetysk-lanskip-uniek-poetisch-landschap\/\" \/>\n<meta property=\"og:site_name\" content=\"Af\u00fbk Websjop\" \/>\n<meta property=\"article:modified_time\" content=\"2023-11-02T13:45:14+00:00\" \/>\n<meta property=\"og:image\" content=\"https:\/\/websjop.afuk.frl\/wp-content\/uploads\/2022\/06\/Noarderleech-LR.jpg\" \/>\n\t<meta property=\"og:image:width\" content=\"1500\" \/>\n\t<meta property=\"og:image:height\" content=\"1102\" \/>\n\t<meta property=\"og:image:type\" content=\"image\/jpeg\" \/>\n<meta name=\"twitter:card\" content=\"summary_large_image\" \/>\n<script type=\"application\/ld+json\" class=\"yoast-schema-graph\">{\"@context\":\"https:\/\/schema.org\",\"@graph\":[{\"@type\":\"WebPage\",\"@id\":\"https:\/\/websjop.afuk.frl\/nl\/winkel\/noarderleech-unyk-poetysk-lanskip-uniek-poetisch-landschap\/\",\"url\":\"https:\/\/websjop.afuk.frl\/nl\/winkel\/noarderleech-unyk-poetysk-lanskip-uniek-poetisch-landschap\/\",\"name\":\"Noarderleech - Unyk po\u00ebtysk l\u00e2nskip, Uniek po\u00ebtisch landschap &#8211; Af\u00fbk Websjop\",\"isPartOf\":{\"@id\":\"https:\/\/websjop.afuk.frl\/nl\/#website\"},\"primaryImageOfPage\":{\"@id\":\"https:\/\/websjop.afuk.frl\/nl\/winkel\/noarderleech-unyk-poetysk-lanskip-uniek-poetisch-landschap\/#primaryimage\"},\"image\":{\"@id\":\"https:\/\/websjop.afuk.frl\/nl\/winkel\/noarderleech-unyk-poetysk-lanskip-uniek-poetisch-landschap\/#primaryimage\"},\"thumbnailUrl\":\"https:\/\/websjop.afuk.frl\/wp-content\/uploads\/2022\/06\/Noarderleech-LR.jpg\",\"datePublished\":\"2022-06-24T10:37:30+00:00\",\"dateModified\":\"2023-11-02T13:45:14+00:00\",\"description\":\"In Noarderleech heeft fotograaf Evert Wilstra prachtige foto's gemaakt van dit prachtige natuurgebied, Jochum Rijpma onderstreept het met mooie gedichten.\",\"breadcrumb\":{\"@id\":\"https:\/\/websjop.afuk.frl\/nl\/winkel\/noarderleech-unyk-poetysk-lanskip-uniek-poetisch-landschap\/#breadcrumb\"},\"inLanguage\":\"nl-NL\",\"potentialAction\":[{\"@type\":\"ReadAction\",\"target\":[\"https:\/\/websjop.afuk.frl\/nl\/winkel\/noarderleech-unyk-poetysk-lanskip-uniek-poetisch-landschap\/\"]}]},{\"@type\":\"ImageObject\",\"inLanguage\":\"nl-NL\",\"@id\":\"https:\/\/websjop.afuk.frl\/nl\/winkel\/noarderleech-unyk-poetysk-lanskip-uniek-poetisch-landschap\/#primaryimage\",\"url\":\"https:\/\/websjop.afuk.frl\/wp-content\/uploads\/2022\/06\/Noarderleech-LR.jpg\",\"contentUrl\":\"https:\/\/websjop.afuk.frl\/wp-content\/uploads\/2022\/06\/Noarderleech-LR.jpg\",\"width\":1500,\"height\":1102,\"caption\":\"Noarderleech\"},{\"@type\":\"BreadcrumbList\",\"@id\":\"https:\/\/websjop.afuk.frl\/nl\/winkel\/noarderleech-unyk-poetysk-lanskip-uniek-poetisch-landschap\/#breadcrumb\",\"itemListElement\":[{\"@type\":\"ListItem\",\"position\":1,\"name\":\"Home\",\"item\":\"https:\/\/websjop.afuk.frl\/nl\/\"},{\"@type\":\"ListItem\",\"position\":2,\"name\":\"Winkel\",\"item\":\"https:\/\/websjop.afuk.frl\/nl\/winkel\/\"},{\"@type\":\"ListItem\",\"position\":3,\"name\":\"Noarderleech &#8211; Unyk po\u00ebtysk l\u00e2nskip, Uniek po\u00ebtisch landschap\"}]},{\"@type\":\"WebSite\",\"@id\":\"https:\/\/websjop.afuk.frl\/nl\/#website\",\"url\":\"https:\/\/websjop.afuk.frl\/nl\/\",\"name\":\"Af\u00fbk Websjop\",\"description\":\"\",\"potentialAction\":[{\"@type\":\"SearchAction\",\"target\":{\"@type\":\"EntryPoint\",\"urlTemplate\":\"https:\/\/websjop.afuk.frl\/nl\/?s={search_term_string}\"},\"query-input\":{\"@type\":\"PropertyValueSpecification\",\"valueRequired\":true,\"valueName\":\"search_term_string\"}}],\"inLanguage\":\"nl-NL\"}]}<\/script>\n<!-- \/ Yoast SEO plugin. -->","yoast_head_json":{"title":"Noarderleech - Unyk po\u00ebtysk l\u00e2nskip, Uniek po\u00ebtisch landschap &#8211; Af\u00fbk Websjop","description":"In Noarderleech heeft fotograaf Evert Wilstra prachtige foto's gemaakt van dit prachtige natuurgebied, Jochum Rijpma onderstreept het met mooie gedichten.","robots":{"index":"index","follow":"follow","max-snippet":"max-snippet:-1","max-image-preview":"max-image-preview:large","max-video-preview":"max-video-preview:-1"},"canonical":"https:\/\/websjop.afuk.frl\/nl\/winkel\/noarderleech-unyk-poetysk-lanskip-uniek-poetisch-landschap\/","og_locale":"nl_NL","og_type":"article","og_title":"Noarderleech - Unyk po\u00ebtysk l\u00e2nskip, Uniek po\u00ebtisch landschap &#8211; Af\u00fbk Websjop","og_description":"In Noarderleech heeft fotograaf Evert Wilstra prachtige foto's gemaakt van dit prachtige natuurgebied, Jochum Rijpma onderstreept het met mooie gedichten.","og_url":"https:\/\/websjop.afuk.frl\/nl\/winkel\/noarderleech-unyk-poetysk-lanskip-uniek-poetisch-landschap\/","og_site_name":"Af\u00fbk Websjop","article_modified_time":"2023-11-02T13:45:14+00:00","og_image":[{"width":1500,"height":1102,"url":"https:\/\/websjop.afuk.frl\/wp-content\/uploads\/2022\/06\/Noarderleech-LR.jpg","type":"image\/jpeg"}],"twitter_card":"summary_large_image","schema":{"@context":"https:\/\/schema.org","@graph":[{"@type":"WebPage","@id":"https:\/\/websjop.afuk.frl\/nl\/winkel\/noarderleech-unyk-poetysk-lanskip-uniek-poetisch-landschap\/","url":"https:\/\/websjop.afuk.frl\/nl\/winkel\/noarderleech-unyk-poetysk-lanskip-uniek-poetisch-landschap\/","name":"Noarderleech - Unyk po\u00ebtysk l\u00e2nskip, Uniek po\u00ebtisch landschap &#8211; Af\u00fbk Websjop","isPartOf":{"@id":"https:\/\/websjop.afuk.frl\/nl\/#website"},"primaryImageOfPage":{"@id":"https:\/\/websjop.afuk.frl\/nl\/winkel\/noarderleech-unyk-poetysk-lanskip-uniek-poetisch-landschap\/#primaryimage"},"image":{"@id":"https:\/\/websjop.afuk.frl\/nl\/winkel\/noarderleech-unyk-poetysk-lanskip-uniek-poetisch-landschap\/#primaryimage"},"thumbnailUrl":"https:\/\/websjop.afuk.frl\/wp-content\/uploads\/2022\/06\/Noarderleech-LR.jpg","datePublished":"2022-06-24T10:37:30+00:00","dateModified":"2023-11-02T13:45:14+00:00","description":"In Noarderleech heeft fotograaf Evert Wilstra prachtige foto's gemaakt van dit prachtige natuurgebied, Jochum Rijpma onderstreept het met mooie gedichten.","breadcrumb":{"@id":"https:\/\/websjop.afuk.frl\/nl\/winkel\/noarderleech-unyk-poetysk-lanskip-uniek-poetisch-landschap\/#breadcrumb"},"inLanguage":"nl-NL","potentialAction":[{"@type":"ReadAction","target":["https:\/\/websjop.afuk.frl\/nl\/winkel\/noarderleech-unyk-poetysk-lanskip-uniek-poetisch-landschap\/"]}]},{"@type":"ImageObject","inLanguage":"nl-NL","@id":"https:\/\/websjop.afuk.frl\/nl\/winkel\/noarderleech-unyk-poetysk-lanskip-uniek-poetisch-landschap\/#primaryimage","url":"https:\/\/websjop.afuk.frl\/wp-content\/uploads\/2022\/06\/Noarderleech-LR.jpg","contentUrl":"https:\/\/websjop.afuk.frl\/wp-content\/uploads\/2022\/06\/Noarderleech-LR.jpg","width":1500,"height":1102,"caption":"Noarderleech"},{"@type":"BreadcrumbList","@id":"https:\/\/websjop.afuk.frl\/nl\/winkel\/noarderleech-unyk-poetysk-lanskip-uniek-poetisch-landschap\/#breadcrumb","itemListElement":[{"@type":"ListItem","position":1,"name":"Home","item":"https:\/\/websjop.afuk.frl\/nl\/"},{"@type":"ListItem","position":2,"name":"Winkel","item":"https:\/\/websjop.afuk.frl\/nl\/winkel\/"},{"@type":"ListItem","position":3,"name":"Noarderleech &#8211; Unyk po\u00ebtysk l\u00e2nskip, Uniek po\u00ebtisch landschap"}]},{"@type":"WebSite","@id":"https:\/\/websjop.afuk.frl\/nl\/#website","url":"https:\/\/websjop.afuk.frl\/nl\/","name":"Af\u00fbk Websjop","description":"","potentialAction":[{"@type":"SearchAction","target":{"@type":"EntryPoint","urlTemplate":"https:\/\/websjop.afuk.frl\/nl\/?s={search_term_string}"},"query-input":{"@type":"PropertyValueSpecification","valueRequired":true,"valueName":"search_term_string"}}],"inLanguage":"nl-NL"}]}},"_links":{"self":[{"href":"https:\/\/websjop.afuk.frl\/nl\/wp-json\/wp\/v2\/product\/34347","targetHints":{"allow":["GET"]}}],"collection":[{"href":"https:\/\/websjop.afuk.frl\/nl\/wp-json\/wp\/v2\/product"}],"about":[{"href":"https:\/\/websjop.afuk.frl\/nl\/wp-json\/wp\/v2\/types\/product"}],"replies":[{"embeddable":true,"href":"https:\/\/websjop.afuk.frl\/nl\/wp-json\/wp\/v2\/comments?post=34347"}],"wp:featuredmedia":[{"embeddable":true,"href":"https:\/\/websjop.afuk.frl\/nl\/wp-json\/wp\/v2\/media\/34348"}],"wp:attachment":[{"href":"https:\/\/websjop.afuk.frl\/nl\/wp-json\/wp\/v2\/media?parent=34347"}],"wp:term":[{"taxonomy":"product_brand","embeddable":true,"href":"https:\/\/websjop.afuk.frl\/nl\/wp-json\/wp\/v2\/product_brand?post=34347"},{"taxonomy":"product_cat","embeddable":true,"href":"https:\/\/websjop.afuk.frl\/nl\/wp-json\/wp\/v2\/product_cat?post=34347"},{"taxonomy":"product_tag","embeddable":true,"href":"https:\/\/websjop.afuk.frl\/nl\/wp-json\/wp\/v2\/product_tag?post=34347"}],"curies":[{"name":"wp","href":"https:\/\/api.w.org\/{rel}","templated":true}]}}