{"id":34038,"date":"2022-05-31T16:22:05","date_gmt":"2022-05-31T15:22:05","guid":{"rendered":"https:\/\/websjop.afuk.frl\/nl\/?post_type=product&#038;p=34038"},"modified":"2023-11-02T14:45:37","modified_gmt":"2023-11-02T13:45:37","slug":"de-ynfaller","status":"publish","type":"product","link":"https:\/\/websjop.afuk.frl\/nl\/winkel\/de-ynfaller\/","title":{"rendered":"De Ynfaller"},"content":{"rendered":"<p><em>De Ynfaller<\/em> is de nieuwste roman van Koos Tiemersma, die een duik neemt in de tijd. We schrijven 1982, de zomervakantie komt in zicht. Er wordt gevochten om de Falklands, de Koude Oorlog bereikt een nieuw dieptepunt en Van Agt bezuinigt volop. Tegen dat decor sleept Marcus Ligthart hem als invaller van de ene naar de andere school.<\/p>\n<p>Net wanneer hij wil stoppen krijgt hij een tijdelijk baantje op een school in de W\u00e2lden aangeboden. Al gauw komt Marcus erachter dat het lieflijke dorpje alles lijkt dan wat het is en dat het schoolteam van tegenstellingen aan elkaar hangt. De hoogste klas is een bron van onrust, hij weet zich amper staande te houden. Al is er \u00e9\u00e9n meisje dat indruk maakt op hem, meer dan goed voor hem is. En waar is juf Lin precies op uit? Dat en meer wordt duidelijk bij het traditionele hoogtepunt van het schooljaar: het kampeerreisje naar Ameland.<\/p>\n<p><em>De Ynfaller<\/em> is het verslag van een zoektocht door het labyrint dat het leven uitmaakt, een boek vol ongemak, met een slot dat uiteindelijk uitweg biedt naar dat waar Marcus om zocht.<\/p>\n","protected":false},"excerpt":{"rendered":"<p>\u2018De ynfaller\u2019, is de nijste roman fan Koos Tiemersma, dy &#8216;t weromd\u00fbkt yn \u2019e tiid. Wy skriuwe 1982, de simmerfak\u00e2nsje komt yn sicht. Der wurdt fochten om de Falklands, de K\u00e2lde Oarloch berikt in nij djiptepunt en Van Agt besuniget him in slach yn \u2019e r\u00fbnte. Tsjin dat dek\u00f4r sleept Marcus Ligthart him as ynfaller fan de iene nei de oare skoalle.<\/p>\n<p>Krekt wol er dermei oph\u00e2lde of hy kriget in tydlik baantsje op in skoalle yn \u2019e W\u00e2lden oanbean. Al gau komt Marcus derachter dat de leaflikens fan it doarp d\u00ear\u2019t er yn tel\u00e2ne komt mar skyn is en dat it skoalteam fan tsjinstellingen oanelkoar hinget. De heechste klasse is in boarne fan \u00fbnr\u00east, hy wit him amper steande te h\u00e2lden. Al is der ien famke dat yndruk op him makket, mear as dat goed foar him is. En w\u00ear is juf Lin presys op \u00fat? Dat en mear wurdt d\u00fadlik by it tradisjonele hichtepunt fan it skoaljier: it kampearreiske nei \u2019t Amel\u00e2n.<\/p>\n<p>De ynfaller is it ferslach fan in syktocht troch it labyrint dat it libben \u00fatmakket, in boek fol \u00fbngemak, mei in slot dat lang om let de \u00fatwei biedt d\u00ear\u2019t Marcus om socht.<\/p>\n<p>&nbsp;<\/p>\n<p>&nbsp;<\/p>\n","protected":false},"featured_media":34039,"comment_status":"closed","ping_status":"closed","template":"","meta":{"_acf_changed":false},"product_brand":[],"product_cat":[537,1215],"product_tag":[20831,20819,20832,8902,5641,18056],"class_list":{"0":"post-34038","1":"product","2":"type-product","3":"status-publish","4":"has-post-thumbnail","6":"product_cat-romans","7":"product_cat-romans-en-literatuer","8":"product_tag-20831","9":"product_tag-de-ynfaller","10":"product_tag-klasse","11":"product_tag-koos-tiemersma","12":"product_tag-roman","13":"product_tag-skoalle","14":"product_shipping_class-brievenbus-verzending","15":"pa_auteur-koos-tiemersma-2","16":"pa_isbn-20820","17":"pa_new-label-1-3","18":"pa_taal-frysk","19":"pa_uitgever-het-nieuwe-kanaal","21":"first","22":"instock","23":"taxable","24":"shipping-taxable","25":"purchasable","26":"product-type-simple"},"acf":[],"yoast_head":"<!-- This site is optimized with the Yoast SEO plugin v27.3 - https:\/\/yoast.com\/product\/yoast-seo-wordpress\/ -->\n<title>De Ynfaller &#8211; Af\u00fbk Websjop<\/title>\n<meta name=\"description\" content=\"De Ynfaller is het verslag van een zoektocht door het labyrint dat het leven uitmaakt, een boek vol ongemak, tegen het decor van de Koude Oorlog in 1982.\" \/>\n<meta name=\"robots\" content=\"index, follow, max-snippet:-1, max-image-preview:large, max-video-preview:-1\" \/>\n<link rel=\"canonical\" href=\"https:\/\/websjop.afuk.frl\/nl\/winkel\/de-ynfaller\/\" \/>\n<meta property=\"og:locale\" content=\"nl_NL\" \/>\n<meta property=\"og:type\" content=\"article\" \/>\n<meta property=\"og:title\" content=\"De Ynfaller &#8211; Af\u00fbk Websjop\" \/>\n<meta property=\"og:description\" content=\"De Ynfaller is het verslag van een zoektocht door het labyrint dat het leven uitmaakt, een boek vol ongemak, tegen het decor van de Koude Oorlog in 1982.\" \/>\n<meta property=\"og:url\" content=\"https:\/\/websjop.afuk.frl\/nl\/winkel\/de-ynfaller\/\" \/>\n<meta property=\"og:site_name\" content=\"Af\u00fbk Websjop\" \/>\n<meta property=\"article:modified_time\" content=\"2023-11-02T13:45:37+00:00\" \/>\n<meta property=\"og:image\" content=\"https:\/\/websjop.afuk.frl\/wp-content\/uploads\/2022\/05\/DE-YNFALLER-e1653582443109-320x480-1.jpg\" \/>\n\t<meta property=\"og:image:width\" content=\"320\" \/>\n\t<meta property=\"og:image:height\" content=\"480\" \/>\n\t<meta property=\"og:image:type\" content=\"image\/jpeg\" \/>\n<meta name=\"twitter:card\" content=\"summary_large_image\" \/>\n<meta name=\"twitter:label1\" content=\"Geschatte leestijd\" \/>\n\t<meta name=\"twitter:data1\" content=\"1 minuut\" \/>\n<script type=\"application\/ld+json\" class=\"yoast-schema-graph\">{\"@context\":\"https:\\\/\\\/schema.org\",\"@graph\":[{\"@type\":\"WebPage\",\"@id\":\"https:\\\/\\\/websjop.afuk.frl\\\/nl\\\/winkel\\\/de-ynfaller\\\/\",\"url\":\"https:\\\/\\\/websjop.afuk.frl\\\/nl\\\/winkel\\\/de-ynfaller\\\/\",\"name\":\"De Ynfaller &#8211; Af\u00fbk Websjop\",\"isPartOf\":{\"@id\":\"https:\\\/\\\/websjop.afuk.frl\\\/nl\\\/#website\"},\"primaryImageOfPage\":{\"@id\":\"https:\\\/\\\/websjop.afuk.frl\\\/nl\\\/winkel\\\/de-ynfaller\\\/#primaryimage\"},\"image\":{\"@id\":\"https:\\\/\\\/websjop.afuk.frl\\\/nl\\\/winkel\\\/de-ynfaller\\\/#primaryimage\"},\"thumbnailUrl\":\"https:\\\/\\\/websjop.afuk.frl\\\/wp-content\\\/uploads\\\/2022\\\/05\\\/DE-YNFALLER-e1653582443109-320x480-1.jpg\",\"datePublished\":\"2022-05-31T15:22:05+00:00\",\"dateModified\":\"2023-11-02T13:45:37+00:00\",\"description\":\"De Ynfaller is het verslag van een zoektocht door het labyrint dat het leven uitmaakt, een boek vol ongemak, tegen het decor van de Koude Oorlog in 1982.\",\"breadcrumb\":{\"@id\":\"https:\\\/\\\/websjop.afuk.frl\\\/nl\\\/winkel\\\/de-ynfaller\\\/#breadcrumb\"},\"inLanguage\":\"nl-NL\",\"potentialAction\":[{\"@type\":\"ReadAction\",\"target\":[\"https:\\\/\\\/websjop.afuk.frl\\\/nl\\\/winkel\\\/de-ynfaller\\\/\"]}]},{\"@type\":\"ImageObject\",\"inLanguage\":\"nl-NL\",\"@id\":\"https:\\\/\\\/websjop.afuk.frl\\\/nl\\\/winkel\\\/de-ynfaller\\\/#primaryimage\",\"url\":\"https:\\\/\\\/websjop.afuk.frl\\\/wp-content\\\/uploads\\\/2022\\\/05\\\/DE-YNFALLER-e1653582443109-320x480-1.jpg\",\"contentUrl\":\"https:\\\/\\\/websjop.afuk.frl\\\/wp-content\\\/uploads\\\/2022\\\/05\\\/DE-YNFALLER-e1653582443109-320x480-1.jpg\",\"width\":320,\"height\":480},{\"@type\":\"BreadcrumbList\",\"@id\":\"https:\\\/\\\/websjop.afuk.frl\\\/nl\\\/winkel\\\/de-ynfaller\\\/#breadcrumb\",\"itemListElement\":[{\"@type\":\"ListItem\",\"position\":1,\"name\":\"Home\",\"item\":\"https:\\\/\\\/websjop.afuk.frl\\\/nl\\\/\"},{\"@type\":\"ListItem\",\"position\":2,\"name\":\"Winkel\",\"item\":\"https:\\\/\\\/websjop.afuk.frl\\\/nl\\\/winkel\\\/\"},{\"@type\":\"ListItem\",\"position\":3,\"name\":\"De Ynfaller\"}]},{\"@type\":\"WebSite\",\"@id\":\"https:\\\/\\\/websjop.afuk.frl\\\/nl\\\/#website\",\"url\":\"https:\\\/\\\/websjop.afuk.frl\\\/nl\\\/\",\"name\":\"Af\u00fbk Websjop\",\"description\":\"\",\"potentialAction\":[{\"@type\":\"SearchAction\",\"target\":{\"@type\":\"EntryPoint\",\"urlTemplate\":\"https:\\\/\\\/websjop.afuk.frl\\\/nl\\\/?s={search_term_string}\"},\"query-input\":{\"@type\":\"PropertyValueSpecification\",\"valueRequired\":true,\"valueName\":\"search_term_string\"}}],\"inLanguage\":\"nl-NL\"}]}<\/script>\n<!-- \/ Yoast SEO plugin. -->","yoast_head_json":{"title":"De Ynfaller &#8211; Af\u00fbk Websjop","description":"De Ynfaller is het verslag van een zoektocht door het labyrint dat het leven uitmaakt, een boek vol ongemak, tegen het decor van de Koude Oorlog in 1982.","robots":{"index":"index","follow":"follow","max-snippet":"max-snippet:-1","max-image-preview":"max-image-preview:large","max-video-preview":"max-video-preview:-1"},"canonical":"https:\/\/websjop.afuk.frl\/nl\/winkel\/de-ynfaller\/","og_locale":"nl_NL","og_type":"article","og_title":"De Ynfaller &#8211; Af\u00fbk Websjop","og_description":"De Ynfaller is het verslag van een zoektocht door het labyrint dat het leven uitmaakt, een boek vol ongemak, tegen het decor van de Koude Oorlog in 1982.","og_url":"https:\/\/websjop.afuk.frl\/nl\/winkel\/de-ynfaller\/","og_site_name":"Af\u00fbk Websjop","article_modified_time":"2023-11-02T13:45:37+00:00","og_image":[{"width":320,"height":480,"url":"https:\/\/websjop.afuk.frl\/wp-content\/uploads\/2022\/05\/DE-YNFALLER-e1653582443109-320x480-1.jpg","type":"image\/jpeg"}],"twitter_card":"summary_large_image","twitter_misc":{"Geschatte leestijd":"1 minuut"},"schema":{"@context":"https:\/\/schema.org","@graph":[{"@type":"WebPage","@id":"https:\/\/websjop.afuk.frl\/nl\/winkel\/de-ynfaller\/","url":"https:\/\/websjop.afuk.frl\/nl\/winkel\/de-ynfaller\/","name":"De Ynfaller &#8211; Af\u00fbk Websjop","isPartOf":{"@id":"https:\/\/websjop.afuk.frl\/nl\/#website"},"primaryImageOfPage":{"@id":"https:\/\/websjop.afuk.frl\/nl\/winkel\/de-ynfaller\/#primaryimage"},"image":{"@id":"https:\/\/websjop.afuk.frl\/nl\/winkel\/de-ynfaller\/#primaryimage"},"thumbnailUrl":"https:\/\/websjop.afuk.frl\/wp-content\/uploads\/2022\/05\/DE-YNFALLER-e1653582443109-320x480-1.jpg","datePublished":"2022-05-31T15:22:05+00:00","dateModified":"2023-11-02T13:45:37+00:00","description":"De Ynfaller is het verslag van een zoektocht door het labyrint dat het leven uitmaakt, een boek vol ongemak, tegen het decor van de Koude Oorlog in 1982.","breadcrumb":{"@id":"https:\/\/websjop.afuk.frl\/nl\/winkel\/de-ynfaller\/#breadcrumb"},"inLanguage":"nl-NL","potentialAction":[{"@type":"ReadAction","target":["https:\/\/websjop.afuk.frl\/nl\/winkel\/de-ynfaller\/"]}]},{"@type":"ImageObject","inLanguage":"nl-NL","@id":"https:\/\/websjop.afuk.frl\/nl\/winkel\/de-ynfaller\/#primaryimage","url":"https:\/\/websjop.afuk.frl\/wp-content\/uploads\/2022\/05\/DE-YNFALLER-e1653582443109-320x480-1.jpg","contentUrl":"https:\/\/websjop.afuk.frl\/wp-content\/uploads\/2022\/05\/DE-YNFALLER-e1653582443109-320x480-1.jpg","width":320,"height":480},{"@type":"BreadcrumbList","@id":"https:\/\/websjop.afuk.frl\/nl\/winkel\/de-ynfaller\/#breadcrumb","itemListElement":[{"@type":"ListItem","position":1,"name":"Home","item":"https:\/\/websjop.afuk.frl\/nl\/"},{"@type":"ListItem","position":2,"name":"Winkel","item":"https:\/\/websjop.afuk.frl\/nl\/winkel\/"},{"@type":"ListItem","position":3,"name":"De Ynfaller"}]},{"@type":"WebSite","@id":"https:\/\/websjop.afuk.frl\/nl\/#website","url":"https:\/\/websjop.afuk.frl\/nl\/","name":"Af\u00fbk Websjop","description":"","potentialAction":[{"@type":"SearchAction","target":{"@type":"EntryPoint","urlTemplate":"https:\/\/websjop.afuk.frl\/nl\/?s={search_term_string}"},"query-input":{"@type":"PropertyValueSpecification","valueRequired":true,"valueName":"search_term_string"}}],"inLanguage":"nl-NL"}]}},"_links":{"self":[{"href":"https:\/\/websjop.afuk.frl\/nl\/wp-json\/wp\/v2\/product\/34038","targetHints":{"allow":["GET"]}}],"collection":[{"href":"https:\/\/websjop.afuk.frl\/nl\/wp-json\/wp\/v2\/product"}],"about":[{"href":"https:\/\/websjop.afuk.frl\/nl\/wp-json\/wp\/v2\/types\/product"}],"replies":[{"embeddable":true,"href":"https:\/\/websjop.afuk.frl\/nl\/wp-json\/wp\/v2\/comments?post=34038"}],"wp:featuredmedia":[{"embeddable":true,"href":"https:\/\/websjop.afuk.frl\/nl\/wp-json\/wp\/v2\/media\/34039"}],"wp:attachment":[{"href":"https:\/\/websjop.afuk.frl\/nl\/wp-json\/wp\/v2\/media?parent=34038"}],"wp:term":[{"taxonomy":"product_brand","embeddable":true,"href":"https:\/\/websjop.afuk.frl\/nl\/wp-json\/wp\/v2\/product_brand?post=34038"},{"taxonomy":"product_cat","embeddable":true,"href":"https:\/\/websjop.afuk.frl\/nl\/wp-json\/wp\/v2\/product_cat?post=34038"},{"taxonomy":"product_tag","embeddable":true,"href":"https:\/\/websjop.afuk.frl\/nl\/wp-json\/wp\/v2\/product_tag?post=34038"}],"curies":[{"name":"wp","href":"https:\/\/api.w.org\/{rel}","templated":true}]}}