{"id":33814,"date":"2024-10-19T11:49:20","date_gmt":"2024-10-19T10:49:20","guid":{"rendered":"https:\/\/websjop.afuk.frl\/nl\/?post_type=product&#038;p=33814"},"modified":"2026-01-22T15:58:30","modified_gmt":"2026-01-22T14:58:30","slug":"wer-bisto-lytse-knyn","status":"publish","type":"product","link":"https:\/\/websjop.afuk.frl\/nl\/winkel\/wer-bisto-lytse-knyn\/","title":{"rendered":"W\u00ear bisto, lytse knyn?"},"content":{"rendered":"<p>Kinderen vinden het geweldig om door de gaatjes van dit prachtig ge\u00efllustreerde boekje op zoek te gaan naar het kleine konijn.<\/p>\n<p>Speels kartonboekje voor de allerkleinsten.<\/p>\n<p>&nbsp;<\/p>\n","protected":false},"excerpt":{"rendered":"<p>Kinderen vinden het geweldig om door de gaatjes van dit prachtig ge\u00efllustreerde boekje op zoek te gaan naar het kleine konijn. Speels kartonboekje voor de allerkleinsten. &nbsp;<\/p>\n","protected":false},"featured_media":33815,"comment_status":"closed","ping_status":"closed","template":"","meta":{"_acf_changed":false},"product_brand":[],"product_cat":[24598],"product_tag":[20742,6235,20740,20743,20741,20739],"class_list":{"0":"post-33814","1":"product","2":"type-product","3":"status-publish","4":"has-post-thumbnail","6":"product_cat-net-mear-leverber","7":"product_tag-gatsjes","8":"product_tag-kartonboekje","9":"product_tag-knyntsje","10":"product_tag-sam-taplin","11":"product_tag-sykje","12":"product_tag-wer-bisto-lytse-knyn","13":"product_shipping_class-brievenbus-verzending","14":"pa_auteur-sam-taplin","15":"pa_isbn-20738","16":"pa_new-label-1-3","17":"pa_taal-frysk","18":"pa_uitgever-afuk","19":"pa_vertaler-hermien-van-der-meer","21":"first","22":"outofstock","23":"taxable","24":"shipping-taxable","25":"purchasable","26":"product-type-simple"},"acf":[],"yoast_head":"<!-- This site is optimized with the Yoast SEO plugin v27.3 - https:\/\/yoast.com\/product\/yoast-seo-wordpress\/ -->\n<title>W\u00ear bisto, lytse knyn? &#8211; Af\u00fbk Websjop<\/title>\n<meta name=\"description\" content=\"Kinderen kunnen door de gaatjes van dit prachtig ge\u00efllustreerde boekje op zoek te gaan naar het kleine konijn in W\u00ear bisto Lytse knyn?\" \/>\n<meta name=\"robots\" content=\"index, follow, max-snippet:-1, max-image-preview:large, max-video-preview:-1\" \/>\n<link rel=\"canonical\" href=\"https:\/\/websjop.afuk.frl\/nl\/winkel\/wer-bisto-lytse-knyn\/\" \/>\n<meta property=\"og:locale\" content=\"nl_NL\" \/>\n<meta property=\"og:type\" content=\"article\" \/>\n<meta property=\"og:title\" content=\"W\u00ear bisto, lytse knyn? &#8211; Af\u00fbk Websjop\" \/>\n<meta property=\"og:description\" content=\"Kinderen kunnen door de gaatjes van dit prachtig ge\u00efllustreerde boekje op zoek te gaan naar het kleine konijn in W\u00ear bisto Lytse knyn?\" \/>\n<meta property=\"og:url\" content=\"https:\/\/websjop.afuk.frl\/nl\/winkel\/wer-bisto-lytse-knyn\/\" \/>\n<meta property=\"og:site_name\" content=\"Af\u00fbk Websjop\" \/>\n<meta property=\"article:modified_time\" content=\"2026-01-22T14:58:30+00:00\" \/>\n<meta property=\"og:image\" content=\"https:\/\/websjop.afuk.frl\/wp-content\/uploads\/2022\/05\/Wer-bisto-lytse-knyn614.jpg\" \/>\n\t<meta property=\"og:image:width\" content=\"385\" \/>\n\t<meta property=\"og:image:height\" content=\"444\" \/>\n\t<meta property=\"og:image:type\" content=\"image\/jpeg\" \/>\n<meta name=\"twitter:card\" content=\"summary_large_image\" \/>\n<script type=\"application\/ld+json\" class=\"yoast-schema-graph\">{\"@context\":\"https:\\\/\\\/schema.org\",\"@graph\":[{\"@type\":\"WebPage\",\"@id\":\"https:\\\/\\\/websjop.afuk.frl\\\/nl\\\/winkel\\\/wer-bisto-lytse-knyn\\\/\",\"url\":\"https:\\\/\\\/websjop.afuk.frl\\\/nl\\\/winkel\\\/wer-bisto-lytse-knyn\\\/\",\"name\":\"W\u00ear bisto, lytse knyn? &#8211; Af\u00fbk Websjop\",\"isPartOf\":{\"@id\":\"https:\\\/\\\/websjop.afuk.frl\\\/nl\\\/#website\"},\"primaryImageOfPage\":{\"@id\":\"https:\\\/\\\/websjop.afuk.frl\\\/nl\\\/winkel\\\/wer-bisto-lytse-knyn\\\/#primaryimage\"},\"image\":{\"@id\":\"https:\\\/\\\/websjop.afuk.frl\\\/nl\\\/winkel\\\/wer-bisto-lytse-knyn\\\/#primaryimage\"},\"thumbnailUrl\":\"https:\\\/\\\/websjop.afuk.frl\\\/wp-content\\\/uploads\\\/2022\\\/05\\\/Wer-bisto-lytse-knyn614.jpg\",\"datePublished\":\"2024-10-19T10:49:20+00:00\",\"dateModified\":\"2026-01-22T14:58:30+00:00\",\"description\":\"Kinderen kunnen door de gaatjes van dit prachtig ge\u00efllustreerde boekje op zoek te gaan naar het kleine konijn in W\u00ear bisto Lytse knyn?\",\"breadcrumb\":{\"@id\":\"https:\\\/\\\/websjop.afuk.frl\\\/nl\\\/winkel\\\/wer-bisto-lytse-knyn\\\/#breadcrumb\"},\"inLanguage\":\"nl-NL\",\"potentialAction\":[{\"@type\":\"ReadAction\",\"target\":[\"https:\\\/\\\/websjop.afuk.frl\\\/nl\\\/winkel\\\/wer-bisto-lytse-knyn\\\/\"]}]},{\"@type\":\"ImageObject\",\"inLanguage\":\"nl-NL\",\"@id\":\"https:\\\/\\\/websjop.afuk.frl\\\/nl\\\/winkel\\\/wer-bisto-lytse-knyn\\\/#primaryimage\",\"url\":\"https:\\\/\\\/websjop.afuk.frl\\\/wp-content\\\/uploads\\\/2022\\\/05\\\/Wer-bisto-lytse-knyn614.jpg\",\"contentUrl\":\"https:\\\/\\\/websjop.afuk.frl\\\/wp-content\\\/uploads\\\/2022\\\/05\\\/Wer-bisto-lytse-knyn614.jpg\",\"width\":385,\"height\":444,\"caption\":\"W\u00ear bisto lytse knyn\"},{\"@type\":\"BreadcrumbList\",\"@id\":\"https:\\\/\\\/websjop.afuk.frl\\\/nl\\\/winkel\\\/wer-bisto-lytse-knyn\\\/#breadcrumb\",\"itemListElement\":[{\"@type\":\"ListItem\",\"position\":1,\"name\":\"Home\",\"item\":\"https:\\\/\\\/websjop.afuk.frl\\\/nl\\\/\"},{\"@type\":\"ListItem\",\"position\":2,\"name\":\"Winkel\",\"item\":\"https:\\\/\\\/websjop.afuk.frl\\\/nl\\\/winkel\\\/\"},{\"@type\":\"ListItem\",\"position\":3,\"name\":\"W\u00ear bisto, lytse knyn?\"}]},{\"@type\":\"WebSite\",\"@id\":\"https:\\\/\\\/websjop.afuk.frl\\\/nl\\\/#website\",\"url\":\"https:\\\/\\\/websjop.afuk.frl\\\/nl\\\/\",\"name\":\"Af\u00fbk Websjop\",\"description\":\"\",\"potentialAction\":[{\"@type\":\"SearchAction\",\"target\":{\"@type\":\"EntryPoint\",\"urlTemplate\":\"https:\\\/\\\/websjop.afuk.frl\\\/nl\\\/?s={search_term_string}\"},\"query-input\":{\"@type\":\"PropertyValueSpecification\",\"valueRequired\":true,\"valueName\":\"search_term_string\"}}],\"inLanguage\":\"nl-NL\"}]}<\/script>\n<!-- \/ Yoast SEO plugin. -->","yoast_head_json":{"title":"W\u00ear bisto, lytse knyn? &#8211; Af\u00fbk Websjop","description":"Kinderen kunnen door de gaatjes van dit prachtig ge\u00efllustreerde boekje op zoek te gaan naar het kleine konijn in W\u00ear bisto Lytse knyn?","robots":{"index":"index","follow":"follow","max-snippet":"max-snippet:-1","max-image-preview":"max-image-preview:large","max-video-preview":"max-video-preview:-1"},"canonical":"https:\/\/websjop.afuk.frl\/nl\/winkel\/wer-bisto-lytse-knyn\/","og_locale":"nl_NL","og_type":"article","og_title":"W\u00ear bisto, lytse knyn? &#8211; Af\u00fbk Websjop","og_description":"Kinderen kunnen door de gaatjes van dit prachtig ge\u00efllustreerde boekje op zoek te gaan naar het kleine konijn in W\u00ear bisto Lytse knyn?","og_url":"https:\/\/websjop.afuk.frl\/nl\/winkel\/wer-bisto-lytse-knyn\/","og_site_name":"Af\u00fbk Websjop","article_modified_time":"2026-01-22T14:58:30+00:00","og_image":[{"width":385,"height":444,"url":"https:\/\/websjop.afuk.frl\/wp-content\/uploads\/2022\/05\/Wer-bisto-lytse-knyn614.jpg","type":"image\/jpeg"}],"twitter_card":"summary_large_image","schema":{"@context":"https:\/\/schema.org","@graph":[{"@type":"WebPage","@id":"https:\/\/websjop.afuk.frl\/nl\/winkel\/wer-bisto-lytse-knyn\/","url":"https:\/\/websjop.afuk.frl\/nl\/winkel\/wer-bisto-lytse-knyn\/","name":"W\u00ear bisto, lytse knyn? &#8211; Af\u00fbk Websjop","isPartOf":{"@id":"https:\/\/websjop.afuk.frl\/nl\/#website"},"primaryImageOfPage":{"@id":"https:\/\/websjop.afuk.frl\/nl\/winkel\/wer-bisto-lytse-knyn\/#primaryimage"},"image":{"@id":"https:\/\/websjop.afuk.frl\/nl\/winkel\/wer-bisto-lytse-knyn\/#primaryimage"},"thumbnailUrl":"https:\/\/websjop.afuk.frl\/wp-content\/uploads\/2022\/05\/Wer-bisto-lytse-knyn614.jpg","datePublished":"2024-10-19T10:49:20+00:00","dateModified":"2026-01-22T14:58:30+00:00","description":"Kinderen kunnen door de gaatjes van dit prachtig ge\u00efllustreerde boekje op zoek te gaan naar het kleine konijn in W\u00ear bisto Lytse knyn?","breadcrumb":{"@id":"https:\/\/websjop.afuk.frl\/nl\/winkel\/wer-bisto-lytse-knyn\/#breadcrumb"},"inLanguage":"nl-NL","potentialAction":[{"@type":"ReadAction","target":["https:\/\/websjop.afuk.frl\/nl\/winkel\/wer-bisto-lytse-knyn\/"]}]},{"@type":"ImageObject","inLanguage":"nl-NL","@id":"https:\/\/websjop.afuk.frl\/nl\/winkel\/wer-bisto-lytse-knyn\/#primaryimage","url":"https:\/\/websjop.afuk.frl\/wp-content\/uploads\/2022\/05\/Wer-bisto-lytse-knyn614.jpg","contentUrl":"https:\/\/websjop.afuk.frl\/wp-content\/uploads\/2022\/05\/Wer-bisto-lytse-knyn614.jpg","width":385,"height":444,"caption":"W\u00ear bisto lytse knyn"},{"@type":"BreadcrumbList","@id":"https:\/\/websjop.afuk.frl\/nl\/winkel\/wer-bisto-lytse-knyn\/#breadcrumb","itemListElement":[{"@type":"ListItem","position":1,"name":"Home","item":"https:\/\/websjop.afuk.frl\/nl\/"},{"@type":"ListItem","position":2,"name":"Winkel","item":"https:\/\/websjop.afuk.frl\/nl\/winkel\/"},{"@type":"ListItem","position":3,"name":"W\u00ear bisto, lytse knyn?"}]},{"@type":"WebSite","@id":"https:\/\/websjop.afuk.frl\/nl\/#website","url":"https:\/\/websjop.afuk.frl\/nl\/","name":"Af\u00fbk Websjop","description":"","potentialAction":[{"@type":"SearchAction","target":{"@type":"EntryPoint","urlTemplate":"https:\/\/websjop.afuk.frl\/nl\/?s={search_term_string}"},"query-input":{"@type":"PropertyValueSpecification","valueRequired":true,"valueName":"search_term_string"}}],"inLanguage":"nl-NL"}]}},"_links":{"self":[{"href":"https:\/\/websjop.afuk.frl\/nl\/wp-json\/wp\/v2\/product\/33814","targetHints":{"allow":["GET"]}}],"collection":[{"href":"https:\/\/websjop.afuk.frl\/nl\/wp-json\/wp\/v2\/product"}],"about":[{"href":"https:\/\/websjop.afuk.frl\/nl\/wp-json\/wp\/v2\/types\/product"}],"replies":[{"embeddable":true,"href":"https:\/\/websjop.afuk.frl\/nl\/wp-json\/wp\/v2\/comments?post=33814"}],"wp:featuredmedia":[{"embeddable":true,"href":"https:\/\/websjop.afuk.frl\/nl\/wp-json\/wp\/v2\/media\/33815"}],"wp:attachment":[{"href":"https:\/\/websjop.afuk.frl\/nl\/wp-json\/wp\/v2\/media?parent=33814"}],"wp:term":[{"taxonomy":"product_brand","embeddable":true,"href":"https:\/\/websjop.afuk.frl\/nl\/wp-json\/wp\/v2\/product_brand?post=33814"},{"taxonomy":"product_cat","embeddable":true,"href":"https:\/\/websjop.afuk.frl\/nl\/wp-json\/wp\/v2\/product_cat?post=33814"},{"taxonomy":"product_tag","embeddable":true,"href":"https:\/\/websjop.afuk.frl\/nl\/wp-json\/wp\/v2\/product_tag?post=33814"}],"curies":[{"name":"wp","href":"https:\/\/api.w.org\/{rel}","templated":true}]}}