{"id":33737,"date":"2022-05-11T10:26:06","date_gmt":"2022-05-11T09:26:06","guid":{"rendered":"https:\/\/websjop.afuk.frl\/nl\/?post_type=product&#038;p=33737"},"modified":"2026-01-08T15:53:22","modified_gmt":"2026-01-08T14:53:22","slug":"kom-ut-dy-kraan","status":"publish","type":"product","link":"https:\/\/websjop.afuk.frl\/nl\/winkel\/kom-ut-dy-kraan\/","title":{"rendered":"Kom \u00fat dy kraan"},"content":{"rendered":"<p>Kinderen mogen niet op de bouw komen, dat weet Bouwe best. Op een dag kruipt hij toch onder het hek door en bestuurt de wals, de cementwagen en de hijskraan. Waarom doet hij dat?<\/p>\n<hr \/>\n<p><em>Dieuwke: &#8220;De earste kear doe\u2019t ik myn soan Jilles (4) dit boek foarlies snapte ik de clou net hielendal. Mar de twadde kear hie ik \u2019m yn de gaten. Do moast gewoan hiel goed nei de plaatsjes sjen! No fynt er \u2019m fantastysk! (en ik \u00e9k!) Bern meie net op it bouplak komme, dat wit Bouwe b\u00east. Op in dei kr\u00fbpt er dochs \u00fbnder it stek troch en bestjoert de wals, de semint-wein en de kraan. En dat docht der net s\u00fbnder reden. It boek hat sels in sulveren griffel krigen. In echte oanrieder foar beukers!&#8221;<\/em><\/p>\n<p><em>Carin: &#8220;De prachtige, grote illustraties op elke pagina ondersteunen het verhaal heel goed. Je raakt eigenlijk niet uitgekeken. Het verhaal is daarnaast erg herkenbaar, want welke jongen droomt er nou niet van om in het echt eens achter het stuur te zitten van zo\u2019n grote machine?&#8221; <a href=\"https:\/\/websjop.afuk.frl\/frl\/winkel\/kom-ut-dy-kraan\/\" target=\"_blank\" rel=\"noopener\">L\u00eas hjir de folsleine resinsje fan Carin.<\/a><\/em><\/p>\n<p><em>Anneke: &#8221; In prachtich boek dat ek s\u00fbnder de tekst foar de lytskes nijsgjirrich is. De grutte plaatsjes en kleuren fertelle al in hiel soad. De wat \u00e2ldere bern kinne faaks guon emoasjes al werkenne; lulk, fertrietlik, laitsje. It boek l\u00east derneist hearlik fuort en is spannend! Wat soe er barre at Bouwe wol it bouplak op giet? Soe de plysje dan komme?&#8221; <a href=\"https:\/\/heitenmem.nl\/artikel\/23905\/resinsje-fan-anneke-kom-ut-dy-kraan\/\">L\u00eas hjir de folsleine resinsje fan Anneke.<\/a><\/em><\/p>\n","protected":false},"excerpt":{"rendered":"<p>Kinderen mogen niet op de bouw komen, dat weet Bouwe best. Op een dag kruipt hij toch onder het hek door en bestuurt de wals, de cementwagen en de hijskraan. Waarom doet hij dat? Dieuwke: &#8220;De earste kear doe\u2019t ik myn soan Jilles (4) dit boek foarlies snapte ik de clou net hielendal. Mar de [&hellip;]<\/p>\n","protected":false},"featured_media":33738,"comment_status":"closed","ping_status":"closed","template":"","meta":{"_acf_changed":false},"product_brand":[],"product_cat":[1213,549,535,21150,23627,9448,22943],"product_tag":[6128,6127,5451,6129,17027,6130],"class_list":{"0":"post-33737","1":"product","2":"type-product","3":"status-publish","4":"has-post-thumbnail","6":"product_cat-berne-en-jeugdboeken","7":"product_cat-berneboeken-0-tot-4-jaar","8":"product_cat-fryske-boeken","9":"product_cat-kinderboekenweek","10":"product_cat-op-aventoer","11":"product_cat-printeboeken-top-10","12":"product_cat-tema-underweis","13":"product_tag-bouplak","14":"product_tag-kom-ut-dy-kraan","15":"product_tag-printeboek","16":"product_tag-semintwein","17":"product_tag-tjibbe-veldkamp","18":"product_tag-wals","19":"product_shipping_class-brievenbus-verzending","20":"pa_auteur-tjibbe-veldkamp","21":"pa_isbn-2708","22":"pa_taal-frysk","23":"pa_uitgever-afuk","24":"pa_vertaler-gerda-van-der-wijk","26":"first","27":"instock","28":"taxable","29":"shipping-taxable","30":"purchasable","31":"product-type-simple"},"acf":[],"yoast_head":"<!-- This site is optimized with the Yoast SEO plugin v27.3 - https:\/\/yoast.com\/product\/yoast-seo-wordpress\/ -->\n<title>Kom \u00fat dy kraan &#8211; Af\u00fbk Websjop<\/title>\n<meta name=\"description\" content=\"In Kom \u00fat dy kraan klimt Bouwe op een dag kruipt onder het hek van de bouw door en bestuurt de wals, de cementwagen en de hijskraan. Waarom doet hij dat?\" \/>\n<meta name=\"robots\" content=\"index, follow, max-snippet:-1, max-image-preview:large, max-video-preview:-1\" \/>\n<link rel=\"canonical\" href=\"https:\/\/websjop.afuk.frl\/nl\/winkel\/kom-ut-dy-kraan\/\" \/>\n<meta property=\"og:locale\" content=\"nl_NL\" \/>\n<meta property=\"og:type\" content=\"article\" \/>\n<meta property=\"og:title\" content=\"Kom \u00fat dy kraan &#8211; Af\u00fbk Websjop\" \/>\n<meta property=\"og:description\" content=\"In Kom \u00fat dy kraan klimt Bouwe op een dag kruipt onder het hek van de bouw door en bestuurt de wals, de cementwagen en de hijskraan. Waarom doet hij dat?\" \/>\n<meta property=\"og:url\" content=\"https:\/\/websjop.afuk.frl\/nl\/winkel\/kom-ut-dy-kraan\/\" \/>\n<meta property=\"og:site_name\" content=\"Af\u00fbk Websjop\" \/>\n<meta property=\"article:modified_time\" content=\"2026-01-08T14:53:22+00:00\" \/>\n<meta property=\"og:image\" content=\"https:\/\/websjop.afuk.frl\/wp-content\/uploads\/2022\/05\/Kom-ut-dy-kraan080.jpg\" \/>\n\t<meta property=\"og:image:width\" content=\"604\" \/>\n\t<meta property=\"og:image:height\" content=\"837\" \/>\n\t<meta property=\"og:image:type\" content=\"image\/jpeg\" \/>\n<meta name=\"twitter:card\" content=\"summary_large_image\" \/>\n<meta name=\"twitter:label1\" content=\"Geschatte leestijd\" \/>\n\t<meta name=\"twitter:data1\" content=\"3 minuten\" \/>\n<script type=\"application\/ld+json\" class=\"yoast-schema-graph\">{\"@context\":\"https:\\\/\\\/schema.org\",\"@graph\":[{\"@type\":\"WebPage\",\"@id\":\"https:\\\/\\\/websjop.afuk.frl\\\/nl\\\/winkel\\\/kom-ut-dy-kraan\\\/\",\"url\":\"https:\\\/\\\/websjop.afuk.frl\\\/nl\\\/winkel\\\/kom-ut-dy-kraan\\\/\",\"name\":\"Kom \u00fat dy kraan &#8211; Af\u00fbk Websjop\",\"isPartOf\":{\"@id\":\"https:\\\/\\\/websjop.afuk.frl\\\/nl\\\/#website\"},\"primaryImageOfPage\":{\"@id\":\"https:\\\/\\\/websjop.afuk.frl\\\/nl\\\/winkel\\\/kom-ut-dy-kraan\\\/#primaryimage\"},\"image\":{\"@id\":\"https:\\\/\\\/websjop.afuk.frl\\\/nl\\\/winkel\\\/kom-ut-dy-kraan\\\/#primaryimage\"},\"thumbnailUrl\":\"https:\\\/\\\/websjop.afuk.frl\\\/wp-content\\\/uploads\\\/2022\\\/05\\\/Kom-ut-dy-kraan080.jpg\",\"datePublished\":\"2022-05-11T09:26:06+00:00\",\"dateModified\":\"2026-01-08T14:53:22+00:00\",\"description\":\"In Kom \u00fat dy kraan klimt Bouwe op een dag kruipt onder het hek van de bouw door en bestuurt de wals, de cementwagen en de hijskraan. Waarom doet hij dat?\",\"breadcrumb\":{\"@id\":\"https:\\\/\\\/websjop.afuk.frl\\\/nl\\\/winkel\\\/kom-ut-dy-kraan\\\/#breadcrumb\"},\"inLanguage\":\"nl-NL\",\"potentialAction\":[{\"@type\":\"ReadAction\",\"target\":[\"https:\\\/\\\/websjop.afuk.frl\\\/nl\\\/winkel\\\/kom-ut-dy-kraan\\\/\"]}]},{\"@type\":\"ImageObject\",\"inLanguage\":\"nl-NL\",\"@id\":\"https:\\\/\\\/websjop.afuk.frl\\\/nl\\\/winkel\\\/kom-ut-dy-kraan\\\/#primaryimage\",\"url\":\"https:\\\/\\\/websjop.afuk.frl\\\/wp-content\\\/uploads\\\/2022\\\/05\\\/Kom-ut-dy-kraan080.jpg\",\"contentUrl\":\"https:\\\/\\\/websjop.afuk.frl\\\/wp-content\\\/uploads\\\/2022\\\/05\\\/Kom-ut-dy-kraan080.jpg\",\"width\":604,\"height\":837,\"caption\":\"Kom \u00fat dy kraan\"},{\"@type\":\"BreadcrumbList\",\"@id\":\"https:\\\/\\\/websjop.afuk.frl\\\/nl\\\/winkel\\\/kom-ut-dy-kraan\\\/#breadcrumb\",\"itemListElement\":[{\"@type\":\"ListItem\",\"position\":1,\"name\":\"Home\",\"item\":\"https:\\\/\\\/websjop.afuk.frl\\\/nl\\\/\"},{\"@type\":\"ListItem\",\"position\":2,\"name\":\"Winkel\",\"item\":\"https:\\\/\\\/websjop.afuk.frl\\\/nl\\\/winkel\\\/\"},{\"@type\":\"ListItem\",\"position\":3,\"name\":\"Kom \u00fat dy kraan\"}]},{\"@type\":\"WebSite\",\"@id\":\"https:\\\/\\\/websjop.afuk.frl\\\/nl\\\/#website\",\"url\":\"https:\\\/\\\/websjop.afuk.frl\\\/nl\\\/\",\"name\":\"Af\u00fbk Websjop\",\"description\":\"\",\"potentialAction\":[{\"@type\":\"SearchAction\",\"target\":{\"@type\":\"EntryPoint\",\"urlTemplate\":\"https:\\\/\\\/websjop.afuk.frl\\\/nl\\\/?s={search_term_string}\"},\"query-input\":{\"@type\":\"PropertyValueSpecification\",\"valueRequired\":true,\"valueName\":\"search_term_string\"}}],\"inLanguage\":\"nl-NL\"}]}<\/script>\n<!-- \/ Yoast SEO plugin. -->","yoast_head_json":{"title":"Kom \u00fat dy kraan &#8211; Af\u00fbk Websjop","description":"In Kom \u00fat dy kraan klimt Bouwe op een dag kruipt onder het hek van de bouw door en bestuurt de wals, de cementwagen en de hijskraan. Waarom doet hij dat?","robots":{"index":"index","follow":"follow","max-snippet":"max-snippet:-1","max-image-preview":"max-image-preview:large","max-video-preview":"max-video-preview:-1"},"canonical":"https:\/\/websjop.afuk.frl\/nl\/winkel\/kom-ut-dy-kraan\/","og_locale":"nl_NL","og_type":"article","og_title":"Kom \u00fat dy kraan &#8211; Af\u00fbk Websjop","og_description":"In Kom \u00fat dy kraan klimt Bouwe op een dag kruipt onder het hek van de bouw door en bestuurt de wals, de cementwagen en de hijskraan. Waarom doet hij dat?","og_url":"https:\/\/websjop.afuk.frl\/nl\/winkel\/kom-ut-dy-kraan\/","og_site_name":"Af\u00fbk Websjop","article_modified_time":"2026-01-08T14:53:22+00:00","og_image":[{"width":604,"height":837,"url":"https:\/\/websjop.afuk.frl\/wp-content\/uploads\/2022\/05\/Kom-ut-dy-kraan080.jpg","type":"image\/jpeg"}],"twitter_card":"summary_large_image","twitter_misc":{"Geschatte leestijd":"3 minuten"},"schema":{"@context":"https:\/\/schema.org","@graph":[{"@type":"WebPage","@id":"https:\/\/websjop.afuk.frl\/nl\/winkel\/kom-ut-dy-kraan\/","url":"https:\/\/websjop.afuk.frl\/nl\/winkel\/kom-ut-dy-kraan\/","name":"Kom \u00fat dy kraan &#8211; Af\u00fbk Websjop","isPartOf":{"@id":"https:\/\/websjop.afuk.frl\/nl\/#website"},"primaryImageOfPage":{"@id":"https:\/\/websjop.afuk.frl\/nl\/winkel\/kom-ut-dy-kraan\/#primaryimage"},"image":{"@id":"https:\/\/websjop.afuk.frl\/nl\/winkel\/kom-ut-dy-kraan\/#primaryimage"},"thumbnailUrl":"https:\/\/websjop.afuk.frl\/wp-content\/uploads\/2022\/05\/Kom-ut-dy-kraan080.jpg","datePublished":"2022-05-11T09:26:06+00:00","dateModified":"2026-01-08T14:53:22+00:00","description":"In Kom \u00fat dy kraan klimt Bouwe op een dag kruipt onder het hek van de bouw door en bestuurt de wals, de cementwagen en de hijskraan. Waarom doet hij dat?","breadcrumb":{"@id":"https:\/\/websjop.afuk.frl\/nl\/winkel\/kom-ut-dy-kraan\/#breadcrumb"},"inLanguage":"nl-NL","potentialAction":[{"@type":"ReadAction","target":["https:\/\/websjop.afuk.frl\/nl\/winkel\/kom-ut-dy-kraan\/"]}]},{"@type":"ImageObject","inLanguage":"nl-NL","@id":"https:\/\/websjop.afuk.frl\/nl\/winkel\/kom-ut-dy-kraan\/#primaryimage","url":"https:\/\/websjop.afuk.frl\/wp-content\/uploads\/2022\/05\/Kom-ut-dy-kraan080.jpg","contentUrl":"https:\/\/websjop.afuk.frl\/wp-content\/uploads\/2022\/05\/Kom-ut-dy-kraan080.jpg","width":604,"height":837,"caption":"Kom \u00fat dy kraan"},{"@type":"BreadcrumbList","@id":"https:\/\/websjop.afuk.frl\/nl\/winkel\/kom-ut-dy-kraan\/#breadcrumb","itemListElement":[{"@type":"ListItem","position":1,"name":"Home","item":"https:\/\/websjop.afuk.frl\/nl\/"},{"@type":"ListItem","position":2,"name":"Winkel","item":"https:\/\/websjop.afuk.frl\/nl\/winkel\/"},{"@type":"ListItem","position":3,"name":"Kom \u00fat dy kraan"}]},{"@type":"WebSite","@id":"https:\/\/websjop.afuk.frl\/nl\/#website","url":"https:\/\/websjop.afuk.frl\/nl\/","name":"Af\u00fbk Websjop","description":"","potentialAction":[{"@type":"SearchAction","target":{"@type":"EntryPoint","urlTemplate":"https:\/\/websjop.afuk.frl\/nl\/?s={search_term_string}"},"query-input":{"@type":"PropertyValueSpecification","valueRequired":true,"valueName":"search_term_string"}}],"inLanguage":"nl-NL"}]}},"_links":{"self":[{"href":"https:\/\/websjop.afuk.frl\/nl\/wp-json\/wp\/v2\/product\/33737","targetHints":{"allow":["GET"]}}],"collection":[{"href":"https:\/\/websjop.afuk.frl\/nl\/wp-json\/wp\/v2\/product"}],"about":[{"href":"https:\/\/websjop.afuk.frl\/nl\/wp-json\/wp\/v2\/types\/product"}],"replies":[{"embeddable":true,"href":"https:\/\/websjop.afuk.frl\/nl\/wp-json\/wp\/v2\/comments?post=33737"}],"wp:featuredmedia":[{"embeddable":true,"href":"https:\/\/websjop.afuk.frl\/nl\/wp-json\/wp\/v2\/media\/33738"}],"wp:attachment":[{"href":"https:\/\/websjop.afuk.frl\/nl\/wp-json\/wp\/v2\/media?parent=33737"}],"wp:term":[{"taxonomy":"product_brand","embeddable":true,"href":"https:\/\/websjop.afuk.frl\/nl\/wp-json\/wp\/v2\/product_brand?post=33737"},{"taxonomy":"product_cat","embeddable":true,"href":"https:\/\/websjop.afuk.frl\/nl\/wp-json\/wp\/v2\/product_cat?post=33737"},{"taxonomy":"product_tag","embeddable":true,"href":"https:\/\/websjop.afuk.frl\/nl\/wp-json\/wp\/v2\/product_tag?post=33737"}],"curies":[{"name":"wp","href":"https:\/\/api.w.org\/{rel}","templated":true}]}}