{"id":33611,"date":"2022-05-05T11:51:40","date_gmt":"2022-05-05T10:51:40","guid":{"rendered":"https:\/\/websjop.afuk.frl\/nl\/?post_type=product&#038;p=33611"},"modified":"2026-04-07T12:40:18","modified_gmt":"2026-04-07T10:40:18","slug":"op-it-bouplak","status":"publish","type":"product","link":"https:\/\/websjop.afuk.frl\/nl\/winkel\/op-it-bouplak\/","title":{"rendered":"Op it bouplak"},"content":{"rendered":"<p>In het nieuwbouwplan worden allemaal nieuwe huizen gebouwd en in het centrum van de stad moet een nieuwe parkeergarage komen. Er rijden grote machines rond voor het zware werk, er wordt gemetseld en getimmerd, iedereen werkt hard.<\/p>\n<p>Op de grote platen kunnen ook jonge kinderen al van alles ontdekken en aan de hand van kleine verhaaltjes wordt op een eenvoudige manier uitgelegd hoe het gaat op een bouwplaats.<\/p>\n<hr \/>\n<p><em>Andreja: &#8220;It boek \u2018Op it bouplak\u2019 hat in hurde kaft en ek de bledsiden binne fan karton. Dat makket it boek al geskikt foar jonge bern dy\u2019t der lekker sels yn bl\u00eadzje kinne s\u00fbnder dat it boek stikken giet of bledsiden kn\u00fbkeljen geane. It boek is ek net al te grut, sadat bern gau sels it boek f\u00easth\u00e2lde kinne. De ferhaaltsjes binne koart en ienf\u00e2ldich, wat it boek geskikt makket foar jonge bern, mar de detaillearre platen meitsje it ek leuk foar wat \u00e2ldere bern. Myn ynskatting is dat it boek leuk is foar bern oant 8 jier.&#8221; <a href=\"https:\/\/heitenmem.nl\/artikel\/23900\/de-resinsje-fan-andreja-op-it-bouplak\/\" target=\"_blank\" rel=\"noopener\">L\u00eas hjir de folsleine resinsje fan Andreja.<\/a><\/em><\/p>\n<p><em>Leo: &#8220;Us Feike fan hast twa is sljocht op dit soarte boekjes en wit al hiel wat masines en oare dingen te beneamen\u2026 &#8221; <a href=\"https:\/\/heitenmem.nl\/artikel\/23930\/23930\/\" target=\"_blank\" rel=\"noopener\">L\u00eas hjir de folsleine resinsje fan Leo.<\/a><\/em><\/p>\n","protected":false},"excerpt":{"rendered":"<p>In het nieuwbouwplan worden allemaal nieuwe huizen gebouwd en in het centrum van de stad moet een nieuwe parkeergarage komen. Er rijden grote machines rond voor het zware werk, er wordt gemetseld en getimmerd, iedereen werkt hard. Op de grote platen kunnen ook jonge kinderen al van alles ontdekken en aan de hand van kleine [&hellip;]<\/p>\n","protected":false},"featured_media":33612,"comment_status":"closed","ping_status":"closed","template":"","meta":{"_acf_changed":false},"product_brand":[],"product_cat":[1213,550,535,22943],"product_tag":[20649,20650,5938,20647,20648],"class_list":{"0":"post-33611","1":"product","2":"type-product","3":"status-publish","4":"has-post-thumbnail","6":"product_cat-berne-en-jeugdboeken","7":"product_cat-berneboeken-4-8","8":"product_cat-fryske-boeken","9":"product_cat-tema-underweis","10":"product_tag-boufakker","11":"product_tag-bouwplaats","12":"product_tag-kartonboek","13":"product_tag-op-it-bouplak","14":"product_tag-susanne-gernhauser","15":"product_shipping_class-brievenbus-verzending","16":"pa_auteur-susanne-gernhauser","17":"pa_isbn-20645","18":"pa_new-label-1-3","19":"pa_taal-frysk","20":"pa_uitgever-afuk","21":"pa_vertaler-hermien-van-der-meer","23":"first","24":"instock","25":"taxable","26":"shipping-taxable","27":"purchasable","28":"product-type-simple"},"acf":[],"yoast_head":"<!-- This site is optimized with the Yoast SEO plugin v27.3 - https:\/\/yoast.com\/product\/yoast-seo-wordpress\/ -->\n<title>Op it bouplak &#8211; Af\u00fbk Websjop<\/title>\n<meta name=\"description\" content=\"In het nieuwbouwplan worden allemaal nieuwe huizen gebouwd en in het centrum van de stad moet een nieuwe parkeergarage komen. Lees het in Op it bouplak.\" \/>\n<meta name=\"robots\" content=\"index, follow, max-snippet:-1, max-image-preview:large, max-video-preview:-1\" \/>\n<link rel=\"canonical\" href=\"https:\/\/websjop.afuk.frl\/nl\/winkel\/op-it-bouplak\/\" \/>\n<meta property=\"og:locale\" content=\"nl_NL\" \/>\n<meta property=\"og:type\" content=\"article\" \/>\n<meta property=\"og:title\" content=\"Op it bouplak &#8211; Af\u00fbk Websjop\" \/>\n<meta property=\"og:description\" content=\"In het nieuwbouwplan worden allemaal nieuwe huizen gebouwd en in het centrum van de stad moet een nieuwe parkeergarage komen. Lees het in Op it bouplak.\" \/>\n<meta property=\"og:url\" content=\"https:\/\/websjop.afuk.frl\/nl\/winkel\/op-it-bouplak\/\" \/>\n<meta property=\"og:site_name\" content=\"Af\u00fbk Websjop\" \/>\n<meta property=\"article:modified_time\" content=\"2026-04-07T10:40:18+00:00\" \/>\n<meta property=\"og:image\" content=\"https:\/\/websjop.afuk.frl\/wp-content\/uploads\/2022\/04\/Op-it-bouplak-LR.jpg\" \/>\n\t<meta property=\"og:image:width\" content=\"1200\" \/>\n\t<meta property=\"og:image:height\" content=\"1398\" \/>\n\t<meta property=\"og:image:type\" content=\"image\/jpeg\" \/>\n<meta name=\"twitter:card\" content=\"summary_large_image\" \/>\n<meta name=\"twitter:label1\" content=\"Geschatte leestijd\" \/>\n\t<meta name=\"twitter:data1\" content=\"1 minuut\" \/>\n<script type=\"application\/ld+json\" class=\"yoast-schema-graph\">{\"@context\":\"https:\\\/\\\/schema.org\",\"@graph\":[{\"@type\":\"WebPage\",\"@id\":\"https:\\\/\\\/websjop.afuk.frl\\\/nl\\\/winkel\\\/op-it-bouplak\\\/\",\"url\":\"https:\\\/\\\/websjop.afuk.frl\\\/nl\\\/winkel\\\/op-it-bouplak\\\/\",\"name\":\"Op it bouplak &#8211; Af\u00fbk Websjop\",\"isPartOf\":{\"@id\":\"https:\\\/\\\/websjop.afuk.frl\\\/nl\\\/#website\"},\"primaryImageOfPage\":{\"@id\":\"https:\\\/\\\/websjop.afuk.frl\\\/nl\\\/winkel\\\/op-it-bouplak\\\/#primaryimage\"},\"image\":{\"@id\":\"https:\\\/\\\/websjop.afuk.frl\\\/nl\\\/winkel\\\/op-it-bouplak\\\/#primaryimage\"},\"thumbnailUrl\":\"https:\\\/\\\/websjop.afuk.frl\\\/wp-content\\\/uploads\\\/2022\\\/04\\\/Op-it-bouplak-LR.jpg\",\"datePublished\":\"2022-05-05T10:51:40+00:00\",\"dateModified\":\"2026-04-07T10:40:18+00:00\",\"description\":\"In het nieuwbouwplan worden allemaal nieuwe huizen gebouwd en in het centrum van de stad moet een nieuwe parkeergarage komen. Lees het in Op it bouplak.\",\"breadcrumb\":{\"@id\":\"https:\\\/\\\/websjop.afuk.frl\\\/nl\\\/winkel\\\/op-it-bouplak\\\/#breadcrumb\"},\"inLanguage\":\"nl-NL\",\"potentialAction\":[{\"@type\":\"ReadAction\",\"target\":[\"https:\\\/\\\/websjop.afuk.frl\\\/nl\\\/winkel\\\/op-it-bouplak\\\/\"]}]},{\"@type\":\"ImageObject\",\"inLanguage\":\"nl-NL\",\"@id\":\"https:\\\/\\\/websjop.afuk.frl\\\/nl\\\/winkel\\\/op-it-bouplak\\\/#primaryimage\",\"url\":\"https:\\\/\\\/websjop.afuk.frl\\\/wp-content\\\/uploads\\\/2022\\\/04\\\/Op-it-bouplak-LR.jpg\",\"contentUrl\":\"https:\\\/\\\/websjop.afuk.frl\\\/wp-content\\\/uploads\\\/2022\\\/04\\\/Op-it-bouplak-LR.jpg\",\"width\":1200,\"height\":1398,\"caption\":\"Op it bouplak\"},{\"@type\":\"BreadcrumbList\",\"@id\":\"https:\\\/\\\/websjop.afuk.frl\\\/nl\\\/winkel\\\/op-it-bouplak\\\/#breadcrumb\",\"itemListElement\":[{\"@type\":\"ListItem\",\"position\":1,\"name\":\"Home\",\"item\":\"https:\\\/\\\/websjop.afuk.frl\\\/nl\\\/\"},{\"@type\":\"ListItem\",\"position\":2,\"name\":\"Winkel\",\"item\":\"https:\\\/\\\/websjop.afuk.frl\\\/nl\\\/winkel\\\/\"},{\"@type\":\"ListItem\",\"position\":3,\"name\":\"Op it bouplak\"}]},{\"@type\":\"WebSite\",\"@id\":\"https:\\\/\\\/websjop.afuk.frl\\\/nl\\\/#website\",\"url\":\"https:\\\/\\\/websjop.afuk.frl\\\/nl\\\/\",\"name\":\"Af\u00fbk Websjop\",\"description\":\"\",\"potentialAction\":[{\"@type\":\"SearchAction\",\"target\":{\"@type\":\"EntryPoint\",\"urlTemplate\":\"https:\\\/\\\/websjop.afuk.frl\\\/nl\\\/?s={search_term_string}\"},\"query-input\":{\"@type\":\"PropertyValueSpecification\",\"valueRequired\":true,\"valueName\":\"search_term_string\"}}],\"inLanguage\":\"nl-NL\"}]}<\/script>\n<!-- \/ Yoast SEO plugin. -->","yoast_head_json":{"title":"Op it bouplak &#8211; Af\u00fbk Websjop","description":"In het nieuwbouwplan worden allemaal nieuwe huizen gebouwd en in het centrum van de stad moet een nieuwe parkeergarage komen. Lees het in Op it bouplak.","robots":{"index":"index","follow":"follow","max-snippet":"max-snippet:-1","max-image-preview":"max-image-preview:large","max-video-preview":"max-video-preview:-1"},"canonical":"https:\/\/websjop.afuk.frl\/nl\/winkel\/op-it-bouplak\/","og_locale":"nl_NL","og_type":"article","og_title":"Op it bouplak &#8211; Af\u00fbk Websjop","og_description":"In het nieuwbouwplan worden allemaal nieuwe huizen gebouwd en in het centrum van de stad moet een nieuwe parkeergarage komen. Lees het in Op it bouplak.","og_url":"https:\/\/websjop.afuk.frl\/nl\/winkel\/op-it-bouplak\/","og_site_name":"Af\u00fbk Websjop","article_modified_time":"2026-04-07T10:40:18+00:00","og_image":[{"width":1200,"height":1398,"url":"https:\/\/websjop.afuk.frl\/wp-content\/uploads\/2022\/04\/Op-it-bouplak-LR.jpg","type":"image\/jpeg"}],"twitter_card":"summary_large_image","twitter_misc":{"Geschatte leestijd":"1 minuut"},"schema":{"@context":"https:\/\/schema.org","@graph":[{"@type":"WebPage","@id":"https:\/\/websjop.afuk.frl\/nl\/winkel\/op-it-bouplak\/","url":"https:\/\/websjop.afuk.frl\/nl\/winkel\/op-it-bouplak\/","name":"Op it bouplak &#8211; Af\u00fbk Websjop","isPartOf":{"@id":"https:\/\/websjop.afuk.frl\/nl\/#website"},"primaryImageOfPage":{"@id":"https:\/\/websjop.afuk.frl\/nl\/winkel\/op-it-bouplak\/#primaryimage"},"image":{"@id":"https:\/\/websjop.afuk.frl\/nl\/winkel\/op-it-bouplak\/#primaryimage"},"thumbnailUrl":"https:\/\/websjop.afuk.frl\/wp-content\/uploads\/2022\/04\/Op-it-bouplak-LR.jpg","datePublished":"2022-05-05T10:51:40+00:00","dateModified":"2026-04-07T10:40:18+00:00","description":"In het nieuwbouwplan worden allemaal nieuwe huizen gebouwd en in het centrum van de stad moet een nieuwe parkeergarage komen. Lees het in Op it bouplak.","breadcrumb":{"@id":"https:\/\/websjop.afuk.frl\/nl\/winkel\/op-it-bouplak\/#breadcrumb"},"inLanguage":"nl-NL","potentialAction":[{"@type":"ReadAction","target":["https:\/\/websjop.afuk.frl\/nl\/winkel\/op-it-bouplak\/"]}]},{"@type":"ImageObject","inLanguage":"nl-NL","@id":"https:\/\/websjop.afuk.frl\/nl\/winkel\/op-it-bouplak\/#primaryimage","url":"https:\/\/websjop.afuk.frl\/wp-content\/uploads\/2022\/04\/Op-it-bouplak-LR.jpg","contentUrl":"https:\/\/websjop.afuk.frl\/wp-content\/uploads\/2022\/04\/Op-it-bouplak-LR.jpg","width":1200,"height":1398,"caption":"Op it bouplak"},{"@type":"BreadcrumbList","@id":"https:\/\/websjop.afuk.frl\/nl\/winkel\/op-it-bouplak\/#breadcrumb","itemListElement":[{"@type":"ListItem","position":1,"name":"Home","item":"https:\/\/websjop.afuk.frl\/nl\/"},{"@type":"ListItem","position":2,"name":"Winkel","item":"https:\/\/websjop.afuk.frl\/nl\/winkel\/"},{"@type":"ListItem","position":3,"name":"Op it bouplak"}]},{"@type":"WebSite","@id":"https:\/\/websjop.afuk.frl\/nl\/#website","url":"https:\/\/websjop.afuk.frl\/nl\/","name":"Af\u00fbk Websjop","description":"","potentialAction":[{"@type":"SearchAction","target":{"@type":"EntryPoint","urlTemplate":"https:\/\/websjop.afuk.frl\/nl\/?s={search_term_string}"},"query-input":{"@type":"PropertyValueSpecification","valueRequired":true,"valueName":"search_term_string"}}],"inLanguage":"nl-NL"}]}},"_links":{"self":[{"href":"https:\/\/websjop.afuk.frl\/nl\/wp-json\/wp\/v2\/product\/33611","targetHints":{"allow":["GET"]}}],"collection":[{"href":"https:\/\/websjop.afuk.frl\/nl\/wp-json\/wp\/v2\/product"}],"about":[{"href":"https:\/\/websjop.afuk.frl\/nl\/wp-json\/wp\/v2\/types\/product"}],"replies":[{"embeddable":true,"href":"https:\/\/websjop.afuk.frl\/nl\/wp-json\/wp\/v2\/comments?post=33611"}],"wp:featuredmedia":[{"embeddable":true,"href":"https:\/\/websjop.afuk.frl\/nl\/wp-json\/wp\/v2\/media\/33612"}],"wp:attachment":[{"href":"https:\/\/websjop.afuk.frl\/nl\/wp-json\/wp\/v2\/media?parent=33611"}],"wp:term":[{"taxonomy":"product_brand","embeddable":true,"href":"https:\/\/websjop.afuk.frl\/nl\/wp-json\/wp\/v2\/product_brand?post=33611"},{"taxonomy":"product_cat","embeddable":true,"href":"https:\/\/websjop.afuk.frl\/nl\/wp-json\/wp\/v2\/product_cat?post=33611"},{"taxonomy":"product_tag","embeddable":true,"href":"https:\/\/websjop.afuk.frl\/nl\/wp-json\/wp\/v2\/product_tag?post=33611"}],"curies":[{"name":"wp","href":"https:\/\/api.w.org\/{rel}","templated":true}]}}