{"id":33061,"date":"2012-03-10T14:13:27","date_gmt":"2012-03-10T13:13:27","guid":{"rendered":"https:\/\/websjop.afuk.frl\/nl\/?post_type=product&#038;p=33061"},"modified":"2022-03-10T14:13:42","modified_gmt":"2022-03-10T13:13:42","slug":"simmer","status":"publish","type":"product","link":"https:\/\/websjop.afuk.frl\/nl\/winkel\/simmer\/","title":{"rendered":"Simmer"},"content":{"rendered":"<p>Voor Aent Obma, boerenzoon en opgegroeid op de familieboerderij aan het Dokkumer Djip, is Frysl\u00e2n in zijn jonge jaren te klein. Hij zwerft de hele wereld over en via Amerika belandt hij in Indonesi\u00eb. Geplaagd door heimwee komt hij na een kwarteeuw een zomer lang terug in het Heitel\u00e2n. Aent vindt beeld en wezen van Frysl\u00e2n en met name het boerenleven uit zijn jeugd terug, zoals die in zijn dromen vastgezet en ge\u00efdealiseerd zijn.<\/p>\n<p>De novelle <em>Simmer<\/em> verscheen drie jaar na de dood van Nyckle Haisma in het literaire tijdschrift <em>De Tsjerne.<\/em> Bij gelegenheid van de Fryske Boekewike 1948 werd het uitgegeven als boekenweekgeschenk. In datzelfde jaar kreeg de schrijver voor <em>Simmer<\/em> de Gysbert Japicxprijs. Hij was de tweede auteur die deze prijs ontving.<\/p>\n<p>Dit boek is de herdruk van de eerste druk uit 1948.<\/p>\n<p>&nbsp;<\/p>\n","protected":false},"excerpt":{"rendered":"<p>Voor Aent Obma, boerenzoon en opgegroeid op de familieboerderij aan het Dokkumer Djip, is Frysl\u00e2n in zijn jonge jaren te klein. Hij zwerft de hele wereld over en via Amerika belandt hij in Indonesi\u00eb. Geplaagd door heimwee komt hij na een kwarteeuw een zomer lang terug in het Heitel\u00e2n. Aent vindt beeld en wezen van [&hellip;]<\/p>\n","protected":false},"featured_media":33062,"comment_status":"closed","ping_status":"closed","template":"","meta":{"_acf_changed":false},"product_brand":[],"product_cat":[535,537,1215],"product_tag":[20431,20429,20428,5326,8832,10654,20430,20427],"class_list":{"0":"post-33061","1":"product","2":"type-product","3":"status-publish","4":"has-post-thumbnail","6":"product_cat-fryske-boeken","7":"product_cat-romans","8":"product_cat-romans-en-literatuer","9":"product_tag-gysbert-japicxpriis-1948","10":"product_tag-heimwee","11":"product_tag-indonesie","12":"product_tag-novelle","13":"product_tag-nyckle-haisma","14":"product_tag-simmer","15":"product_tag-unwennigens","16":"product_tag-ynje","17":"product_shipping_class-brievenbus-verzending","18":"pa_auteur-nyckle-haisma-2","19":"pa_isbn-20426","20":"pa_taal-frysk","21":"pa_uitgever-elikser","23":"first","24":"instock","25":"taxable","26":"shipping-taxable","27":"purchasable","28":"product-type-simple"},"acf":[],"yoast_head":"<!-- This site is optimized with the Yoast SEO plugin v27.3 - https:\/\/yoast.com\/product\/yoast-seo-wordpress\/ -->\n<title>Simmer &#8211; Af\u00fbk Websjop<\/title>\n<meta name=\"description\" content=\"Voor Aent Obma, opgegroeid op de familieboerderij aan het Dokkumer Djip, is Frysl\u00e2n in zijn jonge jaren te klein. Na omzwervingen komt hij \u00e9\u00e9n zomer terug.\" \/>\n<meta name=\"robots\" content=\"index, follow, max-snippet:-1, max-image-preview:large, max-video-preview:-1\" \/>\n<link rel=\"canonical\" href=\"https:\/\/websjop.afuk.frl\/nl\/winkel\/simmer\/\" \/>\n<meta property=\"og:locale\" content=\"nl_NL\" \/>\n<meta property=\"og:type\" content=\"article\" \/>\n<meta property=\"og:title\" content=\"Simmer &#8211; Af\u00fbk Websjop\" \/>\n<meta property=\"og:description\" content=\"Voor Aent Obma, opgegroeid op de familieboerderij aan het Dokkumer Djip, is Frysl\u00e2n in zijn jonge jaren te klein. Na omzwervingen komt hij \u00e9\u00e9n zomer terug.\" \/>\n<meta property=\"og:url\" content=\"https:\/\/websjop.afuk.frl\/nl\/winkel\/simmer\/\" \/>\n<meta property=\"og:site_name\" content=\"Af\u00fbk Websjop\" \/>\n<meta property=\"article:modified_time\" content=\"2022-03-10T13:13:42+00:00\" \/>\n<meta property=\"og:image\" content=\"https:\/\/websjop.afuk.frl\/wp-content\/uploads\/2022\/03\/Simmer.jpg\" \/>\n\t<meta property=\"og:image:width\" content=\"800\" \/>\n\t<meta property=\"og:image:height\" content=\"800\" \/>\n\t<meta property=\"og:image:type\" content=\"image\/jpeg\" \/>\n<meta name=\"twitter:card\" content=\"summary_large_image\" \/>\n<meta name=\"twitter:label1\" content=\"Geschatte leestijd\" \/>\n\t<meta name=\"twitter:data1\" content=\"1 minuut\" \/>\n<script type=\"application\/ld+json\" class=\"yoast-schema-graph\">{\"@context\":\"https:\\\/\\\/schema.org\",\"@graph\":[{\"@type\":\"WebPage\",\"@id\":\"https:\\\/\\\/websjop.afuk.frl\\\/nl\\\/winkel\\\/simmer\\\/\",\"url\":\"https:\\\/\\\/websjop.afuk.frl\\\/nl\\\/winkel\\\/simmer\\\/\",\"name\":\"Simmer &#8211; Af\u00fbk Websjop\",\"isPartOf\":{\"@id\":\"https:\\\/\\\/websjop.afuk.frl\\\/nl\\\/#website\"},\"primaryImageOfPage\":{\"@id\":\"https:\\\/\\\/websjop.afuk.frl\\\/nl\\\/winkel\\\/simmer\\\/#primaryimage\"},\"image\":{\"@id\":\"https:\\\/\\\/websjop.afuk.frl\\\/nl\\\/winkel\\\/simmer\\\/#primaryimage\"},\"thumbnailUrl\":\"https:\\\/\\\/websjop.afuk.frl\\\/wp-content\\\/uploads\\\/2022\\\/03\\\/Simmer.jpg\",\"datePublished\":\"2012-03-10T13:13:27+00:00\",\"dateModified\":\"2022-03-10T13:13:42+00:00\",\"description\":\"Voor Aent Obma, opgegroeid op de familieboerderij aan het Dokkumer Djip, is Frysl\u00e2n in zijn jonge jaren te klein. Na omzwervingen komt hij \u00e9\u00e9n zomer terug.\",\"breadcrumb\":{\"@id\":\"https:\\\/\\\/websjop.afuk.frl\\\/nl\\\/winkel\\\/simmer\\\/#breadcrumb\"},\"inLanguage\":\"nl-NL\",\"potentialAction\":[{\"@type\":\"ReadAction\",\"target\":[\"https:\\\/\\\/websjop.afuk.frl\\\/nl\\\/winkel\\\/simmer\\\/\"]}]},{\"@type\":\"ImageObject\",\"inLanguage\":\"nl-NL\",\"@id\":\"https:\\\/\\\/websjop.afuk.frl\\\/nl\\\/winkel\\\/simmer\\\/#primaryimage\",\"url\":\"https:\\\/\\\/websjop.afuk.frl\\\/wp-content\\\/uploads\\\/2022\\\/03\\\/Simmer.jpg\",\"contentUrl\":\"https:\\\/\\\/websjop.afuk.frl\\\/wp-content\\\/uploads\\\/2022\\\/03\\\/Simmer.jpg\",\"width\":800,\"height\":800,\"caption\":\"Simmer\"},{\"@type\":\"BreadcrumbList\",\"@id\":\"https:\\\/\\\/websjop.afuk.frl\\\/nl\\\/winkel\\\/simmer\\\/#breadcrumb\",\"itemListElement\":[{\"@type\":\"ListItem\",\"position\":1,\"name\":\"Home\",\"item\":\"https:\\\/\\\/websjop.afuk.frl\\\/nl\\\/\"},{\"@type\":\"ListItem\",\"position\":2,\"name\":\"Winkel\",\"item\":\"https:\\\/\\\/websjop.afuk.frl\\\/nl\\\/winkel\\\/\"},{\"@type\":\"ListItem\",\"position\":3,\"name\":\"Simmer\"}]},{\"@type\":\"WebSite\",\"@id\":\"https:\\\/\\\/websjop.afuk.frl\\\/nl\\\/#website\",\"url\":\"https:\\\/\\\/websjop.afuk.frl\\\/nl\\\/\",\"name\":\"Af\u00fbk Websjop\",\"description\":\"\",\"potentialAction\":[{\"@type\":\"SearchAction\",\"target\":{\"@type\":\"EntryPoint\",\"urlTemplate\":\"https:\\\/\\\/websjop.afuk.frl\\\/nl\\\/?s={search_term_string}\"},\"query-input\":{\"@type\":\"PropertyValueSpecification\",\"valueRequired\":true,\"valueName\":\"search_term_string\"}}],\"inLanguage\":\"nl-NL\"}]}<\/script>\n<!-- \/ Yoast SEO plugin. -->","yoast_head_json":{"title":"Simmer &#8211; Af\u00fbk Websjop","description":"Voor Aent Obma, opgegroeid op de familieboerderij aan het Dokkumer Djip, is Frysl\u00e2n in zijn jonge jaren te klein. Na omzwervingen komt hij \u00e9\u00e9n zomer terug.","robots":{"index":"index","follow":"follow","max-snippet":"max-snippet:-1","max-image-preview":"max-image-preview:large","max-video-preview":"max-video-preview:-1"},"canonical":"https:\/\/websjop.afuk.frl\/nl\/winkel\/simmer\/","og_locale":"nl_NL","og_type":"article","og_title":"Simmer &#8211; Af\u00fbk Websjop","og_description":"Voor Aent Obma, opgegroeid op de familieboerderij aan het Dokkumer Djip, is Frysl\u00e2n in zijn jonge jaren te klein. Na omzwervingen komt hij \u00e9\u00e9n zomer terug.","og_url":"https:\/\/websjop.afuk.frl\/nl\/winkel\/simmer\/","og_site_name":"Af\u00fbk Websjop","article_modified_time":"2022-03-10T13:13:42+00:00","og_image":[{"width":800,"height":800,"url":"https:\/\/websjop.afuk.frl\/wp-content\/uploads\/2022\/03\/Simmer.jpg","type":"image\/jpeg"}],"twitter_card":"summary_large_image","twitter_misc":{"Geschatte leestijd":"1 minuut"},"schema":{"@context":"https:\/\/schema.org","@graph":[{"@type":"WebPage","@id":"https:\/\/websjop.afuk.frl\/nl\/winkel\/simmer\/","url":"https:\/\/websjop.afuk.frl\/nl\/winkel\/simmer\/","name":"Simmer &#8211; Af\u00fbk Websjop","isPartOf":{"@id":"https:\/\/websjop.afuk.frl\/nl\/#website"},"primaryImageOfPage":{"@id":"https:\/\/websjop.afuk.frl\/nl\/winkel\/simmer\/#primaryimage"},"image":{"@id":"https:\/\/websjop.afuk.frl\/nl\/winkel\/simmer\/#primaryimage"},"thumbnailUrl":"https:\/\/websjop.afuk.frl\/wp-content\/uploads\/2022\/03\/Simmer.jpg","datePublished":"2012-03-10T13:13:27+00:00","dateModified":"2022-03-10T13:13:42+00:00","description":"Voor Aent Obma, opgegroeid op de familieboerderij aan het Dokkumer Djip, is Frysl\u00e2n in zijn jonge jaren te klein. Na omzwervingen komt hij \u00e9\u00e9n zomer terug.","breadcrumb":{"@id":"https:\/\/websjop.afuk.frl\/nl\/winkel\/simmer\/#breadcrumb"},"inLanguage":"nl-NL","potentialAction":[{"@type":"ReadAction","target":["https:\/\/websjop.afuk.frl\/nl\/winkel\/simmer\/"]}]},{"@type":"ImageObject","inLanguage":"nl-NL","@id":"https:\/\/websjop.afuk.frl\/nl\/winkel\/simmer\/#primaryimage","url":"https:\/\/websjop.afuk.frl\/wp-content\/uploads\/2022\/03\/Simmer.jpg","contentUrl":"https:\/\/websjop.afuk.frl\/wp-content\/uploads\/2022\/03\/Simmer.jpg","width":800,"height":800,"caption":"Simmer"},{"@type":"BreadcrumbList","@id":"https:\/\/websjop.afuk.frl\/nl\/winkel\/simmer\/#breadcrumb","itemListElement":[{"@type":"ListItem","position":1,"name":"Home","item":"https:\/\/websjop.afuk.frl\/nl\/"},{"@type":"ListItem","position":2,"name":"Winkel","item":"https:\/\/websjop.afuk.frl\/nl\/winkel\/"},{"@type":"ListItem","position":3,"name":"Simmer"}]},{"@type":"WebSite","@id":"https:\/\/websjop.afuk.frl\/nl\/#website","url":"https:\/\/websjop.afuk.frl\/nl\/","name":"Af\u00fbk Websjop","description":"","potentialAction":[{"@type":"SearchAction","target":{"@type":"EntryPoint","urlTemplate":"https:\/\/websjop.afuk.frl\/nl\/?s={search_term_string}"},"query-input":{"@type":"PropertyValueSpecification","valueRequired":true,"valueName":"search_term_string"}}],"inLanguage":"nl-NL"}]}},"_links":{"self":[{"href":"https:\/\/websjop.afuk.frl\/nl\/wp-json\/wp\/v2\/product\/33061","targetHints":{"allow":["GET"]}}],"collection":[{"href":"https:\/\/websjop.afuk.frl\/nl\/wp-json\/wp\/v2\/product"}],"about":[{"href":"https:\/\/websjop.afuk.frl\/nl\/wp-json\/wp\/v2\/types\/product"}],"replies":[{"embeddable":true,"href":"https:\/\/websjop.afuk.frl\/nl\/wp-json\/wp\/v2\/comments?post=33061"}],"wp:featuredmedia":[{"embeddable":true,"href":"https:\/\/websjop.afuk.frl\/nl\/wp-json\/wp\/v2\/media\/33062"}],"wp:attachment":[{"href":"https:\/\/websjop.afuk.frl\/nl\/wp-json\/wp\/v2\/media?parent=33061"}],"wp:term":[{"taxonomy":"product_brand","embeddable":true,"href":"https:\/\/websjop.afuk.frl\/nl\/wp-json\/wp\/v2\/product_brand?post=33061"},{"taxonomy":"product_cat","embeddable":true,"href":"https:\/\/websjop.afuk.frl\/nl\/wp-json\/wp\/v2\/product_cat?post=33061"},{"taxonomy":"product_tag","embeddable":true,"href":"https:\/\/websjop.afuk.frl\/nl\/wp-json\/wp\/v2\/product_tag?post=33061"}],"curies":[{"name":"wp","href":"https:\/\/api.w.org\/{rel}","templated":true}]}}