{"id":32044,"date":"2012-01-31T14:09:01","date_gmt":"2012-01-31T13:09:01","guid":{"rendered":"https:\/\/websjop.afuk.frl\/nl\/?post_type=product&#038;p=32044"},"modified":"2022-04-01T09:05:44","modified_gmt":"2022-04-01T08:05:44","slug":"de-tsien-fan-martens-afke-strip","status":"publish","type":"product","link":"https:\/\/websjop.afuk.frl\/nl\/winkel\/de-tsien-fan-martens-afke-strip\/","title":{"rendered":"De tsien fan Martens Afke &#8211; Strip"},"content":{"rendered":"<p>Naar het boek van Nienke van Hichtum<\/p>\n<p>Hoe het leven er ruim honderd jaar geleden in Frysl\u00e2n uitzag, kunnen we ons dankzij Nienke van Hichtum goed voorstellen. Ze schreef met Afke&#8217;s Tiental een prachtig boek over het zware bestaan van een arm arbeidersgezin uit Wergea. Dit boek is een reallife soap, want de familie met de tien kinderen bestond echt, al hadden ze in werkelijkheid andere namen.<\/p>\n<p>Schrijfster Nienke had grote bewondering voor Afke. Hoewel ze het zwaar had met de zorg voor de tien kinderen, dwong Afke veel respect af. Ze was de ideale moeder die voor iedereen klaar stond, lief was en met het beetje geld dat er was, wonderen kon verrichten. Het verhaal over Afke en haar gezin was al gauw \u00e9\u00e9n van de allermooiste kinderboeken. Tegelijk konden ze in de rest van het land lezen hoe het leven in Frysl\u00e2n was. Daarmee ontstond er bij de rijkere bevolking uit de steden meer begrip voor het leven in arme arbeidersgezinnen op het platteland.<\/p>\n<p>Nog steeds is Afke&#8217;s Tiental een herkenbaar verhaal dat ook vandaag de dag nog tot de laatste pagina boeit. Het laat zien dat de tijd niet heeft stilgestaan in Frysl\u00e2n, maar dat sommige situaties van alle tijden zijn. Ook nog eens prachtig verbeeld met dank aan het fraaie tekenwerk van Dick Matena. Het blijft een prachtig kinderboek, waar ook volwassenen plezier aan beleven. Dat was precies wat Nienke van Hichtum graag wilde: schrijven voor kinderen van 8 tot 88 jaar.<\/p>\n","protected":false},"excerpt":{"rendered":"<p>Naar het boek van Nienke van Hichtum Hoe het leven er ruim honderd jaar geleden in Frysl\u00e2n uitzag, kunnen we ons dankzij Nienke van Hichtum goed voorstellen. Ze schreef met Afke&#8217;s Tiental een prachtig boek over het zware bestaan van een arm arbeidersgezin uit Wergea. Dit boek is een reallife soap, want de familie met [&hellip;]<\/p>\n","protected":false},"featured_media":32045,"comment_status":"closed","ping_status":"closed","template":"","meta":{"_acf_changed":false},"product_brand":[],"product_cat":[1213,551,535,539,556],"product_tag":[20035,20031,20036,6105,5322,20032],"class_list":{"0":"post-32044","1":"product","2":"type-product","3":"status-publish","4":"has-post-thumbnail","6":"product_cat-berne-en-jeugdboeken","7":"product_cat-berneboeken-8-12","8":"product_cat-fryske-boeken","9":"product_cat-skiednis","10":"product_cat-stripboeken","11":"product_tag-de-tsien-fan-martens-afke","12":"product_tag-dick-matena","13":"product_tag-nynke-fan-hichtum","14":"product_tag-skiednis","15":"product_tag-stripboek","16":"product_tag-wergea","17":"product_shipping_class-brievenbus-verzending","18":"pa_auteur-nynke-van-hichtum-2","19":"pa_isbn-20034","20":"pa_taal-frysk","21":"pa_uitgever-uitgeverij-personalia","23":"first","24":"instock","25":"taxable","26":"shipping-taxable","27":"purchasable","28":"product-type-simple"},"acf":[],"yoast_head":"<!-- This site is optimized with the Yoast SEO plugin v27.2 - https:\/\/yoast.com\/product\/yoast-seo-wordpress\/ -->\n<title>De tsien fan Martens Afke - Strip &#8211; Af\u00fbk Websjop<\/title>\n<meta name=\"description\" content=\"Met De Tsien fan Martens Afke schreef Nynke van Hichtuml een prachtig boek over het zware bestaan van een arm arbeidersgezin uit Wergea. Nu in stripvorm.\" \/>\n<meta name=\"robots\" content=\"index, follow, max-snippet:-1, max-image-preview:large, max-video-preview:-1\" \/>\n<link rel=\"canonical\" href=\"https:\/\/websjop.afuk.frl\/nl\/winkel\/de-tsien-fan-martens-afke-strip\/\" \/>\n<meta property=\"og:locale\" content=\"nl_NL\" \/>\n<meta property=\"og:type\" content=\"article\" \/>\n<meta property=\"og:title\" content=\"De tsien fan Martens Afke - Strip &#8211; Af\u00fbk Websjop\" \/>\n<meta property=\"og:description\" content=\"Met De Tsien fan Martens Afke schreef Nynke van Hichtuml een prachtig boek over het zware bestaan van een arm arbeidersgezin uit Wergea. Nu in stripvorm.\" \/>\n<meta property=\"og:url\" content=\"https:\/\/websjop.afuk.frl\/nl\/winkel\/de-tsien-fan-martens-afke-strip\/\" \/>\n<meta property=\"og:site_name\" content=\"Af\u00fbk Websjop\" \/>\n<meta property=\"article:modified_time\" content=\"2022-04-01T08:05:44+00:00\" \/>\n<meta property=\"og:image\" content=\"https:\/\/websjop.afuk.frl\/wp-content\/uploads\/2012\/01\/De-tsien-fan-Martens-Afke.jpg\" \/>\n\t<meta property=\"og:image:width\" content=\"550\" \/>\n\t<meta property=\"og:image:height\" content=\"700\" \/>\n\t<meta property=\"og:image:type\" content=\"image\/jpeg\" \/>\n<meta name=\"twitter:card\" content=\"summary_large_image\" \/>\n<meta name=\"twitter:label1\" content=\"Geschatte leestijd\" \/>\n\t<meta name=\"twitter:data1\" content=\"1 minuut\" \/>\n<script type=\"application\/ld+json\" class=\"yoast-schema-graph\">{\"@context\":\"https:\/\/schema.org\",\"@graph\":[{\"@type\":\"WebPage\",\"@id\":\"https:\/\/websjop.afuk.frl\/nl\/winkel\/de-tsien-fan-martens-afke-strip\/\",\"url\":\"https:\/\/websjop.afuk.frl\/nl\/winkel\/de-tsien-fan-martens-afke-strip\/\",\"name\":\"De tsien fan Martens Afke - Strip &#8211; Af\u00fbk Websjop\",\"isPartOf\":{\"@id\":\"https:\/\/websjop.afuk.frl\/nl\/#website\"},\"primaryImageOfPage\":{\"@id\":\"https:\/\/websjop.afuk.frl\/nl\/winkel\/de-tsien-fan-martens-afke-strip\/#primaryimage\"},\"image\":{\"@id\":\"https:\/\/websjop.afuk.frl\/nl\/winkel\/de-tsien-fan-martens-afke-strip\/#primaryimage\"},\"thumbnailUrl\":\"https:\/\/websjop.afuk.frl\/wp-content\/uploads\/2012\/01\/De-tsien-fan-Martens-Afke.jpg\",\"datePublished\":\"2012-01-31T13:09:01+00:00\",\"dateModified\":\"2022-04-01T08:05:44+00:00\",\"description\":\"Met De Tsien fan Martens Afke schreef Nynke van Hichtuml een prachtig boek over het zware bestaan van een arm arbeidersgezin uit Wergea. Nu in stripvorm.\",\"breadcrumb\":{\"@id\":\"https:\/\/websjop.afuk.frl\/nl\/winkel\/de-tsien-fan-martens-afke-strip\/#breadcrumb\"},\"inLanguage\":\"nl-NL\",\"potentialAction\":[{\"@type\":\"ReadAction\",\"target\":[\"https:\/\/websjop.afuk.frl\/nl\/winkel\/de-tsien-fan-martens-afke-strip\/\"]}]},{\"@type\":\"ImageObject\",\"inLanguage\":\"nl-NL\",\"@id\":\"https:\/\/websjop.afuk.frl\/nl\/winkel\/de-tsien-fan-martens-afke-strip\/#primaryimage\",\"url\":\"https:\/\/websjop.afuk.frl\/wp-content\/uploads\/2012\/01\/De-tsien-fan-Martens-Afke.jpg\",\"contentUrl\":\"https:\/\/websjop.afuk.frl\/wp-content\/uploads\/2012\/01\/De-tsien-fan-Martens-Afke.jpg\",\"width\":550,\"height\":700,\"caption\":\"De tsien fan Martens Afke\"},{\"@type\":\"BreadcrumbList\",\"@id\":\"https:\/\/websjop.afuk.frl\/nl\/winkel\/de-tsien-fan-martens-afke-strip\/#breadcrumb\",\"itemListElement\":[{\"@type\":\"ListItem\",\"position\":1,\"name\":\"Home\",\"item\":\"https:\/\/websjop.afuk.frl\/nl\/\"},{\"@type\":\"ListItem\",\"position\":2,\"name\":\"Winkel\",\"item\":\"https:\/\/websjop.afuk.frl\/nl\/winkel\/\"},{\"@type\":\"ListItem\",\"position\":3,\"name\":\"De tsien fan Martens Afke &#8211; Strip\"}]},{\"@type\":\"WebSite\",\"@id\":\"https:\/\/websjop.afuk.frl\/nl\/#website\",\"url\":\"https:\/\/websjop.afuk.frl\/nl\/\",\"name\":\"Af\u00fbk Websjop\",\"description\":\"\",\"potentialAction\":[{\"@type\":\"SearchAction\",\"target\":{\"@type\":\"EntryPoint\",\"urlTemplate\":\"https:\/\/websjop.afuk.frl\/nl\/?s={search_term_string}\"},\"query-input\":{\"@type\":\"PropertyValueSpecification\",\"valueRequired\":true,\"valueName\":\"search_term_string\"}}],\"inLanguage\":\"nl-NL\"}]}<\/script>\n<!-- \/ Yoast SEO plugin. -->","yoast_head_json":{"title":"De tsien fan Martens Afke - Strip &#8211; Af\u00fbk Websjop","description":"Met De Tsien fan Martens Afke schreef Nynke van Hichtuml een prachtig boek over het zware bestaan van een arm arbeidersgezin uit Wergea. Nu in stripvorm.","robots":{"index":"index","follow":"follow","max-snippet":"max-snippet:-1","max-image-preview":"max-image-preview:large","max-video-preview":"max-video-preview:-1"},"canonical":"https:\/\/websjop.afuk.frl\/nl\/winkel\/de-tsien-fan-martens-afke-strip\/","og_locale":"nl_NL","og_type":"article","og_title":"De tsien fan Martens Afke - Strip &#8211; Af\u00fbk Websjop","og_description":"Met De Tsien fan Martens Afke schreef Nynke van Hichtuml een prachtig boek over het zware bestaan van een arm arbeidersgezin uit Wergea. Nu in stripvorm.","og_url":"https:\/\/websjop.afuk.frl\/nl\/winkel\/de-tsien-fan-martens-afke-strip\/","og_site_name":"Af\u00fbk Websjop","article_modified_time":"2022-04-01T08:05:44+00:00","og_image":[{"width":550,"height":700,"url":"https:\/\/websjop.afuk.frl\/wp-content\/uploads\/2012\/01\/De-tsien-fan-Martens-Afke.jpg","type":"image\/jpeg"}],"twitter_card":"summary_large_image","twitter_misc":{"Geschatte leestijd":"1 minuut"},"schema":{"@context":"https:\/\/schema.org","@graph":[{"@type":"WebPage","@id":"https:\/\/websjop.afuk.frl\/nl\/winkel\/de-tsien-fan-martens-afke-strip\/","url":"https:\/\/websjop.afuk.frl\/nl\/winkel\/de-tsien-fan-martens-afke-strip\/","name":"De tsien fan Martens Afke - Strip &#8211; Af\u00fbk Websjop","isPartOf":{"@id":"https:\/\/websjop.afuk.frl\/nl\/#website"},"primaryImageOfPage":{"@id":"https:\/\/websjop.afuk.frl\/nl\/winkel\/de-tsien-fan-martens-afke-strip\/#primaryimage"},"image":{"@id":"https:\/\/websjop.afuk.frl\/nl\/winkel\/de-tsien-fan-martens-afke-strip\/#primaryimage"},"thumbnailUrl":"https:\/\/websjop.afuk.frl\/wp-content\/uploads\/2012\/01\/De-tsien-fan-Martens-Afke.jpg","datePublished":"2012-01-31T13:09:01+00:00","dateModified":"2022-04-01T08:05:44+00:00","description":"Met De Tsien fan Martens Afke schreef Nynke van Hichtuml een prachtig boek over het zware bestaan van een arm arbeidersgezin uit Wergea. Nu in stripvorm.","breadcrumb":{"@id":"https:\/\/websjop.afuk.frl\/nl\/winkel\/de-tsien-fan-martens-afke-strip\/#breadcrumb"},"inLanguage":"nl-NL","potentialAction":[{"@type":"ReadAction","target":["https:\/\/websjop.afuk.frl\/nl\/winkel\/de-tsien-fan-martens-afke-strip\/"]}]},{"@type":"ImageObject","inLanguage":"nl-NL","@id":"https:\/\/websjop.afuk.frl\/nl\/winkel\/de-tsien-fan-martens-afke-strip\/#primaryimage","url":"https:\/\/websjop.afuk.frl\/wp-content\/uploads\/2012\/01\/De-tsien-fan-Martens-Afke.jpg","contentUrl":"https:\/\/websjop.afuk.frl\/wp-content\/uploads\/2012\/01\/De-tsien-fan-Martens-Afke.jpg","width":550,"height":700,"caption":"De tsien fan Martens Afke"},{"@type":"BreadcrumbList","@id":"https:\/\/websjop.afuk.frl\/nl\/winkel\/de-tsien-fan-martens-afke-strip\/#breadcrumb","itemListElement":[{"@type":"ListItem","position":1,"name":"Home","item":"https:\/\/websjop.afuk.frl\/nl\/"},{"@type":"ListItem","position":2,"name":"Winkel","item":"https:\/\/websjop.afuk.frl\/nl\/winkel\/"},{"@type":"ListItem","position":3,"name":"De tsien fan Martens Afke &#8211; Strip"}]},{"@type":"WebSite","@id":"https:\/\/websjop.afuk.frl\/nl\/#website","url":"https:\/\/websjop.afuk.frl\/nl\/","name":"Af\u00fbk Websjop","description":"","potentialAction":[{"@type":"SearchAction","target":{"@type":"EntryPoint","urlTemplate":"https:\/\/websjop.afuk.frl\/nl\/?s={search_term_string}"},"query-input":{"@type":"PropertyValueSpecification","valueRequired":true,"valueName":"search_term_string"}}],"inLanguage":"nl-NL"}]}},"_links":{"self":[{"href":"https:\/\/websjop.afuk.frl\/nl\/wp-json\/wp\/v2\/product\/32044","targetHints":{"allow":["GET"]}}],"collection":[{"href":"https:\/\/websjop.afuk.frl\/nl\/wp-json\/wp\/v2\/product"}],"about":[{"href":"https:\/\/websjop.afuk.frl\/nl\/wp-json\/wp\/v2\/types\/product"}],"replies":[{"embeddable":true,"href":"https:\/\/websjop.afuk.frl\/nl\/wp-json\/wp\/v2\/comments?post=32044"}],"wp:featuredmedia":[{"embeddable":true,"href":"https:\/\/websjop.afuk.frl\/nl\/wp-json\/wp\/v2\/media\/32045"}],"wp:attachment":[{"href":"https:\/\/websjop.afuk.frl\/nl\/wp-json\/wp\/v2\/media?parent=32044"}],"wp:term":[{"taxonomy":"product_brand","embeddable":true,"href":"https:\/\/websjop.afuk.frl\/nl\/wp-json\/wp\/v2\/product_brand?post=32044"},{"taxonomy":"product_cat","embeddable":true,"href":"https:\/\/websjop.afuk.frl\/nl\/wp-json\/wp\/v2\/product_cat?post=32044"},{"taxonomy":"product_tag","embeddable":true,"href":"https:\/\/websjop.afuk.frl\/nl\/wp-json\/wp\/v2\/product_tag?post=32044"}],"curies":[{"name":"wp","href":"https:\/\/api.w.org\/{rel}","templated":true}]}}