{"id":31889,"date":"2022-01-19T11:12:08","date_gmt":"2022-01-19T10:12:08","guid":{"rendered":"https:\/\/websjop.afuk.frl\/nl\/?post_type=product&#038;p=31889"},"modified":"2022-01-19T11:12:09","modified_gmt":"2022-01-19T10:12:09","slug":"in-ungrypber-bestean","status":"publish","type":"product","link":"https:\/\/websjop.afuk.frl\/nl\/winkel\/in-ungrypber-bestean\/","title":{"rendered":"In \u00fbngrypber bestean"},"content":{"rendered":"<p>Na de Coronapandemie reist Eelke Tolsma als een van de eersten weer naar Bali, het eiland waar hij en zijn vrouw Marije vroeger goede tijden hebben gehad. Het overlijden van zijn vrouw door de pandemie heeft zijn wereld op z&#8217;n kop gezet. De reis is voor hem een magische poging om die mooie tijden met Marije terug te vinden. Het loopt evengoed heel anders. Hij voelt zich een oude man en heeft veel stof tot nadenken over zijn eerdere werk in het onderwijs. Hij belandt in de loop van de reis van de ene in de andere vreemde situatie. In dat ongrijpbare geheel probeert hij opnieuw zijn draai te vinden.<\/p>\n<p>&nbsp;<\/p>\n","protected":false},"excerpt":{"rendered":"<p>Na de Coronapandemie reist Eelke Tolsma als een van de eersten weer naar Bali, het eiland waar hij en zijn vrouw Marije vroeger goede tijden hebben gehad. Het overlijden van zijn vrouw door de pandemie heeft zijn wereld op z&#8217;n kop gezet. De reis is voor hem een magische poging om die mooie tijden met [&hellip;]<\/p>\n","protected":false},"featured_media":31890,"comment_status":"closed","ping_status":"closed","template":"","meta":{"_acf_changed":false},"product_brand":[],"product_cat":[535,537,1215],"product_tag":[19907,19906,19905,19908,19149,5641],"class_list":{"0":"post-31889","1":"product","2":"type-product","3":"status-publish","4":"has-post-thumbnail","6":"product_cat-fryske-boeken","7":"product_cat-romans","8":"product_cat-romans-en-literatuer","9":"product_tag-bali","10":"product_tag-baly","11":"product_tag-in-ungrypber-bestean","12":"product_tag-reizgje","13":"product_tag-rients-aise-faber","14":"product_tag-roman","15":"product_shipping_class-brievenbus-verzending","16":"pa_auteur-rients-aise-faber","17":"pa_isbn-19904","18":"pa_new-label-1-3","19":"pa_taal-frysk","20":"pa_uitgever-eigen-behear","22":"first","23":"instock","24":"taxable","25":"shipping-taxable","26":"purchasable","27":"product-type-simple"},"acf":[],"yoast_head":"<!-- This site is optimized with the Yoast SEO plugin v27.3 - https:\/\/yoast.com\/product\/yoast-seo-wordpress\/ -->\n<title>In \u00fbngrypber bestean &#8211; Af\u00fbk Websjop<\/title>\n<meta name=\"description\" content=\"In In \u00fbngrypber bestean reist Eelke Tolsma na het verlies van zijn vrouw naar Bali waar ze samen mooie tijden beleefden. Het wordt een totaal andere reis.\" \/>\n<meta name=\"robots\" content=\"index, follow, max-snippet:-1, max-image-preview:large, max-video-preview:-1\" \/>\n<link rel=\"canonical\" href=\"https:\/\/websjop.afuk.frl\/nl\/winkel\/in-ungrypber-bestean\/\" \/>\n<meta property=\"og:locale\" content=\"nl_NL\" \/>\n<meta property=\"og:type\" content=\"article\" \/>\n<meta property=\"og:title\" content=\"In \u00fbngrypber bestean &#8211; Af\u00fbk Websjop\" \/>\n<meta property=\"og:description\" content=\"In In \u00fbngrypber bestean reist Eelke Tolsma na het verlies van zijn vrouw naar Bali waar ze samen mooie tijden beleefden. Het wordt een totaal andere reis.\" \/>\n<meta property=\"og:url\" content=\"https:\/\/websjop.afuk.frl\/nl\/winkel\/in-ungrypber-bestean\/\" \/>\n<meta property=\"og:site_name\" content=\"Af\u00fbk Websjop\" \/>\n<meta property=\"article:modified_time\" content=\"2022-01-19T10:12:09+00:00\" \/>\n<meta property=\"og:image\" content=\"https:\/\/websjop.afuk.frl\/wp-content\/uploads\/2022\/01\/In-ungrypber-bestean564.jpg\" \/>\n\t<meta property=\"og:image:width\" content=\"404\" \/>\n\t<meta property=\"og:image:height\" content=\"585\" \/>\n\t<meta property=\"og:image:type\" content=\"image\/jpeg\" \/>\n<meta name=\"twitter:card\" content=\"summary_large_image\" \/>\n<meta name=\"twitter:label1\" content=\"Geschatte leestijd\" \/>\n\t<meta name=\"twitter:data1\" content=\"1 minuut\" \/>\n<script type=\"application\/ld+json\" class=\"yoast-schema-graph\">{\"@context\":\"https:\\\/\\\/schema.org\",\"@graph\":[{\"@type\":\"WebPage\",\"@id\":\"https:\\\/\\\/websjop.afuk.frl\\\/nl\\\/winkel\\\/in-ungrypber-bestean\\\/\",\"url\":\"https:\\\/\\\/websjop.afuk.frl\\\/nl\\\/winkel\\\/in-ungrypber-bestean\\\/\",\"name\":\"In \u00fbngrypber bestean &#8211; Af\u00fbk Websjop\",\"isPartOf\":{\"@id\":\"https:\\\/\\\/websjop.afuk.frl\\\/nl\\\/#website\"},\"primaryImageOfPage\":{\"@id\":\"https:\\\/\\\/websjop.afuk.frl\\\/nl\\\/winkel\\\/in-ungrypber-bestean\\\/#primaryimage\"},\"image\":{\"@id\":\"https:\\\/\\\/websjop.afuk.frl\\\/nl\\\/winkel\\\/in-ungrypber-bestean\\\/#primaryimage\"},\"thumbnailUrl\":\"https:\\\/\\\/websjop.afuk.frl\\\/wp-content\\\/uploads\\\/2022\\\/01\\\/In-ungrypber-bestean564.jpg\",\"datePublished\":\"2022-01-19T10:12:08+00:00\",\"dateModified\":\"2022-01-19T10:12:09+00:00\",\"description\":\"In In \u00fbngrypber bestean reist Eelke Tolsma na het verlies van zijn vrouw naar Bali waar ze samen mooie tijden beleefden. Het wordt een totaal andere reis.\",\"breadcrumb\":{\"@id\":\"https:\\\/\\\/websjop.afuk.frl\\\/nl\\\/winkel\\\/in-ungrypber-bestean\\\/#breadcrumb\"},\"inLanguage\":\"nl-NL\",\"potentialAction\":[{\"@type\":\"ReadAction\",\"target\":[\"https:\\\/\\\/websjop.afuk.frl\\\/nl\\\/winkel\\\/in-ungrypber-bestean\\\/\"]}]},{\"@type\":\"ImageObject\",\"inLanguage\":\"nl-NL\",\"@id\":\"https:\\\/\\\/websjop.afuk.frl\\\/nl\\\/winkel\\\/in-ungrypber-bestean\\\/#primaryimage\",\"url\":\"https:\\\/\\\/websjop.afuk.frl\\\/wp-content\\\/uploads\\\/2022\\\/01\\\/In-ungrypber-bestean564.jpg\",\"contentUrl\":\"https:\\\/\\\/websjop.afuk.frl\\\/wp-content\\\/uploads\\\/2022\\\/01\\\/In-ungrypber-bestean564.jpg\",\"width\":404,\"height\":585,\"caption\":\"In \u00fbngrypber bestean\"},{\"@type\":\"BreadcrumbList\",\"@id\":\"https:\\\/\\\/websjop.afuk.frl\\\/nl\\\/winkel\\\/in-ungrypber-bestean\\\/#breadcrumb\",\"itemListElement\":[{\"@type\":\"ListItem\",\"position\":1,\"name\":\"Home\",\"item\":\"https:\\\/\\\/websjop.afuk.frl\\\/nl\\\/\"},{\"@type\":\"ListItem\",\"position\":2,\"name\":\"Winkel\",\"item\":\"https:\\\/\\\/websjop.afuk.frl\\\/nl\\\/winkel\\\/\"},{\"@type\":\"ListItem\",\"position\":3,\"name\":\"In \u00fbngrypber bestean\"}]},{\"@type\":\"WebSite\",\"@id\":\"https:\\\/\\\/websjop.afuk.frl\\\/nl\\\/#website\",\"url\":\"https:\\\/\\\/websjop.afuk.frl\\\/nl\\\/\",\"name\":\"Af\u00fbk Websjop\",\"description\":\"\",\"potentialAction\":[{\"@type\":\"SearchAction\",\"target\":{\"@type\":\"EntryPoint\",\"urlTemplate\":\"https:\\\/\\\/websjop.afuk.frl\\\/nl\\\/?s={search_term_string}\"},\"query-input\":{\"@type\":\"PropertyValueSpecification\",\"valueRequired\":true,\"valueName\":\"search_term_string\"}}],\"inLanguage\":\"nl-NL\"}]}<\/script>\n<!-- \/ Yoast SEO plugin. -->","yoast_head_json":{"title":"In \u00fbngrypber bestean &#8211; Af\u00fbk Websjop","description":"In In \u00fbngrypber bestean reist Eelke Tolsma na het verlies van zijn vrouw naar Bali waar ze samen mooie tijden beleefden. Het wordt een totaal andere reis.","robots":{"index":"index","follow":"follow","max-snippet":"max-snippet:-1","max-image-preview":"max-image-preview:large","max-video-preview":"max-video-preview:-1"},"canonical":"https:\/\/websjop.afuk.frl\/nl\/winkel\/in-ungrypber-bestean\/","og_locale":"nl_NL","og_type":"article","og_title":"In \u00fbngrypber bestean &#8211; Af\u00fbk Websjop","og_description":"In In \u00fbngrypber bestean reist Eelke Tolsma na het verlies van zijn vrouw naar Bali waar ze samen mooie tijden beleefden. Het wordt een totaal andere reis.","og_url":"https:\/\/websjop.afuk.frl\/nl\/winkel\/in-ungrypber-bestean\/","og_site_name":"Af\u00fbk Websjop","article_modified_time":"2022-01-19T10:12:09+00:00","og_image":[{"width":404,"height":585,"url":"https:\/\/websjop.afuk.frl\/wp-content\/uploads\/2022\/01\/In-ungrypber-bestean564.jpg","type":"image\/jpeg"}],"twitter_card":"summary_large_image","twitter_misc":{"Geschatte leestijd":"1 minuut"},"schema":{"@context":"https:\/\/schema.org","@graph":[{"@type":"WebPage","@id":"https:\/\/websjop.afuk.frl\/nl\/winkel\/in-ungrypber-bestean\/","url":"https:\/\/websjop.afuk.frl\/nl\/winkel\/in-ungrypber-bestean\/","name":"In \u00fbngrypber bestean &#8211; Af\u00fbk Websjop","isPartOf":{"@id":"https:\/\/websjop.afuk.frl\/nl\/#website"},"primaryImageOfPage":{"@id":"https:\/\/websjop.afuk.frl\/nl\/winkel\/in-ungrypber-bestean\/#primaryimage"},"image":{"@id":"https:\/\/websjop.afuk.frl\/nl\/winkel\/in-ungrypber-bestean\/#primaryimage"},"thumbnailUrl":"https:\/\/websjop.afuk.frl\/wp-content\/uploads\/2022\/01\/In-ungrypber-bestean564.jpg","datePublished":"2022-01-19T10:12:08+00:00","dateModified":"2022-01-19T10:12:09+00:00","description":"In In \u00fbngrypber bestean reist Eelke Tolsma na het verlies van zijn vrouw naar Bali waar ze samen mooie tijden beleefden. Het wordt een totaal andere reis.","breadcrumb":{"@id":"https:\/\/websjop.afuk.frl\/nl\/winkel\/in-ungrypber-bestean\/#breadcrumb"},"inLanguage":"nl-NL","potentialAction":[{"@type":"ReadAction","target":["https:\/\/websjop.afuk.frl\/nl\/winkel\/in-ungrypber-bestean\/"]}]},{"@type":"ImageObject","inLanguage":"nl-NL","@id":"https:\/\/websjop.afuk.frl\/nl\/winkel\/in-ungrypber-bestean\/#primaryimage","url":"https:\/\/websjop.afuk.frl\/wp-content\/uploads\/2022\/01\/In-ungrypber-bestean564.jpg","contentUrl":"https:\/\/websjop.afuk.frl\/wp-content\/uploads\/2022\/01\/In-ungrypber-bestean564.jpg","width":404,"height":585,"caption":"In \u00fbngrypber bestean"},{"@type":"BreadcrumbList","@id":"https:\/\/websjop.afuk.frl\/nl\/winkel\/in-ungrypber-bestean\/#breadcrumb","itemListElement":[{"@type":"ListItem","position":1,"name":"Home","item":"https:\/\/websjop.afuk.frl\/nl\/"},{"@type":"ListItem","position":2,"name":"Winkel","item":"https:\/\/websjop.afuk.frl\/nl\/winkel\/"},{"@type":"ListItem","position":3,"name":"In \u00fbngrypber bestean"}]},{"@type":"WebSite","@id":"https:\/\/websjop.afuk.frl\/nl\/#website","url":"https:\/\/websjop.afuk.frl\/nl\/","name":"Af\u00fbk Websjop","description":"","potentialAction":[{"@type":"SearchAction","target":{"@type":"EntryPoint","urlTemplate":"https:\/\/websjop.afuk.frl\/nl\/?s={search_term_string}"},"query-input":{"@type":"PropertyValueSpecification","valueRequired":true,"valueName":"search_term_string"}}],"inLanguage":"nl-NL"}]}},"_links":{"self":[{"href":"https:\/\/websjop.afuk.frl\/nl\/wp-json\/wp\/v2\/product\/31889","targetHints":{"allow":["GET"]}}],"collection":[{"href":"https:\/\/websjop.afuk.frl\/nl\/wp-json\/wp\/v2\/product"}],"about":[{"href":"https:\/\/websjop.afuk.frl\/nl\/wp-json\/wp\/v2\/types\/product"}],"replies":[{"embeddable":true,"href":"https:\/\/websjop.afuk.frl\/nl\/wp-json\/wp\/v2\/comments?post=31889"}],"wp:featuredmedia":[{"embeddable":true,"href":"https:\/\/websjop.afuk.frl\/nl\/wp-json\/wp\/v2\/media\/31890"}],"wp:attachment":[{"href":"https:\/\/websjop.afuk.frl\/nl\/wp-json\/wp\/v2\/media?parent=31889"}],"wp:term":[{"taxonomy":"product_brand","embeddable":true,"href":"https:\/\/websjop.afuk.frl\/nl\/wp-json\/wp\/v2\/product_brand?post=31889"},{"taxonomy":"product_cat","embeddable":true,"href":"https:\/\/websjop.afuk.frl\/nl\/wp-json\/wp\/v2\/product_cat?post=31889"},{"taxonomy":"product_tag","embeddable":true,"href":"https:\/\/websjop.afuk.frl\/nl\/wp-json\/wp\/v2\/product_tag?post=31889"}],"curies":[{"name":"wp","href":"https:\/\/api.w.org\/{rel}","templated":true}]}}