{"id":31293,"date":"2021-12-16T12:05:14","date_gmt":"2021-12-16T11:05:14","guid":{"rendered":"https:\/\/websjop.afuk.frl\/nl\/?post_type=product&#038;p=31293"},"modified":"2022-03-01T09:21:57","modified_gmt":"2022-03-01T08:21:57","slug":"fjoerdunsers","status":"publish","type":"product","link":"https:\/\/websjop.afuk.frl\/nl\/winkel\/fjoerdunsers\/","title":{"rendered":"Fjoerd\u00fbnsers"},"content":{"rendered":"<p><em>Fjoerd\u00fbnsers<\/em> is de debuutbundel van Jetze de Vries (Harns). Zijn po\u00ebzie is beeldrijk en speels. Hij schrijft met ernst en humor over de wereld en zijn taal kan als een pook de verbeelding oprakelen. Zo stookt hij het vuur op; snoept het woord van de vlam, danst een zin over hete kolen. De Vries beweegt zich steevast tussen droom en werkelijkheid, tussen verleden en actuele tijd. Zijn stem is zacht en teder. Zijn gedichten prikkelen.<\/p>\n<p>&nbsp;<\/p>\n<p>&nbsp;<\/p>\n","protected":false},"excerpt":{"rendered":"<p>Fjoerd\u00fbnsers is de debuutbundel van Jetze de Vries (Harns). Zijn po\u00ebzie is beeldrijk en speels. Hij schrijft met ernst en humor over de wereld en zijn taal kan als een pook de verbeelding oprakelen. Zo stookt hij het vuur op; snoept het woord van de vlam, danst een zin over hete kolen. De Vries beweegt [&hellip;]<\/p>\n","protected":false},"featured_media":31300,"comment_status":"closed","ping_status":"closed","template":"","meta":{"_acf_changed":false},"product_brand":[],"product_cat":[538,535,1215],"product_tag":[19810,5191,8898,17036,11585],"class_list":{"0":"post-31293","1":"product","2":"type-product","3":"status-publish","4":"has-post-thumbnail","6":"product_cat-dichtbondels","7":"product_cat-fryske-boeken","8":"product_cat-romans-en-literatuer","9":"product_tag-fjoerdunsers","10":"product_tag-gedichten","11":"product_tag-jetze-de-vries","12":"product_tag-poezie","13":"product_tag-poezij","14":"product_shipping_class-brievenbus-verzending","15":"pa_auteur-jetze-de-vries","16":"pa_isbn-19814","17":"pa_new-label-1-3","18":"pa_taal-frysk","19":"pa_uitgever-hispel","21":"first","22":"instock","23":"taxable","24":"shipping-taxable","25":"purchasable","26":"product-type-simple"},"acf":[],"yoast_head":"<!-- This site is optimized with the Yoast SEO plugin v27.3 - https:\/\/yoast.com\/product\/yoast-seo-wordpress\/ -->\n<title>Fjoerd\u00fbnsers &#8211; Af\u00fbk Websjop<\/title>\n<meta name=\"description\" content=\"Fjoerd\u00fbnsers is de debuutbundel van Jetze de Vries. Zijn po\u00ebzie is beeldrijk en speels. Hij schrijft met ernst en humor over de wereld.\" \/>\n<meta name=\"robots\" content=\"index, follow, max-snippet:-1, max-image-preview:large, max-video-preview:-1\" \/>\n<link rel=\"canonical\" href=\"https:\/\/websjop.afuk.frl\/nl\/winkel\/fjoerdunsers\/\" \/>\n<meta property=\"og:locale\" content=\"nl_NL\" \/>\n<meta property=\"og:type\" content=\"article\" \/>\n<meta property=\"og:title\" content=\"Fjoerd\u00fbnsers &#8211; Af\u00fbk Websjop\" \/>\n<meta property=\"og:description\" content=\"Fjoerd\u00fbnsers is de debuutbundel van Jetze de Vries. Zijn po\u00ebzie is beeldrijk en speels. Hij schrijft met ernst en humor over de wereld.\" \/>\n<meta property=\"og:url\" content=\"https:\/\/websjop.afuk.frl\/nl\/winkel\/fjoerdunsers\/\" \/>\n<meta property=\"og:site_name\" content=\"Af\u00fbk Websjop\" \/>\n<meta property=\"article:modified_time\" content=\"2022-03-01T08:21:57+00:00\" \/>\n<meta property=\"og:image\" content=\"https:\/\/websjop.afuk.frl\/wp-content\/uploads\/2021\/12\/Fjoerdunsers-2.jpg\" \/>\n\t<meta property=\"og:image:width\" content=\"384\" \/>\n\t<meta property=\"og:image:height\" content=\"546\" \/>\n\t<meta property=\"og:image:type\" content=\"image\/jpeg\" \/>\n<meta name=\"twitter:card\" content=\"summary_large_image\" \/>\n<script type=\"application\/ld+json\" class=\"yoast-schema-graph\">{\"@context\":\"https:\\\/\\\/schema.org\",\"@graph\":[{\"@type\":\"WebPage\",\"@id\":\"https:\\\/\\\/websjop.afuk.frl\\\/nl\\\/winkel\\\/fjoerdunsers\\\/\",\"url\":\"https:\\\/\\\/websjop.afuk.frl\\\/nl\\\/winkel\\\/fjoerdunsers\\\/\",\"name\":\"Fjoerd\u00fbnsers &#8211; Af\u00fbk Websjop\",\"isPartOf\":{\"@id\":\"https:\\\/\\\/websjop.afuk.frl\\\/nl\\\/#website\"},\"primaryImageOfPage\":{\"@id\":\"https:\\\/\\\/websjop.afuk.frl\\\/nl\\\/winkel\\\/fjoerdunsers\\\/#primaryimage\"},\"image\":{\"@id\":\"https:\\\/\\\/websjop.afuk.frl\\\/nl\\\/winkel\\\/fjoerdunsers\\\/#primaryimage\"},\"thumbnailUrl\":\"https:\\\/\\\/websjop.afuk.frl\\\/wp-content\\\/uploads\\\/2021\\\/12\\\/Fjoerdunsers-2.jpg\",\"datePublished\":\"2021-12-16T11:05:14+00:00\",\"dateModified\":\"2022-03-01T08:21:57+00:00\",\"description\":\"Fjoerd\u00fbnsers is de debuutbundel van Jetze de Vries. Zijn po\u00ebzie is beeldrijk en speels. Hij schrijft met ernst en humor over de wereld.\",\"breadcrumb\":{\"@id\":\"https:\\\/\\\/websjop.afuk.frl\\\/nl\\\/winkel\\\/fjoerdunsers\\\/#breadcrumb\"},\"inLanguage\":\"nl-NL\",\"potentialAction\":[{\"@type\":\"ReadAction\",\"target\":[\"https:\\\/\\\/websjop.afuk.frl\\\/nl\\\/winkel\\\/fjoerdunsers\\\/\"]}]},{\"@type\":\"ImageObject\",\"inLanguage\":\"nl-NL\",\"@id\":\"https:\\\/\\\/websjop.afuk.frl\\\/nl\\\/winkel\\\/fjoerdunsers\\\/#primaryimage\",\"url\":\"https:\\\/\\\/websjop.afuk.frl\\\/wp-content\\\/uploads\\\/2021\\\/12\\\/Fjoerdunsers-2.jpg\",\"contentUrl\":\"https:\\\/\\\/websjop.afuk.frl\\\/wp-content\\\/uploads\\\/2021\\\/12\\\/Fjoerdunsers-2.jpg\",\"width\":384,\"height\":546},{\"@type\":\"BreadcrumbList\",\"@id\":\"https:\\\/\\\/websjop.afuk.frl\\\/nl\\\/winkel\\\/fjoerdunsers\\\/#breadcrumb\",\"itemListElement\":[{\"@type\":\"ListItem\",\"position\":1,\"name\":\"Home\",\"item\":\"https:\\\/\\\/websjop.afuk.frl\\\/nl\\\/\"},{\"@type\":\"ListItem\",\"position\":2,\"name\":\"Winkel\",\"item\":\"https:\\\/\\\/websjop.afuk.frl\\\/nl\\\/winkel\\\/\"},{\"@type\":\"ListItem\",\"position\":3,\"name\":\"Fjoerd\u00fbnsers\"}]},{\"@type\":\"WebSite\",\"@id\":\"https:\\\/\\\/websjop.afuk.frl\\\/nl\\\/#website\",\"url\":\"https:\\\/\\\/websjop.afuk.frl\\\/nl\\\/\",\"name\":\"Af\u00fbk Websjop\",\"description\":\"\",\"potentialAction\":[{\"@type\":\"SearchAction\",\"target\":{\"@type\":\"EntryPoint\",\"urlTemplate\":\"https:\\\/\\\/websjop.afuk.frl\\\/nl\\\/?s={search_term_string}\"},\"query-input\":{\"@type\":\"PropertyValueSpecification\",\"valueRequired\":true,\"valueName\":\"search_term_string\"}}],\"inLanguage\":\"nl-NL\"}]}<\/script>\n<!-- \/ Yoast SEO plugin. -->","yoast_head_json":{"title":"Fjoerd\u00fbnsers &#8211; Af\u00fbk Websjop","description":"Fjoerd\u00fbnsers is de debuutbundel van Jetze de Vries. Zijn po\u00ebzie is beeldrijk en speels. Hij schrijft met ernst en humor over de wereld.","robots":{"index":"index","follow":"follow","max-snippet":"max-snippet:-1","max-image-preview":"max-image-preview:large","max-video-preview":"max-video-preview:-1"},"canonical":"https:\/\/websjop.afuk.frl\/nl\/winkel\/fjoerdunsers\/","og_locale":"nl_NL","og_type":"article","og_title":"Fjoerd\u00fbnsers &#8211; Af\u00fbk Websjop","og_description":"Fjoerd\u00fbnsers is de debuutbundel van Jetze de Vries. Zijn po\u00ebzie is beeldrijk en speels. Hij schrijft met ernst en humor over de wereld.","og_url":"https:\/\/websjop.afuk.frl\/nl\/winkel\/fjoerdunsers\/","og_site_name":"Af\u00fbk Websjop","article_modified_time":"2022-03-01T08:21:57+00:00","og_image":[{"width":384,"height":546,"url":"https:\/\/websjop.afuk.frl\/wp-content\/uploads\/2021\/12\/Fjoerdunsers-2.jpg","type":"image\/jpeg"}],"twitter_card":"summary_large_image","schema":{"@context":"https:\/\/schema.org","@graph":[{"@type":"WebPage","@id":"https:\/\/websjop.afuk.frl\/nl\/winkel\/fjoerdunsers\/","url":"https:\/\/websjop.afuk.frl\/nl\/winkel\/fjoerdunsers\/","name":"Fjoerd\u00fbnsers &#8211; Af\u00fbk Websjop","isPartOf":{"@id":"https:\/\/websjop.afuk.frl\/nl\/#website"},"primaryImageOfPage":{"@id":"https:\/\/websjop.afuk.frl\/nl\/winkel\/fjoerdunsers\/#primaryimage"},"image":{"@id":"https:\/\/websjop.afuk.frl\/nl\/winkel\/fjoerdunsers\/#primaryimage"},"thumbnailUrl":"https:\/\/websjop.afuk.frl\/wp-content\/uploads\/2021\/12\/Fjoerdunsers-2.jpg","datePublished":"2021-12-16T11:05:14+00:00","dateModified":"2022-03-01T08:21:57+00:00","description":"Fjoerd\u00fbnsers is de debuutbundel van Jetze de Vries. Zijn po\u00ebzie is beeldrijk en speels. Hij schrijft met ernst en humor over de wereld.","breadcrumb":{"@id":"https:\/\/websjop.afuk.frl\/nl\/winkel\/fjoerdunsers\/#breadcrumb"},"inLanguage":"nl-NL","potentialAction":[{"@type":"ReadAction","target":["https:\/\/websjop.afuk.frl\/nl\/winkel\/fjoerdunsers\/"]}]},{"@type":"ImageObject","inLanguage":"nl-NL","@id":"https:\/\/websjop.afuk.frl\/nl\/winkel\/fjoerdunsers\/#primaryimage","url":"https:\/\/websjop.afuk.frl\/wp-content\/uploads\/2021\/12\/Fjoerdunsers-2.jpg","contentUrl":"https:\/\/websjop.afuk.frl\/wp-content\/uploads\/2021\/12\/Fjoerdunsers-2.jpg","width":384,"height":546},{"@type":"BreadcrumbList","@id":"https:\/\/websjop.afuk.frl\/nl\/winkel\/fjoerdunsers\/#breadcrumb","itemListElement":[{"@type":"ListItem","position":1,"name":"Home","item":"https:\/\/websjop.afuk.frl\/nl\/"},{"@type":"ListItem","position":2,"name":"Winkel","item":"https:\/\/websjop.afuk.frl\/nl\/winkel\/"},{"@type":"ListItem","position":3,"name":"Fjoerd\u00fbnsers"}]},{"@type":"WebSite","@id":"https:\/\/websjop.afuk.frl\/nl\/#website","url":"https:\/\/websjop.afuk.frl\/nl\/","name":"Af\u00fbk Websjop","description":"","potentialAction":[{"@type":"SearchAction","target":{"@type":"EntryPoint","urlTemplate":"https:\/\/websjop.afuk.frl\/nl\/?s={search_term_string}"},"query-input":{"@type":"PropertyValueSpecification","valueRequired":true,"valueName":"search_term_string"}}],"inLanguage":"nl-NL"}]}},"_links":{"self":[{"href":"https:\/\/websjop.afuk.frl\/nl\/wp-json\/wp\/v2\/product\/31293","targetHints":{"allow":["GET"]}}],"collection":[{"href":"https:\/\/websjop.afuk.frl\/nl\/wp-json\/wp\/v2\/product"}],"about":[{"href":"https:\/\/websjop.afuk.frl\/nl\/wp-json\/wp\/v2\/types\/product"}],"replies":[{"embeddable":true,"href":"https:\/\/websjop.afuk.frl\/nl\/wp-json\/wp\/v2\/comments?post=31293"}],"wp:featuredmedia":[{"embeddable":true,"href":"https:\/\/websjop.afuk.frl\/nl\/wp-json\/wp\/v2\/media\/31300"}],"wp:attachment":[{"href":"https:\/\/websjop.afuk.frl\/nl\/wp-json\/wp\/v2\/media?parent=31293"}],"wp:term":[{"taxonomy":"product_brand","embeddable":true,"href":"https:\/\/websjop.afuk.frl\/nl\/wp-json\/wp\/v2\/product_brand?post=31293"},{"taxonomy":"product_cat","embeddable":true,"href":"https:\/\/websjop.afuk.frl\/nl\/wp-json\/wp\/v2\/product_cat?post=31293"},{"taxonomy":"product_tag","embeddable":true,"href":"https:\/\/websjop.afuk.frl\/nl\/wp-json\/wp\/v2\/product_tag?post=31293"}],"curies":[{"name":"wp","href":"https:\/\/api.w.org\/{rel}","templated":true}]}}