{"id":30095,"date":"2021-11-05T12:26:43","date_gmt":"2021-11-05T11:26:43","guid":{"rendered":"https:\/\/websjop.afuk.frl\/nl\/?post_type=product&#038;p=30095"},"modified":"2021-11-05T12:26:44","modified_gmt":"2021-11-05T11:26:44","slug":"hewwy-dat","status":"publish","type":"product","link":"https:\/\/websjop.afuk.frl\/nl\/winkel\/hewwy-dat\/","title":{"rendered":"Hewwy d\u00e1t"},"content":{"rendered":"<p>De bundel <em>Hewwy d\u00e1t <\/em>bevat po\u00ebzie van Tsjisse Hettema in het Fries en Stellingwerfs, gekoppeld aan beeld in vilt van Aafje Bouwer.<\/p>\n<p>frou yn &#8216;e boat<\/p>\n<p>noeget my \u00fat<\/p>\n<p>ta in d\u00fbns<\/p>\n<p>op licht wetter<\/p>\n<p>in nij l\u00e2nskip<\/p>\n<p>tovert jokers op it str\u00e2n<\/p>\n<p>dy&#8217;t dwilerich mei bekkens slaan<\/p>\n","protected":false},"excerpt":{"rendered":"<p>De bundel Hewwy d\u00e1t bevat po\u00ebzie van Tsjisse Hettema in het Fries en Stellingwerfs, gekoppeld aan beeld in vilt van Aafje Bouwer. frou yn &#8216;e boat noeget my \u00fat ta in d\u00fbns op licht wetter in nij l\u00e2nskip tovert jokers op it str\u00e2n dy&#8217;t dwilerich mei bekkens slaan<\/p>\n","protected":false},"featured_media":30097,"comment_status":"closed","ping_status":"closed","template":"","meta":{"_acf_changed":false},"product_brand":[],"product_cat":[538,535,544,1215],"product_tag":[19537,19538,5173,5191,19535,17174,19536],"class_list":{"0":"post-30095","1":"product","2":"type-product","3":"status-publish","4":"has-post-thumbnail","6":"product_cat-dichtbondels","7":"product_cat-fryske-boeken","8":"product_cat-keunst-en-kultuer","9":"product_cat-romans-en-literatuer","10":"product_tag-aafje-bouwer","11":"product_tag-filtwurk","12":"product_tag-frysk","13":"product_tag-gedichten","14":"product_tag-hewwy-dat","15":"product_tag-stellingwerfs","16":"product_tag-tsjisse-hettema","17":"product_shipping_class-brievenbus-verzending","18":"pa_auteur-tsjisse-hettema","19":"pa_isbn-19532","20":"pa_new-label-1-3","21":"pa_taal-frysk-stellingwerfs","22":"pa_uitgever-frysk-en-frij","24":"first","25":"instock","26":"taxable","27":"shipping-taxable","28":"purchasable","29":"product-type-simple"},"acf":[],"yoast_head":"<!-- This site is optimized with the Yoast SEO plugin v27.3 - https:\/\/yoast.com\/product\/yoast-seo-wordpress\/ -->\n<title>Hewwy d\u00e1t &#8211; Af\u00fbk Websjop<\/title>\n<meta name=\"description\" content=\"De bundel Hewwy d\u00e1t bevat po\u00ebzie van Tsjisse Hettema in het Fries en Stellingwerfs, gekoppeld aan beeld in vilt van Aafje Bouwer.\" \/>\n<meta name=\"robots\" content=\"index, follow, max-snippet:-1, max-image-preview:large, max-video-preview:-1\" \/>\n<link rel=\"canonical\" href=\"https:\/\/websjop.afuk.frl\/nl\/winkel\/hewwy-dat\/\" \/>\n<meta property=\"og:locale\" content=\"nl_NL\" \/>\n<meta property=\"og:type\" content=\"article\" \/>\n<meta property=\"og:title\" content=\"Hewwy d\u00e1t &#8211; Af\u00fbk Websjop\" \/>\n<meta property=\"og:description\" content=\"De bundel Hewwy d\u00e1t bevat po\u00ebzie van Tsjisse Hettema in het Fries en Stellingwerfs, gekoppeld aan beeld in vilt van Aafje Bouwer.\" \/>\n<meta property=\"og:url\" content=\"https:\/\/websjop.afuk.frl\/nl\/winkel\/hewwy-dat\/\" \/>\n<meta property=\"og:site_name\" content=\"Af\u00fbk Websjop\" \/>\n<meta property=\"article:modified_time\" content=\"2021-11-05T11:26:44+00:00\" \/>\n<meta property=\"og:image\" content=\"https:\/\/websjop.afuk.frl\/wp-content\/uploads\/2021\/11\/Hewwy-dat505.jpg\" \/>\n\t<meta property=\"og:image:width\" content=\"440\" \/>\n\t<meta property=\"og:image:height\" content=\"657\" \/>\n\t<meta property=\"og:image:type\" content=\"image\/jpeg\" \/>\n<meta name=\"twitter:card\" content=\"summary_large_image\" \/>\n<script type=\"application\/ld+json\" class=\"yoast-schema-graph\">{\"@context\":\"https:\\\/\\\/schema.org\",\"@graph\":[{\"@type\":\"WebPage\",\"@id\":\"https:\\\/\\\/websjop.afuk.frl\\\/nl\\\/winkel\\\/hewwy-dat\\\/\",\"url\":\"https:\\\/\\\/websjop.afuk.frl\\\/nl\\\/winkel\\\/hewwy-dat\\\/\",\"name\":\"Hewwy d\u00e1t &#8211; Af\u00fbk Websjop\",\"isPartOf\":{\"@id\":\"https:\\\/\\\/websjop.afuk.frl\\\/nl\\\/#website\"},\"primaryImageOfPage\":{\"@id\":\"https:\\\/\\\/websjop.afuk.frl\\\/nl\\\/winkel\\\/hewwy-dat\\\/#primaryimage\"},\"image\":{\"@id\":\"https:\\\/\\\/websjop.afuk.frl\\\/nl\\\/winkel\\\/hewwy-dat\\\/#primaryimage\"},\"thumbnailUrl\":\"https:\\\/\\\/websjop.afuk.frl\\\/wp-content\\\/uploads\\\/2021\\\/11\\\/Hewwy-dat505.jpg\",\"datePublished\":\"2021-11-05T11:26:43+00:00\",\"dateModified\":\"2021-11-05T11:26:44+00:00\",\"description\":\"De bundel Hewwy d\u00e1t bevat po\u00ebzie van Tsjisse Hettema in het Fries en Stellingwerfs, gekoppeld aan beeld in vilt van Aafje Bouwer.\",\"breadcrumb\":{\"@id\":\"https:\\\/\\\/websjop.afuk.frl\\\/nl\\\/winkel\\\/hewwy-dat\\\/#breadcrumb\"},\"inLanguage\":\"nl-NL\",\"potentialAction\":[{\"@type\":\"ReadAction\",\"target\":[\"https:\\\/\\\/websjop.afuk.frl\\\/nl\\\/winkel\\\/hewwy-dat\\\/\"]}]},{\"@type\":\"ImageObject\",\"inLanguage\":\"nl-NL\",\"@id\":\"https:\\\/\\\/websjop.afuk.frl\\\/nl\\\/winkel\\\/hewwy-dat\\\/#primaryimage\",\"url\":\"https:\\\/\\\/websjop.afuk.frl\\\/wp-content\\\/uploads\\\/2021\\\/11\\\/Hewwy-dat505.jpg\",\"contentUrl\":\"https:\\\/\\\/websjop.afuk.frl\\\/wp-content\\\/uploads\\\/2021\\\/11\\\/Hewwy-dat505.jpg\",\"width\":440,\"height\":657,\"caption\":\"Hewwy d\u00e1t\"},{\"@type\":\"BreadcrumbList\",\"@id\":\"https:\\\/\\\/websjop.afuk.frl\\\/nl\\\/winkel\\\/hewwy-dat\\\/#breadcrumb\",\"itemListElement\":[{\"@type\":\"ListItem\",\"position\":1,\"name\":\"Home\",\"item\":\"https:\\\/\\\/websjop.afuk.frl\\\/nl\\\/\"},{\"@type\":\"ListItem\",\"position\":2,\"name\":\"Winkel\",\"item\":\"https:\\\/\\\/websjop.afuk.frl\\\/nl\\\/winkel\\\/\"},{\"@type\":\"ListItem\",\"position\":3,\"name\":\"Hewwy d\u00e1t\"}]},{\"@type\":\"WebSite\",\"@id\":\"https:\\\/\\\/websjop.afuk.frl\\\/nl\\\/#website\",\"url\":\"https:\\\/\\\/websjop.afuk.frl\\\/nl\\\/\",\"name\":\"Af\u00fbk Websjop\",\"description\":\"\",\"potentialAction\":[{\"@type\":\"SearchAction\",\"target\":{\"@type\":\"EntryPoint\",\"urlTemplate\":\"https:\\\/\\\/websjop.afuk.frl\\\/nl\\\/?s={search_term_string}\"},\"query-input\":{\"@type\":\"PropertyValueSpecification\",\"valueRequired\":true,\"valueName\":\"search_term_string\"}}],\"inLanguage\":\"nl-NL\"}]}<\/script>\n<!-- \/ Yoast SEO plugin. -->","yoast_head_json":{"title":"Hewwy d\u00e1t &#8211; Af\u00fbk Websjop","description":"De bundel Hewwy d\u00e1t bevat po\u00ebzie van Tsjisse Hettema in het Fries en Stellingwerfs, gekoppeld aan beeld in vilt van Aafje Bouwer.","robots":{"index":"index","follow":"follow","max-snippet":"max-snippet:-1","max-image-preview":"max-image-preview:large","max-video-preview":"max-video-preview:-1"},"canonical":"https:\/\/websjop.afuk.frl\/nl\/winkel\/hewwy-dat\/","og_locale":"nl_NL","og_type":"article","og_title":"Hewwy d\u00e1t &#8211; Af\u00fbk Websjop","og_description":"De bundel Hewwy d\u00e1t bevat po\u00ebzie van Tsjisse Hettema in het Fries en Stellingwerfs, gekoppeld aan beeld in vilt van Aafje Bouwer.","og_url":"https:\/\/websjop.afuk.frl\/nl\/winkel\/hewwy-dat\/","og_site_name":"Af\u00fbk Websjop","article_modified_time":"2021-11-05T11:26:44+00:00","og_image":[{"width":440,"height":657,"url":"https:\/\/websjop.afuk.frl\/wp-content\/uploads\/2021\/11\/Hewwy-dat505.jpg","type":"image\/jpeg"}],"twitter_card":"summary_large_image","schema":{"@context":"https:\/\/schema.org","@graph":[{"@type":"WebPage","@id":"https:\/\/websjop.afuk.frl\/nl\/winkel\/hewwy-dat\/","url":"https:\/\/websjop.afuk.frl\/nl\/winkel\/hewwy-dat\/","name":"Hewwy d\u00e1t &#8211; Af\u00fbk Websjop","isPartOf":{"@id":"https:\/\/websjop.afuk.frl\/nl\/#website"},"primaryImageOfPage":{"@id":"https:\/\/websjop.afuk.frl\/nl\/winkel\/hewwy-dat\/#primaryimage"},"image":{"@id":"https:\/\/websjop.afuk.frl\/nl\/winkel\/hewwy-dat\/#primaryimage"},"thumbnailUrl":"https:\/\/websjop.afuk.frl\/wp-content\/uploads\/2021\/11\/Hewwy-dat505.jpg","datePublished":"2021-11-05T11:26:43+00:00","dateModified":"2021-11-05T11:26:44+00:00","description":"De bundel Hewwy d\u00e1t bevat po\u00ebzie van Tsjisse Hettema in het Fries en Stellingwerfs, gekoppeld aan beeld in vilt van Aafje Bouwer.","breadcrumb":{"@id":"https:\/\/websjop.afuk.frl\/nl\/winkel\/hewwy-dat\/#breadcrumb"},"inLanguage":"nl-NL","potentialAction":[{"@type":"ReadAction","target":["https:\/\/websjop.afuk.frl\/nl\/winkel\/hewwy-dat\/"]}]},{"@type":"ImageObject","inLanguage":"nl-NL","@id":"https:\/\/websjop.afuk.frl\/nl\/winkel\/hewwy-dat\/#primaryimage","url":"https:\/\/websjop.afuk.frl\/wp-content\/uploads\/2021\/11\/Hewwy-dat505.jpg","contentUrl":"https:\/\/websjop.afuk.frl\/wp-content\/uploads\/2021\/11\/Hewwy-dat505.jpg","width":440,"height":657,"caption":"Hewwy d\u00e1t"},{"@type":"BreadcrumbList","@id":"https:\/\/websjop.afuk.frl\/nl\/winkel\/hewwy-dat\/#breadcrumb","itemListElement":[{"@type":"ListItem","position":1,"name":"Home","item":"https:\/\/websjop.afuk.frl\/nl\/"},{"@type":"ListItem","position":2,"name":"Winkel","item":"https:\/\/websjop.afuk.frl\/nl\/winkel\/"},{"@type":"ListItem","position":3,"name":"Hewwy d\u00e1t"}]},{"@type":"WebSite","@id":"https:\/\/websjop.afuk.frl\/nl\/#website","url":"https:\/\/websjop.afuk.frl\/nl\/","name":"Af\u00fbk Websjop","description":"","potentialAction":[{"@type":"SearchAction","target":{"@type":"EntryPoint","urlTemplate":"https:\/\/websjop.afuk.frl\/nl\/?s={search_term_string}"},"query-input":{"@type":"PropertyValueSpecification","valueRequired":true,"valueName":"search_term_string"}}],"inLanguage":"nl-NL"}]}},"_links":{"self":[{"href":"https:\/\/websjop.afuk.frl\/nl\/wp-json\/wp\/v2\/product\/30095","targetHints":{"allow":["GET"]}}],"collection":[{"href":"https:\/\/websjop.afuk.frl\/nl\/wp-json\/wp\/v2\/product"}],"about":[{"href":"https:\/\/websjop.afuk.frl\/nl\/wp-json\/wp\/v2\/types\/product"}],"replies":[{"embeddable":true,"href":"https:\/\/websjop.afuk.frl\/nl\/wp-json\/wp\/v2\/comments?post=30095"}],"wp:featuredmedia":[{"embeddable":true,"href":"https:\/\/websjop.afuk.frl\/nl\/wp-json\/wp\/v2\/media\/30097"}],"wp:attachment":[{"href":"https:\/\/websjop.afuk.frl\/nl\/wp-json\/wp\/v2\/media?parent=30095"}],"wp:term":[{"taxonomy":"product_brand","embeddable":true,"href":"https:\/\/websjop.afuk.frl\/nl\/wp-json\/wp\/v2\/product_brand?post=30095"},{"taxonomy":"product_cat","embeddable":true,"href":"https:\/\/websjop.afuk.frl\/nl\/wp-json\/wp\/v2\/product_cat?post=30095"},{"taxonomy":"product_tag","embeddable":true,"href":"https:\/\/websjop.afuk.frl\/nl\/wp-json\/wp\/v2\/product_tag?post=30095"}],"curies":[{"name":"wp","href":"https:\/\/api.w.org\/{rel}","templated":true}]}}