{"id":30062,"date":"2021-11-04T13:37:42","date_gmt":"2021-11-04T12:37:42","guid":{"rendered":"https:\/\/websjop.afuk.frl\/nl\/?post_type=product&#038;p=30062"},"modified":"2021-11-04T13:39:28","modified_gmt":"2021-11-04T12:39:28","slug":"amerikaanse-boerderijen-in-fryslan","status":"publish","type":"product","link":"https:\/\/websjop.afuk.frl\/nl\/winkel\/amerikaanse-boerderijen-in-fryslan\/","title":{"rendered":"Amerikaanse boerderijen in Frysl\u00e2n"},"content":{"rendered":"<p>Inspiratiebronnen, bouwers en modellen.<\/p>\n<p>De meeste mensen denken bij Friese boerderijen aan de drie traditionele modellen: de kop-hals-romp-, de kop-romp- en de stelpboerderijen. Veel minder bekend zijn de nieuwe types boerderijen, zoals de Amerikaanse modellen, die in de eerste helft van de twintigste eeuw voor het eerst in Frysl\u00e2n verschijnen.<\/p>\n<p>De introductie van het Amerikaanse boerderijmodel past goed bij het vooruitstrevende karakter van boeren en landeigenaren die op zoek waren naar modernisering van hun agrarische bedrijven. Door de import van Amerikaanse bouwtechnieken en dito materialen via de Amerikaanse producent Louden worden de Amerikaanse modellen een groot succes.<\/p>\n<p>In <em>Amerikaanse boerderijen in Frysl\u00e2n <\/em>worden deze opmerkelijke boerderijen voor het eerst in boekvorm onder de aandacht gebracht.<\/p>\n<p>Hans de Haan en Jacob H.P. van der Vaart zijn verbonden aan de Boerderijenstichting Frysl\u00e2n en deden samen de afgelopen vijf jaar onderzoek naar de modernisering van de landbouw in Frysl\u00e2n in de eerste helft van de twintigste eeuw.<\/p>\n","protected":false},"excerpt":{"rendered":"<p>Inspiratiebronnen, bouwers en modellen. De meeste mensen denken bij Friese boerderijen aan de drie traditionele modellen: de kop-hals-romp-, de kop-romp- en de stelpboerderijen. Veel minder bekend zijn de nieuwe types boerderijen, zoals de Amerikaanse modellen, die in de eerste helft van de twintigste eeuw voor het eerst in Frysl\u00e2n verschijnen. De introductie van het Amerikaanse [&hellip;]<\/p>\n","protected":false},"featured_media":30063,"comment_status":"closed","ping_status":"closed","template":"","meta":{"_acf_changed":false},"product_brand":[],"product_cat":[1183,545,535,539],"product_tag":[19517,19520,19518,19519,5590,19521],"class_list":{"0":"post-30062","1":"product","2":"type-product","3":"status-publish","4":"has-post-thumbnail","6":"product_cat-14-de-kalkulearjende-boer","7":"product_cat-fotoboeken","8":"product_cat-fryske-boeken","9":"product_cat-skiednis","10":"product_tag-amerikaanse-boerderijen-in-fryslan","11":"product_tag-bouwtechniek","12":"product_tag-hans-de-haan","13":"product_tag-jacob-h-p-van-der-vaart","14":"product_tag-landbouw","15":"product_tag-modellen","16":"product_shipping_class-brievenbus-verzending","17":"pa_auteur-hans-de-haan-en-jacob-h-p-van-der-vaart","18":"pa_isbn-19516","19":"pa_new-label-1-3","20":"pa_taal-nederlands","21":"pa_uitgever-noordboek","23":"first","24":"instock","25":"taxable","26":"shipping-taxable","27":"purchasable","28":"product-type-simple"},"acf":[],"yoast_head":"<!-- This site is optimized with the Yoast SEO plugin v27.2 - https:\/\/yoast.com\/product\/yoast-seo-wordpress\/ -->\n<title>Amerikaanse boerderijen in Frysl\u00e2n &#8211; Af\u00fbk Websjop<\/title>\n<meta name=\"description\" content=\"In Amerikaanse boerderijen in Frysl\u00e2n worden de opmerkelijke Amerikaanse boerderijen voor het eerst in boekvorm onder de aandacht gebracht.\" \/>\n<meta name=\"robots\" content=\"index, follow, max-snippet:-1, max-image-preview:large, max-video-preview:-1\" \/>\n<link rel=\"canonical\" href=\"https:\/\/websjop.afuk.frl\/nl\/winkel\/amerikaanse-boerderijen-in-fryslan\/\" \/>\n<meta property=\"og:locale\" content=\"nl_NL\" \/>\n<meta property=\"og:type\" content=\"article\" \/>\n<meta property=\"og:title\" content=\"Amerikaanse boerderijen in Frysl\u00e2n &#8211; Af\u00fbk Websjop\" \/>\n<meta property=\"og:description\" content=\"In Amerikaanse boerderijen in Frysl\u00e2n worden de opmerkelijke Amerikaanse boerderijen voor het eerst in boekvorm onder de aandacht gebracht.\" \/>\n<meta property=\"og:url\" content=\"https:\/\/websjop.afuk.frl\/nl\/winkel\/amerikaanse-boerderijen-in-fryslan\/\" \/>\n<meta property=\"og:site_name\" content=\"Af\u00fbk Websjop\" \/>\n<meta property=\"article:modified_time\" content=\"2021-11-04T12:39:28+00:00\" \/>\n<meta property=\"og:image\" content=\"https:\/\/websjop.afuk.frl\/wp-content\/uploads\/2021\/11\/Amerikaanse-boerderijen499.jpg\" \/>\n\t<meta property=\"og:image:width\" content=\"581\" \/>\n\t<meta property=\"og:image:height\" content=\"760\" \/>\n\t<meta property=\"og:image:type\" content=\"image\/jpeg\" \/>\n<meta name=\"twitter:card\" content=\"summary_large_image\" \/>\n<meta name=\"twitter:label1\" content=\"Geschatte leestijd\" \/>\n\t<meta name=\"twitter:data1\" content=\"1 minuut\" \/>\n<script type=\"application\/ld+json\" class=\"yoast-schema-graph\">{\"@context\":\"https:\/\/schema.org\",\"@graph\":[{\"@type\":\"WebPage\",\"@id\":\"https:\/\/websjop.afuk.frl\/nl\/winkel\/amerikaanse-boerderijen-in-fryslan\/\",\"url\":\"https:\/\/websjop.afuk.frl\/nl\/winkel\/amerikaanse-boerderijen-in-fryslan\/\",\"name\":\"Amerikaanse boerderijen in Frysl\u00e2n &#8211; Af\u00fbk Websjop\",\"isPartOf\":{\"@id\":\"https:\/\/websjop.afuk.frl\/nl\/#website\"},\"primaryImageOfPage\":{\"@id\":\"https:\/\/websjop.afuk.frl\/nl\/winkel\/amerikaanse-boerderijen-in-fryslan\/#primaryimage\"},\"image\":{\"@id\":\"https:\/\/websjop.afuk.frl\/nl\/winkel\/amerikaanse-boerderijen-in-fryslan\/#primaryimage\"},\"thumbnailUrl\":\"https:\/\/websjop.afuk.frl\/wp-content\/uploads\/2021\/11\/Amerikaanse-boerderijen499.jpg\",\"datePublished\":\"2021-11-04T12:37:42+00:00\",\"dateModified\":\"2021-11-04T12:39:28+00:00\",\"description\":\"In Amerikaanse boerderijen in Frysl\u00e2n worden de opmerkelijke Amerikaanse boerderijen voor het eerst in boekvorm onder de aandacht gebracht.\",\"breadcrumb\":{\"@id\":\"https:\/\/websjop.afuk.frl\/nl\/winkel\/amerikaanse-boerderijen-in-fryslan\/#breadcrumb\"},\"inLanguage\":\"nl-NL\",\"potentialAction\":[{\"@type\":\"ReadAction\",\"target\":[\"https:\/\/websjop.afuk.frl\/nl\/winkel\/amerikaanse-boerderijen-in-fryslan\/\"]}]},{\"@type\":\"ImageObject\",\"inLanguage\":\"nl-NL\",\"@id\":\"https:\/\/websjop.afuk.frl\/nl\/winkel\/amerikaanse-boerderijen-in-fryslan\/#primaryimage\",\"url\":\"https:\/\/websjop.afuk.frl\/wp-content\/uploads\/2021\/11\/Amerikaanse-boerderijen499.jpg\",\"contentUrl\":\"https:\/\/websjop.afuk.frl\/wp-content\/uploads\/2021\/11\/Amerikaanse-boerderijen499.jpg\",\"width\":581,\"height\":760,\"caption\":\"Amerikaanse boerderijen\"},{\"@type\":\"BreadcrumbList\",\"@id\":\"https:\/\/websjop.afuk.frl\/nl\/winkel\/amerikaanse-boerderijen-in-fryslan\/#breadcrumb\",\"itemListElement\":[{\"@type\":\"ListItem\",\"position\":1,\"name\":\"Home\",\"item\":\"https:\/\/websjop.afuk.frl\/nl\/\"},{\"@type\":\"ListItem\",\"position\":2,\"name\":\"Winkel\",\"item\":\"https:\/\/websjop.afuk.frl\/nl\/winkel\/\"},{\"@type\":\"ListItem\",\"position\":3,\"name\":\"Amerikaanse boerderijen in Frysl\u00e2n\"}]},{\"@type\":\"WebSite\",\"@id\":\"https:\/\/websjop.afuk.frl\/nl\/#website\",\"url\":\"https:\/\/websjop.afuk.frl\/nl\/\",\"name\":\"Af\u00fbk Websjop\",\"description\":\"\",\"potentialAction\":[{\"@type\":\"SearchAction\",\"target\":{\"@type\":\"EntryPoint\",\"urlTemplate\":\"https:\/\/websjop.afuk.frl\/nl\/?s={search_term_string}\"},\"query-input\":{\"@type\":\"PropertyValueSpecification\",\"valueRequired\":true,\"valueName\":\"search_term_string\"}}],\"inLanguage\":\"nl-NL\"}]}<\/script>\n<!-- \/ Yoast SEO plugin. -->","yoast_head_json":{"title":"Amerikaanse boerderijen in Frysl\u00e2n &#8211; Af\u00fbk Websjop","description":"In Amerikaanse boerderijen in Frysl\u00e2n worden de opmerkelijke Amerikaanse boerderijen voor het eerst in boekvorm onder de aandacht gebracht.","robots":{"index":"index","follow":"follow","max-snippet":"max-snippet:-1","max-image-preview":"max-image-preview:large","max-video-preview":"max-video-preview:-1"},"canonical":"https:\/\/websjop.afuk.frl\/nl\/winkel\/amerikaanse-boerderijen-in-fryslan\/","og_locale":"nl_NL","og_type":"article","og_title":"Amerikaanse boerderijen in Frysl\u00e2n &#8211; Af\u00fbk Websjop","og_description":"In Amerikaanse boerderijen in Frysl\u00e2n worden de opmerkelijke Amerikaanse boerderijen voor het eerst in boekvorm onder de aandacht gebracht.","og_url":"https:\/\/websjop.afuk.frl\/nl\/winkel\/amerikaanse-boerderijen-in-fryslan\/","og_site_name":"Af\u00fbk Websjop","article_modified_time":"2021-11-04T12:39:28+00:00","og_image":[{"width":581,"height":760,"url":"https:\/\/websjop.afuk.frl\/wp-content\/uploads\/2021\/11\/Amerikaanse-boerderijen499.jpg","type":"image\/jpeg"}],"twitter_card":"summary_large_image","twitter_misc":{"Geschatte leestijd":"1 minuut"},"schema":{"@context":"https:\/\/schema.org","@graph":[{"@type":"WebPage","@id":"https:\/\/websjop.afuk.frl\/nl\/winkel\/amerikaanse-boerderijen-in-fryslan\/","url":"https:\/\/websjop.afuk.frl\/nl\/winkel\/amerikaanse-boerderijen-in-fryslan\/","name":"Amerikaanse boerderijen in Frysl\u00e2n &#8211; Af\u00fbk Websjop","isPartOf":{"@id":"https:\/\/websjop.afuk.frl\/nl\/#website"},"primaryImageOfPage":{"@id":"https:\/\/websjop.afuk.frl\/nl\/winkel\/amerikaanse-boerderijen-in-fryslan\/#primaryimage"},"image":{"@id":"https:\/\/websjop.afuk.frl\/nl\/winkel\/amerikaanse-boerderijen-in-fryslan\/#primaryimage"},"thumbnailUrl":"https:\/\/websjop.afuk.frl\/wp-content\/uploads\/2021\/11\/Amerikaanse-boerderijen499.jpg","datePublished":"2021-11-04T12:37:42+00:00","dateModified":"2021-11-04T12:39:28+00:00","description":"In Amerikaanse boerderijen in Frysl\u00e2n worden de opmerkelijke Amerikaanse boerderijen voor het eerst in boekvorm onder de aandacht gebracht.","breadcrumb":{"@id":"https:\/\/websjop.afuk.frl\/nl\/winkel\/amerikaanse-boerderijen-in-fryslan\/#breadcrumb"},"inLanguage":"nl-NL","potentialAction":[{"@type":"ReadAction","target":["https:\/\/websjop.afuk.frl\/nl\/winkel\/amerikaanse-boerderijen-in-fryslan\/"]}]},{"@type":"ImageObject","inLanguage":"nl-NL","@id":"https:\/\/websjop.afuk.frl\/nl\/winkel\/amerikaanse-boerderijen-in-fryslan\/#primaryimage","url":"https:\/\/websjop.afuk.frl\/wp-content\/uploads\/2021\/11\/Amerikaanse-boerderijen499.jpg","contentUrl":"https:\/\/websjop.afuk.frl\/wp-content\/uploads\/2021\/11\/Amerikaanse-boerderijen499.jpg","width":581,"height":760,"caption":"Amerikaanse boerderijen"},{"@type":"BreadcrumbList","@id":"https:\/\/websjop.afuk.frl\/nl\/winkel\/amerikaanse-boerderijen-in-fryslan\/#breadcrumb","itemListElement":[{"@type":"ListItem","position":1,"name":"Home","item":"https:\/\/websjop.afuk.frl\/nl\/"},{"@type":"ListItem","position":2,"name":"Winkel","item":"https:\/\/websjop.afuk.frl\/nl\/winkel\/"},{"@type":"ListItem","position":3,"name":"Amerikaanse boerderijen in Frysl\u00e2n"}]},{"@type":"WebSite","@id":"https:\/\/websjop.afuk.frl\/nl\/#website","url":"https:\/\/websjop.afuk.frl\/nl\/","name":"Af\u00fbk Websjop","description":"","potentialAction":[{"@type":"SearchAction","target":{"@type":"EntryPoint","urlTemplate":"https:\/\/websjop.afuk.frl\/nl\/?s={search_term_string}"},"query-input":{"@type":"PropertyValueSpecification","valueRequired":true,"valueName":"search_term_string"}}],"inLanguage":"nl-NL"}]}},"_links":{"self":[{"href":"https:\/\/websjop.afuk.frl\/nl\/wp-json\/wp\/v2\/product\/30062","targetHints":{"allow":["GET"]}}],"collection":[{"href":"https:\/\/websjop.afuk.frl\/nl\/wp-json\/wp\/v2\/product"}],"about":[{"href":"https:\/\/websjop.afuk.frl\/nl\/wp-json\/wp\/v2\/types\/product"}],"replies":[{"embeddable":true,"href":"https:\/\/websjop.afuk.frl\/nl\/wp-json\/wp\/v2\/comments?post=30062"}],"wp:featuredmedia":[{"embeddable":true,"href":"https:\/\/websjop.afuk.frl\/nl\/wp-json\/wp\/v2\/media\/30063"}],"wp:attachment":[{"href":"https:\/\/websjop.afuk.frl\/nl\/wp-json\/wp\/v2\/media?parent=30062"}],"wp:term":[{"taxonomy":"product_brand","embeddable":true,"href":"https:\/\/websjop.afuk.frl\/nl\/wp-json\/wp\/v2\/product_brand?post=30062"},{"taxonomy":"product_cat","embeddable":true,"href":"https:\/\/websjop.afuk.frl\/nl\/wp-json\/wp\/v2\/product_cat?post=30062"},{"taxonomy":"product_tag","embeddable":true,"href":"https:\/\/websjop.afuk.frl\/nl\/wp-json\/wp\/v2\/product_tag?post=30062"}],"curies":[{"name":"wp","href":"https:\/\/api.w.org\/{rel}","templated":true}]}}