{"id":30053,"date":"2021-11-04T09:39:19","date_gmt":"2021-11-04T08:39:19","guid":{"rendered":"https:\/\/websjop.afuk.frl\/nl\/?post_type=product&#038;p=30053"},"modified":"2024-12-05T15:45:20","modified_gmt":"2024-12-05T14:45:20","slug":"reizger-yn-fryslan-cd","status":"publish","type":"product","link":"https:\/\/websjop.afuk.frl\/nl\/winkel\/reizger-yn-fryslan-cd\/","title":{"rendered":"Reizger yn Frysl\u00e2n &#8211; cd"},"content":{"rendered":"<p>Friese artiesten zingen 14 liedjes van Boudewijn de Groot in het Fries, waaronder 2 duetten met Boudewijn.\u00a0 Deze cd is de opvolger van\u00a0<em>Boudewijn de Groot yn it Frysk.<\/em><\/p>\n<p>Bestel ook: <a href=\"https:\/\/websjop.afuk.frl\/frl\/winkel\/boudewijn-de-groot-yn-it-frysk\/\">https:\/\/websjop.afuk.frl\/frl\/winkel\/boudewijn-de-groot-yn-it-frysk\/<\/a><\/p>\n<p>1. Theun Plantinga \u2013 De reizger<br \/>\n2. Senna Black \u2013 Jimmy<br \/>\n3. Berend Riemersma en Lotte Broersma \u2013 \u00dbnderweis<br \/>\n4. Grytz \u2013 Asto net fan my h\u00e2ldst<br \/>\n5. Syb van der Ploeg &amp; Grytz \u2013 Skipper Prikkepoat<br \/>\n6. Theun Plantinga en Lotte Broersma \u2013 Apokalyps<br \/>\n7. Jelle B \u2013 \u00das beppe sit op twitter<br \/>\n8. Grytz (begeleid door Boudewijn op gitaar) \u2013 Moaie Flarde<br \/>\n9. Syb van der Ploeg \u2013 De himeldoar<br \/>\n10. Jelle B \u2013 Suster Ursula (it ferfolch)<br \/>\n11. Reinout Weima \u2013 Eva<br \/>\n12. Syb van der Ploeg &amp; Lotte Broersma \u2013 Pastorale<br \/>\n13. Boudewijn de Groot &amp; Grytz \u2013 Ik beloof<br \/>\n14. Boudewijn de Groot en De Kast \u2013 De Lifter<\/p>\n","protected":false},"excerpt":{"rendered":"<p>Friese artiesten zingen 14 liedjes van Boudewijn de Groot in het Fries, waaronder 2 duetten met Boudewijn.\u00a0 Deze cd is de opvolger van\u00a0Boudewijn de Groot yn it Frysk. Bestel ook: https:\/\/websjop.afuk.frl\/frl\/winkel\/boudewijn-de-groot-yn-it-frysk\/ 1. Theun Plantinga \u2013 De reizger 2. Senna Black \u2013 Jimmy 3. Berend Riemersma en Lotte Broersma \u2013 \u00dbnderweis 4. Grytz \u2013 Asto net [&hellip;]<\/p>\n","protected":false},"featured_media":30054,"comment_status":"closed","ping_status":"closed","template":"","meta":{"_acf_changed":false},"product_brand":[],"product_cat":[561,544,7977,563,546],"product_tag":[6669,5637,19506,7227,5959,19505],"class_list":{"0":"post-30053","1":"product","2":"type-product","3":"status-publish","4":"has-post-thumbnail","6":"product_cat-cd-s-en-dvd-s","7":"product_cat-keunst-en-kultuer","8":"product_cat-krystkados","9":"product_cat-muzyk-2","10":"product_cat-muzyk","11":"product_tag-boudewijn-de-groot","12":"product_tag-cd","13":"product_tag-fryske-artysten","14":"product_tag-muziek","15":"product_tag-muzyk","16":"product_tag-reiziger-yn-fryslan","17":"product_shipping_class-brievenbus-verzending","18":"pa_auteur-boudewijn-de-groot","19":"pa_new-label-1-3","20":"pa_taal-frysk-nederlansk","21":"pa_uitgever-key-productions","23":"first","24":"instock","25":"taxable","26":"shipping-taxable","27":"purchasable","28":"product-type-simple"},"acf":[],"yoast_head":"<!-- This site is optimized with the Yoast SEO plugin v27.3 - https:\/\/yoast.com\/product\/yoast-seo-wordpress\/ -->\n<title>Reizger yn Frysl\u00e2n - cd &#8211; Af\u00fbk Websjop<\/title>\n<meta name=\"description\" content=\"Op de cd Reizger yn Frysl\u00e2n zingen Friese artiesten 14 liedjes van Boudewijn de Groot in het Fries, waaronder 2 duetten met Boudewijn.\u00a0\" \/>\n<meta name=\"robots\" content=\"index, follow, max-snippet:-1, max-image-preview:large, max-video-preview:-1\" \/>\n<link rel=\"canonical\" href=\"https:\/\/websjop.afuk.frl\/nl\/winkel\/reizger-yn-fryslan-cd\/\" \/>\n<meta property=\"og:locale\" content=\"nl_NL\" \/>\n<meta property=\"og:type\" content=\"article\" \/>\n<meta property=\"og:title\" content=\"Reizger yn Frysl\u00e2n - cd &#8211; Af\u00fbk Websjop\" \/>\n<meta property=\"og:description\" content=\"Op de cd Reizger yn Frysl\u00e2n zingen Friese artiesten 14 liedjes van Boudewijn de Groot in het Fries, waaronder 2 duetten met Boudewijn.\u00a0\" \/>\n<meta property=\"og:url\" content=\"https:\/\/websjop.afuk.frl\/nl\/winkel\/reizger-yn-fryslan-cd\/\" \/>\n<meta property=\"og:site_name\" content=\"Af\u00fbk Websjop\" \/>\n<meta property=\"article:modified_time\" content=\"2024-12-05T14:45:20+00:00\" \/>\n<meta property=\"og:image\" content=\"https:\/\/websjop.afuk.frl\/wp-content\/uploads\/2021\/11\/Reiziger-yn-Fryslan.png\" \/>\n\t<meta property=\"og:image:width\" content=\"1000\" \/>\n\t<meta property=\"og:image:height\" content=\"1000\" \/>\n\t<meta property=\"og:image:type\" content=\"image\/png\" \/>\n<meta name=\"twitter:card\" content=\"summary_large_image\" \/>\n<meta name=\"twitter:label1\" content=\"Geschatte leestijd\" \/>\n\t<meta name=\"twitter:data1\" content=\"1 minuut\" \/>\n<script type=\"application\/ld+json\" class=\"yoast-schema-graph\">{\"@context\":\"https:\\\/\\\/schema.org\",\"@graph\":[{\"@type\":\"WebPage\",\"@id\":\"https:\\\/\\\/websjop.afuk.frl\\\/nl\\\/winkel\\\/reizger-yn-fryslan-cd\\\/\",\"url\":\"https:\\\/\\\/websjop.afuk.frl\\\/nl\\\/winkel\\\/reizger-yn-fryslan-cd\\\/\",\"name\":\"Reizger yn Frysl\u00e2n - cd &#8211; Af\u00fbk Websjop\",\"isPartOf\":{\"@id\":\"https:\\\/\\\/websjop.afuk.frl\\\/nl\\\/#website\"},\"primaryImageOfPage\":{\"@id\":\"https:\\\/\\\/websjop.afuk.frl\\\/nl\\\/winkel\\\/reizger-yn-fryslan-cd\\\/#primaryimage\"},\"image\":{\"@id\":\"https:\\\/\\\/websjop.afuk.frl\\\/nl\\\/winkel\\\/reizger-yn-fryslan-cd\\\/#primaryimage\"},\"thumbnailUrl\":\"https:\\\/\\\/websjop.afuk.frl\\\/wp-content\\\/uploads\\\/2021\\\/11\\\/Reiziger-yn-Fryslan.png\",\"datePublished\":\"2021-11-04T08:39:19+00:00\",\"dateModified\":\"2024-12-05T14:45:20+00:00\",\"description\":\"Op de cd Reizger yn Frysl\u00e2n zingen Friese artiesten 14 liedjes van Boudewijn de Groot in het Fries, waaronder 2 duetten met Boudewijn.\u00a0\",\"breadcrumb\":{\"@id\":\"https:\\\/\\\/websjop.afuk.frl\\\/nl\\\/winkel\\\/reizger-yn-fryslan-cd\\\/#breadcrumb\"},\"inLanguage\":\"nl-NL\",\"potentialAction\":[{\"@type\":\"ReadAction\",\"target\":[\"https:\\\/\\\/websjop.afuk.frl\\\/nl\\\/winkel\\\/reizger-yn-fryslan-cd\\\/\"]}]},{\"@type\":\"ImageObject\",\"inLanguage\":\"nl-NL\",\"@id\":\"https:\\\/\\\/websjop.afuk.frl\\\/nl\\\/winkel\\\/reizger-yn-fryslan-cd\\\/#primaryimage\",\"url\":\"https:\\\/\\\/websjop.afuk.frl\\\/wp-content\\\/uploads\\\/2021\\\/11\\\/Reiziger-yn-Fryslan.png\",\"contentUrl\":\"https:\\\/\\\/websjop.afuk.frl\\\/wp-content\\\/uploads\\\/2021\\\/11\\\/Reiziger-yn-Fryslan.png\",\"width\":1000,\"height\":1000,\"caption\":\"Reiziger yn Frysl\u00e2n\"},{\"@type\":\"BreadcrumbList\",\"@id\":\"https:\\\/\\\/websjop.afuk.frl\\\/nl\\\/winkel\\\/reizger-yn-fryslan-cd\\\/#breadcrumb\",\"itemListElement\":[{\"@type\":\"ListItem\",\"position\":1,\"name\":\"Home\",\"item\":\"https:\\\/\\\/websjop.afuk.frl\\\/nl\\\/\"},{\"@type\":\"ListItem\",\"position\":2,\"name\":\"Winkel\",\"item\":\"https:\\\/\\\/websjop.afuk.frl\\\/nl\\\/winkel\\\/\"},{\"@type\":\"ListItem\",\"position\":3,\"name\":\"Reizger yn Frysl\u00e2n &#8211; cd\"}]},{\"@type\":\"WebSite\",\"@id\":\"https:\\\/\\\/websjop.afuk.frl\\\/nl\\\/#website\",\"url\":\"https:\\\/\\\/websjop.afuk.frl\\\/nl\\\/\",\"name\":\"Af\u00fbk Websjop\",\"description\":\"\",\"potentialAction\":[{\"@type\":\"SearchAction\",\"target\":{\"@type\":\"EntryPoint\",\"urlTemplate\":\"https:\\\/\\\/websjop.afuk.frl\\\/nl\\\/?s={search_term_string}\"},\"query-input\":{\"@type\":\"PropertyValueSpecification\",\"valueRequired\":true,\"valueName\":\"search_term_string\"}}],\"inLanguage\":\"nl-NL\"}]}<\/script>\n<!-- \/ Yoast SEO plugin. -->","yoast_head_json":{"title":"Reizger yn Frysl\u00e2n - cd &#8211; Af\u00fbk Websjop","description":"Op de cd Reizger yn Frysl\u00e2n zingen Friese artiesten 14 liedjes van Boudewijn de Groot in het Fries, waaronder 2 duetten met Boudewijn.\u00a0","robots":{"index":"index","follow":"follow","max-snippet":"max-snippet:-1","max-image-preview":"max-image-preview:large","max-video-preview":"max-video-preview:-1"},"canonical":"https:\/\/websjop.afuk.frl\/nl\/winkel\/reizger-yn-fryslan-cd\/","og_locale":"nl_NL","og_type":"article","og_title":"Reizger yn Frysl\u00e2n - cd &#8211; Af\u00fbk Websjop","og_description":"Op de cd Reizger yn Frysl\u00e2n zingen Friese artiesten 14 liedjes van Boudewijn de Groot in het Fries, waaronder 2 duetten met Boudewijn.\u00a0","og_url":"https:\/\/websjop.afuk.frl\/nl\/winkel\/reizger-yn-fryslan-cd\/","og_site_name":"Af\u00fbk Websjop","article_modified_time":"2024-12-05T14:45:20+00:00","og_image":[{"width":1000,"height":1000,"url":"https:\/\/websjop.afuk.frl\/wp-content\/uploads\/2021\/11\/Reiziger-yn-Fryslan.png","type":"image\/png"}],"twitter_card":"summary_large_image","twitter_misc":{"Geschatte leestijd":"1 minuut"},"schema":{"@context":"https:\/\/schema.org","@graph":[{"@type":"WebPage","@id":"https:\/\/websjop.afuk.frl\/nl\/winkel\/reizger-yn-fryslan-cd\/","url":"https:\/\/websjop.afuk.frl\/nl\/winkel\/reizger-yn-fryslan-cd\/","name":"Reizger yn Frysl\u00e2n - cd &#8211; Af\u00fbk Websjop","isPartOf":{"@id":"https:\/\/websjop.afuk.frl\/nl\/#website"},"primaryImageOfPage":{"@id":"https:\/\/websjop.afuk.frl\/nl\/winkel\/reizger-yn-fryslan-cd\/#primaryimage"},"image":{"@id":"https:\/\/websjop.afuk.frl\/nl\/winkel\/reizger-yn-fryslan-cd\/#primaryimage"},"thumbnailUrl":"https:\/\/websjop.afuk.frl\/wp-content\/uploads\/2021\/11\/Reiziger-yn-Fryslan.png","datePublished":"2021-11-04T08:39:19+00:00","dateModified":"2024-12-05T14:45:20+00:00","description":"Op de cd Reizger yn Frysl\u00e2n zingen Friese artiesten 14 liedjes van Boudewijn de Groot in het Fries, waaronder 2 duetten met Boudewijn.\u00a0","breadcrumb":{"@id":"https:\/\/websjop.afuk.frl\/nl\/winkel\/reizger-yn-fryslan-cd\/#breadcrumb"},"inLanguage":"nl-NL","potentialAction":[{"@type":"ReadAction","target":["https:\/\/websjop.afuk.frl\/nl\/winkel\/reizger-yn-fryslan-cd\/"]}]},{"@type":"ImageObject","inLanguage":"nl-NL","@id":"https:\/\/websjop.afuk.frl\/nl\/winkel\/reizger-yn-fryslan-cd\/#primaryimage","url":"https:\/\/websjop.afuk.frl\/wp-content\/uploads\/2021\/11\/Reiziger-yn-Fryslan.png","contentUrl":"https:\/\/websjop.afuk.frl\/wp-content\/uploads\/2021\/11\/Reiziger-yn-Fryslan.png","width":1000,"height":1000,"caption":"Reiziger yn Frysl\u00e2n"},{"@type":"BreadcrumbList","@id":"https:\/\/websjop.afuk.frl\/nl\/winkel\/reizger-yn-fryslan-cd\/#breadcrumb","itemListElement":[{"@type":"ListItem","position":1,"name":"Home","item":"https:\/\/websjop.afuk.frl\/nl\/"},{"@type":"ListItem","position":2,"name":"Winkel","item":"https:\/\/websjop.afuk.frl\/nl\/winkel\/"},{"@type":"ListItem","position":3,"name":"Reizger yn Frysl\u00e2n &#8211; cd"}]},{"@type":"WebSite","@id":"https:\/\/websjop.afuk.frl\/nl\/#website","url":"https:\/\/websjop.afuk.frl\/nl\/","name":"Af\u00fbk Websjop","description":"","potentialAction":[{"@type":"SearchAction","target":{"@type":"EntryPoint","urlTemplate":"https:\/\/websjop.afuk.frl\/nl\/?s={search_term_string}"},"query-input":{"@type":"PropertyValueSpecification","valueRequired":true,"valueName":"search_term_string"}}],"inLanguage":"nl-NL"}]}},"_links":{"self":[{"href":"https:\/\/websjop.afuk.frl\/nl\/wp-json\/wp\/v2\/product\/30053","targetHints":{"allow":["GET"]}}],"collection":[{"href":"https:\/\/websjop.afuk.frl\/nl\/wp-json\/wp\/v2\/product"}],"about":[{"href":"https:\/\/websjop.afuk.frl\/nl\/wp-json\/wp\/v2\/types\/product"}],"replies":[{"embeddable":true,"href":"https:\/\/websjop.afuk.frl\/nl\/wp-json\/wp\/v2\/comments?post=30053"}],"wp:featuredmedia":[{"embeddable":true,"href":"https:\/\/websjop.afuk.frl\/nl\/wp-json\/wp\/v2\/media\/30054"}],"wp:attachment":[{"href":"https:\/\/websjop.afuk.frl\/nl\/wp-json\/wp\/v2\/media?parent=30053"}],"wp:term":[{"taxonomy":"product_brand","embeddable":true,"href":"https:\/\/websjop.afuk.frl\/nl\/wp-json\/wp\/v2\/product_brand?post=30053"},{"taxonomy":"product_cat","embeddable":true,"href":"https:\/\/websjop.afuk.frl\/nl\/wp-json\/wp\/v2\/product_cat?post=30053"},{"taxonomy":"product_tag","embeddable":true,"href":"https:\/\/websjop.afuk.frl\/nl\/wp-json\/wp\/v2\/product_tag?post=30053"}],"curies":[{"name":"wp","href":"https:\/\/api.w.org\/{rel}","templated":true}]}}