{"id":29811,"date":"2021-10-18T11:17:03","date_gmt":"2021-10-18T10:17:03","guid":{"rendered":"https:\/\/websjop.afuk.frl\/nl\/?post_type=product&#038;p=29811"},"modified":"2021-10-18T11:17:04","modified_gmt":"2021-10-18T10:17:04","slug":"fugelhin-dat-mei-dochs-net","status":"publish","type":"product","link":"https:\/\/websjop.afuk.frl\/nl\/winkel\/fugelhin-dat-mei-dochs-net\/","title":{"rendered":"F\u00fbgelhin, dat mei dochs net!"},"content":{"rendered":"<p>F\u00fbgelhin is lief en slim en hij heeft hele mooie kleuren. F\u00fbgelhin is gelukkig. Hij houdt van spelen. Maar soms luistert F\u00fbgelhin niet naar zijn vader en moeder. F\u00fbgelhin doet dan ondeugende dingen die niet mogen. <em>F\u00fbgelhin, dat mei dochs net!<\/em><\/p>\n<p>Annemarie Oppedijk (1957, Appelscha) is de dochter van een Friese dominee en werkt als circusleraar bij een jeugdcircus. Ze geeft ook les in buikspreken en clownery en is een veelzijdig zangeres.<\/p>\n","protected":false},"excerpt":{"rendered":"<p>F\u00fbgelhin is lief en slim en hij heeft hele mooie kleuren. F\u00fbgelhin is gelukkig. Hij houdt van spelen. Maar soms luistert F\u00fbgelhin niet naar zijn vader en moeder. F\u00fbgelhin doet dan ondeugende dingen die niet mogen. F\u00fbgelhin, dat mei dochs net! Annemarie Oppedijk (1957, Appelscha) is de dochter van een Friese dominee en werkt als [&hellip;]<\/p>\n","protected":false},"featured_media":29812,"comment_status":"closed","ping_status":"closed","template":"","meta":{"_acf_changed":false},"product_brand":[],"product_cat":[1213,550,535],"product_tag":[19442,6503,19441,8253,5451,19443],"class_list":{"0":"post-29811","1":"product","2":"type-product","3":"status-publish","4":"has-post-thumbnail","6":"product_cat-berne-en-jeugdboeken","7":"product_cat-berneboeken-4-8","8":"product_cat-fryske-boeken","9":"product_tag-annemarie-oppedijk","10":"product_tag-boartsje","11":"product_tag-fugelhin-dat-mei-dochs-net","12":"product_tag-prentenboek","13":"product_tag-printeboek","14":"product_tag-undogens","15":"product_shipping_class-brievenbus-verzending","16":"pa_auteur-annemarie-oppedijk","17":"pa_isbn-19438","18":"pa_new-label-1-3","19":"pa_taal-frysk","20":"pa_uitgever-droomvallei-uitgeverij","22":"first","23":"instock","24":"taxable","25":"shipping-taxable","26":"purchasable","27":"product-type-simple"},"acf":[],"yoast_head":"<!-- This site is optimized with the Yoast SEO plugin v27.2 - https:\/\/yoast.com\/product\/yoast-seo-wordpress\/ -->\n<title>F\u00fbgelhin, dat mei dochs net! &#8211; Af\u00fbk Websjop<\/title>\n<meta name=\"description\" content=\"F\u00fbgelhin is lief en slim en hij heeft hele mooie kleuren. F\u00fbgelhin houdt van spelen, maar luistert niet altijd en doet dan ondeugende dingen die niet mogen.\" \/>\n<meta name=\"robots\" content=\"index, follow, max-snippet:-1, max-image-preview:large, max-video-preview:-1\" \/>\n<link rel=\"canonical\" href=\"https:\/\/websjop.afuk.frl\/nl\/winkel\/fugelhin-dat-mei-dochs-net\/\" \/>\n<meta property=\"og:locale\" content=\"nl_NL\" \/>\n<meta property=\"og:type\" content=\"article\" \/>\n<meta property=\"og:title\" content=\"F\u00fbgelhin, dat mei dochs net! &#8211; Af\u00fbk Websjop\" \/>\n<meta property=\"og:description\" content=\"F\u00fbgelhin is lief en slim en hij heeft hele mooie kleuren. F\u00fbgelhin houdt van spelen, maar luistert niet altijd en doet dan ondeugende dingen die niet mogen.\" \/>\n<meta property=\"og:url\" content=\"https:\/\/websjop.afuk.frl\/nl\/winkel\/fugelhin-dat-mei-dochs-net\/\" \/>\n<meta property=\"og:site_name\" content=\"Af\u00fbk Websjop\" \/>\n<meta property=\"article:modified_time\" content=\"2021-10-18T10:17:04+00:00\" \/>\n<meta property=\"og:image\" content=\"https:\/\/websjop.afuk.frl\/wp-content\/uploads\/2021\/10\/Fugelhin491.jpg\" \/>\n\t<meta property=\"og:image:width\" content=\"574\" \/>\n\t<meta property=\"og:image:height\" content=\"601\" \/>\n\t<meta property=\"og:image:type\" content=\"image\/jpeg\" \/>\n<meta name=\"twitter:card\" content=\"summary_large_image\" \/>\n<script type=\"application\/ld+json\" class=\"yoast-schema-graph\">{\"@context\":\"https:\/\/schema.org\",\"@graph\":[{\"@type\":\"WebPage\",\"@id\":\"https:\/\/websjop.afuk.frl\/nl\/winkel\/fugelhin-dat-mei-dochs-net\/\",\"url\":\"https:\/\/websjop.afuk.frl\/nl\/winkel\/fugelhin-dat-mei-dochs-net\/\",\"name\":\"F\u00fbgelhin, dat mei dochs net! &#8211; Af\u00fbk Websjop\",\"isPartOf\":{\"@id\":\"https:\/\/websjop.afuk.frl\/nl\/#website\"},\"primaryImageOfPage\":{\"@id\":\"https:\/\/websjop.afuk.frl\/nl\/winkel\/fugelhin-dat-mei-dochs-net\/#primaryimage\"},\"image\":{\"@id\":\"https:\/\/websjop.afuk.frl\/nl\/winkel\/fugelhin-dat-mei-dochs-net\/#primaryimage\"},\"thumbnailUrl\":\"https:\/\/websjop.afuk.frl\/wp-content\/uploads\/2021\/10\/Fugelhin491.jpg\",\"datePublished\":\"2021-10-18T10:17:03+00:00\",\"dateModified\":\"2021-10-18T10:17:04+00:00\",\"description\":\"F\u00fbgelhin is lief en slim en hij heeft hele mooie kleuren. F\u00fbgelhin houdt van spelen, maar luistert niet altijd en doet dan ondeugende dingen die niet mogen.\",\"breadcrumb\":{\"@id\":\"https:\/\/websjop.afuk.frl\/nl\/winkel\/fugelhin-dat-mei-dochs-net\/#breadcrumb\"},\"inLanguage\":\"nl-NL\",\"potentialAction\":[{\"@type\":\"ReadAction\",\"target\":[\"https:\/\/websjop.afuk.frl\/nl\/winkel\/fugelhin-dat-mei-dochs-net\/\"]}]},{\"@type\":\"ImageObject\",\"inLanguage\":\"nl-NL\",\"@id\":\"https:\/\/websjop.afuk.frl\/nl\/winkel\/fugelhin-dat-mei-dochs-net\/#primaryimage\",\"url\":\"https:\/\/websjop.afuk.frl\/wp-content\/uploads\/2021\/10\/Fugelhin491.jpg\",\"contentUrl\":\"https:\/\/websjop.afuk.frl\/wp-content\/uploads\/2021\/10\/Fugelhin491.jpg\",\"width\":574,\"height\":601,\"caption\":\"F\u00fbgelhin\"},{\"@type\":\"BreadcrumbList\",\"@id\":\"https:\/\/websjop.afuk.frl\/nl\/winkel\/fugelhin-dat-mei-dochs-net\/#breadcrumb\",\"itemListElement\":[{\"@type\":\"ListItem\",\"position\":1,\"name\":\"Home\",\"item\":\"https:\/\/websjop.afuk.frl\/nl\/\"},{\"@type\":\"ListItem\",\"position\":2,\"name\":\"Winkel\",\"item\":\"https:\/\/websjop.afuk.frl\/nl\/winkel\/\"},{\"@type\":\"ListItem\",\"position\":3,\"name\":\"F\u00fbgelhin, dat mei dochs net!\"}]},{\"@type\":\"WebSite\",\"@id\":\"https:\/\/websjop.afuk.frl\/nl\/#website\",\"url\":\"https:\/\/websjop.afuk.frl\/nl\/\",\"name\":\"Af\u00fbk Websjop\",\"description\":\"\",\"potentialAction\":[{\"@type\":\"SearchAction\",\"target\":{\"@type\":\"EntryPoint\",\"urlTemplate\":\"https:\/\/websjop.afuk.frl\/nl\/?s={search_term_string}\"},\"query-input\":{\"@type\":\"PropertyValueSpecification\",\"valueRequired\":true,\"valueName\":\"search_term_string\"}}],\"inLanguage\":\"nl-NL\"}]}<\/script>\n<!-- \/ Yoast SEO plugin. -->","yoast_head_json":{"title":"F\u00fbgelhin, dat mei dochs net! &#8211; Af\u00fbk Websjop","description":"F\u00fbgelhin is lief en slim en hij heeft hele mooie kleuren. F\u00fbgelhin houdt van spelen, maar luistert niet altijd en doet dan ondeugende dingen die niet mogen.","robots":{"index":"index","follow":"follow","max-snippet":"max-snippet:-1","max-image-preview":"max-image-preview:large","max-video-preview":"max-video-preview:-1"},"canonical":"https:\/\/websjop.afuk.frl\/nl\/winkel\/fugelhin-dat-mei-dochs-net\/","og_locale":"nl_NL","og_type":"article","og_title":"F\u00fbgelhin, dat mei dochs net! &#8211; Af\u00fbk Websjop","og_description":"F\u00fbgelhin is lief en slim en hij heeft hele mooie kleuren. F\u00fbgelhin houdt van spelen, maar luistert niet altijd en doet dan ondeugende dingen die niet mogen.","og_url":"https:\/\/websjop.afuk.frl\/nl\/winkel\/fugelhin-dat-mei-dochs-net\/","og_site_name":"Af\u00fbk Websjop","article_modified_time":"2021-10-18T10:17:04+00:00","og_image":[{"width":574,"height":601,"url":"https:\/\/websjop.afuk.frl\/wp-content\/uploads\/2021\/10\/Fugelhin491.jpg","type":"image\/jpeg"}],"twitter_card":"summary_large_image","schema":{"@context":"https:\/\/schema.org","@graph":[{"@type":"WebPage","@id":"https:\/\/websjop.afuk.frl\/nl\/winkel\/fugelhin-dat-mei-dochs-net\/","url":"https:\/\/websjop.afuk.frl\/nl\/winkel\/fugelhin-dat-mei-dochs-net\/","name":"F\u00fbgelhin, dat mei dochs net! &#8211; Af\u00fbk Websjop","isPartOf":{"@id":"https:\/\/websjop.afuk.frl\/nl\/#website"},"primaryImageOfPage":{"@id":"https:\/\/websjop.afuk.frl\/nl\/winkel\/fugelhin-dat-mei-dochs-net\/#primaryimage"},"image":{"@id":"https:\/\/websjop.afuk.frl\/nl\/winkel\/fugelhin-dat-mei-dochs-net\/#primaryimage"},"thumbnailUrl":"https:\/\/websjop.afuk.frl\/wp-content\/uploads\/2021\/10\/Fugelhin491.jpg","datePublished":"2021-10-18T10:17:03+00:00","dateModified":"2021-10-18T10:17:04+00:00","description":"F\u00fbgelhin is lief en slim en hij heeft hele mooie kleuren. F\u00fbgelhin houdt van spelen, maar luistert niet altijd en doet dan ondeugende dingen die niet mogen.","breadcrumb":{"@id":"https:\/\/websjop.afuk.frl\/nl\/winkel\/fugelhin-dat-mei-dochs-net\/#breadcrumb"},"inLanguage":"nl-NL","potentialAction":[{"@type":"ReadAction","target":["https:\/\/websjop.afuk.frl\/nl\/winkel\/fugelhin-dat-mei-dochs-net\/"]}]},{"@type":"ImageObject","inLanguage":"nl-NL","@id":"https:\/\/websjop.afuk.frl\/nl\/winkel\/fugelhin-dat-mei-dochs-net\/#primaryimage","url":"https:\/\/websjop.afuk.frl\/wp-content\/uploads\/2021\/10\/Fugelhin491.jpg","contentUrl":"https:\/\/websjop.afuk.frl\/wp-content\/uploads\/2021\/10\/Fugelhin491.jpg","width":574,"height":601,"caption":"F\u00fbgelhin"},{"@type":"BreadcrumbList","@id":"https:\/\/websjop.afuk.frl\/nl\/winkel\/fugelhin-dat-mei-dochs-net\/#breadcrumb","itemListElement":[{"@type":"ListItem","position":1,"name":"Home","item":"https:\/\/websjop.afuk.frl\/nl\/"},{"@type":"ListItem","position":2,"name":"Winkel","item":"https:\/\/websjop.afuk.frl\/nl\/winkel\/"},{"@type":"ListItem","position":3,"name":"F\u00fbgelhin, dat mei dochs net!"}]},{"@type":"WebSite","@id":"https:\/\/websjop.afuk.frl\/nl\/#website","url":"https:\/\/websjop.afuk.frl\/nl\/","name":"Af\u00fbk Websjop","description":"","potentialAction":[{"@type":"SearchAction","target":{"@type":"EntryPoint","urlTemplate":"https:\/\/websjop.afuk.frl\/nl\/?s={search_term_string}"},"query-input":{"@type":"PropertyValueSpecification","valueRequired":true,"valueName":"search_term_string"}}],"inLanguage":"nl-NL"}]}},"_links":{"self":[{"href":"https:\/\/websjop.afuk.frl\/nl\/wp-json\/wp\/v2\/product\/29811","targetHints":{"allow":["GET"]}}],"collection":[{"href":"https:\/\/websjop.afuk.frl\/nl\/wp-json\/wp\/v2\/product"}],"about":[{"href":"https:\/\/websjop.afuk.frl\/nl\/wp-json\/wp\/v2\/types\/product"}],"replies":[{"embeddable":true,"href":"https:\/\/websjop.afuk.frl\/nl\/wp-json\/wp\/v2\/comments?post=29811"}],"wp:featuredmedia":[{"embeddable":true,"href":"https:\/\/websjop.afuk.frl\/nl\/wp-json\/wp\/v2\/media\/29812"}],"wp:attachment":[{"href":"https:\/\/websjop.afuk.frl\/nl\/wp-json\/wp\/v2\/media?parent=29811"}],"wp:term":[{"taxonomy":"product_brand","embeddable":true,"href":"https:\/\/websjop.afuk.frl\/nl\/wp-json\/wp\/v2\/product_brand?post=29811"},{"taxonomy":"product_cat","embeddable":true,"href":"https:\/\/websjop.afuk.frl\/nl\/wp-json\/wp\/v2\/product_cat?post=29811"},{"taxonomy":"product_tag","embeddable":true,"href":"https:\/\/websjop.afuk.frl\/nl\/wp-json\/wp\/v2\/product_tag?post=29811"}],"curies":[{"name":"wp","href":"https:\/\/api.w.org\/{rel}","templated":true}]}}