{"id":29338,"date":"2012-09-16T12:25:04","date_gmt":"2012-09-16T11:25:04","guid":{"rendered":"https:\/\/websjop.afuk.frl\/nl\/?post_type=product&#038;p=29338"},"modified":"2021-09-16T12:25:22","modified_gmt":"2021-09-16T11:25:22","slug":"fryslan-als-open-gemeenschap-op-zoek-naar-een-ideaal","status":"publish","type":"product","link":"https:\/\/websjop.afuk.frl\/nl\/winkel\/fryslan-als-open-gemeenschap-op-zoek-naar-een-ideaal\/","title":{"rendered":"Frysl\u00e2n als (open) gemeenschap &#8211; op zoek naar een ideaal"},"content":{"rendered":"<p>Na de in 2009 uitgebrachte publicatie <em>Tiden hawwe tiden<\/em> over het Fries levend erfgoed, het in 2010 gepubliceerde <em>Het onvoltooide Friesland <\/em>met 103 portretten van Friezen die verschil probeerden te maken en het in 2016 verschenen moza\u00efek van de Friese geschiedenis <em>Mei waar en wyn,<\/em> bevat <em>Frysl\u00e2n als (open) gemeenschap<\/em> een beschrijving van de stand van zaken op eenentwintig maatschappelijke terreinen. In het vervolg worden hoofdlijnen getrokken, waarna een en ander ge\u00efnterpreteerd wordt.<\/p>\n<p>Dit boek eindigt met een uit het voorafgaande afgeleide &#8216;provinciaal opgavenprogramma&#8217;.<\/p>\n<p>Johannes Spyksma is na zijn opleiding als onderwijzer redacteur van de Fryske Utstjoering van de Regionale Omroep Noord en Oost. Nadien is hij toneeladviseur. Na zijn universitaire opleiding in de Sociale Wetenschappen is hij in Leeuwarden docent bij het Sociaal Hoger Onderwijs. Hij promoveert op het onderwerp <em>Politieke Be\u00efnvloeding. <\/em>Vanaf 1990 houdt hij zich in diverse studies bezig met het thema leefbaarheid. Van 1978-1992 is hij lid van Provinciale Staten. Hij maakt &#8216;De Weefmethode&#8217; waarmee bewoners hun leefomgeving kunnen versterken.<\/p>\n","protected":false},"excerpt":{"rendered":"<p>Na de in 2009 uitgebrachte publicatie Tiden hawwe tiden over het Fries levend erfgoed, het in 2010 gepubliceerde Het onvoltooide Friesland met 103 portretten van Friezen die verschil probeerden te maken en het in 2016 verschenen moza\u00efek van de Friese geschiedenis Mei waar en wyn, bevat Frysl\u00e2n als (open) gemeenschap een beschrijving van de stand [&hellip;]<\/p>\n","protected":false},"featured_media":29339,"comment_status":"closed","ping_status":"closed","template":"","meta":{"_acf_changed":false},"product_brand":[],"product_cat":[554,535],"product_tag":[19292,19293,19287,6625,19295,19294],"class_list":{"0":"post-29338","1":"product","2":"type-product","3":"status-publish","4":"has-post-thumbnail","6":"product_cat-ferskaat","7":"product_cat-fryske-boeken","8":"product_tag-fryslan-als-open-gemeenschap","9":"product_tag-idealen","10":"product_tag-johannes-spyksma","11":"product_tag-maatschappij","12":"product_tag-onderzoek","13":"product_tag-stifting-frija","14":"product_shipping_class-brievenbus-verzending","15":"pa_auteur-johannes-spyksma","16":"pa_taal-nederlands","17":"pa_uitgever-stifting-frija","19":"first","20":"instock","21":"taxable","22":"shipping-taxable","23":"purchasable","24":"product-type-simple"},"acf":[],"yoast_head":"<!-- This site is optimized with the Yoast SEO plugin v27.2 - https:\/\/yoast.com\/product\/yoast-seo-wordpress\/ -->\n<title>Frysl\u00e2n als (open) gemeenschap - op zoek naar een ideaal &#8211; Af\u00fbk Websjop<\/title>\n<meta name=\"description\" content=\"In Frysl\u00e2n als (open) gemeenschap bevat een beschrijving van de stand van zaken op eenentwintig maatschappelijke terreinen.\" \/>\n<meta name=\"robots\" content=\"index, follow, max-snippet:-1, max-image-preview:large, max-video-preview:-1\" \/>\n<link rel=\"canonical\" href=\"https:\/\/websjop.afuk.frl\/nl\/winkel\/fryslan-als-open-gemeenschap-op-zoek-naar-een-ideaal\/\" \/>\n<meta property=\"og:locale\" content=\"nl_NL\" \/>\n<meta property=\"og:type\" content=\"article\" \/>\n<meta property=\"og:title\" content=\"Frysl\u00e2n als (open) gemeenschap - op zoek naar een ideaal &#8211; Af\u00fbk Websjop\" \/>\n<meta property=\"og:description\" content=\"In Frysl\u00e2n als (open) gemeenschap bevat een beschrijving van de stand van zaken op eenentwintig maatschappelijke terreinen.\" \/>\n<meta property=\"og:url\" content=\"https:\/\/websjop.afuk.frl\/nl\/winkel\/fryslan-als-open-gemeenschap-op-zoek-naar-een-ideaal\/\" \/>\n<meta property=\"og:site_name\" content=\"Af\u00fbk Websjop\" \/>\n<meta property=\"article:modified_time\" content=\"2021-09-16T11:25:22+00:00\" \/>\n<meta property=\"og:image\" content=\"https:\/\/websjop.afuk.frl\/wp-content\/uploads\/2021\/09\/Fryslan-als-open-gemeenschap466.jpg\" \/>\n\t<meta property=\"og:image:width\" content=\"580\" \/>\n\t<meta property=\"og:image:height\" content=\"828\" \/>\n\t<meta property=\"og:image:type\" content=\"image\/jpeg\" \/>\n<meta name=\"twitter:card\" content=\"summary_large_image\" \/>\n<meta name=\"twitter:label1\" content=\"Geschatte leestijd\" \/>\n\t<meta name=\"twitter:data1\" content=\"1 minuut\" \/>\n<script type=\"application\/ld+json\" class=\"yoast-schema-graph\">{\"@context\":\"https:\/\/schema.org\",\"@graph\":[{\"@type\":\"WebPage\",\"@id\":\"https:\/\/websjop.afuk.frl\/nl\/winkel\/fryslan-als-open-gemeenschap-op-zoek-naar-een-ideaal\/\",\"url\":\"https:\/\/websjop.afuk.frl\/nl\/winkel\/fryslan-als-open-gemeenschap-op-zoek-naar-een-ideaal\/\",\"name\":\"Frysl\u00e2n als (open) gemeenschap - op zoek naar een ideaal &#8211; Af\u00fbk Websjop\",\"isPartOf\":{\"@id\":\"https:\/\/websjop.afuk.frl\/nl\/#website\"},\"primaryImageOfPage\":{\"@id\":\"https:\/\/websjop.afuk.frl\/nl\/winkel\/fryslan-als-open-gemeenschap-op-zoek-naar-een-ideaal\/#primaryimage\"},\"image\":{\"@id\":\"https:\/\/websjop.afuk.frl\/nl\/winkel\/fryslan-als-open-gemeenschap-op-zoek-naar-een-ideaal\/#primaryimage\"},\"thumbnailUrl\":\"https:\/\/websjop.afuk.frl\/wp-content\/uploads\/2021\/09\/Fryslan-als-open-gemeenschap466.jpg\",\"datePublished\":\"2012-09-16T11:25:04+00:00\",\"dateModified\":\"2021-09-16T11:25:22+00:00\",\"description\":\"In Frysl\u00e2n als (open) gemeenschap bevat een beschrijving van de stand van zaken op eenentwintig maatschappelijke terreinen.\",\"breadcrumb\":{\"@id\":\"https:\/\/websjop.afuk.frl\/nl\/winkel\/fryslan-als-open-gemeenschap-op-zoek-naar-een-ideaal\/#breadcrumb\"},\"inLanguage\":\"nl-NL\",\"potentialAction\":[{\"@type\":\"ReadAction\",\"target\":[\"https:\/\/websjop.afuk.frl\/nl\/winkel\/fryslan-als-open-gemeenschap-op-zoek-naar-een-ideaal\/\"]}]},{\"@type\":\"ImageObject\",\"inLanguage\":\"nl-NL\",\"@id\":\"https:\/\/websjop.afuk.frl\/nl\/winkel\/fryslan-als-open-gemeenschap-op-zoek-naar-een-ideaal\/#primaryimage\",\"url\":\"https:\/\/websjop.afuk.frl\/wp-content\/uploads\/2021\/09\/Fryslan-als-open-gemeenschap466.jpg\",\"contentUrl\":\"https:\/\/websjop.afuk.frl\/wp-content\/uploads\/2021\/09\/Fryslan-als-open-gemeenschap466.jpg\",\"width\":580,\"height\":828,\"caption\":\"Frysl\u00e2n als open gemeenschap\"},{\"@type\":\"BreadcrumbList\",\"@id\":\"https:\/\/websjop.afuk.frl\/nl\/winkel\/fryslan-als-open-gemeenschap-op-zoek-naar-een-ideaal\/#breadcrumb\",\"itemListElement\":[{\"@type\":\"ListItem\",\"position\":1,\"name\":\"Home\",\"item\":\"https:\/\/websjop.afuk.frl\/nl\/\"},{\"@type\":\"ListItem\",\"position\":2,\"name\":\"Winkel\",\"item\":\"https:\/\/websjop.afuk.frl\/nl\/winkel\/\"},{\"@type\":\"ListItem\",\"position\":3,\"name\":\"Frysl\u00e2n als (open) gemeenschap &#8211; op zoek naar een ideaal\"}]},{\"@type\":\"WebSite\",\"@id\":\"https:\/\/websjop.afuk.frl\/nl\/#website\",\"url\":\"https:\/\/websjop.afuk.frl\/nl\/\",\"name\":\"Af\u00fbk Websjop\",\"description\":\"\",\"potentialAction\":[{\"@type\":\"SearchAction\",\"target\":{\"@type\":\"EntryPoint\",\"urlTemplate\":\"https:\/\/websjop.afuk.frl\/nl\/?s={search_term_string}\"},\"query-input\":{\"@type\":\"PropertyValueSpecification\",\"valueRequired\":true,\"valueName\":\"search_term_string\"}}],\"inLanguage\":\"nl-NL\"}]}<\/script>\n<!-- \/ Yoast SEO plugin. -->","yoast_head_json":{"title":"Frysl\u00e2n als (open) gemeenschap - op zoek naar een ideaal &#8211; Af\u00fbk Websjop","description":"In Frysl\u00e2n als (open) gemeenschap bevat een beschrijving van de stand van zaken op eenentwintig maatschappelijke terreinen.","robots":{"index":"index","follow":"follow","max-snippet":"max-snippet:-1","max-image-preview":"max-image-preview:large","max-video-preview":"max-video-preview:-1"},"canonical":"https:\/\/websjop.afuk.frl\/nl\/winkel\/fryslan-als-open-gemeenschap-op-zoek-naar-een-ideaal\/","og_locale":"nl_NL","og_type":"article","og_title":"Frysl\u00e2n als (open) gemeenschap - op zoek naar een ideaal &#8211; Af\u00fbk Websjop","og_description":"In Frysl\u00e2n als (open) gemeenschap bevat een beschrijving van de stand van zaken op eenentwintig maatschappelijke terreinen.","og_url":"https:\/\/websjop.afuk.frl\/nl\/winkel\/fryslan-als-open-gemeenschap-op-zoek-naar-een-ideaal\/","og_site_name":"Af\u00fbk Websjop","article_modified_time":"2021-09-16T11:25:22+00:00","og_image":[{"width":580,"height":828,"url":"https:\/\/websjop.afuk.frl\/wp-content\/uploads\/2021\/09\/Fryslan-als-open-gemeenschap466.jpg","type":"image\/jpeg"}],"twitter_card":"summary_large_image","twitter_misc":{"Geschatte leestijd":"1 minuut"},"schema":{"@context":"https:\/\/schema.org","@graph":[{"@type":"WebPage","@id":"https:\/\/websjop.afuk.frl\/nl\/winkel\/fryslan-als-open-gemeenschap-op-zoek-naar-een-ideaal\/","url":"https:\/\/websjop.afuk.frl\/nl\/winkel\/fryslan-als-open-gemeenschap-op-zoek-naar-een-ideaal\/","name":"Frysl\u00e2n als (open) gemeenschap - op zoek naar een ideaal &#8211; Af\u00fbk Websjop","isPartOf":{"@id":"https:\/\/websjop.afuk.frl\/nl\/#website"},"primaryImageOfPage":{"@id":"https:\/\/websjop.afuk.frl\/nl\/winkel\/fryslan-als-open-gemeenschap-op-zoek-naar-een-ideaal\/#primaryimage"},"image":{"@id":"https:\/\/websjop.afuk.frl\/nl\/winkel\/fryslan-als-open-gemeenschap-op-zoek-naar-een-ideaal\/#primaryimage"},"thumbnailUrl":"https:\/\/websjop.afuk.frl\/wp-content\/uploads\/2021\/09\/Fryslan-als-open-gemeenschap466.jpg","datePublished":"2012-09-16T11:25:04+00:00","dateModified":"2021-09-16T11:25:22+00:00","description":"In Frysl\u00e2n als (open) gemeenschap bevat een beschrijving van de stand van zaken op eenentwintig maatschappelijke terreinen.","breadcrumb":{"@id":"https:\/\/websjop.afuk.frl\/nl\/winkel\/fryslan-als-open-gemeenschap-op-zoek-naar-een-ideaal\/#breadcrumb"},"inLanguage":"nl-NL","potentialAction":[{"@type":"ReadAction","target":["https:\/\/websjop.afuk.frl\/nl\/winkel\/fryslan-als-open-gemeenschap-op-zoek-naar-een-ideaal\/"]}]},{"@type":"ImageObject","inLanguage":"nl-NL","@id":"https:\/\/websjop.afuk.frl\/nl\/winkel\/fryslan-als-open-gemeenschap-op-zoek-naar-een-ideaal\/#primaryimage","url":"https:\/\/websjop.afuk.frl\/wp-content\/uploads\/2021\/09\/Fryslan-als-open-gemeenschap466.jpg","contentUrl":"https:\/\/websjop.afuk.frl\/wp-content\/uploads\/2021\/09\/Fryslan-als-open-gemeenschap466.jpg","width":580,"height":828,"caption":"Frysl\u00e2n als open gemeenschap"},{"@type":"BreadcrumbList","@id":"https:\/\/websjop.afuk.frl\/nl\/winkel\/fryslan-als-open-gemeenschap-op-zoek-naar-een-ideaal\/#breadcrumb","itemListElement":[{"@type":"ListItem","position":1,"name":"Home","item":"https:\/\/websjop.afuk.frl\/nl\/"},{"@type":"ListItem","position":2,"name":"Winkel","item":"https:\/\/websjop.afuk.frl\/nl\/winkel\/"},{"@type":"ListItem","position":3,"name":"Frysl\u00e2n als (open) gemeenschap &#8211; op zoek naar een ideaal"}]},{"@type":"WebSite","@id":"https:\/\/websjop.afuk.frl\/nl\/#website","url":"https:\/\/websjop.afuk.frl\/nl\/","name":"Af\u00fbk Websjop","description":"","potentialAction":[{"@type":"SearchAction","target":{"@type":"EntryPoint","urlTemplate":"https:\/\/websjop.afuk.frl\/nl\/?s={search_term_string}"},"query-input":{"@type":"PropertyValueSpecification","valueRequired":true,"valueName":"search_term_string"}}],"inLanguage":"nl-NL"}]}},"_links":{"self":[{"href":"https:\/\/websjop.afuk.frl\/nl\/wp-json\/wp\/v2\/product\/29338","targetHints":{"allow":["GET"]}}],"collection":[{"href":"https:\/\/websjop.afuk.frl\/nl\/wp-json\/wp\/v2\/product"}],"about":[{"href":"https:\/\/websjop.afuk.frl\/nl\/wp-json\/wp\/v2\/types\/product"}],"replies":[{"embeddable":true,"href":"https:\/\/websjop.afuk.frl\/nl\/wp-json\/wp\/v2\/comments?post=29338"}],"wp:featuredmedia":[{"embeddable":true,"href":"https:\/\/websjop.afuk.frl\/nl\/wp-json\/wp\/v2\/media\/29339"}],"wp:attachment":[{"href":"https:\/\/websjop.afuk.frl\/nl\/wp-json\/wp\/v2\/media?parent=29338"}],"wp:term":[{"taxonomy":"product_brand","embeddable":true,"href":"https:\/\/websjop.afuk.frl\/nl\/wp-json\/wp\/v2\/product_brand?post=29338"},{"taxonomy":"product_cat","embeddable":true,"href":"https:\/\/websjop.afuk.frl\/nl\/wp-json\/wp\/v2\/product_cat?post=29338"},{"taxonomy":"product_tag","embeddable":true,"href":"https:\/\/websjop.afuk.frl\/nl\/wp-json\/wp\/v2\/product_tag?post=29338"}],"curies":[{"name":"wp","href":"https:\/\/api.w.org\/{rel}","templated":true}]}}