{"id":29246,"date":"2021-09-09T13:28:12","date_gmt":"2021-09-09T12:28:12","guid":{"rendered":"https:\/\/websjop.afuk.frl\/nl\/?post_type=product&#038;p=29246"},"modified":"2021-11-01T08:22:12","modified_gmt":"2021-11-01T07:22:12","slug":"hiemhun-en-oare-ferhalen","status":"publish","type":"product","link":"https:\/\/websjop.afuk.frl\/nl\/winkel\/hiemhun-en-oare-ferhalen\/","title":{"rendered":"Hiemh\u00fbn en oare ferhalen"},"content":{"rendered":"<p><em>Hiemh\u00fbn <\/em>is een bundel met korte verhalen die zich niet alleen op &#8216;it hiem&#8217; (het erf) afspelen. De schrijfster neemt je mee naar de straat, het dorp, de stad en verder.<\/p>\n<p>Met een lach en een traan volgen we de personages in <em>Hiemh\u00fbn<\/em> van kleuterschool tot het levenseinde. Daar tussendoor komen we ze tegen in verschillende, soms herkenbare situaties tegen. Sommige zijn anekdotisch, anderen een mix van fictie en non-fictie.<\/p>\n","protected":false},"excerpt":{"rendered":"<p>Hiemh\u00fbn is een bundel met korte verhalen die zich niet alleen op &#8216;it hiem&#8217; (het erf) afspelen. De schrijfster neemt je mee naar de straat, het dorp, de stad en verder. Met een lach en een traan volgen we de personages in Hiemh\u00fbn van kleuterschool tot het levenseinde. Daar tussendoor komen we ze tegen in [&hellip;]<\/p>\n","protected":false},"featured_media":29247,"comment_status":"closed","ping_status":"closed","template":"","meta":{"_acf_changed":false},"product_brand":[],"product_cat":[1040,535,1215],"product_tag":[19258,5325,19255,19257,19256],"class_list":{"0":"post-29246","1":"product","2":"type-product","3":"status-publish","4":"has-post-thumbnail","6":"product_cat-ferhalebondels","7":"product_cat-fryske-boeken","8":"product_cat-romans-en-literatuer","9":"product_tag-anekdoate","10":"product_tag-ferhalen","11":"product_tag-hiemhun","12":"product_tag-laits-en-trien","13":"product_tag-ytsje-hettinga","14":"product_shipping_class-brievenbus-verzending","15":"pa_auteur-ytsje-hettinga","16":"pa_isbn-19254","17":"pa_new-label-1-3","18":"pa_taal-frysk","19":"pa_uitgever-de-ryp","21":"first","22":"instock","23":"taxable","24":"shipping-taxable","25":"purchasable","26":"product-type-simple"},"acf":[],"yoast_head":"<!-- This site is optimized with the Yoast SEO plugin v27.3 - https:\/\/yoast.com\/product\/yoast-seo-wordpress\/ -->\n<title>Hiemh\u00fbn en oare ferhalen &#8211; Af\u00fbk Websjop<\/title>\n<meta name=\"description\" content=\"Hiemh\u00fbn is een bundel met korte verhalen die zich niet alleen op &#039;it hiem&#039; afspelen. De schrijfster neemt je mee naar het dorp, de stad en verder.\" \/>\n<meta name=\"robots\" content=\"index, follow, max-snippet:-1, max-image-preview:large, max-video-preview:-1\" \/>\n<link rel=\"canonical\" href=\"https:\/\/websjop.afuk.frl\/nl\/winkel\/hiemhun-en-oare-ferhalen\/\" \/>\n<meta property=\"og:locale\" content=\"nl_NL\" \/>\n<meta property=\"og:type\" content=\"article\" \/>\n<meta property=\"og:title\" content=\"Hiemh\u00fbn en oare ferhalen &#8211; Af\u00fbk Websjop\" \/>\n<meta property=\"og:description\" content=\"Hiemh\u00fbn is een bundel met korte verhalen die zich niet alleen op &#039;it hiem&#039; afspelen. De schrijfster neemt je mee naar het dorp, de stad en verder.\" \/>\n<meta property=\"og:url\" content=\"https:\/\/websjop.afuk.frl\/nl\/winkel\/hiemhun-en-oare-ferhalen\/\" \/>\n<meta property=\"og:site_name\" content=\"Af\u00fbk Websjop\" \/>\n<meta property=\"article:modified_time\" content=\"2021-11-01T07:22:12+00:00\" \/>\n<meta property=\"og:image\" content=\"https:\/\/websjop.afuk.frl\/wp-content\/uploads\/2021\/09\/Hiemhun459.jpg\" \/>\n\t<meta property=\"og:image:width\" content=\"345\" \/>\n\t<meta property=\"og:image:height\" content=\"557\" \/>\n\t<meta property=\"og:image:type\" content=\"image\/jpeg\" \/>\n<meta name=\"twitter:card\" content=\"summary_large_image\" \/>\n<script type=\"application\/ld+json\" class=\"yoast-schema-graph\">{\"@context\":\"https:\\\/\\\/schema.org\",\"@graph\":[{\"@type\":\"WebPage\",\"@id\":\"https:\\\/\\\/websjop.afuk.frl\\\/nl\\\/winkel\\\/hiemhun-en-oare-ferhalen\\\/\",\"url\":\"https:\\\/\\\/websjop.afuk.frl\\\/nl\\\/winkel\\\/hiemhun-en-oare-ferhalen\\\/\",\"name\":\"Hiemh\u00fbn en oare ferhalen &#8211; Af\u00fbk Websjop\",\"isPartOf\":{\"@id\":\"https:\\\/\\\/websjop.afuk.frl\\\/nl\\\/#website\"},\"primaryImageOfPage\":{\"@id\":\"https:\\\/\\\/websjop.afuk.frl\\\/nl\\\/winkel\\\/hiemhun-en-oare-ferhalen\\\/#primaryimage\"},\"image\":{\"@id\":\"https:\\\/\\\/websjop.afuk.frl\\\/nl\\\/winkel\\\/hiemhun-en-oare-ferhalen\\\/#primaryimage\"},\"thumbnailUrl\":\"https:\\\/\\\/websjop.afuk.frl\\\/wp-content\\\/uploads\\\/2021\\\/09\\\/Hiemhun459.jpg\",\"datePublished\":\"2021-09-09T12:28:12+00:00\",\"dateModified\":\"2021-11-01T07:22:12+00:00\",\"description\":\"Hiemh\u00fbn is een bundel met korte verhalen die zich niet alleen op 'it hiem' afspelen. De schrijfster neemt je mee naar het dorp, de stad en verder.\",\"breadcrumb\":{\"@id\":\"https:\\\/\\\/websjop.afuk.frl\\\/nl\\\/winkel\\\/hiemhun-en-oare-ferhalen\\\/#breadcrumb\"},\"inLanguage\":\"nl-NL\",\"potentialAction\":[{\"@type\":\"ReadAction\",\"target\":[\"https:\\\/\\\/websjop.afuk.frl\\\/nl\\\/winkel\\\/hiemhun-en-oare-ferhalen\\\/\"]}]},{\"@type\":\"ImageObject\",\"inLanguage\":\"nl-NL\",\"@id\":\"https:\\\/\\\/websjop.afuk.frl\\\/nl\\\/winkel\\\/hiemhun-en-oare-ferhalen\\\/#primaryimage\",\"url\":\"https:\\\/\\\/websjop.afuk.frl\\\/wp-content\\\/uploads\\\/2021\\\/09\\\/Hiemhun459.jpg\",\"contentUrl\":\"https:\\\/\\\/websjop.afuk.frl\\\/wp-content\\\/uploads\\\/2021\\\/09\\\/Hiemhun459.jpg\",\"width\":345,\"height\":557,\"caption\":\"Hiemh\u00fbn\"},{\"@type\":\"BreadcrumbList\",\"@id\":\"https:\\\/\\\/websjop.afuk.frl\\\/nl\\\/winkel\\\/hiemhun-en-oare-ferhalen\\\/#breadcrumb\",\"itemListElement\":[{\"@type\":\"ListItem\",\"position\":1,\"name\":\"Home\",\"item\":\"https:\\\/\\\/websjop.afuk.frl\\\/nl\\\/\"},{\"@type\":\"ListItem\",\"position\":2,\"name\":\"Winkel\",\"item\":\"https:\\\/\\\/websjop.afuk.frl\\\/nl\\\/winkel\\\/\"},{\"@type\":\"ListItem\",\"position\":3,\"name\":\"Hiemh\u00fbn en oare ferhalen\"}]},{\"@type\":\"WebSite\",\"@id\":\"https:\\\/\\\/websjop.afuk.frl\\\/nl\\\/#website\",\"url\":\"https:\\\/\\\/websjop.afuk.frl\\\/nl\\\/\",\"name\":\"Af\u00fbk Websjop\",\"description\":\"\",\"potentialAction\":[{\"@type\":\"SearchAction\",\"target\":{\"@type\":\"EntryPoint\",\"urlTemplate\":\"https:\\\/\\\/websjop.afuk.frl\\\/nl\\\/?s={search_term_string}\"},\"query-input\":{\"@type\":\"PropertyValueSpecification\",\"valueRequired\":true,\"valueName\":\"search_term_string\"}}],\"inLanguage\":\"nl-NL\"}]}<\/script>\n<!-- \/ Yoast SEO plugin. -->","yoast_head_json":{"title":"Hiemh\u00fbn en oare ferhalen &#8211; Af\u00fbk Websjop","description":"Hiemh\u00fbn is een bundel met korte verhalen die zich niet alleen op 'it hiem' afspelen. De schrijfster neemt je mee naar het dorp, de stad en verder.","robots":{"index":"index","follow":"follow","max-snippet":"max-snippet:-1","max-image-preview":"max-image-preview:large","max-video-preview":"max-video-preview:-1"},"canonical":"https:\/\/websjop.afuk.frl\/nl\/winkel\/hiemhun-en-oare-ferhalen\/","og_locale":"nl_NL","og_type":"article","og_title":"Hiemh\u00fbn en oare ferhalen &#8211; Af\u00fbk Websjop","og_description":"Hiemh\u00fbn is een bundel met korte verhalen die zich niet alleen op 'it hiem' afspelen. De schrijfster neemt je mee naar het dorp, de stad en verder.","og_url":"https:\/\/websjop.afuk.frl\/nl\/winkel\/hiemhun-en-oare-ferhalen\/","og_site_name":"Af\u00fbk Websjop","article_modified_time":"2021-11-01T07:22:12+00:00","og_image":[{"width":345,"height":557,"url":"https:\/\/websjop.afuk.frl\/wp-content\/uploads\/2021\/09\/Hiemhun459.jpg","type":"image\/jpeg"}],"twitter_card":"summary_large_image","schema":{"@context":"https:\/\/schema.org","@graph":[{"@type":"WebPage","@id":"https:\/\/websjop.afuk.frl\/nl\/winkel\/hiemhun-en-oare-ferhalen\/","url":"https:\/\/websjop.afuk.frl\/nl\/winkel\/hiemhun-en-oare-ferhalen\/","name":"Hiemh\u00fbn en oare ferhalen &#8211; Af\u00fbk Websjop","isPartOf":{"@id":"https:\/\/websjop.afuk.frl\/nl\/#website"},"primaryImageOfPage":{"@id":"https:\/\/websjop.afuk.frl\/nl\/winkel\/hiemhun-en-oare-ferhalen\/#primaryimage"},"image":{"@id":"https:\/\/websjop.afuk.frl\/nl\/winkel\/hiemhun-en-oare-ferhalen\/#primaryimage"},"thumbnailUrl":"https:\/\/websjop.afuk.frl\/wp-content\/uploads\/2021\/09\/Hiemhun459.jpg","datePublished":"2021-09-09T12:28:12+00:00","dateModified":"2021-11-01T07:22:12+00:00","description":"Hiemh\u00fbn is een bundel met korte verhalen die zich niet alleen op 'it hiem' afspelen. De schrijfster neemt je mee naar het dorp, de stad en verder.","breadcrumb":{"@id":"https:\/\/websjop.afuk.frl\/nl\/winkel\/hiemhun-en-oare-ferhalen\/#breadcrumb"},"inLanguage":"nl-NL","potentialAction":[{"@type":"ReadAction","target":["https:\/\/websjop.afuk.frl\/nl\/winkel\/hiemhun-en-oare-ferhalen\/"]}]},{"@type":"ImageObject","inLanguage":"nl-NL","@id":"https:\/\/websjop.afuk.frl\/nl\/winkel\/hiemhun-en-oare-ferhalen\/#primaryimage","url":"https:\/\/websjop.afuk.frl\/wp-content\/uploads\/2021\/09\/Hiemhun459.jpg","contentUrl":"https:\/\/websjop.afuk.frl\/wp-content\/uploads\/2021\/09\/Hiemhun459.jpg","width":345,"height":557,"caption":"Hiemh\u00fbn"},{"@type":"BreadcrumbList","@id":"https:\/\/websjop.afuk.frl\/nl\/winkel\/hiemhun-en-oare-ferhalen\/#breadcrumb","itemListElement":[{"@type":"ListItem","position":1,"name":"Home","item":"https:\/\/websjop.afuk.frl\/nl\/"},{"@type":"ListItem","position":2,"name":"Winkel","item":"https:\/\/websjop.afuk.frl\/nl\/winkel\/"},{"@type":"ListItem","position":3,"name":"Hiemh\u00fbn en oare ferhalen"}]},{"@type":"WebSite","@id":"https:\/\/websjop.afuk.frl\/nl\/#website","url":"https:\/\/websjop.afuk.frl\/nl\/","name":"Af\u00fbk Websjop","description":"","potentialAction":[{"@type":"SearchAction","target":{"@type":"EntryPoint","urlTemplate":"https:\/\/websjop.afuk.frl\/nl\/?s={search_term_string}"},"query-input":{"@type":"PropertyValueSpecification","valueRequired":true,"valueName":"search_term_string"}}],"inLanguage":"nl-NL"}]}},"_links":{"self":[{"href":"https:\/\/websjop.afuk.frl\/nl\/wp-json\/wp\/v2\/product\/29246","targetHints":{"allow":["GET"]}}],"collection":[{"href":"https:\/\/websjop.afuk.frl\/nl\/wp-json\/wp\/v2\/product"}],"about":[{"href":"https:\/\/websjop.afuk.frl\/nl\/wp-json\/wp\/v2\/types\/product"}],"replies":[{"embeddable":true,"href":"https:\/\/websjop.afuk.frl\/nl\/wp-json\/wp\/v2\/comments?post=29246"}],"wp:featuredmedia":[{"embeddable":true,"href":"https:\/\/websjop.afuk.frl\/nl\/wp-json\/wp\/v2\/media\/29247"}],"wp:attachment":[{"href":"https:\/\/websjop.afuk.frl\/nl\/wp-json\/wp\/v2\/media?parent=29246"}],"wp:term":[{"taxonomy":"product_brand","embeddable":true,"href":"https:\/\/websjop.afuk.frl\/nl\/wp-json\/wp\/v2\/product_brand?post=29246"},{"taxonomy":"product_cat","embeddable":true,"href":"https:\/\/websjop.afuk.frl\/nl\/wp-json\/wp\/v2\/product_cat?post=29246"},{"taxonomy":"product_tag","embeddable":true,"href":"https:\/\/websjop.afuk.frl\/nl\/wp-json\/wp\/v2\/product_tag?post=29246"}],"curies":[{"name":"wp","href":"https:\/\/api.w.org\/{rel}","templated":true}]}}