{"id":28893,"date":"2020-08-14T13:25:52","date_gmt":"2020-08-14T12:25:52","guid":{"rendered":"https:\/\/websjop.afuk.frl\/nl\/?post_type=product&#038;p=28893"},"modified":"2025-10-21T11:13:26","modified_gmt":"2025-10-21T09:13:26","slug":"kreftfjilden-diel-6-fan-in-fryske-odyssee","status":"publish","type":"product","link":"https:\/\/websjop.afuk.frl\/nl\/winkel\/kreftfjilden-diel-6-fan-in-fryske-odyssee\/","title":{"rendered":"Kr\u00eaftfjilden &#8211; Diel 6 fan &#8216;In Fryske Odyssee&#8217;"},"content":{"rendered":"<p><em>Kr\u00eaftjilden<\/em> is het zesde boek in de serie van <em>In Fryske Odyssee<\/em>. Daarin is het levensverhaal van Bouke Blomhof opgenomen, boer aan de Fluezen by It Heidenskip. Dit verhaal is onderdeel van een serie verhalen, levensbeschrijvingen, mythische teksten, novellen en romans, die allemaal een relatie hebben met het leven van de hoofdpersoon.<\/p>\n","protected":false},"excerpt":{"rendered":"<p>Kr\u00eaftjilden is het zesde boek in de serie van In Fryske Odyssee. Daarin is het levensverhaal van Bouke Blomhof opgenomen, boer aan de Fluezen by It Heidenskip. Dit verhaal is onderdeel van een serie verhalen, levensbeschrijvingen, mythische teksten, novellen en romans, die allemaal een relatie hebben met het leven van de hoofdpersoon.<\/p>\n","protected":false},"featured_media":28894,"comment_status":"closed","ping_status":"closed","template":"","meta":{"_acf_changed":false},"product_brand":[],"product_cat":[535,537,1215,539],"product_tag":[13151,19058,19048,19049,13152],"class_list":{"0":"post-28893","1":"product","2":"type-product","3":"status-publish","4":"has-post-thumbnail","6":"product_cat-fryske-boeken","7":"product_cat-romans","8":"product_cat-romans-en-literatuer","9":"product_cat-skiednis","10":"product_tag-in-fryske-odyssee","11":"product_tag-kreftfjilden","12":"product_tag-searje","13":"product_tag-serie","14":"product_tag-willem-tjerkstra","15":"product_shipping_class-brievenbus-verzending","16":"pa_auteur-willem-tjerkstra","17":"pa_isbn-19059","18":"pa_taal-frysk","19":"pa_uitgever-aspekt","21":"first","22":"instock","23":"taxable","24":"shipping-taxable","25":"purchasable","26":"product-type-simple"},"acf":[],"yoast_head":"<!-- This site is optimized with the Yoast SEO plugin v27.3 - https:\/\/yoast.com\/product\/yoast-seo-wordpress\/ -->\n<title>Kr\u00eaftfjilden - Diel 6 fan &#039;In Fryske Odyssee&#039; &#8211; Af\u00fbk Websjop<\/title>\n<meta name=\"description\" content=\"Kr\u00eaftjilden is het zesde boek in de serie van In Fryske Odyssee. Met daarin het levensverhaal van Bouke Blomhof, boer aan de Fluezen by It Heidenskip.\" \/>\n<meta name=\"robots\" content=\"index, follow, max-snippet:-1, max-image-preview:large, max-video-preview:-1\" \/>\n<link rel=\"canonical\" href=\"https:\/\/websjop.afuk.frl\/nl\/winkel\/kreftfjilden-diel-6-fan-in-fryske-odyssee\/\" \/>\n<meta property=\"og:locale\" content=\"nl_NL\" \/>\n<meta property=\"og:type\" content=\"article\" \/>\n<meta property=\"og:title\" content=\"Kr\u00eaftfjilden - Diel 6 fan &#039;In Fryske Odyssee&#039; &#8211; Af\u00fbk Websjop\" \/>\n<meta property=\"og:description\" content=\"Kr\u00eaftjilden is het zesde boek in de serie van In Fryske Odyssee. Met daarin het levensverhaal van Bouke Blomhof, boer aan de Fluezen by It Heidenskip.\" \/>\n<meta property=\"og:url\" content=\"https:\/\/websjop.afuk.frl\/nl\/winkel\/kreftfjilden-diel-6-fan-in-fryske-odyssee\/\" \/>\n<meta property=\"og:site_name\" content=\"Af\u00fbk Websjop\" \/>\n<meta property=\"article:modified_time\" content=\"2025-10-21T09:13:26+00:00\" \/>\n<meta property=\"og:image\" content=\"https:\/\/websjop.afuk.frl\/wp-content\/uploads\/2021\/08\/Kreftfjilden432.jpg\" \/>\n\t<meta property=\"og:image:width\" content=\"412\" \/>\n\t<meta property=\"og:image:height\" content=\"639\" \/>\n\t<meta property=\"og:image:type\" content=\"image\/jpeg\" \/>\n<meta name=\"twitter:card\" content=\"summary_large_image\" \/>\n<script type=\"application\/ld+json\" class=\"yoast-schema-graph\">{\"@context\":\"https:\\\/\\\/schema.org\",\"@graph\":[{\"@type\":\"WebPage\",\"@id\":\"https:\\\/\\\/websjop.afuk.frl\\\/nl\\\/winkel\\\/kreftfjilden-diel-6-fan-in-fryske-odyssee\\\/\",\"url\":\"https:\\\/\\\/websjop.afuk.frl\\\/nl\\\/winkel\\\/kreftfjilden-diel-6-fan-in-fryske-odyssee\\\/\",\"name\":\"Kr\u00eaftfjilden - Diel 6 fan 'In Fryske Odyssee' &#8211; Af\u00fbk Websjop\",\"isPartOf\":{\"@id\":\"https:\\\/\\\/websjop.afuk.frl\\\/nl\\\/#website\"},\"primaryImageOfPage\":{\"@id\":\"https:\\\/\\\/websjop.afuk.frl\\\/nl\\\/winkel\\\/kreftfjilden-diel-6-fan-in-fryske-odyssee\\\/#primaryimage\"},\"image\":{\"@id\":\"https:\\\/\\\/websjop.afuk.frl\\\/nl\\\/winkel\\\/kreftfjilden-diel-6-fan-in-fryske-odyssee\\\/#primaryimage\"},\"thumbnailUrl\":\"https:\\\/\\\/websjop.afuk.frl\\\/wp-content\\\/uploads\\\/2021\\\/08\\\/Kreftfjilden432.jpg\",\"datePublished\":\"2020-08-14T12:25:52+00:00\",\"dateModified\":\"2025-10-21T09:13:26+00:00\",\"description\":\"Kr\u00eaftjilden is het zesde boek in de serie van In Fryske Odyssee. Met daarin het levensverhaal van Bouke Blomhof, boer aan de Fluezen by It Heidenskip.\",\"breadcrumb\":{\"@id\":\"https:\\\/\\\/websjop.afuk.frl\\\/nl\\\/winkel\\\/kreftfjilden-diel-6-fan-in-fryske-odyssee\\\/#breadcrumb\"},\"inLanguage\":\"nl-NL\",\"potentialAction\":[{\"@type\":\"ReadAction\",\"target\":[\"https:\\\/\\\/websjop.afuk.frl\\\/nl\\\/winkel\\\/kreftfjilden-diel-6-fan-in-fryske-odyssee\\\/\"]}]},{\"@type\":\"ImageObject\",\"inLanguage\":\"nl-NL\",\"@id\":\"https:\\\/\\\/websjop.afuk.frl\\\/nl\\\/winkel\\\/kreftfjilden-diel-6-fan-in-fryske-odyssee\\\/#primaryimage\",\"url\":\"https:\\\/\\\/websjop.afuk.frl\\\/wp-content\\\/uploads\\\/2021\\\/08\\\/Kreftfjilden432.jpg\",\"contentUrl\":\"https:\\\/\\\/websjop.afuk.frl\\\/wp-content\\\/uploads\\\/2021\\\/08\\\/Kreftfjilden432.jpg\",\"width\":412,\"height\":639,\"caption\":\"Kr\u00eaftfjilden\"},{\"@type\":\"BreadcrumbList\",\"@id\":\"https:\\\/\\\/websjop.afuk.frl\\\/nl\\\/winkel\\\/kreftfjilden-diel-6-fan-in-fryske-odyssee\\\/#breadcrumb\",\"itemListElement\":[{\"@type\":\"ListItem\",\"position\":1,\"name\":\"Home\",\"item\":\"https:\\\/\\\/websjop.afuk.frl\\\/nl\\\/\"},{\"@type\":\"ListItem\",\"position\":2,\"name\":\"Winkel\",\"item\":\"https:\\\/\\\/websjop.afuk.frl\\\/nl\\\/winkel\\\/\"},{\"@type\":\"ListItem\",\"position\":3,\"name\":\"Kr\u00eaftfjilden &#8211; Diel 6 fan &#8216;In Fryske Odyssee&#8217;\"}]},{\"@type\":\"WebSite\",\"@id\":\"https:\\\/\\\/websjop.afuk.frl\\\/nl\\\/#website\",\"url\":\"https:\\\/\\\/websjop.afuk.frl\\\/nl\\\/\",\"name\":\"Af\u00fbk Websjop\",\"description\":\"\",\"potentialAction\":[{\"@type\":\"SearchAction\",\"target\":{\"@type\":\"EntryPoint\",\"urlTemplate\":\"https:\\\/\\\/websjop.afuk.frl\\\/nl\\\/?s={search_term_string}\"},\"query-input\":{\"@type\":\"PropertyValueSpecification\",\"valueRequired\":true,\"valueName\":\"search_term_string\"}}],\"inLanguage\":\"nl-NL\"}]}<\/script>\n<!-- \/ Yoast SEO plugin. -->","yoast_head_json":{"title":"Kr\u00eaftfjilden - Diel 6 fan 'In Fryske Odyssee' &#8211; Af\u00fbk Websjop","description":"Kr\u00eaftjilden is het zesde boek in de serie van In Fryske Odyssee. Met daarin het levensverhaal van Bouke Blomhof, boer aan de Fluezen by It Heidenskip.","robots":{"index":"index","follow":"follow","max-snippet":"max-snippet:-1","max-image-preview":"max-image-preview:large","max-video-preview":"max-video-preview:-1"},"canonical":"https:\/\/websjop.afuk.frl\/nl\/winkel\/kreftfjilden-diel-6-fan-in-fryske-odyssee\/","og_locale":"nl_NL","og_type":"article","og_title":"Kr\u00eaftfjilden - Diel 6 fan 'In Fryske Odyssee' &#8211; Af\u00fbk Websjop","og_description":"Kr\u00eaftjilden is het zesde boek in de serie van In Fryske Odyssee. Met daarin het levensverhaal van Bouke Blomhof, boer aan de Fluezen by It Heidenskip.","og_url":"https:\/\/websjop.afuk.frl\/nl\/winkel\/kreftfjilden-diel-6-fan-in-fryske-odyssee\/","og_site_name":"Af\u00fbk Websjop","article_modified_time":"2025-10-21T09:13:26+00:00","og_image":[{"width":412,"height":639,"url":"https:\/\/websjop.afuk.frl\/wp-content\/uploads\/2021\/08\/Kreftfjilden432.jpg","type":"image\/jpeg"}],"twitter_card":"summary_large_image","schema":{"@context":"https:\/\/schema.org","@graph":[{"@type":"WebPage","@id":"https:\/\/websjop.afuk.frl\/nl\/winkel\/kreftfjilden-diel-6-fan-in-fryske-odyssee\/","url":"https:\/\/websjop.afuk.frl\/nl\/winkel\/kreftfjilden-diel-6-fan-in-fryske-odyssee\/","name":"Kr\u00eaftfjilden - Diel 6 fan 'In Fryske Odyssee' &#8211; Af\u00fbk Websjop","isPartOf":{"@id":"https:\/\/websjop.afuk.frl\/nl\/#website"},"primaryImageOfPage":{"@id":"https:\/\/websjop.afuk.frl\/nl\/winkel\/kreftfjilden-diel-6-fan-in-fryske-odyssee\/#primaryimage"},"image":{"@id":"https:\/\/websjop.afuk.frl\/nl\/winkel\/kreftfjilden-diel-6-fan-in-fryske-odyssee\/#primaryimage"},"thumbnailUrl":"https:\/\/websjop.afuk.frl\/wp-content\/uploads\/2021\/08\/Kreftfjilden432.jpg","datePublished":"2020-08-14T12:25:52+00:00","dateModified":"2025-10-21T09:13:26+00:00","description":"Kr\u00eaftjilden is het zesde boek in de serie van In Fryske Odyssee. Met daarin het levensverhaal van Bouke Blomhof, boer aan de Fluezen by It Heidenskip.","breadcrumb":{"@id":"https:\/\/websjop.afuk.frl\/nl\/winkel\/kreftfjilden-diel-6-fan-in-fryske-odyssee\/#breadcrumb"},"inLanguage":"nl-NL","potentialAction":[{"@type":"ReadAction","target":["https:\/\/websjop.afuk.frl\/nl\/winkel\/kreftfjilden-diel-6-fan-in-fryske-odyssee\/"]}]},{"@type":"ImageObject","inLanguage":"nl-NL","@id":"https:\/\/websjop.afuk.frl\/nl\/winkel\/kreftfjilden-diel-6-fan-in-fryske-odyssee\/#primaryimage","url":"https:\/\/websjop.afuk.frl\/wp-content\/uploads\/2021\/08\/Kreftfjilden432.jpg","contentUrl":"https:\/\/websjop.afuk.frl\/wp-content\/uploads\/2021\/08\/Kreftfjilden432.jpg","width":412,"height":639,"caption":"Kr\u00eaftfjilden"},{"@type":"BreadcrumbList","@id":"https:\/\/websjop.afuk.frl\/nl\/winkel\/kreftfjilden-diel-6-fan-in-fryske-odyssee\/#breadcrumb","itemListElement":[{"@type":"ListItem","position":1,"name":"Home","item":"https:\/\/websjop.afuk.frl\/nl\/"},{"@type":"ListItem","position":2,"name":"Winkel","item":"https:\/\/websjop.afuk.frl\/nl\/winkel\/"},{"@type":"ListItem","position":3,"name":"Kr\u00eaftfjilden &#8211; Diel 6 fan &#8216;In Fryske Odyssee&#8217;"}]},{"@type":"WebSite","@id":"https:\/\/websjop.afuk.frl\/nl\/#website","url":"https:\/\/websjop.afuk.frl\/nl\/","name":"Af\u00fbk Websjop","description":"","potentialAction":[{"@type":"SearchAction","target":{"@type":"EntryPoint","urlTemplate":"https:\/\/websjop.afuk.frl\/nl\/?s={search_term_string}"},"query-input":{"@type":"PropertyValueSpecification","valueRequired":true,"valueName":"search_term_string"}}],"inLanguage":"nl-NL"}]}},"_links":{"self":[{"href":"https:\/\/websjop.afuk.frl\/nl\/wp-json\/wp\/v2\/product\/28893","targetHints":{"allow":["GET"]}}],"collection":[{"href":"https:\/\/websjop.afuk.frl\/nl\/wp-json\/wp\/v2\/product"}],"about":[{"href":"https:\/\/websjop.afuk.frl\/nl\/wp-json\/wp\/v2\/types\/product"}],"replies":[{"embeddable":true,"href":"https:\/\/websjop.afuk.frl\/nl\/wp-json\/wp\/v2\/comments?post=28893"}],"wp:featuredmedia":[{"embeddable":true,"href":"https:\/\/websjop.afuk.frl\/nl\/wp-json\/wp\/v2\/media\/28894"}],"wp:attachment":[{"href":"https:\/\/websjop.afuk.frl\/nl\/wp-json\/wp\/v2\/media?parent=28893"}],"wp:term":[{"taxonomy":"product_brand","embeddable":true,"href":"https:\/\/websjop.afuk.frl\/nl\/wp-json\/wp\/v2\/product_brand?post=28893"},{"taxonomy":"product_cat","embeddable":true,"href":"https:\/\/websjop.afuk.frl\/nl\/wp-json\/wp\/v2\/product_cat?post=28893"},{"taxonomy":"product_tag","embeddable":true,"href":"https:\/\/websjop.afuk.frl\/nl\/wp-json\/wp\/v2\/product_tag?post=28893"}],"curies":[{"name":"wp","href":"https:\/\/api.w.org\/{rel}","templated":true}]}}