{"id":28613,"date":"2021-07-16T12:52:27","date_gmt":"2021-07-16T11:52:27","guid":{"rendered":"https:\/\/websjop.afuk.frl\/nl\/?post_type=product&#038;p=28613"},"modified":"2025-10-21T12:18:50","modified_gmt":"2025-10-21T10:18:50","slug":"kreft-fan-de-president-john-fitzgerald-kennedy","status":"publish","type":"product","link":"https:\/\/websjop.afuk.frl\/nl\/winkel\/kreft-fan-de-president-john-fitzgerald-kennedy\/","title":{"rendered":"Kr\u00eaft fan de president John Fitzgerald Kennedy &#8211; Diel 9 fan &#8216;In Fryske Odyssee&#8217;"},"content":{"rendered":"<p><em>Kr\u00eaft fan de presidint John Fitzgerald Kennedy <\/em>is het negende boek in de serie van <em>In Fryske Odyssee<\/em>. Daarin is het levensverhaal van Bouke Blomhof opgenomen, boer aan de Fluezen by It Heidenskip. Dit verhaal is onderdeel van een serie verhalen, levensbeschrijvingen, mythische teksten, novellen en romans, die allemaal een relatie hebben met het leven van de hoofdpersoon.<\/p>\n<p>&nbsp;<\/p>\n<p>&nbsp;<\/p>\n","protected":false},"excerpt":{"rendered":"<p>Kr\u00eaft fan de presidint John Fitzgerald Kennedy is het negende boek in de serie van In Fryske Odyssee. Daarin is het levensverhaal van Bouke Blomhof opgenomen, boer aan de Fluezen by It Heidenskip. Dit verhaal is onderdeel van een serie verhalen, levensbeschrijvingen, mythische teksten, novellen en romans, die allemaal een relatie hebben met het leven [&hellip;]<\/p>\n","protected":false},"featured_media":28614,"comment_status":"closed","ping_status":"closed","template":"","meta":{"_acf_changed":false},"product_brand":[],"product_cat":[535,537,1215],"product_tag":[13151,19054,19051,19048,19049,13152],"class_list":{"0":"post-28613","1":"product","2":"type-product","3":"status-publish","4":"has-post-thumbnail","6":"product_cat-fryske-boeken","7":"product_cat-romans","8":"product_cat-romans-en-literatuer","9":"product_tag-in-fryske-odyssee","10":"product_tag-john-fitzgerald-kennedy","11":"product_tag-kreft-fan-de-presidint","12":"product_tag-searje","13":"product_tag-serie","14":"product_tag-willem-tjerkstra","15":"product_shipping_class-brievenbus-verzending","16":"pa_auteur-willem-tjerkstra","17":"pa_isbn-18980","18":"pa_taal-frysk","19":"pa_uitgever-aspekt","21":"first","22":"instock","23":"taxable","24":"shipping-taxable","25":"purchasable","26":"product-type-simple"},"acf":[],"yoast_head":"<!-- This site is optimized with the Yoast SEO plugin v27.3 - https:\/\/yoast.com\/product\/yoast-seo-wordpress\/ -->\n<title>Kr\u00eaft fan de president John Fitzgerald Kennedy - Diel 9 fan &#039;In Fryske Odyssee&#039; &#8211; Af\u00fbk Websjop<\/title>\n<meta name=\"description\" content=\"Kr\u00eaft fan de presidint John Fitzgerald Kennedy is het negende boek in de serie van In Fryske Odyssee. Met daarin is het levensverhaal van boer Bouke Blomhof\" \/>\n<meta name=\"robots\" content=\"index, follow, max-snippet:-1, max-image-preview:large, max-video-preview:-1\" \/>\n<link rel=\"canonical\" href=\"https:\/\/websjop.afuk.frl\/nl\/winkel\/kreft-fan-de-president-john-fitzgerald-kennedy\/\" \/>\n<meta property=\"og:locale\" content=\"nl_NL\" \/>\n<meta property=\"og:type\" content=\"article\" \/>\n<meta property=\"og:title\" content=\"Kr\u00eaft fan de president John Fitzgerald Kennedy - Diel 9 fan &#039;In Fryske Odyssee&#039; &#8211; Af\u00fbk Websjop\" \/>\n<meta property=\"og:description\" content=\"Kr\u00eaft fan de presidint John Fitzgerald Kennedy is het negende boek in de serie van In Fryske Odyssee. Met daarin is het levensverhaal van boer Bouke Blomhof\" \/>\n<meta property=\"og:url\" content=\"https:\/\/websjop.afuk.frl\/nl\/winkel\/kreft-fan-de-president-john-fitzgerald-kennedy\/\" \/>\n<meta property=\"og:site_name\" content=\"Af\u00fbk Websjop\" \/>\n<meta property=\"article:modified_time\" content=\"2025-10-21T10:18:50+00:00\" \/>\n<meta property=\"og:image\" content=\"https:\/\/websjop.afuk.frl\/wp-content\/uploads\/2021\/07\/kreft-fan-de-president.jpg\" \/>\n\t<meta property=\"og:image:width\" content=\"512\" \/>\n\t<meta property=\"og:image:height\" content=\"800\" \/>\n\t<meta property=\"og:image:type\" content=\"image\/jpeg\" \/>\n<meta name=\"twitter:card\" content=\"summary_large_image\" \/>\n<script type=\"application\/ld+json\" class=\"yoast-schema-graph\">{\"@context\":\"https:\\\/\\\/schema.org\",\"@graph\":[{\"@type\":\"WebPage\",\"@id\":\"https:\\\/\\\/websjop.afuk.frl\\\/nl\\\/winkel\\\/kreft-fan-de-president-john-fitzgerald-kennedy\\\/\",\"url\":\"https:\\\/\\\/websjop.afuk.frl\\\/nl\\\/winkel\\\/kreft-fan-de-president-john-fitzgerald-kennedy\\\/\",\"name\":\"Kr\u00eaft fan de president John Fitzgerald Kennedy - Diel 9 fan 'In Fryske Odyssee' &#8211; Af\u00fbk Websjop\",\"isPartOf\":{\"@id\":\"https:\\\/\\\/websjop.afuk.frl\\\/nl\\\/#website\"},\"primaryImageOfPage\":{\"@id\":\"https:\\\/\\\/websjop.afuk.frl\\\/nl\\\/winkel\\\/kreft-fan-de-president-john-fitzgerald-kennedy\\\/#primaryimage\"},\"image\":{\"@id\":\"https:\\\/\\\/websjop.afuk.frl\\\/nl\\\/winkel\\\/kreft-fan-de-president-john-fitzgerald-kennedy\\\/#primaryimage\"},\"thumbnailUrl\":\"https:\\\/\\\/websjop.afuk.frl\\\/wp-content\\\/uploads\\\/2021\\\/07\\\/kreft-fan-de-president.jpg\",\"datePublished\":\"2021-07-16T11:52:27+00:00\",\"dateModified\":\"2025-10-21T10:18:50+00:00\",\"description\":\"Kr\u00eaft fan de presidint John Fitzgerald Kennedy is het negende boek in de serie van In Fryske Odyssee. Met daarin is het levensverhaal van boer Bouke Blomhof\",\"breadcrumb\":{\"@id\":\"https:\\\/\\\/websjop.afuk.frl\\\/nl\\\/winkel\\\/kreft-fan-de-president-john-fitzgerald-kennedy\\\/#breadcrumb\"},\"inLanguage\":\"nl-NL\",\"potentialAction\":[{\"@type\":\"ReadAction\",\"target\":[\"https:\\\/\\\/websjop.afuk.frl\\\/nl\\\/winkel\\\/kreft-fan-de-president-john-fitzgerald-kennedy\\\/\"]}]},{\"@type\":\"ImageObject\",\"inLanguage\":\"nl-NL\",\"@id\":\"https:\\\/\\\/websjop.afuk.frl\\\/nl\\\/winkel\\\/kreft-fan-de-president-john-fitzgerald-kennedy\\\/#primaryimage\",\"url\":\"https:\\\/\\\/websjop.afuk.frl\\\/wp-content\\\/uploads\\\/2021\\\/07\\\/kreft-fan-de-president.jpg\",\"contentUrl\":\"https:\\\/\\\/websjop.afuk.frl\\\/wp-content\\\/uploads\\\/2021\\\/07\\\/kreft-fan-de-president.jpg\",\"width\":512,\"height\":800},{\"@type\":\"BreadcrumbList\",\"@id\":\"https:\\\/\\\/websjop.afuk.frl\\\/nl\\\/winkel\\\/kreft-fan-de-president-john-fitzgerald-kennedy\\\/#breadcrumb\",\"itemListElement\":[{\"@type\":\"ListItem\",\"position\":1,\"name\":\"Home\",\"item\":\"https:\\\/\\\/websjop.afuk.frl\\\/nl\\\/\"},{\"@type\":\"ListItem\",\"position\":2,\"name\":\"Winkel\",\"item\":\"https:\\\/\\\/websjop.afuk.frl\\\/nl\\\/winkel\\\/\"},{\"@type\":\"ListItem\",\"position\":3,\"name\":\"Kr\u00eaft fan de president John Fitzgerald Kennedy &#8211; Diel 9 fan &#8216;In Fryske Odyssee&#8217;\"}]},{\"@type\":\"WebSite\",\"@id\":\"https:\\\/\\\/websjop.afuk.frl\\\/nl\\\/#website\",\"url\":\"https:\\\/\\\/websjop.afuk.frl\\\/nl\\\/\",\"name\":\"Af\u00fbk Websjop\",\"description\":\"\",\"potentialAction\":[{\"@type\":\"SearchAction\",\"target\":{\"@type\":\"EntryPoint\",\"urlTemplate\":\"https:\\\/\\\/websjop.afuk.frl\\\/nl\\\/?s={search_term_string}\"},\"query-input\":{\"@type\":\"PropertyValueSpecification\",\"valueRequired\":true,\"valueName\":\"search_term_string\"}}],\"inLanguage\":\"nl-NL\"}]}<\/script>\n<!-- \/ Yoast SEO plugin. -->","yoast_head_json":{"title":"Kr\u00eaft fan de president John Fitzgerald Kennedy - Diel 9 fan 'In Fryske Odyssee' &#8211; Af\u00fbk Websjop","description":"Kr\u00eaft fan de presidint John Fitzgerald Kennedy is het negende boek in de serie van In Fryske Odyssee. Met daarin is het levensverhaal van boer Bouke Blomhof","robots":{"index":"index","follow":"follow","max-snippet":"max-snippet:-1","max-image-preview":"max-image-preview:large","max-video-preview":"max-video-preview:-1"},"canonical":"https:\/\/websjop.afuk.frl\/nl\/winkel\/kreft-fan-de-president-john-fitzgerald-kennedy\/","og_locale":"nl_NL","og_type":"article","og_title":"Kr\u00eaft fan de president John Fitzgerald Kennedy - Diel 9 fan 'In Fryske Odyssee' &#8211; Af\u00fbk Websjop","og_description":"Kr\u00eaft fan de presidint John Fitzgerald Kennedy is het negende boek in de serie van In Fryske Odyssee. Met daarin is het levensverhaal van boer Bouke Blomhof","og_url":"https:\/\/websjop.afuk.frl\/nl\/winkel\/kreft-fan-de-president-john-fitzgerald-kennedy\/","og_site_name":"Af\u00fbk Websjop","article_modified_time":"2025-10-21T10:18:50+00:00","og_image":[{"width":512,"height":800,"url":"https:\/\/websjop.afuk.frl\/wp-content\/uploads\/2021\/07\/kreft-fan-de-president.jpg","type":"image\/jpeg"}],"twitter_card":"summary_large_image","schema":{"@context":"https:\/\/schema.org","@graph":[{"@type":"WebPage","@id":"https:\/\/websjop.afuk.frl\/nl\/winkel\/kreft-fan-de-president-john-fitzgerald-kennedy\/","url":"https:\/\/websjop.afuk.frl\/nl\/winkel\/kreft-fan-de-president-john-fitzgerald-kennedy\/","name":"Kr\u00eaft fan de president John Fitzgerald Kennedy - Diel 9 fan 'In Fryske Odyssee' &#8211; Af\u00fbk Websjop","isPartOf":{"@id":"https:\/\/websjop.afuk.frl\/nl\/#website"},"primaryImageOfPage":{"@id":"https:\/\/websjop.afuk.frl\/nl\/winkel\/kreft-fan-de-president-john-fitzgerald-kennedy\/#primaryimage"},"image":{"@id":"https:\/\/websjop.afuk.frl\/nl\/winkel\/kreft-fan-de-president-john-fitzgerald-kennedy\/#primaryimage"},"thumbnailUrl":"https:\/\/websjop.afuk.frl\/wp-content\/uploads\/2021\/07\/kreft-fan-de-president.jpg","datePublished":"2021-07-16T11:52:27+00:00","dateModified":"2025-10-21T10:18:50+00:00","description":"Kr\u00eaft fan de presidint John Fitzgerald Kennedy is het negende boek in de serie van In Fryske Odyssee. Met daarin is het levensverhaal van boer Bouke Blomhof","breadcrumb":{"@id":"https:\/\/websjop.afuk.frl\/nl\/winkel\/kreft-fan-de-president-john-fitzgerald-kennedy\/#breadcrumb"},"inLanguage":"nl-NL","potentialAction":[{"@type":"ReadAction","target":["https:\/\/websjop.afuk.frl\/nl\/winkel\/kreft-fan-de-president-john-fitzgerald-kennedy\/"]}]},{"@type":"ImageObject","inLanguage":"nl-NL","@id":"https:\/\/websjop.afuk.frl\/nl\/winkel\/kreft-fan-de-president-john-fitzgerald-kennedy\/#primaryimage","url":"https:\/\/websjop.afuk.frl\/wp-content\/uploads\/2021\/07\/kreft-fan-de-president.jpg","contentUrl":"https:\/\/websjop.afuk.frl\/wp-content\/uploads\/2021\/07\/kreft-fan-de-president.jpg","width":512,"height":800},{"@type":"BreadcrumbList","@id":"https:\/\/websjop.afuk.frl\/nl\/winkel\/kreft-fan-de-president-john-fitzgerald-kennedy\/#breadcrumb","itemListElement":[{"@type":"ListItem","position":1,"name":"Home","item":"https:\/\/websjop.afuk.frl\/nl\/"},{"@type":"ListItem","position":2,"name":"Winkel","item":"https:\/\/websjop.afuk.frl\/nl\/winkel\/"},{"@type":"ListItem","position":3,"name":"Kr\u00eaft fan de president John Fitzgerald Kennedy &#8211; Diel 9 fan &#8216;In Fryske Odyssee&#8217;"}]},{"@type":"WebSite","@id":"https:\/\/websjop.afuk.frl\/nl\/#website","url":"https:\/\/websjop.afuk.frl\/nl\/","name":"Af\u00fbk Websjop","description":"","potentialAction":[{"@type":"SearchAction","target":{"@type":"EntryPoint","urlTemplate":"https:\/\/websjop.afuk.frl\/nl\/?s={search_term_string}"},"query-input":{"@type":"PropertyValueSpecification","valueRequired":true,"valueName":"search_term_string"}}],"inLanguage":"nl-NL"}]}},"_links":{"self":[{"href":"https:\/\/websjop.afuk.frl\/nl\/wp-json\/wp\/v2\/product\/28613","targetHints":{"allow":["GET"]}}],"collection":[{"href":"https:\/\/websjop.afuk.frl\/nl\/wp-json\/wp\/v2\/product"}],"about":[{"href":"https:\/\/websjop.afuk.frl\/nl\/wp-json\/wp\/v2\/types\/product"}],"replies":[{"embeddable":true,"href":"https:\/\/websjop.afuk.frl\/nl\/wp-json\/wp\/v2\/comments?post=28613"}],"wp:featuredmedia":[{"embeddable":true,"href":"https:\/\/websjop.afuk.frl\/nl\/wp-json\/wp\/v2\/media\/28614"}],"wp:attachment":[{"href":"https:\/\/websjop.afuk.frl\/nl\/wp-json\/wp\/v2\/media?parent=28613"}],"wp:term":[{"taxonomy":"product_brand","embeddable":true,"href":"https:\/\/websjop.afuk.frl\/nl\/wp-json\/wp\/v2\/product_brand?post=28613"},{"taxonomy":"product_cat","embeddable":true,"href":"https:\/\/websjop.afuk.frl\/nl\/wp-json\/wp\/v2\/product_cat?post=28613"},{"taxonomy":"product_tag","embeddable":true,"href":"https:\/\/websjop.afuk.frl\/nl\/wp-json\/wp\/v2\/product_tag?post=28613"}],"curies":[{"name":"wp","href":"https:\/\/api.w.org\/{rel}","templated":true}]}}