{"id":28071,"date":"2021-06-17T10:30:33","date_gmt":"2021-06-17T09:30:33","guid":{"rendered":"https:\/\/websjop.afuk.frl\/nl\/?post_type=product&#038;p=28071"},"modified":"2026-01-08T15:54:06","modified_gmt":"2026-01-08T14:54:06","slug":"by-beppe-utfanhus","status":"publish","type":"product","link":"https:\/\/websjop.afuk.frl\/nl\/winkel\/by-beppe-utfanhus\/","title":{"rendered":"By beppe \u00fatfanh\u00fbs"},"content":{"rendered":"<p>Mam moet weg en Maaike gaat bij oma uit logeren. Oma vindt van alles uit, maar hoe later het wordt, hoe meer Maaike haar moeder mist. Oma weet raad, maar nu kan oma zelf niet meer slapen&#8230;<\/p>\n<p>Een prachtig prentenboek, geschikt voor kinderen van 3 jaar en ouder.<\/p>\n<p><a href=\"https:\/\/www.youtube.com\/watch?v=yeppmkxu-FM\" target=\"_blank\" rel=\"noopener\">Kijk hier voor de recensie in Op en Ut.<\/a><\/p>\n<p><a href=\"https:\/\/youtu.be\/VbHCsx2ngq4\" target=\"_blank\" rel=\"noopener\">Bekijk hier een filmpje van Tjitsfloch<\/a> waarin het boek wordt voorgelezen.<\/p>\n<p><em>By beppe \u00fatfanh\u00fbs <\/em>is bekroond met de eerste Diet Huberpriis, de prijs voor het mooist ge\u00efllustreerde kinder- of jeugdboek.<\/p>\n<hr \/>\n<p><em>Wietske Siemensma: &#8220;De illustraties doen mij denken aan de momenten dat ik bij mijn pake en beppe logeerde. De inrichting van beppes huis dateert uit de jaren 80 en 90 van de vorige eeuw. Voor de jongere lezer geen probleem, zij gaan op in het verhaal en alles wat er samen door Maaike en beppe wordt beleefd. Voor de oudere lezer ofwel voorlezer leuk om een kijkje terug te nemen in de tijd en bepaalde voorwerpen te herkennen vanuit je eigen jeugd.&#8221; <a href=\"https:\/\/heitenmem.nl\/artikel\/22348\/de-recensie-van-wietske-by-beppe-utfanhus\/\" target=\"_blank\" rel=\"noopener\">Lees hier de volledige recensie van Wietske.<\/a><\/em><\/p>\n<p><em>Jenny van der Meer: &#8220;Wat is dit in moai boek fan Mirjam van Houten. Der steane prachtige platen yn dy\u2019tsto wiidweidich besjen en beprate kinst mei de bern. Ik ha it boek foarl\u00eazen oan \u00fas famke fan 5 jier. Us dochter fan 7 kin it boek al hielendal sels l\u00eaze. It is foar harren in werkenber \u00fbnderwerp, want \u00fas trije famkes geane ek witte faak by harren \u201cbeppe s\u00fbkerskeppe\u201d \u00fatfanh\u00fas.&#8221; <a href=\"https:\/\/heitenmem.nl\/artikel\/22356\/de-resinsje-fan-jenny-by-beppe-utfanhus\/\" target=\"_blank\" rel=\"noopener\">L\u00eas hjir de folsleine resinsje fan Jenny.<\/a><\/em><\/p>\n<p><em>Anne visser: &#8220;Beppe hat de hannen fol om foar \u00f4flieding te soargjen. Pake is der net mear, tink ik. D\u00ear seit it ferhaal neat oer. De skilderingen wol. Op de side hast oan de ein fan it boek sjogge wy pake syn portret by it b\u00ead fan beppe stean. En pake syn jas leit \u00fatsprate boppe op de tekkens.&#8221; <a href=\"https:\/\/heitenmem.nl\/artikel\/22366\/de-resinsje-fan-anne-by-beppe-utfanhus\/\" target=\"_blank\" rel=\"noopener\">L\u00eas hjir de folsleine resinsje fan Anne.<\/a><\/em><\/p>\n","protected":false},"excerpt":{"rendered":"<p>Mam moet weg en Maaike gaat bij oma uit logeren. Oma vindt van alles uit, maar hoe later het wordt, hoe meer Maaike haar moeder mist. Oma weet raad, maar nu kan oma zelf niet meer slapen&#8230; Een prachtig prentenboek, geschikt voor kinderen van 3 jaar en ouder. Kijk hier voor de recensie in Op [&hellip;]<\/p>\n","protected":false},"featured_media":28077,"comment_status":"closed","ping_status":"closed","template":"","meta":{"_acf_changed":false},"product_brand":[],"product_cat":[1213,549,535,18113,24179,23208,22906],"product_tag":[5286,18775,18890,9891,5451,19902,19903,18776],"class_list":{"0":"post-28071","1":"product","2":"type-product","3":"status-publish","4":"has-post-thumbnail","6":"product_cat-berne-en-jeugdboeken","7":"product_cat-berneboeken-0-tot-4-jaar","8":"product_cat-fryske-boeken","9":"product_cat-pake-en-beppe","10":"product_cat-tema-emoasje","11":"product_cat-tema-famylje","12":"product_cat-tema-sliepe","13":"product_tag-beppe","14":"product_tag-by-beppe-utfanhus","15":"product_tag-logeren","16":"product_tag-mirjam-van-houten","17":"product_tag-printeboek","18":"product_tag-uit-van-huis","19":"product_tag-ut-fan-hus","20":"product_tag-utfanhuzje","21":"product_shipping_class-brievenbus-verzending","22":"pa_auteur-mirjam-van-houten","23":"pa_isbn-18780","24":"pa_new-label-1-3","25":"pa_taal-frysk","26":"pa_uitgever-afuk","28":"first","29":"instock","30":"taxable","31":"shipping-taxable","32":"purchasable","33":"product-type-simple"},"acf":[],"yoast_head":"<!-- This site is optimized with the Yoast SEO plugin v27.2 - https:\/\/yoast.com\/product\/yoast-seo-wordpress\/ -->\n<title>By beppe \u00fatfanh\u00fbs &#8211; Af\u00fbk Websjop<\/title>\n<meta name=\"description\" content=\"Mam moet weg en Maaike gaat bij oma uit logeren. Oma vindt van alles uit, maar hoe later het wordt, hoe meer Maaike haar moeder mist. Maar oma weet raad.\" \/>\n<meta name=\"robots\" content=\"index, follow, max-snippet:-1, max-image-preview:large, max-video-preview:-1\" \/>\n<link rel=\"canonical\" href=\"https:\/\/websjop.afuk.frl\/nl\/winkel\/by-beppe-utfanhus\/\" \/>\n<meta property=\"og:locale\" content=\"nl_NL\" \/>\n<meta property=\"og:type\" content=\"article\" \/>\n<meta property=\"og:title\" content=\"By beppe \u00fatfanh\u00fbs &#8211; Af\u00fbk Websjop\" \/>\n<meta property=\"og:description\" content=\"Mam moet weg en Maaike gaat bij oma uit logeren. Oma vindt van alles uit, maar hoe later het wordt, hoe meer Maaike haar moeder mist. Maar oma weet raad.\" \/>\n<meta property=\"og:url\" content=\"https:\/\/websjop.afuk.frl\/nl\/winkel\/by-beppe-utfanhus\/\" \/>\n<meta property=\"og:site_name\" content=\"Af\u00fbk Websjop\" \/>\n<meta property=\"article:modified_time\" content=\"2026-01-08T14:54:06+00:00\" \/>\n<meta property=\"og:image\" content=\"https:\/\/websjop.afuk.frl\/wp-content\/uploads\/2021\/06\/By-beppe-utfanhus-LR.jpg\" \/>\n\t<meta property=\"og:image:width\" content=\"1000\" \/>\n\t<meta property=\"og:image:height\" content=\"1402\" \/>\n\t<meta property=\"og:image:type\" content=\"image\/jpeg\" \/>\n<meta name=\"twitter:card\" content=\"summary_large_image\" \/>\n<meta name=\"twitter:label1\" content=\"Geschatte leestijd\" \/>\n\t<meta name=\"twitter:data1\" content=\"4 minuten\" \/>\n<script type=\"application\/ld+json\" class=\"yoast-schema-graph\">{\"@context\":\"https:\/\/schema.org\",\"@graph\":[{\"@type\":\"WebPage\",\"@id\":\"https:\/\/websjop.afuk.frl\/nl\/winkel\/by-beppe-utfanhus\/\",\"url\":\"https:\/\/websjop.afuk.frl\/nl\/winkel\/by-beppe-utfanhus\/\",\"name\":\"By beppe \u00fatfanh\u00fbs &#8211; Af\u00fbk Websjop\",\"isPartOf\":{\"@id\":\"https:\/\/websjop.afuk.frl\/nl\/#website\"},\"primaryImageOfPage\":{\"@id\":\"https:\/\/websjop.afuk.frl\/nl\/winkel\/by-beppe-utfanhus\/#primaryimage\"},\"image\":{\"@id\":\"https:\/\/websjop.afuk.frl\/nl\/winkel\/by-beppe-utfanhus\/#primaryimage\"},\"thumbnailUrl\":\"https:\/\/websjop.afuk.frl\/wp-content\/uploads\/2021\/06\/By-beppe-utfanhus-LR.jpg\",\"datePublished\":\"2021-06-17T09:30:33+00:00\",\"dateModified\":\"2026-01-08T14:54:06+00:00\",\"description\":\"Mam moet weg en Maaike gaat bij oma uit logeren. Oma vindt van alles uit, maar hoe later het wordt, hoe meer Maaike haar moeder mist. Maar oma weet raad.\",\"breadcrumb\":{\"@id\":\"https:\/\/websjop.afuk.frl\/nl\/winkel\/by-beppe-utfanhus\/#breadcrumb\"},\"inLanguage\":\"nl-NL\",\"potentialAction\":[{\"@type\":\"ReadAction\",\"target\":[\"https:\/\/websjop.afuk.frl\/nl\/winkel\/by-beppe-utfanhus\/\"]}]},{\"@type\":\"ImageObject\",\"inLanguage\":\"nl-NL\",\"@id\":\"https:\/\/websjop.afuk.frl\/nl\/winkel\/by-beppe-utfanhus\/#primaryimage\",\"url\":\"https:\/\/websjop.afuk.frl\/wp-content\/uploads\/2021\/06\/By-beppe-utfanhus-LR.jpg\",\"contentUrl\":\"https:\/\/websjop.afuk.frl\/wp-content\/uploads\/2021\/06\/By-beppe-utfanhus-LR.jpg\",\"width\":1000,\"height\":1402,\"caption\":\"By beppe \u00fatfanh\u00fbs\"},{\"@type\":\"BreadcrumbList\",\"@id\":\"https:\/\/websjop.afuk.frl\/nl\/winkel\/by-beppe-utfanhus\/#breadcrumb\",\"itemListElement\":[{\"@type\":\"ListItem\",\"position\":1,\"name\":\"Home\",\"item\":\"https:\/\/websjop.afuk.frl\/nl\/\"},{\"@type\":\"ListItem\",\"position\":2,\"name\":\"Winkel\",\"item\":\"https:\/\/websjop.afuk.frl\/nl\/winkel\/\"},{\"@type\":\"ListItem\",\"position\":3,\"name\":\"By beppe \u00fatfanh\u00fbs\"}]},{\"@type\":\"WebSite\",\"@id\":\"https:\/\/websjop.afuk.frl\/nl\/#website\",\"url\":\"https:\/\/websjop.afuk.frl\/nl\/\",\"name\":\"Af\u00fbk Websjop\",\"description\":\"\",\"potentialAction\":[{\"@type\":\"SearchAction\",\"target\":{\"@type\":\"EntryPoint\",\"urlTemplate\":\"https:\/\/websjop.afuk.frl\/nl\/?s={search_term_string}\"},\"query-input\":{\"@type\":\"PropertyValueSpecification\",\"valueRequired\":true,\"valueName\":\"search_term_string\"}}],\"inLanguage\":\"nl-NL\"}]}<\/script>\n<!-- \/ Yoast SEO plugin. -->","yoast_head_json":{"title":"By beppe \u00fatfanh\u00fbs &#8211; Af\u00fbk Websjop","description":"Mam moet weg en Maaike gaat bij oma uit logeren. Oma vindt van alles uit, maar hoe later het wordt, hoe meer Maaike haar moeder mist. Maar oma weet raad.","robots":{"index":"index","follow":"follow","max-snippet":"max-snippet:-1","max-image-preview":"max-image-preview:large","max-video-preview":"max-video-preview:-1"},"canonical":"https:\/\/websjop.afuk.frl\/nl\/winkel\/by-beppe-utfanhus\/","og_locale":"nl_NL","og_type":"article","og_title":"By beppe \u00fatfanh\u00fbs &#8211; Af\u00fbk Websjop","og_description":"Mam moet weg en Maaike gaat bij oma uit logeren. Oma vindt van alles uit, maar hoe later het wordt, hoe meer Maaike haar moeder mist. Maar oma weet raad.","og_url":"https:\/\/websjop.afuk.frl\/nl\/winkel\/by-beppe-utfanhus\/","og_site_name":"Af\u00fbk Websjop","article_modified_time":"2026-01-08T14:54:06+00:00","og_image":[{"width":1000,"height":1402,"url":"https:\/\/websjop.afuk.frl\/wp-content\/uploads\/2021\/06\/By-beppe-utfanhus-LR.jpg","type":"image\/jpeg"}],"twitter_card":"summary_large_image","twitter_misc":{"Geschatte leestijd":"4 minuten"},"schema":{"@context":"https:\/\/schema.org","@graph":[{"@type":"WebPage","@id":"https:\/\/websjop.afuk.frl\/nl\/winkel\/by-beppe-utfanhus\/","url":"https:\/\/websjop.afuk.frl\/nl\/winkel\/by-beppe-utfanhus\/","name":"By beppe \u00fatfanh\u00fbs &#8211; Af\u00fbk Websjop","isPartOf":{"@id":"https:\/\/websjop.afuk.frl\/nl\/#website"},"primaryImageOfPage":{"@id":"https:\/\/websjop.afuk.frl\/nl\/winkel\/by-beppe-utfanhus\/#primaryimage"},"image":{"@id":"https:\/\/websjop.afuk.frl\/nl\/winkel\/by-beppe-utfanhus\/#primaryimage"},"thumbnailUrl":"https:\/\/websjop.afuk.frl\/wp-content\/uploads\/2021\/06\/By-beppe-utfanhus-LR.jpg","datePublished":"2021-06-17T09:30:33+00:00","dateModified":"2026-01-08T14:54:06+00:00","description":"Mam moet weg en Maaike gaat bij oma uit logeren. Oma vindt van alles uit, maar hoe later het wordt, hoe meer Maaike haar moeder mist. Maar oma weet raad.","breadcrumb":{"@id":"https:\/\/websjop.afuk.frl\/nl\/winkel\/by-beppe-utfanhus\/#breadcrumb"},"inLanguage":"nl-NL","potentialAction":[{"@type":"ReadAction","target":["https:\/\/websjop.afuk.frl\/nl\/winkel\/by-beppe-utfanhus\/"]}]},{"@type":"ImageObject","inLanguage":"nl-NL","@id":"https:\/\/websjop.afuk.frl\/nl\/winkel\/by-beppe-utfanhus\/#primaryimage","url":"https:\/\/websjop.afuk.frl\/wp-content\/uploads\/2021\/06\/By-beppe-utfanhus-LR.jpg","contentUrl":"https:\/\/websjop.afuk.frl\/wp-content\/uploads\/2021\/06\/By-beppe-utfanhus-LR.jpg","width":1000,"height":1402,"caption":"By beppe \u00fatfanh\u00fbs"},{"@type":"BreadcrumbList","@id":"https:\/\/websjop.afuk.frl\/nl\/winkel\/by-beppe-utfanhus\/#breadcrumb","itemListElement":[{"@type":"ListItem","position":1,"name":"Home","item":"https:\/\/websjop.afuk.frl\/nl\/"},{"@type":"ListItem","position":2,"name":"Winkel","item":"https:\/\/websjop.afuk.frl\/nl\/winkel\/"},{"@type":"ListItem","position":3,"name":"By beppe \u00fatfanh\u00fbs"}]},{"@type":"WebSite","@id":"https:\/\/websjop.afuk.frl\/nl\/#website","url":"https:\/\/websjop.afuk.frl\/nl\/","name":"Af\u00fbk Websjop","description":"","potentialAction":[{"@type":"SearchAction","target":{"@type":"EntryPoint","urlTemplate":"https:\/\/websjop.afuk.frl\/nl\/?s={search_term_string}"},"query-input":{"@type":"PropertyValueSpecification","valueRequired":true,"valueName":"search_term_string"}}],"inLanguage":"nl-NL"}]}},"_links":{"self":[{"href":"https:\/\/websjop.afuk.frl\/nl\/wp-json\/wp\/v2\/product\/28071","targetHints":{"allow":["GET"]}}],"collection":[{"href":"https:\/\/websjop.afuk.frl\/nl\/wp-json\/wp\/v2\/product"}],"about":[{"href":"https:\/\/websjop.afuk.frl\/nl\/wp-json\/wp\/v2\/types\/product"}],"replies":[{"embeddable":true,"href":"https:\/\/websjop.afuk.frl\/nl\/wp-json\/wp\/v2\/comments?post=28071"}],"wp:featuredmedia":[{"embeddable":true,"href":"https:\/\/websjop.afuk.frl\/nl\/wp-json\/wp\/v2\/media\/28077"}],"wp:attachment":[{"href":"https:\/\/websjop.afuk.frl\/nl\/wp-json\/wp\/v2\/media?parent=28071"}],"wp:term":[{"taxonomy":"product_brand","embeddable":true,"href":"https:\/\/websjop.afuk.frl\/nl\/wp-json\/wp\/v2\/product_brand?post=28071"},{"taxonomy":"product_cat","embeddable":true,"href":"https:\/\/websjop.afuk.frl\/nl\/wp-json\/wp\/v2\/product_cat?post=28071"},{"taxonomy":"product_tag","embeddable":true,"href":"https:\/\/websjop.afuk.frl\/nl\/wp-json\/wp\/v2\/product_tag?post=28071"}],"curies":[{"name":"wp","href":"https:\/\/api.w.org\/{rel}","templated":true}]}}