{"id":27778,"date":"2021-06-07T11:35:57","date_gmt":"2021-06-07T10:35:57","guid":{"rendered":"https:\/\/websjop.afuk.frl\/nl\/?post_type=product&#038;p=27778"},"modified":"2021-06-07T11:53:33","modified_gmt":"2021-06-07T10:53:33","slug":"wat-oerbluwt-ferhaal","status":"publish","type":"product","link":"https:\/\/websjop.afuk.frl\/nl\/winkel\/wat-oerbluwt-ferhaal\/","title":{"rendered":"Wat oerbl\u00fbwt &#8211; Ferhaal"},"content":{"rendered":"<p><em>Wat oerbli\u00fbwt<\/em> is het verhaal waarin Jort verslag doet van de band met zijn zoon Paul. In Zuidwesthoeks Fries vertelt hij hoe deze minder geworden is na verloop van tijd, zet hij de band met zijn eigen moeder en vader daarmee in contrast, laat hij zien hoe het is om dit soort banden te verliezen.<\/p>\n<p>Jo\u00ebl Hut schreef eerder al verhalen en gedichten. Het Zuidwesthoeks is uniek, de schrijfstijl uitdagend en de vorm vaak experimenteel.<\/p>\n<p>&nbsp;<\/p>\n","protected":false},"excerpt":{"rendered":"<p>Wat oerbli\u00fbwt is het verhaal waarin Jort verslag doet van de band met zijn zoon Paul. In Zuidwesthoeks Fries vertelt hij hoe deze minder geworden is na verloop van tijd, zet hij de band met zijn eigen moeder en vader daarmee in contrast, laat hij zien hoe het is om dit soort banden te verliezen. [&hellip;]<\/p>\n","protected":false},"featured_media":27781,"comment_status":"closed","ping_status":"closed","template":"","meta":{"_acf_changed":false},"product_brand":[],"product_cat":[1040,535,1215],"product_tag":[5915,13037,13038,18713],"class_list":{"0":"post-27778","1":"product","2":"type-product","3":"status-publish","4":"has-post-thumbnail","6":"product_cat-ferhalebondels","7":"product_cat-fryske-boeken","8":"product_cat-romans-en-literatuer","9":"product_tag-ferhaal","10":"product_tag-joel-hut","11":"product_tag-sudwesthoeks","12":"product_tag-wat-oerbliuwt","13":"product_shipping_class-brievenbus-verzending","14":"pa_auteur-joel-hut","15":"pa_isbn-18707","16":"pa_new-label-1-3","17":"pa_taal-sudwesthoeks-frys","18":"pa_uitgever-de-sudjouwerij","20":"first","21":"instock","22":"taxable","23":"shipping-taxable","24":"purchasable","25":"product-type-simple"},"acf":[],"yoast_head":"<!-- This site is optimized with the Yoast SEO plugin v27.3 - https:\/\/yoast.com\/product\/yoast-seo-wordpress\/ -->\n<title>Wat oerbl\u00fbwt - Ferhaal &#8211; Af\u00fbk Websjop<\/title>\n<meta name=\"description\" content=\"Wat oerbli\u00fbwt is het verhaal waarin Jort verslag doet van de band met zijn zoon Paul. In Zuidwesthoeks Fries vertelt hij hoe deze steeds minder is geworden.\" \/>\n<meta name=\"robots\" content=\"index, follow, max-snippet:-1, max-image-preview:large, max-video-preview:-1\" \/>\n<link rel=\"canonical\" href=\"https:\/\/websjop.afuk.frl\/nl\/winkel\/wat-oerbluwt-ferhaal\/\" \/>\n<meta property=\"og:locale\" content=\"nl_NL\" \/>\n<meta property=\"og:type\" content=\"article\" \/>\n<meta property=\"og:title\" content=\"Wat oerbl\u00fbwt - Ferhaal &#8211; Af\u00fbk Websjop\" \/>\n<meta property=\"og:description\" content=\"Wat oerbli\u00fbwt is het verhaal waarin Jort verslag doet van de band met zijn zoon Paul. In Zuidwesthoeks Fries vertelt hij hoe deze steeds minder is geworden.\" \/>\n<meta property=\"og:url\" content=\"https:\/\/websjop.afuk.frl\/nl\/winkel\/wat-oerbluwt-ferhaal\/\" \/>\n<meta property=\"og:site_name\" content=\"Af\u00fbk Websjop\" \/>\n<meta property=\"article:modified_time\" content=\"2021-06-07T10:53:33+00:00\" \/>\n<meta property=\"og:image\" content=\"https:\/\/websjop.afuk.frl\/wp-content\/uploads\/2021\/06\/Wat-oerbluwt372.jpg\" \/>\n\t<meta property=\"og:image:width\" content=\"391\" \/>\n\t<meta property=\"og:image:height\" content=\"586\" \/>\n\t<meta property=\"og:image:type\" content=\"image\/jpeg\" \/>\n<meta name=\"twitter:card\" content=\"summary_large_image\" \/>\n<script type=\"application\/ld+json\" class=\"yoast-schema-graph\">{\"@context\":\"https:\\\/\\\/schema.org\",\"@graph\":[{\"@type\":\"WebPage\",\"@id\":\"https:\\\/\\\/websjop.afuk.frl\\\/nl\\\/winkel\\\/wat-oerbluwt-ferhaal\\\/\",\"url\":\"https:\\\/\\\/websjop.afuk.frl\\\/nl\\\/winkel\\\/wat-oerbluwt-ferhaal\\\/\",\"name\":\"Wat oerbl\u00fbwt - Ferhaal &#8211; Af\u00fbk Websjop\",\"isPartOf\":{\"@id\":\"https:\\\/\\\/websjop.afuk.frl\\\/nl\\\/#website\"},\"primaryImageOfPage\":{\"@id\":\"https:\\\/\\\/websjop.afuk.frl\\\/nl\\\/winkel\\\/wat-oerbluwt-ferhaal\\\/#primaryimage\"},\"image\":{\"@id\":\"https:\\\/\\\/websjop.afuk.frl\\\/nl\\\/winkel\\\/wat-oerbluwt-ferhaal\\\/#primaryimage\"},\"thumbnailUrl\":\"https:\\\/\\\/websjop.afuk.frl\\\/wp-content\\\/uploads\\\/2021\\\/06\\\/Wat-oerbluwt372.jpg\",\"datePublished\":\"2021-06-07T10:35:57+00:00\",\"dateModified\":\"2021-06-07T10:53:33+00:00\",\"description\":\"Wat oerbli\u00fbwt is het verhaal waarin Jort verslag doet van de band met zijn zoon Paul. In Zuidwesthoeks Fries vertelt hij hoe deze steeds minder is geworden.\",\"breadcrumb\":{\"@id\":\"https:\\\/\\\/websjop.afuk.frl\\\/nl\\\/winkel\\\/wat-oerbluwt-ferhaal\\\/#breadcrumb\"},\"inLanguage\":\"nl-NL\",\"potentialAction\":[{\"@type\":\"ReadAction\",\"target\":[\"https:\\\/\\\/websjop.afuk.frl\\\/nl\\\/winkel\\\/wat-oerbluwt-ferhaal\\\/\"]}]},{\"@type\":\"ImageObject\",\"inLanguage\":\"nl-NL\",\"@id\":\"https:\\\/\\\/websjop.afuk.frl\\\/nl\\\/winkel\\\/wat-oerbluwt-ferhaal\\\/#primaryimage\",\"url\":\"https:\\\/\\\/websjop.afuk.frl\\\/wp-content\\\/uploads\\\/2021\\\/06\\\/Wat-oerbluwt372.jpg\",\"contentUrl\":\"https:\\\/\\\/websjop.afuk.frl\\\/wp-content\\\/uploads\\\/2021\\\/06\\\/Wat-oerbluwt372.jpg\",\"width\":391,\"height\":586,\"caption\":\"Wat oerbl\u00fbwt\"},{\"@type\":\"BreadcrumbList\",\"@id\":\"https:\\\/\\\/websjop.afuk.frl\\\/nl\\\/winkel\\\/wat-oerbluwt-ferhaal\\\/#breadcrumb\",\"itemListElement\":[{\"@type\":\"ListItem\",\"position\":1,\"name\":\"Home\",\"item\":\"https:\\\/\\\/websjop.afuk.frl\\\/nl\\\/\"},{\"@type\":\"ListItem\",\"position\":2,\"name\":\"Winkel\",\"item\":\"https:\\\/\\\/websjop.afuk.frl\\\/nl\\\/winkel\\\/\"},{\"@type\":\"ListItem\",\"position\":3,\"name\":\"Wat oerbl\u00fbwt &#8211; Ferhaal\"}]},{\"@type\":\"WebSite\",\"@id\":\"https:\\\/\\\/websjop.afuk.frl\\\/nl\\\/#website\",\"url\":\"https:\\\/\\\/websjop.afuk.frl\\\/nl\\\/\",\"name\":\"Af\u00fbk Websjop\",\"description\":\"\",\"potentialAction\":[{\"@type\":\"SearchAction\",\"target\":{\"@type\":\"EntryPoint\",\"urlTemplate\":\"https:\\\/\\\/websjop.afuk.frl\\\/nl\\\/?s={search_term_string}\"},\"query-input\":{\"@type\":\"PropertyValueSpecification\",\"valueRequired\":true,\"valueName\":\"search_term_string\"}}],\"inLanguage\":\"nl-NL\"}]}<\/script>\n<!-- \/ Yoast SEO plugin. -->","yoast_head_json":{"title":"Wat oerbl\u00fbwt - Ferhaal &#8211; Af\u00fbk Websjop","description":"Wat oerbli\u00fbwt is het verhaal waarin Jort verslag doet van de band met zijn zoon Paul. In Zuidwesthoeks Fries vertelt hij hoe deze steeds minder is geworden.","robots":{"index":"index","follow":"follow","max-snippet":"max-snippet:-1","max-image-preview":"max-image-preview:large","max-video-preview":"max-video-preview:-1"},"canonical":"https:\/\/websjop.afuk.frl\/nl\/winkel\/wat-oerbluwt-ferhaal\/","og_locale":"nl_NL","og_type":"article","og_title":"Wat oerbl\u00fbwt - Ferhaal &#8211; Af\u00fbk Websjop","og_description":"Wat oerbli\u00fbwt is het verhaal waarin Jort verslag doet van de band met zijn zoon Paul. In Zuidwesthoeks Fries vertelt hij hoe deze steeds minder is geworden.","og_url":"https:\/\/websjop.afuk.frl\/nl\/winkel\/wat-oerbluwt-ferhaal\/","og_site_name":"Af\u00fbk Websjop","article_modified_time":"2021-06-07T10:53:33+00:00","og_image":[{"width":391,"height":586,"url":"https:\/\/websjop.afuk.frl\/wp-content\/uploads\/2021\/06\/Wat-oerbluwt372.jpg","type":"image\/jpeg"}],"twitter_card":"summary_large_image","schema":{"@context":"https:\/\/schema.org","@graph":[{"@type":"WebPage","@id":"https:\/\/websjop.afuk.frl\/nl\/winkel\/wat-oerbluwt-ferhaal\/","url":"https:\/\/websjop.afuk.frl\/nl\/winkel\/wat-oerbluwt-ferhaal\/","name":"Wat oerbl\u00fbwt - Ferhaal &#8211; Af\u00fbk Websjop","isPartOf":{"@id":"https:\/\/websjop.afuk.frl\/nl\/#website"},"primaryImageOfPage":{"@id":"https:\/\/websjop.afuk.frl\/nl\/winkel\/wat-oerbluwt-ferhaal\/#primaryimage"},"image":{"@id":"https:\/\/websjop.afuk.frl\/nl\/winkel\/wat-oerbluwt-ferhaal\/#primaryimage"},"thumbnailUrl":"https:\/\/websjop.afuk.frl\/wp-content\/uploads\/2021\/06\/Wat-oerbluwt372.jpg","datePublished":"2021-06-07T10:35:57+00:00","dateModified":"2021-06-07T10:53:33+00:00","description":"Wat oerbli\u00fbwt is het verhaal waarin Jort verslag doet van de band met zijn zoon Paul. In Zuidwesthoeks Fries vertelt hij hoe deze steeds minder is geworden.","breadcrumb":{"@id":"https:\/\/websjop.afuk.frl\/nl\/winkel\/wat-oerbluwt-ferhaal\/#breadcrumb"},"inLanguage":"nl-NL","potentialAction":[{"@type":"ReadAction","target":["https:\/\/websjop.afuk.frl\/nl\/winkel\/wat-oerbluwt-ferhaal\/"]}]},{"@type":"ImageObject","inLanguage":"nl-NL","@id":"https:\/\/websjop.afuk.frl\/nl\/winkel\/wat-oerbluwt-ferhaal\/#primaryimage","url":"https:\/\/websjop.afuk.frl\/wp-content\/uploads\/2021\/06\/Wat-oerbluwt372.jpg","contentUrl":"https:\/\/websjop.afuk.frl\/wp-content\/uploads\/2021\/06\/Wat-oerbluwt372.jpg","width":391,"height":586,"caption":"Wat oerbl\u00fbwt"},{"@type":"BreadcrumbList","@id":"https:\/\/websjop.afuk.frl\/nl\/winkel\/wat-oerbluwt-ferhaal\/#breadcrumb","itemListElement":[{"@type":"ListItem","position":1,"name":"Home","item":"https:\/\/websjop.afuk.frl\/nl\/"},{"@type":"ListItem","position":2,"name":"Winkel","item":"https:\/\/websjop.afuk.frl\/nl\/winkel\/"},{"@type":"ListItem","position":3,"name":"Wat oerbl\u00fbwt &#8211; Ferhaal"}]},{"@type":"WebSite","@id":"https:\/\/websjop.afuk.frl\/nl\/#website","url":"https:\/\/websjop.afuk.frl\/nl\/","name":"Af\u00fbk Websjop","description":"","potentialAction":[{"@type":"SearchAction","target":{"@type":"EntryPoint","urlTemplate":"https:\/\/websjop.afuk.frl\/nl\/?s={search_term_string}"},"query-input":{"@type":"PropertyValueSpecification","valueRequired":true,"valueName":"search_term_string"}}],"inLanguage":"nl-NL"}]}},"_links":{"self":[{"href":"https:\/\/websjop.afuk.frl\/nl\/wp-json\/wp\/v2\/product\/27778","targetHints":{"allow":["GET"]}}],"collection":[{"href":"https:\/\/websjop.afuk.frl\/nl\/wp-json\/wp\/v2\/product"}],"about":[{"href":"https:\/\/websjop.afuk.frl\/nl\/wp-json\/wp\/v2\/types\/product"}],"replies":[{"embeddable":true,"href":"https:\/\/websjop.afuk.frl\/nl\/wp-json\/wp\/v2\/comments?post=27778"}],"wp:featuredmedia":[{"embeddable":true,"href":"https:\/\/websjop.afuk.frl\/nl\/wp-json\/wp\/v2\/media\/27781"}],"wp:attachment":[{"href":"https:\/\/websjop.afuk.frl\/nl\/wp-json\/wp\/v2\/media?parent=27778"}],"wp:term":[{"taxonomy":"product_brand","embeddable":true,"href":"https:\/\/websjop.afuk.frl\/nl\/wp-json\/wp\/v2\/product_brand?post=27778"},{"taxonomy":"product_cat","embeddable":true,"href":"https:\/\/websjop.afuk.frl\/nl\/wp-json\/wp\/v2\/product_cat?post=27778"},{"taxonomy":"product_tag","embeddable":true,"href":"https:\/\/websjop.afuk.frl\/nl\/wp-json\/wp\/v2\/product_tag?post=27778"}],"curies":[{"name":"wp","href":"https:\/\/api.w.org\/{rel}","templated":true}]}}