{"id":27538,"date":"2021-05-31T10:19:39","date_gmt":"2021-05-31T09:19:39","guid":{"rendered":"https:\/\/websjop.afuk.frl\/nl\/?post_type=product&#038;p=27538"},"modified":"2026-01-08T16:01:55","modified_gmt":"2026-01-08T15:01:55","slug":"timen-op-e-tegels","status":"publish","type":"product","link":"https:\/\/websjop.afuk.frl\/nl\/winkel\/timen-op-e-tegels\/","title":{"rendered":"Timen op \u2019e tegels"},"content":{"rendered":"<p>De Klassieker van Tjibbe Veldkamp in Friese vertaling.<\/p>\n<p><em>&#8216;Wel op de stoeptegels blijven, h\u00e8, zei Tims vader. `Waarom? vroeg Tim. `Omdat het gevaarlijk is om van de tegels te gaan, zei zijn vader.&#8217;<\/em><\/p>\n<p>Zoals beloofd blijft Tim op de stoeptegels. Ook al worden de tegels opgetild door stratenmakers, een vrachtwagenchauffeur, havenwerkers en zelfs een hijskraan&#8230;<\/p>\n<hr \/>\n<p><em>Carin Wassenaar: &#8220;Dit humoristische verhaal over de ondeugende Timen is geschreven door Tjibbe Veldkamp. Het is een herkenbaar, avontuurlijk en grappig verhaal waar Tjibbe Veldkamp ook om bekend staat en wat vooral jongens erg aan zal spreken. In het verhaal zit veel herhaling wat helpt om het beter te begrijpen. Timo van 3 jaar vindt het heel erg leuk dat er allemaal stoere mannen in het verhaal voorkomen zoals een stratenmaker, een vrachtwagenchauffeur en een kapitein. Hij kijkt zijn ogen uit!&#8221; <a href=\"https:\/\/heitenmem.nl\/artikel\/22259\/de-recensie-van-carin-timen-op-e-tegels\/\" target=\"_blank\" rel=\"noopener\">L\u00eas hjir de folsleine resinsje fan Carin.<\/a><\/em><\/p>\n<p><em>Froukje Lok: &#8220;In prachtich boek dat troch it \u00fbnderwerp, de werhelling en de yllustraasjes heel geskikt is foar jonge bern, fan trije jier \u00f4f. Mar troch de d\u00fbbele laach fan humor ek heel geskikt foar wat \u00e2ldere bern. As mem fyn ik de boeken fan Tjibbe Veldkamp stikem ek hiel leuk.&#8221; <a href=\"https:\/\/heitenmem.nl\/artikel\/22328\/de-boekresinsje-fan-froukje-timen-op-e-tegels\/\" target=\"_blank\" rel=\"noopener\">L\u00eas hjir de folsleine resinsje fan Froukje.<\/a><\/em><\/p>\n","protected":false},"excerpt":{"rendered":"<p>De Klassieker van Tjibbe Veldkamp in Friese vertaling. &#8216;Wel op de stoeptegels blijven, h\u00e8, zei Tims vader. `Waarom? vroeg Tim. `Omdat het gevaarlijk is om van de tegels te gaan, zei zijn vader.&#8217; Zoals beloofd blijft Tim op de stoeptegels. Ook al worden de tegels opgetild door stratenmakers, een vrachtwagenchauffeur, havenwerkers en zelfs een hijskraan&#8230; [&hellip;]<\/p>\n","protected":false},"featured_media":27544,"comment_status":"closed","ping_status":"closed","template":"","meta":{"_acf_changed":false},"product_brand":[],"product_cat":[1213,549,535,1255,21150,22478,23627,22943],"product_tag":[18684,8628,18683,18703,18704,18702,9718,5451,18706,18705,18682,17027],"class_list":{"0":"post-27538","1":"product","2":"type-product","3":"status-publish","4":"has-post-thumbnail","6":"product_cat-berne-en-jeugdboeken","7":"product_cat-berneboeken-0-tot-4-jaar","8":"product_cat-fryske-boeken","9":"product_cat-kado-s-foar-de-feestdagen","10":"product_cat-kinderboekenweek","11":"product_cat-nationale-voorleesdagen","12":"product_cat-op-aventoer","13":"product_cat-tema-underweis","14":"product_tag-gefaar","15":"product_tag-humor","16":"product_tag-hyskraan","17":"product_tag-jongensboek","18":"product_tag-jonges","19":"product_tag-jongesboek","20":"product_tag-jonkje","21":"product_tag-printeboek","22":"product_tag-tegels","23":"product_tag-tiemen","24":"product_tag-timen-op-e-tegels","25":"product_tag-tjibbe-veldkamp","26":"product_shipping_class-brievenbus-verzending","27":"pa_auteur-tjibbe-veldkamp","28":"pa_isbn-18681","29":"pa_new-label-1-3","30":"pa_taal-frysk","31":"pa_uitgever-afuk","32":"pa_vertaler-gerda-van-der-wijk","34":"first","35":"instock","36":"taxable","37":"shipping-taxable","38":"purchasable","39":"product-type-simple"},"acf":[],"yoast_head":"<!-- This site is optimized with the Yoast SEO plugin v27.2 - https:\/\/yoast.com\/product\/yoast-seo-wordpress\/ -->\n<title>Timen op \u2019e tegels &#8211; Af\u00fbk Websjop<\/title>\n<meta name=\"description\" content=\"Timen moet van vader op de stoeptegels blijven. Ook al worden de tegels opgetild door stratenmakers, havenwerkers en zelfs een hijskraan...\" \/>\n<meta name=\"robots\" content=\"index, follow, max-snippet:-1, max-image-preview:large, max-video-preview:-1\" \/>\n<link rel=\"canonical\" href=\"https:\/\/websjop.afuk.frl\/nl\/winkel\/timen-op-e-tegels\/\" \/>\n<meta property=\"og:locale\" content=\"nl_NL\" \/>\n<meta property=\"og:type\" content=\"article\" \/>\n<meta property=\"og:title\" content=\"Timen op \u2019e tegels &#8211; Af\u00fbk Websjop\" \/>\n<meta property=\"og:description\" content=\"Timen moet van vader op de stoeptegels blijven. Ook al worden de tegels opgetild door stratenmakers, havenwerkers en zelfs een hijskraan...\" \/>\n<meta property=\"og:url\" content=\"https:\/\/websjop.afuk.frl\/nl\/winkel\/timen-op-e-tegels\/\" \/>\n<meta property=\"og:site_name\" content=\"Af\u00fbk Websjop\" \/>\n<meta property=\"article:modified_time\" content=\"2026-01-08T15:01:55+00:00\" \/>\n<meta property=\"og:image\" content=\"https:\/\/websjop.afuk.frl\/wp-content\/uploads\/2021\/05\/Timen-op-e-tegelsLR.jpg\" \/>\n\t<meta property=\"og:image:width\" content=\"1000\" \/>\n\t<meta property=\"og:image:height\" content=\"1412\" \/>\n\t<meta property=\"og:image:type\" content=\"image\/jpeg\" \/>\n<meta name=\"twitter:card\" content=\"summary_large_image\" \/>\n<meta name=\"twitter:label1\" content=\"Geschatte leestijd\" \/>\n\t<meta name=\"twitter:data1\" content=\"1 minuut\" \/>\n<script type=\"application\/ld+json\" class=\"yoast-schema-graph\">{\"@context\":\"https:\/\/schema.org\",\"@graph\":[{\"@type\":\"WebPage\",\"@id\":\"https:\/\/websjop.afuk.frl\/nl\/winkel\/timen-op-e-tegels\/\",\"url\":\"https:\/\/websjop.afuk.frl\/nl\/winkel\/timen-op-e-tegels\/\",\"name\":\"Timen op \u2019e tegels &#8211; Af\u00fbk Websjop\",\"isPartOf\":{\"@id\":\"https:\/\/websjop.afuk.frl\/nl\/#website\"},\"primaryImageOfPage\":{\"@id\":\"https:\/\/websjop.afuk.frl\/nl\/winkel\/timen-op-e-tegels\/#primaryimage\"},\"image\":{\"@id\":\"https:\/\/websjop.afuk.frl\/nl\/winkel\/timen-op-e-tegels\/#primaryimage\"},\"thumbnailUrl\":\"https:\/\/websjop.afuk.frl\/wp-content\/uploads\/2021\/05\/Timen-op-e-tegelsLR.jpg\",\"datePublished\":\"2021-05-31T09:19:39+00:00\",\"dateModified\":\"2026-01-08T15:01:55+00:00\",\"description\":\"Timen moet van vader op de stoeptegels blijven. Ook al worden de tegels opgetild door stratenmakers, havenwerkers en zelfs een hijskraan...\",\"breadcrumb\":{\"@id\":\"https:\/\/websjop.afuk.frl\/nl\/winkel\/timen-op-e-tegels\/#breadcrumb\"},\"inLanguage\":\"nl-NL\",\"potentialAction\":[{\"@type\":\"ReadAction\",\"target\":[\"https:\/\/websjop.afuk.frl\/nl\/winkel\/timen-op-e-tegels\/\"]}]},{\"@type\":\"ImageObject\",\"inLanguage\":\"nl-NL\",\"@id\":\"https:\/\/websjop.afuk.frl\/nl\/winkel\/timen-op-e-tegels\/#primaryimage\",\"url\":\"https:\/\/websjop.afuk.frl\/wp-content\/uploads\/2021\/05\/Timen-op-e-tegelsLR.jpg\",\"contentUrl\":\"https:\/\/websjop.afuk.frl\/wp-content\/uploads\/2021\/05\/Timen-op-e-tegelsLR.jpg\",\"width\":1000,\"height\":1412,\"caption\":\"Timen op 'e tegels\"},{\"@type\":\"BreadcrumbList\",\"@id\":\"https:\/\/websjop.afuk.frl\/nl\/winkel\/timen-op-e-tegels\/#breadcrumb\",\"itemListElement\":[{\"@type\":\"ListItem\",\"position\":1,\"name\":\"Home\",\"item\":\"https:\/\/websjop.afuk.frl\/nl\/\"},{\"@type\":\"ListItem\",\"position\":2,\"name\":\"Winkel\",\"item\":\"https:\/\/websjop.afuk.frl\/nl\/winkel\/\"},{\"@type\":\"ListItem\",\"position\":3,\"name\":\"Timen op \u2019e tegels\"}]},{\"@type\":\"WebSite\",\"@id\":\"https:\/\/websjop.afuk.frl\/nl\/#website\",\"url\":\"https:\/\/websjop.afuk.frl\/nl\/\",\"name\":\"Af\u00fbk Websjop\",\"description\":\"\",\"potentialAction\":[{\"@type\":\"SearchAction\",\"target\":{\"@type\":\"EntryPoint\",\"urlTemplate\":\"https:\/\/websjop.afuk.frl\/nl\/?s={search_term_string}\"},\"query-input\":{\"@type\":\"PropertyValueSpecification\",\"valueRequired\":true,\"valueName\":\"search_term_string\"}}],\"inLanguage\":\"nl-NL\"}]}<\/script>\n<!-- \/ Yoast SEO plugin. -->","yoast_head_json":{"title":"Timen op \u2019e tegels &#8211; Af\u00fbk Websjop","description":"Timen moet van vader op de stoeptegels blijven. Ook al worden de tegels opgetild door stratenmakers, havenwerkers en zelfs een hijskraan...","robots":{"index":"index","follow":"follow","max-snippet":"max-snippet:-1","max-image-preview":"max-image-preview:large","max-video-preview":"max-video-preview:-1"},"canonical":"https:\/\/websjop.afuk.frl\/nl\/winkel\/timen-op-e-tegels\/","og_locale":"nl_NL","og_type":"article","og_title":"Timen op \u2019e tegels &#8211; Af\u00fbk Websjop","og_description":"Timen moet van vader op de stoeptegels blijven. Ook al worden de tegels opgetild door stratenmakers, havenwerkers en zelfs een hijskraan...","og_url":"https:\/\/websjop.afuk.frl\/nl\/winkel\/timen-op-e-tegels\/","og_site_name":"Af\u00fbk Websjop","article_modified_time":"2026-01-08T15:01:55+00:00","og_image":[{"width":1000,"height":1412,"url":"https:\/\/websjop.afuk.frl\/wp-content\/uploads\/2021\/05\/Timen-op-e-tegelsLR.jpg","type":"image\/jpeg"}],"twitter_card":"summary_large_image","twitter_misc":{"Geschatte leestijd":"1 minuut"},"schema":{"@context":"https:\/\/schema.org","@graph":[{"@type":"WebPage","@id":"https:\/\/websjop.afuk.frl\/nl\/winkel\/timen-op-e-tegels\/","url":"https:\/\/websjop.afuk.frl\/nl\/winkel\/timen-op-e-tegels\/","name":"Timen op \u2019e tegels &#8211; Af\u00fbk Websjop","isPartOf":{"@id":"https:\/\/websjop.afuk.frl\/nl\/#website"},"primaryImageOfPage":{"@id":"https:\/\/websjop.afuk.frl\/nl\/winkel\/timen-op-e-tegels\/#primaryimage"},"image":{"@id":"https:\/\/websjop.afuk.frl\/nl\/winkel\/timen-op-e-tegels\/#primaryimage"},"thumbnailUrl":"https:\/\/websjop.afuk.frl\/wp-content\/uploads\/2021\/05\/Timen-op-e-tegelsLR.jpg","datePublished":"2021-05-31T09:19:39+00:00","dateModified":"2026-01-08T15:01:55+00:00","description":"Timen moet van vader op de stoeptegels blijven. Ook al worden de tegels opgetild door stratenmakers, havenwerkers en zelfs een hijskraan...","breadcrumb":{"@id":"https:\/\/websjop.afuk.frl\/nl\/winkel\/timen-op-e-tegels\/#breadcrumb"},"inLanguage":"nl-NL","potentialAction":[{"@type":"ReadAction","target":["https:\/\/websjop.afuk.frl\/nl\/winkel\/timen-op-e-tegels\/"]}]},{"@type":"ImageObject","inLanguage":"nl-NL","@id":"https:\/\/websjop.afuk.frl\/nl\/winkel\/timen-op-e-tegels\/#primaryimage","url":"https:\/\/websjop.afuk.frl\/wp-content\/uploads\/2021\/05\/Timen-op-e-tegelsLR.jpg","contentUrl":"https:\/\/websjop.afuk.frl\/wp-content\/uploads\/2021\/05\/Timen-op-e-tegelsLR.jpg","width":1000,"height":1412,"caption":"Timen op 'e tegels"},{"@type":"BreadcrumbList","@id":"https:\/\/websjop.afuk.frl\/nl\/winkel\/timen-op-e-tegels\/#breadcrumb","itemListElement":[{"@type":"ListItem","position":1,"name":"Home","item":"https:\/\/websjop.afuk.frl\/nl\/"},{"@type":"ListItem","position":2,"name":"Winkel","item":"https:\/\/websjop.afuk.frl\/nl\/winkel\/"},{"@type":"ListItem","position":3,"name":"Timen op \u2019e tegels"}]},{"@type":"WebSite","@id":"https:\/\/websjop.afuk.frl\/nl\/#website","url":"https:\/\/websjop.afuk.frl\/nl\/","name":"Af\u00fbk Websjop","description":"","potentialAction":[{"@type":"SearchAction","target":{"@type":"EntryPoint","urlTemplate":"https:\/\/websjop.afuk.frl\/nl\/?s={search_term_string}"},"query-input":{"@type":"PropertyValueSpecification","valueRequired":true,"valueName":"search_term_string"}}],"inLanguage":"nl-NL"}]}},"_links":{"self":[{"href":"https:\/\/websjop.afuk.frl\/nl\/wp-json\/wp\/v2\/product\/27538","targetHints":{"allow":["GET"]}}],"collection":[{"href":"https:\/\/websjop.afuk.frl\/nl\/wp-json\/wp\/v2\/product"}],"about":[{"href":"https:\/\/websjop.afuk.frl\/nl\/wp-json\/wp\/v2\/types\/product"}],"replies":[{"embeddable":true,"href":"https:\/\/websjop.afuk.frl\/nl\/wp-json\/wp\/v2\/comments?post=27538"}],"wp:featuredmedia":[{"embeddable":true,"href":"https:\/\/websjop.afuk.frl\/nl\/wp-json\/wp\/v2\/media\/27544"}],"wp:attachment":[{"href":"https:\/\/websjop.afuk.frl\/nl\/wp-json\/wp\/v2\/media?parent=27538"}],"wp:term":[{"taxonomy":"product_brand","embeddable":true,"href":"https:\/\/websjop.afuk.frl\/nl\/wp-json\/wp\/v2\/product_brand?post=27538"},{"taxonomy":"product_cat","embeddable":true,"href":"https:\/\/websjop.afuk.frl\/nl\/wp-json\/wp\/v2\/product_cat?post=27538"},{"taxonomy":"product_tag","embeddable":true,"href":"https:\/\/websjop.afuk.frl\/nl\/wp-json\/wp\/v2\/product_tag?post=27538"}],"curies":[{"name":"wp","href":"https:\/\/api.w.org\/{rel}","templated":true}]}}