{"id":27282,"date":"2025-12-30T12:45:17","date_gmt":"2025-12-30T11:45:17","guid":{"rendered":"https:\/\/websjop.afuk.frl\/nl\/?post_type=product&#038;p=27282"},"modified":"2026-02-11T11:27:02","modified_gmt":"2026-02-11T10:27:02","slug":"wer-is-keimpe","status":"publish","type":"product","link":"https:\/\/websjop.afuk.frl\/nl\/winkel\/wer-is-keimpe\/","title":{"rendered":"W\u00ear is Keimpe?"},"content":{"rendered":"<p>Een prachtig kijk-, leer- en vertelboek van Keimpe de Krokodil. Het boek is drietalig: Fries, Nederlands en Engels. De uitspraak van de woorden is in drie talen online via de QR-code of op de website <a href=\"http:\/\/www.keimpe.frl\" target=\"_blank\" rel=\"noopener\">www.keimpe.frl<\/a> te vinden.<\/p>\n<p>&nbsp;<\/p>\n<hr \/>\n<p><em>Jolanda: &#8220;Wat moai om sa in skoft hielendal \u2018yn it momint\u2019 yn it boek om te bl\u00eadzjen. Wy stelden elkoar fragen, neidat wy Keimpe op alle siden f\u00fbn hienen. Guon plaatsjes lieten my laitsje. Sa as by \u2018bistet\u00fan\u2019 it jonkje dat in raar gesicht l\u00fbkt nei in oaljefant, dat docht my tinken oan de (\u00e2lde) reklame fan s\u00fbkelade d\u00ear\u2019tst kramp fan yn de kaken krigest\u00a0 \u00a0Of by \u2018skoalle\u2019, datst krekt sjochst dat der immen op it h\u00faske sit of d\u00earhinne draaft.&#8221; <a href=\"https:\/\/heitenmem.nl\/artikel\/22805\/de-resinsje-fan-jolanda-wer-is-keimpe\/\" target=\"_blank\" rel=\"noopener\">L\u00eas hjir de folsleine resinsje fan Jolanda.<\/a><\/em><\/p>\n<p><em>Irene: &#8220;Seppe (2) fynt it kaft al prachtich, mei al dy drok dwaande krokodiltsjes derop. Dochs slacht er it boek fuort iepen, nijsgjirrich nei de rest. De platen oer famylje, de buorkerij, it ferkear en fan de fak\u00e2nsje sprekke dalik oan. Hoe langer oft wy sjogge en sykje, hoe mear details wy \u00fbntdekke.&#8221; <a href=\"https:\/\/heitenmem.nl\/artikel\/22799\/de-resinsje-fan-irene-wer-is-keimpe\/\" target=\"_blank\" rel=\"noopener\">L\u00eas hjir de folsleine resinsje fan Irene.<\/a><\/em><\/p>\n<p>&nbsp;<\/p>\n","protected":false},"excerpt":{"rendered":"<p>Een prachtig kijk-, leer- en vertelboek van Keimpe de Krokodil. Het boek is drietalig: Fries, Nederlands en Engels. De uitspraak van de woorden is in drie talen online via de QR-code of op de website www.keimpe.frl te vinden. &nbsp; Jolanda: &#8220;Wat moai om sa in skoft hielendal \u2018yn it momint\u2019 yn it boek om te [&hellip;]<\/p>\n","protected":false},"featured_media":27285,"comment_status":"closed","ping_status":"closed","template":"","meta":{"_acf_changed":false},"product_brand":[],"product_cat":[1213,549,550,19143,535,24643,22355,22914],"product_tag":[18616,18618,18620,18619,18617,18621],"class_list":{"0":"post-27282","1":"product","2":"type-product","3":"status-publish","4":"has-post-thumbnail","6":"product_cat-berne-en-jeugdboeken","7":"product_cat-berneboeken-0-tot-4-jaar","8":"product_cat-berneboeken-4-8","9":"product_cat-boeketop-10-foar-pjutten","10":"product_cat-fryske-boeken","11":"product_cat-keimpe","12":"product_cat-hjerst","13":"product_cat-tema-meartalich","14":"product_tag-aart-cornelissen","15":"product_tag-fertelboek","16":"product_tag-keimpe-de-krokodil","17":"product_tag-kijkboek","18":"product_tag-sjochboek","19":"product_tag-wer-is-keimpe","20":"product_shipping_class-pakketpost-verzending","21":"pa_auteur-gearstalling-gelske-bosch-en-lisa-hiemstra","22":"pa_isbn-18613","23":"pa_new-label-1-3","24":"pa_taal-frysk-nederlansk-ingelsk","25":"pa_uitgever-afuk","26":"pa_vertaler-ytsje-steen-stephan-berger-laura-watkinson","28":"first","29":"instock","30":"taxable","31":"shipping-taxable","32":"purchasable","33":"product-type-simple"},"acf":[],"yoast_head":"<!-- This site is optimized with the Yoast SEO plugin v27.2 - https:\/\/yoast.com\/product\/yoast-seo-wordpress\/ -->\n<title>W\u00ear is Keimpe? &#8211; Af\u00fbk Websjop<\/title>\n<meta name=\"description\" content=\"Een prachtig kijk-, leer- en vertelboek van Keimpe de Krokodil. Het boek is drietalig: Fries, Nederlands en Engels. Met QR-code voor meer info.\" \/>\n<meta name=\"robots\" content=\"index, follow, max-snippet:-1, max-image-preview:large, max-video-preview:-1\" \/>\n<link rel=\"canonical\" href=\"https:\/\/websjop.afuk.frl\/nl\/winkel\/wer-is-keimpe\/\" \/>\n<meta property=\"og:locale\" content=\"nl_NL\" \/>\n<meta property=\"og:type\" content=\"article\" \/>\n<meta property=\"og:title\" content=\"W\u00ear is Keimpe? &#8211; Af\u00fbk Websjop\" \/>\n<meta property=\"og:description\" content=\"Een prachtig kijk-, leer- en vertelboek van Keimpe de Krokodil. Het boek is drietalig: Fries, Nederlands en Engels. Met QR-code voor meer info.\" \/>\n<meta property=\"og:url\" content=\"https:\/\/websjop.afuk.frl\/nl\/winkel\/wer-is-keimpe\/\" \/>\n<meta property=\"og:site_name\" content=\"Af\u00fbk Websjop\" \/>\n<meta property=\"article:modified_time\" content=\"2026-02-11T10:27:02+00:00\" \/>\n<meta property=\"og:image\" content=\"https:\/\/websjop.afuk.frl\/wp-content\/uploads\/2021\/05\/Wer-is-Keimpe-LR.jpg\" \/>\n\t<meta property=\"og:image:width\" content=\"1000\" \/>\n\t<meta property=\"og:image:height\" content=\"1237\" \/>\n\t<meta property=\"og:image:type\" content=\"image\/jpeg\" \/>\n<meta name=\"twitter:card\" content=\"summary_large_image\" \/>\n<meta name=\"twitter:label1\" content=\"Geschatte leestijd\" \/>\n\t<meta name=\"twitter:data1\" content=\"3 minuten\" \/>\n<script type=\"application\/ld+json\" class=\"yoast-schema-graph\">{\"@context\":\"https:\/\/schema.org\",\"@graph\":[{\"@type\":\"WebPage\",\"@id\":\"https:\/\/websjop.afuk.frl\/nl\/winkel\/wer-is-keimpe\/\",\"url\":\"https:\/\/websjop.afuk.frl\/nl\/winkel\/wer-is-keimpe\/\",\"name\":\"W\u00ear is Keimpe? &#8211; Af\u00fbk Websjop\",\"isPartOf\":{\"@id\":\"https:\/\/websjop.afuk.frl\/nl\/#website\"},\"primaryImageOfPage\":{\"@id\":\"https:\/\/websjop.afuk.frl\/nl\/winkel\/wer-is-keimpe\/#primaryimage\"},\"image\":{\"@id\":\"https:\/\/websjop.afuk.frl\/nl\/winkel\/wer-is-keimpe\/#primaryimage\"},\"thumbnailUrl\":\"https:\/\/websjop.afuk.frl\/wp-content\/uploads\/2021\/05\/Wer-is-Keimpe-LR.jpg\",\"datePublished\":\"2025-12-30T11:45:17+00:00\",\"dateModified\":\"2026-02-11T10:27:02+00:00\",\"description\":\"Een prachtig kijk-, leer- en vertelboek van Keimpe de Krokodil. Het boek is drietalig: Fries, Nederlands en Engels. Met QR-code voor meer info.\",\"breadcrumb\":{\"@id\":\"https:\/\/websjop.afuk.frl\/nl\/winkel\/wer-is-keimpe\/#breadcrumb\"},\"inLanguage\":\"nl-NL\",\"potentialAction\":[{\"@type\":\"ReadAction\",\"target\":[\"https:\/\/websjop.afuk.frl\/nl\/winkel\/wer-is-keimpe\/\"]}]},{\"@type\":\"ImageObject\",\"inLanguage\":\"nl-NL\",\"@id\":\"https:\/\/websjop.afuk.frl\/nl\/winkel\/wer-is-keimpe\/#primaryimage\",\"url\":\"https:\/\/websjop.afuk.frl\/wp-content\/uploads\/2021\/05\/Wer-is-Keimpe-LR.jpg\",\"contentUrl\":\"https:\/\/websjop.afuk.frl\/wp-content\/uploads\/2021\/05\/Wer-is-Keimpe-LR.jpg\",\"width\":1000,\"height\":1237,\"caption\":\"W\u00ear is Keimpe\"},{\"@type\":\"BreadcrumbList\",\"@id\":\"https:\/\/websjop.afuk.frl\/nl\/winkel\/wer-is-keimpe\/#breadcrumb\",\"itemListElement\":[{\"@type\":\"ListItem\",\"position\":1,\"name\":\"Home\",\"item\":\"https:\/\/websjop.afuk.frl\/nl\/\"},{\"@type\":\"ListItem\",\"position\":2,\"name\":\"Winkel\",\"item\":\"https:\/\/websjop.afuk.frl\/nl\/winkel\/\"},{\"@type\":\"ListItem\",\"position\":3,\"name\":\"W\u00ear is Keimpe?\"}]},{\"@type\":\"WebSite\",\"@id\":\"https:\/\/websjop.afuk.frl\/nl\/#website\",\"url\":\"https:\/\/websjop.afuk.frl\/nl\/\",\"name\":\"Af\u00fbk Websjop\",\"description\":\"\",\"potentialAction\":[{\"@type\":\"SearchAction\",\"target\":{\"@type\":\"EntryPoint\",\"urlTemplate\":\"https:\/\/websjop.afuk.frl\/nl\/?s={search_term_string}\"},\"query-input\":{\"@type\":\"PropertyValueSpecification\",\"valueRequired\":true,\"valueName\":\"search_term_string\"}}],\"inLanguage\":\"nl-NL\"}]}<\/script>\n<!-- \/ Yoast SEO plugin. -->","yoast_head_json":{"title":"W\u00ear is Keimpe? &#8211; Af\u00fbk Websjop","description":"Een prachtig kijk-, leer- en vertelboek van Keimpe de Krokodil. Het boek is drietalig: Fries, Nederlands en Engels. Met QR-code voor meer info.","robots":{"index":"index","follow":"follow","max-snippet":"max-snippet:-1","max-image-preview":"max-image-preview:large","max-video-preview":"max-video-preview:-1"},"canonical":"https:\/\/websjop.afuk.frl\/nl\/winkel\/wer-is-keimpe\/","og_locale":"nl_NL","og_type":"article","og_title":"W\u00ear is Keimpe? &#8211; Af\u00fbk Websjop","og_description":"Een prachtig kijk-, leer- en vertelboek van Keimpe de Krokodil. Het boek is drietalig: Fries, Nederlands en Engels. Met QR-code voor meer info.","og_url":"https:\/\/websjop.afuk.frl\/nl\/winkel\/wer-is-keimpe\/","og_site_name":"Af\u00fbk Websjop","article_modified_time":"2026-02-11T10:27:02+00:00","og_image":[{"width":1000,"height":1237,"url":"https:\/\/websjop.afuk.frl\/wp-content\/uploads\/2021\/05\/Wer-is-Keimpe-LR.jpg","type":"image\/jpeg"}],"twitter_card":"summary_large_image","twitter_misc":{"Geschatte leestijd":"3 minuten"},"schema":{"@context":"https:\/\/schema.org","@graph":[{"@type":"WebPage","@id":"https:\/\/websjop.afuk.frl\/nl\/winkel\/wer-is-keimpe\/","url":"https:\/\/websjop.afuk.frl\/nl\/winkel\/wer-is-keimpe\/","name":"W\u00ear is Keimpe? &#8211; Af\u00fbk Websjop","isPartOf":{"@id":"https:\/\/websjop.afuk.frl\/nl\/#website"},"primaryImageOfPage":{"@id":"https:\/\/websjop.afuk.frl\/nl\/winkel\/wer-is-keimpe\/#primaryimage"},"image":{"@id":"https:\/\/websjop.afuk.frl\/nl\/winkel\/wer-is-keimpe\/#primaryimage"},"thumbnailUrl":"https:\/\/websjop.afuk.frl\/wp-content\/uploads\/2021\/05\/Wer-is-Keimpe-LR.jpg","datePublished":"2025-12-30T11:45:17+00:00","dateModified":"2026-02-11T10:27:02+00:00","description":"Een prachtig kijk-, leer- en vertelboek van Keimpe de Krokodil. Het boek is drietalig: Fries, Nederlands en Engels. Met QR-code voor meer info.","breadcrumb":{"@id":"https:\/\/websjop.afuk.frl\/nl\/winkel\/wer-is-keimpe\/#breadcrumb"},"inLanguage":"nl-NL","potentialAction":[{"@type":"ReadAction","target":["https:\/\/websjop.afuk.frl\/nl\/winkel\/wer-is-keimpe\/"]}]},{"@type":"ImageObject","inLanguage":"nl-NL","@id":"https:\/\/websjop.afuk.frl\/nl\/winkel\/wer-is-keimpe\/#primaryimage","url":"https:\/\/websjop.afuk.frl\/wp-content\/uploads\/2021\/05\/Wer-is-Keimpe-LR.jpg","contentUrl":"https:\/\/websjop.afuk.frl\/wp-content\/uploads\/2021\/05\/Wer-is-Keimpe-LR.jpg","width":1000,"height":1237,"caption":"W\u00ear is Keimpe"},{"@type":"BreadcrumbList","@id":"https:\/\/websjop.afuk.frl\/nl\/winkel\/wer-is-keimpe\/#breadcrumb","itemListElement":[{"@type":"ListItem","position":1,"name":"Home","item":"https:\/\/websjop.afuk.frl\/nl\/"},{"@type":"ListItem","position":2,"name":"Winkel","item":"https:\/\/websjop.afuk.frl\/nl\/winkel\/"},{"@type":"ListItem","position":3,"name":"W\u00ear is Keimpe?"}]},{"@type":"WebSite","@id":"https:\/\/websjop.afuk.frl\/nl\/#website","url":"https:\/\/websjop.afuk.frl\/nl\/","name":"Af\u00fbk Websjop","description":"","potentialAction":[{"@type":"SearchAction","target":{"@type":"EntryPoint","urlTemplate":"https:\/\/websjop.afuk.frl\/nl\/?s={search_term_string}"},"query-input":{"@type":"PropertyValueSpecification","valueRequired":true,"valueName":"search_term_string"}}],"inLanguage":"nl-NL"}]}},"_links":{"self":[{"href":"https:\/\/websjop.afuk.frl\/nl\/wp-json\/wp\/v2\/product\/27282","targetHints":{"allow":["GET"]}}],"collection":[{"href":"https:\/\/websjop.afuk.frl\/nl\/wp-json\/wp\/v2\/product"}],"about":[{"href":"https:\/\/websjop.afuk.frl\/nl\/wp-json\/wp\/v2\/types\/product"}],"replies":[{"embeddable":true,"href":"https:\/\/websjop.afuk.frl\/nl\/wp-json\/wp\/v2\/comments?post=27282"}],"wp:featuredmedia":[{"embeddable":true,"href":"https:\/\/websjop.afuk.frl\/nl\/wp-json\/wp\/v2\/media\/27285"}],"wp:attachment":[{"href":"https:\/\/websjop.afuk.frl\/nl\/wp-json\/wp\/v2\/media?parent=27282"}],"wp:term":[{"taxonomy":"product_brand","embeddable":true,"href":"https:\/\/websjop.afuk.frl\/nl\/wp-json\/wp\/v2\/product_brand?post=27282"},{"taxonomy":"product_cat","embeddable":true,"href":"https:\/\/websjop.afuk.frl\/nl\/wp-json\/wp\/v2\/product_cat?post=27282"},{"taxonomy":"product_tag","embeddable":true,"href":"https:\/\/websjop.afuk.frl\/nl\/wp-json\/wp\/v2\/product_tag?post=27282"}],"curies":[{"name":"wp","href":"https:\/\/api.w.org\/{rel}","templated":true}]}}