{"id":27175,"date":"2021-04-12T10:10:45","date_gmt":"2021-04-12T09:10:45","guid":{"rendered":"https:\/\/websjop.afuk.frl\/nl\/?post_type=product&#038;p=27175"},"modified":"2021-09-06T12:17:07","modified_gmt":"2021-09-06T11:17:07","slug":"kaart-stranljip","status":"publish","type":"product","link":"https:\/\/websjop.afuk.frl\/nl\/winkel\/kaart-stranljip\/","title":{"rendered":"Kaart: Str\u00e2nljip"},"content":{"rendered":"<p>Kaart met scholekster. (str\u00e2nljip in het Fries). De stranljip (scholekster) is een grappige vogel die op het strand en in de weilanden rond tippelt.<\/p>\n<p>Het kaartje is van het merk Pjut.<\/p>\n","protected":false},"excerpt":{"rendered":"<p>Kaart met scholekster. (str\u00e2nljip in het Fries). De stranljip (scholekster) is een grappige vogel die op het strand en in de weilanden rond tippelt. Het kaartje is van het merk Pjut.<\/p>\n","protected":false},"featured_media":27176,"comment_status":"closed","ping_status":"closed","template":"","meta":{"_acf_changed":false},"product_brand":[],"product_cat":[1242,565,18568],"product_tag":[9843,6050,5703,6361,18561,18560,18549,18303],"class_list":{"0":"post-27175","1":"product","2":"type-product","3":"status-publish","4":"has-post-thumbnail","6":"product_cat-fryske-kaarten","7":"product_cat-friese-producten","8":"product_cat-fugels-yn-fryslan","9":"product_tag-ansichtkaart","10":"product_tag-fugel","11":"product_tag-kaart","12":"product_tag-pjut","13":"product_tag-scholekster","14":"product_tag-stranljip","15":"product_tag-vogel","16":"product_tag-weidevogel","17":"product_shipping_class-brievenbus-verzending","19":"first","20":"instock","21":"taxable","22":"shipping-taxable","23":"purchasable","24":"product-type-simple"},"acf":[],"yoast_head":"<!-- This site is optimized with the Yoast SEO plugin v27.3 - https:\/\/yoast.com\/product\/yoast-seo-wordpress\/ -->\n<title>Kaart: Str\u00e2nljip &#8211; Af\u00fbk Websjop<\/title>\n<meta name=\"description\" content=\"Kaart met scholekster. (str\u00e2nljip in het Fries). De stranljip (scholekster) is een grappige vogel die op het strand en in de weilanden rond tippelt.\u00a0\" \/>\n<meta name=\"robots\" content=\"index, follow, max-snippet:-1, max-image-preview:large, max-video-preview:-1\" \/>\n<link rel=\"canonical\" href=\"https:\/\/websjop.afuk.frl\/nl\/winkel\/kaart-stranljip\/\" \/>\n<meta property=\"og:locale\" content=\"nl_NL\" \/>\n<meta property=\"og:type\" content=\"article\" \/>\n<meta property=\"og:title\" content=\"Kaart: Str\u00e2nljip &#8211; Af\u00fbk Websjop\" \/>\n<meta property=\"og:description\" content=\"Kaart met scholekster. (str\u00e2nljip in het Fries). De stranljip (scholekster) is een grappige vogel die op het strand en in de weilanden rond tippelt.\u00a0\" \/>\n<meta property=\"og:url\" content=\"https:\/\/websjop.afuk.frl\/nl\/winkel\/kaart-stranljip\/\" \/>\n<meta property=\"og:site_name\" content=\"Af\u00fbk Websjop\" \/>\n<meta property=\"article:modified_time\" content=\"2021-09-06T11:17:07+00:00\" \/>\n<meta property=\"og:image\" content=\"https:\/\/websjop.afuk.frl\/wp-content\/uploads\/2021\/05\/kaart-stranljip-webshop.jpeg\" \/>\n\t<meta property=\"og:image:width\" content=\"800\" \/>\n\t<meta property=\"og:image:height\" content=\"800\" \/>\n\t<meta property=\"og:image:type\" content=\"image\/jpeg\" \/>\n<meta name=\"twitter:card\" content=\"summary_large_image\" \/>\n<script type=\"application\/ld+json\" class=\"yoast-schema-graph\">{\"@context\":\"https:\\\/\\\/schema.org\",\"@graph\":[{\"@type\":\"WebPage\",\"@id\":\"https:\\\/\\\/websjop.afuk.frl\\\/nl\\\/winkel\\\/kaart-stranljip\\\/\",\"url\":\"https:\\\/\\\/websjop.afuk.frl\\\/nl\\\/winkel\\\/kaart-stranljip\\\/\",\"name\":\"Kaart: Str\u00e2nljip &#8211; Af\u00fbk Websjop\",\"isPartOf\":{\"@id\":\"https:\\\/\\\/websjop.afuk.frl\\\/nl\\\/#website\"},\"primaryImageOfPage\":{\"@id\":\"https:\\\/\\\/websjop.afuk.frl\\\/nl\\\/winkel\\\/kaart-stranljip\\\/#primaryimage\"},\"image\":{\"@id\":\"https:\\\/\\\/websjop.afuk.frl\\\/nl\\\/winkel\\\/kaart-stranljip\\\/#primaryimage\"},\"thumbnailUrl\":\"https:\\\/\\\/websjop.afuk.frl\\\/wp-content\\\/uploads\\\/2021\\\/05\\\/kaart-stranljip-webshop.jpeg\",\"datePublished\":\"2021-04-12T09:10:45+00:00\",\"dateModified\":\"2021-09-06T11:17:07+00:00\",\"description\":\"Kaart met scholekster. (str\u00e2nljip in het Fries). De stranljip (scholekster) is een grappige vogel die op het strand en in de weilanden rond tippelt.\u00a0\",\"breadcrumb\":{\"@id\":\"https:\\\/\\\/websjop.afuk.frl\\\/nl\\\/winkel\\\/kaart-stranljip\\\/#breadcrumb\"},\"inLanguage\":\"nl-NL\",\"potentialAction\":[{\"@type\":\"ReadAction\",\"target\":[\"https:\\\/\\\/websjop.afuk.frl\\\/nl\\\/winkel\\\/kaart-stranljip\\\/\"]}]},{\"@type\":\"ImageObject\",\"inLanguage\":\"nl-NL\",\"@id\":\"https:\\\/\\\/websjop.afuk.frl\\\/nl\\\/winkel\\\/kaart-stranljip\\\/#primaryimage\",\"url\":\"https:\\\/\\\/websjop.afuk.frl\\\/wp-content\\\/uploads\\\/2021\\\/05\\\/kaart-stranljip-webshop.jpeg\",\"contentUrl\":\"https:\\\/\\\/websjop.afuk.frl\\\/wp-content\\\/uploads\\\/2021\\\/05\\\/kaart-stranljip-webshop.jpeg\",\"width\":800,\"height\":800,\"caption\":\"str\u00e2nljip\"},{\"@type\":\"BreadcrumbList\",\"@id\":\"https:\\\/\\\/websjop.afuk.frl\\\/nl\\\/winkel\\\/kaart-stranljip\\\/#breadcrumb\",\"itemListElement\":[{\"@type\":\"ListItem\",\"position\":1,\"name\":\"Home\",\"item\":\"https:\\\/\\\/websjop.afuk.frl\\\/nl\\\/\"},{\"@type\":\"ListItem\",\"position\":2,\"name\":\"Winkel\",\"item\":\"https:\\\/\\\/websjop.afuk.frl\\\/nl\\\/winkel\\\/\"},{\"@type\":\"ListItem\",\"position\":3,\"name\":\"Kaart: Str\u00e2nljip\"}]},{\"@type\":\"WebSite\",\"@id\":\"https:\\\/\\\/websjop.afuk.frl\\\/nl\\\/#website\",\"url\":\"https:\\\/\\\/websjop.afuk.frl\\\/nl\\\/\",\"name\":\"Af\u00fbk Websjop\",\"description\":\"\",\"potentialAction\":[{\"@type\":\"SearchAction\",\"target\":{\"@type\":\"EntryPoint\",\"urlTemplate\":\"https:\\\/\\\/websjop.afuk.frl\\\/nl\\\/?s={search_term_string}\"},\"query-input\":{\"@type\":\"PropertyValueSpecification\",\"valueRequired\":true,\"valueName\":\"search_term_string\"}}],\"inLanguage\":\"nl-NL\"}]}<\/script>\n<!-- \/ Yoast SEO plugin. -->","yoast_head_json":{"title":"Kaart: Str\u00e2nljip &#8211; Af\u00fbk Websjop","description":"Kaart met scholekster. (str\u00e2nljip in het Fries). De stranljip (scholekster) is een grappige vogel die op het strand en in de weilanden rond tippelt.\u00a0","robots":{"index":"index","follow":"follow","max-snippet":"max-snippet:-1","max-image-preview":"max-image-preview:large","max-video-preview":"max-video-preview:-1"},"canonical":"https:\/\/websjop.afuk.frl\/nl\/winkel\/kaart-stranljip\/","og_locale":"nl_NL","og_type":"article","og_title":"Kaart: Str\u00e2nljip &#8211; Af\u00fbk Websjop","og_description":"Kaart met scholekster. (str\u00e2nljip in het Fries). De stranljip (scholekster) is een grappige vogel die op het strand en in de weilanden rond tippelt.\u00a0","og_url":"https:\/\/websjop.afuk.frl\/nl\/winkel\/kaart-stranljip\/","og_site_name":"Af\u00fbk Websjop","article_modified_time":"2021-09-06T11:17:07+00:00","og_image":[{"width":800,"height":800,"url":"https:\/\/websjop.afuk.frl\/wp-content\/uploads\/2021\/05\/kaart-stranljip-webshop.jpeg","type":"image\/jpeg"}],"twitter_card":"summary_large_image","schema":{"@context":"https:\/\/schema.org","@graph":[{"@type":"WebPage","@id":"https:\/\/websjop.afuk.frl\/nl\/winkel\/kaart-stranljip\/","url":"https:\/\/websjop.afuk.frl\/nl\/winkel\/kaart-stranljip\/","name":"Kaart: Str\u00e2nljip &#8211; Af\u00fbk Websjop","isPartOf":{"@id":"https:\/\/websjop.afuk.frl\/nl\/#website"},"primaryImageOfPage":{"@id":"https:\/\/websjop.afuk.frl\/nl\/winkel\/kaart-stranljip\/#primaryimage"},"image":{"@id":"https:\/\/websjop.afuk.frl\/nl\/winkel\/kaart-stranljip\/#primaryimage"},"thumbnailUrl":"https:\/\/websjop.afuk.frl\/wp-content\/uploads\/2021\/05\/kaart-stranljip-webshop.jpeg","datePublished":"2021-04-12T09:10:45+00:00","dateModified":"2021-09-06T11:17:07+00:00","description":"Kaart met scholekster. (str\u00e2nljip in het Fries). De stranljip (scholekster) is een grappige vogel die op het strand en in de weilanden rond tippelt.\u00a0","breadcrumb":{"@id":"https:\/\/websjop.afuk.frl\/nl\/winkel\/kaart-stranljip\/#breadcrumb"},"inLanguage":"nl-NL","potentialAction":[{"@type":"ReadAction","target":["https:\/\/websjop.afuk.frl\/nl\/winkel\/kaart-stranljip\/"]}]},{"@type":"ImageObject","inLanguage":"nl-NL","@id":"https:\/\/websjop.afuk.frl\/nl\/winkel\/kaart-stranljip\/#primaryimage","url":"https:\/\/websjop.afuk.frl\/wp-content\/uploads\/2021\/05\/kaart-stranljip-webshop.jpeg","contentUrl":"https:\/\/websjop.afuk.frl\/wp-content\/uploads\/2021\/05\/kaart-stranljip-webshop.jpeg","width":800,"height":800,"caption":"str\u00e2nljip"},{"@type":"BreadcrumbList","@id":"https:\/\/websjop.afuk.frl\/nl\/winkel\/kaart-stranljip\/#breadcrumb","itemListElement":[{"@type":"ListItem","position":1,"name":"Home","item":"https:\/\/websjop.afuk.frl\/nl\/"},{"@type":"ListItem","position":2,"name":"Winkel","item":"https:\/\/websjop.afuk.frl\/nl\/winkel\/"},{"@type":"ListItem","position":3,"name":"Kaart: Str\u00e2nljip"}]},{"@type":"WebSite","@id":"https:\/\/websjop.afuk.frl\/nl\/#website","url":"https:\/\/websjop.afuk.frl\/nl\/","name":"Af\u00fbk Websjop","description":"","potentialAction":[{"@type":"SearchAction","target":{"@type":"EntryPoint","urlTemplate":"https:\/\/websjop.afuk.frl\/nl\/?s={search_term_string}"},"query-input":{"@type":"PropertyValueSpecification","valueRequired":true,"valueName":"search_term_string"}}],"inLanguage":"nl-NL"}]}},"_links":{"self":[{"href":"https:\/\/websjop.afuk.frl\/nl\/wp-json\/wp\/v2\/product\/27175","targetHints":{"allow":["GET"]}}],"collection":[{"href":"https:\/\/websjop.afuk.frl\/nl\/wp-json\/wp\/v2\/product"}],"about":[{"href":"https:\/\/websjop.afuk.frl\/nl\/wp-json\/wp\/v2\/types\/product"}],"replies":[{"embeddable":true,"href":"https:\/\/websjop.afuk.frl\/nl\/wp-json\/wp\/v2\/comments?post=27175"}],"wp:featuredmedia":[{"embeddable":true,"href":"https:\/\/websjop.afuk.frl\/nl\/wp-json\/wp\/v2\/media\/27176"}],"wp:attachment":[{"href":"https:\/\/websjop.afuk.frl\/nl\/wp-json\/wp\/v2\/media?parent=27175"}],"wp:term":[{"taxonomy":"product_brand","embeddable":true,"href":"https:\/\/websjop.afuk.frl\/nl\/wp-json\/wp\/v2\/product_brand?post=27175"},{"taxonomy":"product_cat","embeddable":true,"href":"https:\/\/websjop.afuk.frl\/nl\/wp-json\/wp\/v2\/product_cat?post=27175"},{"taxonomy":"product_tag","embeddable":true,"href":"https:\/\/websjop.afuk.frl\/nl\/wp-json\/wp\/v2\/product_tag?post=27175"}],"curies":[{"name":"wp","href":"https:\/\/api.w.org\/{rel}","templated":true}]}}