{"id":27146,"date":"2021-05-12T08:48:05","date_gmt":"2021-05-12T07:48:05","guid":{"rendered":"https:\/\/websjop.afuk.frl\/nl\/?post_type=product&#038;p=27146"},"modified":"2026-03-26T14:44:47","modified_gmt":"2026-03-26T13:44:47","slug":"tomke-syn-jierdei","status":"publish","type":"product","link":"https:\/\/websjop.afuk.frl\/nl\/winkel\/tomke-syn-jierdei\/","title":{"rendered":"Tomke syn jierdei"},"content":{"rendered":"<p>Dit kartonnen uitvouwboekje <em>Tomke syn<\/em> <em>jierdei <\/em>verschijnt naar aanleiding van het 25-jarig jubileum van Tomke. Tomke kan bijna niet wachten, maar hij moet nog zeven nachtjes slapen voordat het feest is.<\/p>\n<p>Ook te bestellen:<\/p>\n<ul>\n<li><a href=\"https:\/\/websjop.afuk.frl\/nl\/winkel\/tomke-oftelkalinder\/\">Tomke verjaardag aftelkalender<\/a><\/li>\n<li><a href=\"https:\/\/websjop.afuk.frl\/nl\/winkel\/tomke-jierdeiflachjes\/\">Tomke verjaardagsvlaggetjes<\/a><\/li>\n<\/ul>\n<hr \/>\n<p><em>Hilde van Kalsbeek: &#8220;It boekje telt yn 7 nachtsjes \u00f4f nei Tomke syn jierdei ta. Mei de kalinder dy wy by it boekje krigen hawwe kinst sels ek 7 nachtsjes \u00f4ftelle oant dyn jierdei. Alle personaazjes dy wy fan Tomke kenne komme foarby. Se ha allegear in oare rol yn de tarieding op Tomke syn jierdei. It ferhaal is op rym skreaun. Dat l\u00east flot en sprekt de bern altyd wol oan.&#8221; <a href=\"https:\/\/heitenmem.nl\/artikel\/22288\/de-resinsje-fan-hilde-oer-tomke-syn-jierdei\/\" target=\"_blank\" rel=\"noopener\">L\u00eas hjir Hilde har folsleine resinsje.<\/a><\/em><\/p>\n<p><em>Elmatine: &#8220;We hawwe it boekje faak l\u00eazen koart foar Ruben syn eigen (twadde) jierdei. Ik f\u00fbn it in aardige tarieding op syn eigen feestje. Op dy manier ferwachte er dat der minsken l\u00e2nskomme soenen, dat der taart, kado\u2019s en slingers wienen. Spitigern\u00f4ch hawwe wy gjin bakker Broadsje yn \u2019e buert, mar ek de taart fan \u00fas eigen bakker foel yn \u2019e smaak.&#8221;<a href=\"https:\/\/heitenmem.nl\/artikel\/22477\/de-resinsje-fan-elmatine-tomke-syn-jierdei\/\" target=\"_blank\" rel=\"noopener\"> L\u00eas hjir Elmatine har folsleine resinsje.<\/a><\/em><\/p>\n","protected":false},"excerpt":{"rendered":"<p>Dit kartonnen uitvouwboekje Tomke syn jierdei verschijnt naar aanleiding van het 25-jarig jubileum van Tomke. Tomke kan bijna niet wachten, maar hij moet nog zeven nachtjes slapen voordat het feest is. Ook te bestellen: Tomke verjaardag aftelkalender Tomke verjaardagsvlaggetjes Hilde van Kalsbeek: &#8220;It boekje telt yn 7 nachtsjes \u00f4f nei Tomke syn jierdei ta. Mei [&hellip;]<\/p>\n","protected":false},"featured_media":27147,"comment_status":"closed","ping_status":"closed","template":"","meta":{"_acf_changed":false},"product_brand":[],"product_cat":[1213,549,535,22894,570,571],"product_tag":[18537,17095,6667,17152,5715,18535,18538,9246,18536],"class_list":{"0":"post-27146","1":"product","2":"type-product","3":"status-publish","4":"has-post-thumbnail","6":"product_cat-berne-en-jeugdboeken","7":"product_cat-berneboeken-0-tot-4-jaar","8":"product_cat-fryske-boeken","9":"product_cat-tema-jierdei","10":"product_cat-tomke","11":"product_cat-tomkeboekjes","12":"product_tag-25-jier","13":"product_tag-jarig","14":"product_tag-jierdei","15":"product_tag-jubileum","16":"product_tag-karton","17":"product_tag-tomke-syn-jierdei","18":"product_tag-uttearboekje","19":"product_tag-verjaardag","20":"product_tag-vouwboekje","21":"product_shipping_class-brievenbus-verzending","22":"pa_auteur-riemkje-pitstra-2","23":"pa_isbn-18532","24":"pa_new-label-1-3","25":"pa_taal-frysk","26":"pa_uitgever-afuk","28":"first","29":"instock","30":"taxable","31":"shipping-taxable","32":"purchasable","33":"product-type-simple"},"acf":[],"yoast_head":"<!-- This site is optimized with the Yoast SEO plugin v27.2 - https:\/\/yoast.com\/product\/yoast-seo-wordpress\/ -->\n<title>Tomke syn jierdei &#8211; Af\u00fbk Websjop<\/title>\n<meta name=\"description\" content=\"Dit kartonnen uitvouwboekje Tomke syn jierdei verschijnt naar aanleiding van het 25-jarig jubileum van Tomke. Nog zeven nachtjes slapen, dan is het feest!\" \/>\n<meta name=\"robots\" content=\"index, follow, max-snippet:-1, max-image-preview:large, max-video-preview:-1\" \/>\n<link rel=\"canonical\" href=\"https:\/\/websjop.afuk.frl\/nl\/winkel\/tomke-syn-jierdei\/\" \/>\n<meta property=\"og:locale\" content=\"nl_NL\" \/>\n<meta property=\"og:type\" content=\"article\" \/>\n<meta property=\"og:title\" content=\"Tomke syn jierdei &#8211; Af\u00fbk Websjop\" \/>\n<meta property=\"og:description\" content=\"Dit kartonnen uitvouwboekje Tomke syn jierdei verschijnt naar aanleiding van het 25-jarig jubileum van Tomke. Nog zeven nachtjes slapen, dan is het feest!\" \/>\n<meta property=\"og:url\" content=\"https:\/\/websjop.afuk.frl\/nl\/winkel\/tomke-syn-jierdei\/\" \/>\n<meta property=\"og:site_name\" content=\"Af\u00fbk Websjop\" \/>\n<meta property=\"article:modified_time\" content=\"2026-03-26T13:44:47+00:00\" \/>\n<meta property=\"og:image\" content=\"https:\/\/websjop.afuk.frl\/wp-content\/uploads\/2021\/05\/Tomke-syn-jierdei-LR.jpg\" \/>\n\t<meta property=\"og:image:width\" content=\"1000\" \/>\n\t<meta property=\"og:image:height\" content=\"1007\" \/>\n\t<meta property=\"og:image:type\" content=\"image\/jpeg\" \/>\n<meta name=\"twitter:card\" content=\"summary_large_image\" \/>\n<meta name=\"twitter:label1\" content=\"Geschatte leestijd\" \/>\n\t<meta name=\"twitter:data1\" content=\"3 minuten\" \/>\n<script type=\"application\/ld+json\" class=\"yoast-schema-graph\">{\"@context\":\"https:\/\/schema.org\",\"@graph\":[{\"@type\":\"WebPage\",\"@id\":\"https:\/\/websjop.afuk.frl\/nl\/winkel\/tomke-syn-jierdei\/\",\"url\":\"https:\/\/websjop.afuk.frl\/nl\/winkel\/tomke-syn-jierdei\/\",\"name\":\"Tomke syn jierdei &#8211; Af\u00fbk Websjop\",\"isPartOf\":{\"@id\":\"https:\/\/websjop.afuk.frl\/nl\/#website\"},\"primaryImageOfPage\":{\"@id\":\"https:\/\/websjop.afuk.frl\/nl\/winkel\/tomke-syn-jierdei\/#primaryimage\"},\"image\":{\"@id\":\"https:\/\/websjop.afuk.frl\/nl\/winkel\/tomke-syn-jierdei\/#primaryimage\"},\"thumbnailUrl\":\"https:\/\/websjop.afuk.frl\/wp-content\/uploads\/2021\/05\/Tomke-syn-jierdei-LR.jpg\",\"datePublished\":\"2021-05-12T07:48:05+00:00\",\"dateModified\":\"2026-03-26T13:44:47+00:00\",\"description\":\"Dit kartonnen uitvouwboekje Tomke syn jierdei verschijnt naar aanleiding van het 25-jarig jubileum van Tomke. Nog zeven nachtjes slapen, dan is het feest!\",\"breadcrumb\":{\"@id\":\"https:\/\/websjop.afuk.frl\/nl\/winkel\/tomke-syn-jierdei\/#breadcrumb\"},\"inLanguage\":\"nl-NL\",\"potentialAction\":[{\"@type\":\"ReadAction\",\"target\":[\"https:\/\/websjop.afuk.frl\/nl\/winkel\/tomke-syn-jierdei\/\"]}]},{\"@type\":\"ImageObject\",\"inLanguage\":\"nl-NL\",\"@id\":\"https:\/\/websjop.afuk.frl\/nl\/winkel\/tomke-syn-jierdei\/#primaryimage\",\"url\":\"https:\/\/websjop.afuk.frl\/wp-content\/uploads\/2021\/05\/Tomke-syn-jierdei-LR.jpg\",\"contentUrl\":\"https:\/\/websjop.afuk.frl\/wp-content\/uploads\/2021\/05\/Tomke-syn-jierdei-LR.jpg\",\"width\":1000,\"height\":1007,\"caption\":\"Tomke syn jierdei\"},{\"@type\":\"BreadcrumbList\",\"@id\":\"https:\/\/websjop.afuk.frl\/nl\/winkel\/tomke-syn-jierdei\/#breadcrumb\",\"itemListElement\":[{\"@type\":\"ListItem\",\"position\":1,\"name\":\"Home\",\"item\":\"https:\/\/websjop.afuk.frl\/nl\/\"},{\"@type\":\"ListItem\",\"position\":2,\"name\":\"Winkel\",\"item\":\"https:\/\/websjop.afuk.frl\/nl\/winkel\/\"},{\"@type\":\"ListItem\",\"position\":3,\"name\":\"Tomke syn jierdei\"}]},{\"@type\":\"WebSite\",\"@id\":\"https:\/\/websjop.afuk.frl\/nl\/#website\",\"url\":\"https:\/\/websjop.afuk.frl\/nl\/\",\"name\":\"Af\u00fbk Websjop\",\"description\":\"\",\"potentialAction\":[{\"@type\":\"SearchAction\",\"target\":{\"@type\":\"EntryPoint\",\"urlTemplate\":\"https:\/\/websjop.afuk.frl\/nl\/?s={search_term_string}\"},\"query-input\":{\"@type\":\"PropertyValueSpecification\",\"valueRequired\":true,\"valueName\":\"search_term_string\"}}],\"inLanguage\":\"nl-NL\"}]}<\/script>\n<!-- \/ Yoast SEO plugin. -->","yoast_head_json":{"title":"Tomke syn jierdei &#8211; Af\u00fbk Websjop","description":"Dit kartonnen uitvouwboekje Tomke syn jierdei verschijnt naar aanleiding van het 25-jarig jubileum van Tomke. Nog zeven nachtjes slapen, dan is het feest!","robots":{"index":"index","follow":"follow","max-snippet":"max-snippet:-1","max-image-preview":"max-image-preview:large","max-video-preview":"max-video-preview:-1"},"canonical":"https:\/\/websjop.afuk.frl\/nl\/winkel\/tomke-syn-jierdei\/","og_locale":"nl_NL","og_type":"article","og_title":"Tomke syn jierdei &#8211; Af\u00fbk Websjop","og_description":"Dit kartonnen uitvouwboekje Tomke syn jierdei verschijnt naar aanleiding van het 25-jarig jubileum van Tomke. Nog zeven nachtjes slapen, dan is het feest!","og_url":"https:\/\/websjop.afuk.frl\/nl\/winkel\/tomke-syn-jierdei\/","og_site_name":"Af\u00fbk Websjop","article_modified_time":"2026-03-26T13:44:47+00:00","og_image":[{"width":1000,"height":1007,"url":"https:\/\/websjop.afuk.frl\/wp-content\/uploads\/2021\/05\/Tomke-syn-jierdei-LR.jpg","type":"image\/jpeg"}],"twitter_card":"summary_large_image","twitter_misc":{"Geschatte leestijd":"3 minuten"},"schema":{"@context":"https:\/\/schema.org","@graph":[{"@type":"WebPage","@id":"https:\/\/websjop.afuk.frl\/nl\/winkel\/tomke-syn-jierdei\/","url":"https:\/\/websjop.afuk.frl\/nl\/winkel\/tomke-syn-jierdei\/","name":"Tomke syn jierdei &#8211; Af\u00fbk Websjop","isPartOf":{"@id":"https:\/\/websjop.afuk.frl\/nl\/#website"},"primaryImageOfPage":{"@id":"https:\/\/websjop.afuk.frl\/nl\/winkel\/tomke-syn-jierdei\/#primaryimage"},"image":{"@id":"https:\/\/websjop.afuk.frl\/nl\/winkel\/tomke-syn-jierdei\/#primaryimage"},"thumbnailUrl":"https:\/\/websjop.afuk.frl\/wp-content\/uploads\/2021\/05\/Tomke-syn-jierdei-LR.jpg","datePublished":"2021-05-12T07:48:05+00:00","dateModified":"2026-03-26T13:44:47+00:00","description":"Dit kartonnen uitvouwboekje Tomke syn jierdei verschijnt naar aanleiding van het 25-jarig jubileum van Tomke. Nog zeven nachtjes slapen, dan is het feest!","breadcrumb":{"@id":"https:\/\/websjop.afuk.frl\/nl\/winkel\/tomke-syn-jierdei\/#breadcrumb"},"inLanguage":"nl-NL","potentialAction":[{"@type":"ReadAction","target":["https:\/\/websjop.afuk.frl\/nl\/winkel\/tomke-syn-jierdei\/"]}]},{"@type":"ImageObject","inLanguage":"nl-NL","@id":"https:\/\/websjop.afuk.frl\/nl\/winkel\/tomke-syn-jierdei\/#primaryimage","url":"https:\/\/websjop.afuk.frl\/wp-content\/uploads\/2021\/05\/Tomke-syn-jierdei-LR.jpg","contentUrl":"https:\/\/websjop.afuk.frl\/wp-content\/uploads\/2021\/05\/Tomke-syn-jierdei-LR.jpg","width":1000,"height":1007,"caption":"Tomke syn jierdei"},{"@type":"BreadcrumbList","@id":"https:\/\/websjop.afuk.frl\/nl\/winkel\/tomke-syn-jierdei\/#breadcrumb","itemListElement":[{"@type":"ListItem","position":1,"name":"Home","item":"https:\/\/websjop.afuk.frl\/nl\/"},{"@type":"ListItem","position":2,"name":"Winkel","item":"https:\/\/websjop.afuk.frl\/nl\/winkel\/"},{"@type":"ListItem","position":3,"name":"Tomke syn jierdei"}]},{"@type":"WebSite","@id":"https:\/\/websjop.afuk.frl\/nl\/#website","url":"https:\/\/websjop.afuk.frl\/nl\/","name":"Af\u00fbk Websjop","description":"","potentialAction":[{"@type":"SearchAction","target":{"@type":"EntryPoint","urlTemplate":"https:\/\/websjop.afuk.frl\/nl\/?s={search_term_string}"},"query-input":{"@type":"PropertyValueSpecification","valueRequired":true,"valueName":"search_term_string"}}],"inLanguage":"nl-NL"}]}},"_links":{"self":[{"href":"https:\/\/websjop.afuk.frl\/nl\/wp-json\/wp\/v2\/product\/27146","targetHints":{"allow":["GET"]}}],"collection":[{"href":"https:\/\/websjop.afuk.frl\/nl\/wp-json\/wp\/v2\/product"}],"about":[{"href":"https:\/\/websjop.afuk.frl\/nl\/wp-json\/wp\/v2\/types\/product"}],"replies":[{"embeddable":true,"href":"https:\/\/websjop.afuk.frl\/nl\/wp-json\/wp\/v2\/comments?post=27146"}],"wp:featuredmedia":[{"embeddable":true,"href":"https:\/\/websjop.afuk.frl\/nl\/wp-json\/wp\/v2\/media\/27147"}],"wp:attachment":[{"href":"https:\/\/websjop.afuk.frl\/nl\/wp-json\/wp\/v2\/media?parent=27146"}],"wp:term":[{"taxonomy":"product_brand","embeddable":true,"href":"https:\/\/websjop.afuk.frl\/nl\/wp-json\/wp\/v2\/product_brand?post=27146"},{"taxonomy":"product_cat","embeddable":true,"href":"https:\/\/websjop.afuk.frl\/nl\/wp-json\/wp\/v2\/product_cat?post=27146"},{"taxonomy":"product_tag","embeddable":true,"href":"https:\/\/websjop.afuk.frl\/nl\/wp-json\/wp\/v2\/product_tag?post=27146"}],"curies":[{"name":"wp","href":"https:\/\/api.w.org\/{rel}","templated":true}]}}