{"id":26952,"date":"2021-04-28T13:07:20","date_gmt":"2021-04-28T12:07:20","guid":{"rendered":"https:\/\/websjop.afuk.frl\/nl\/?post_type=product&#038;p=26952"},"modified":"2025-10-21T11:13:47","modified_gmt":"2025-10-21T09:13:47","slug":"bertekreft-diel-5-fan-in-fryske-odyssee","status":"publish","type":"product","link":"https:\/\/websjop.afuk.frl\/nl\/winkel\/bertekreft-diel-5-fan-in-fryske-odyssee\/","title":{"rendered":"Bertekr\u00eaft &#8211; Diel 5 fan &#8216;In Fryske Odyssee&#8217;"},"content":{"rendered":"<p><em>Bertekr\u00eaft<\/em> is het vijfde boek in de serie van <em>In Fryske Odyssee.<\/em>\u00a0Hierin is het levensverhaal van Bouke Blomhof opgenomen, boer aan de Fluessen, een meer bij Het Heidenschap, een dorpje in de Zuidwesthoek van Frysl\u00e2n. Dit verhaal is een onderdeel van een serie verhalen, levensbeschrijvingen, mythische teksten, novellen en romans, die allemaal een relatie hebben met het leven van de hoofdpersoon. De grote roman over de Blomhofs is de rode draad die door het geheel loopt.<\/p>\n<p>&nbsp;<\/p>\n","protected":false},"excerpt":{"rendered":"<p>Bertekr\u00eaft is het vijfde boek in de serie van In Fryske Odyssee.\u00a0Hierin is het levensverhaal van Bouke Blomhof opgenomen, boer aan de Fluessen, een meer bij Het Heidenschap, een dorpje in de Zuidwesthoek van Frysl\u00e2n. Dit verhaal is een onderdeel van een serie verhalen, levensbeschrijvingen, mythische teksten, novellen en romans, die allemaal een relatie hebben [&hellip;]<\/p>\n","protected":false},"featured_media":26953,"comment_status":"closed","ping_status":"closed","template":"","meta":{"_acf_changed":false},"product_brand":[],"product_cat":[535,537,1215,539],"product_tag":[18485,18486,13153,13151,6105,13152],"class_list":{"0":"post-26952","1":"product","2":"type-product","3":"status-publish","4":"has-post-thumbnail","6":"product_cat-fryske-boeken","7":"product_cat-romans","8":"product_cat-romans-en-literatuer","9":"product_cat-skiednis","10":"product_tag-bertekreft","11":"product_tag-diel-5","12":"product_tag-epos","13":"product_tag-in-fryske-odyssee","14":"product_tag-skiednis","15":"product_tag-willem-tjerkstra","16":"product_shipping_class-pakketpost-verzending","17":"pa_auteur-willem-tjerkstra","18":"pa_isbn-18483","19":"pa_new-label-1-3","20":"pa_taal-frysk","21":"pa_uitgever-aspekt","23":"first","24":"instock","25":"taxable","26":"shipping-taxable","27":"purchasable","28":"product-type-simple"},"acf":[],"yoast_head":"<!-- This site is optimized with the Yoast SEO plugin v27.2 - https:\/\/yoast.com\/product\/yoast-seo-wordpress\/ -->\n<title>Bertekr\u00eaft - Diel 5 fan &#039;In Fryske Odyssee&#039; &#8211; Af\u00fbk Websjop<\/title>\n<meta name=\"description\" content=\"Bertekr\u00eaft is het vijfde boek in de serie van In Fryske Odyssee.\u00a0Hierin is het levensverhaal van Bouke Blomhof opgenomen, boer aan de Fluessen.\" \/>\n<meta name=\"robots\" content=\"index, follow, max-snippet:-1, max-image-preview:large, max-video-preview:-1\" \/>\n<link rel=\"canonical\" href=\"https:\/\/websjop.afuk.frl\/nl\/winkel\/bertekreft-diel-5-fan-in-fryske-odyssee\/\" \/>\n<meta property=\"og:locale\" content=\"nl_NL\" \/>\n<meta property=\"og:type\" content=\"article\" \/>\n<meta property=\"og:title\" content=\"Bertekr\u00eaft - Diel 5 fan &#039;In Fryske Odyssee&#039; &#8211; Af\u00fbk Websjop\" \/>\n<meta property=\"og:description\" content=\"Bertekr\u00eaft is het vijfde boek in de serie van In Fryske Odyssee.\u00a0Hierin is het levensverhaal van Bouke Blomhof opgenomen, boer aan de Fluessen.\" \/>\n<meta property=\"og:url\" content=\"https:\/\/websjop.afuk.frl\/nl\/winkel\/bertekreft-diel-5-fan-in-fryske-odyssee\/\" \/>\n<meta property=\"og:site_name\" content=\"Af\u00fbk Websjop\" \/>\n<meta property=\"article:modified_time\" content=\"2025-10-21T09:13:47+00:00\" \/>\n<meta property=\"og:image\" content=\"https:\/\/websjop.afuk.frl\/wp-content\/uploads\/2021\/04\/Bertekreft352.jpg\" \/>\n\t<meta property=\"og:image:width\" content=\"408\" \/>\n\t<meta property=\"og:image:height\" content=\"641\" \/>\n\t<meta property=\"og:image:type\" content=\"image\/jpeg\" \/>\n<meta name=\"twitter:card\" content=\"summary_large_image\" \/>\n<script type=\"application\/ld+json\" class=\"yoast-schema-graph\">{\"@context\":\"https:\/\/schema.org\",\"@graph\":[{\"@type\":\"WebPage\",\"@id\":\"https:\/\/websjop.afuk.frl\/nl\/winkel\/bertekreft-diel-5-fan-in-fryske-odyssee\/\",\"url\":\"https:\/\/websjop.afuk.frl\/nl\/winkel\/bertekreft-diel-5-fan-in-fryske-odyssee\/\",\"name\":\"Bertekr\u00eaft - Diel 5 fan 'In Fryske Odyssee' &#8211; Af\u00fbk Websjop\",\"isPartOf\":{\"@id\":\"https:\/\/websjop.afuk.frl\/nl\/#website\"},\"primaryImageOfPage\":{\"@id\":\"https:\/\/websjop.afuk.frl\/nl\/winkel\/bertekreft-diel-5-fan-in-fryske-odyssee\/#primaryimage\"},\"image\":{\"@id\":\"https:\/\/websjop.afuk.frl\/nl\/winkel\/bertekreft-diel-5-fan-in-fryske-odyssee\/#primaryimage\"},\"thumbnailUrl\":\"https:\/\/websjop.afuk.frl\/wp-content\/uploads\/2021\/04\/Bertekreft352.jpg\",\"datePublished\":\"2021-04-28T12:07:20+00:00\",\"dateModified\":\"2025-10-21T09:13:47+00:00\",\"description\":\"Bertekr\u00eaft is het vijfde boek in de serie van In Fryske Odyssee.\u00a0Hierin is het levensverhaal van Bouke Blomhof opgenomen, boer aan de Fluessen.\",\"breadcrumb\":{\"@id\":\"https:\/\/websjop.afuk.frl\/nl\/winkel\/bertekreft-diel-5-fan-in-fryske-odyssee\/#breadcrumb\"},\"inLanguage\":\"nl-NL\",\"potentialAction\":[{\"@type\":\"ReadAction\",\"target\":[\"https:\/\/websjop.afuk.frl\/nl\/winkel\/bertekreft-diel-5-fan-in-fryske-odyssee\/\"]}]},{\"@type\":\"ImageObject\",\"inLanguage\":\"nl-NL\",\"@id\":\"https:\/\/websjop.afuk.frl\/nl\/winkel\/bertekreft-diel-5-fan-in-fryske-odyssee\/#primaryimage\",\"url\":\"https:\/\/websjop.afuk.frl\/wp-content\/uploads\/2021\/04\/Bertekreft352.jpg\",\"contentUrl\":\"https:\/\/websjop.afuk.frl\/wp-content\/uploads\/2021\/04\/Bertekreft352.jpg\",\"width\":408,\"height\":641,\"caption\":\"Bertekr\u00eaft\"},{\"@type\":\"BreadcrumbList\",\"@id\":\"https:\/\/websjop.afuk.frl\/nl\/winkel\/bertekreft-diel-5-fan-in-fryske-odyssee\/#breadcrumb\",\"itemListElement\":[{\"@type\":\"ListItem\",\"position\":1,\"name\":\"Home\",\"item\":\"https:\/\/websjop.afuk.frl\/nl\/\"},{\"@type\":\"ListItem\",\"position\":2,\"name\":\"Winkel\",\"item\":\"https:\/\/websjop.afuk.frl\/nl\/winkel\/\"},{\"@type\":\"ListItem\",\"position\":3,\"name\":\"Bertekr\u00eaft &#8211; Diel 5 fan &#8216;In Fryske Odyssee&#8217;\"}]},{\"@type\":\"WebSite\",\"@id\":\"https:\/\/websjop.afuk.frl\/nl\/#website\",\"url\":\"https:\/\/websjop.afuk.frl\/nl\/\",\"name\":\"Af\u00fbk Websjop\",\"description\":\"\",\"potentialAction\":[{\"@type\":\"SearchAction\",\"target\":{\"@type\":\"EntryPoint\",\"urlTemplate\":\"https:\/\/websjop.afuk.frl\/nl\/?s={search_term_string}\"},\"query-input\":{\"@type\":\"PropertyValueSpecification\",\"valueRequired\":true,\"valueName\":\"search_term_string\"}}],\"inLanguage\":\"nl-NL\"}]}<\/script>\n<!-- \/ Yoast SEO plugin. -->","yoast_head_json":{"title":"Bertekr\u00eaft - Diel 5 fan 'In Fryske Odyssee' &#8211; Af\u00fbk Websjop","description":"Bertekr\u00eaft is het vijfde boek in de serie van In Fryske Odyssee.\u00a0Hierin is het levensverhaal van Bouke Blomhof opgenomen, boer aan de Fluessen.","robots":{"index":"index","follow":"follow","max-snippet":"max-snippet:-1","max-image-preview":"max-image-preview:large","max-video-preview":"max-video-preview:-1"},"canonical":"https:\/\/websjop.afuk.frl\/nl\/winkel\/bertekreft-diel-5-fan-in-fryske-odyssee\/","og_locale":"nl_NL","og_type":"article","og_title":"Bertekr\u00eaft - Diel 5 fan 'In Fryske Odyssee' &#8211; Af\u00fbk Websjop","og_description":"Bertekr\u00eaft is het vijfde boek in de serie van In Fryske Odyssee.\u00a0Hierin is het levensverhaal van Bouke Blomhof opgenomen, boer aan de Fluessen.","og_url":"https:\/\/websjop.afuk.frl\/nl\/winkel\/bertekreft-diel-5-fan-in-fryske-odyssee\/","og_site_name":"Af\u00fbk Websjop","article_modified_time":"2025-10-21T09:13:47+00:00","og_image":[{"width":408,"height":641,"url":"https:\/\/websjop.afuk.frl\/wp-content\/uploads\/2021\/04\/Bertekreft352.jpg","type":"image\/jpeg"}],"twitter_card":"summary_large_image","schema":{"@context":"https:\/\/schema.org","@graph":[{"@type":"WebPage","@id":"https:\/\/websjop.afuk.frl\/nl\/winkel\/bertekreft-diel-5-fan-in-fryske-odyssee\/","url":"https:\/\/websjop.afuk.frl\/nl\/winkel\/bertekreft-diel-5-fan-in-fryske-odyssee\/","name":"Bertekr\u00eaft - Diel 5 fan 'In Fryske Odyssee' &#8211; Af\u00fbk Websjop","isPartOf":{"@id":"https:\/\/websjop.afuk.frl\/nl\/#website"},"primaryImageOfPage":{"@id":"https:\/\/websjop.afuk.frl\/nl\/winkel\/bertekreft-diel-5-fan-in-fryske-odyssee\/#primaryimage"},"image":{"@id":"https:\/\/websjop.afuk.frl\/nl\/winkel\/bertekreft-diel-5-fan-in-fryske-odyssee\/#primaryimage"},"thumbnailUrl":"https:\/\/websjop.afuk.frl\/wp-content\/uploads\/2021\/04\/Bertekreft352.jpg","datePublished":"2021-04-28T12:07:20+00:00","dateModified":"2025-10-21T09:13:47+00:00","description":"Bertekr\u00eaft is het vijfde boek in de serie van In Fryske Odyssee.\u00a0Hierin is het levensverhaal van Bouke Blomhof opgenomen, boer aan de Fluessen.","breadcrumb":{"@id":"https:\/\/websjop.afuk.frl\/nl\/winkel\/bertekreft-diel-5-fan-in-fryske-odyssee\/#breadcrumb"},"inLanguage":"nl-NL","potentialAction":[{"@type":"ReadAction","target":["https:\/\/websjop.afuk.frl\/nl\/winkel\/bertekreft-diel-5-fan-in-fryske-odyssee\/"]}]},{"@type":"ImageObject","inLanguage":"nl-NL","@id":"https:\/\/websjop.afuk.frl\/nl\/winkel\/bertekreft-diel-5-fan-in-fryske-odyssee\/#primaryimage","url":"https:\/\/websjop.afuk.frl\/wp-content\/uploads\/2021\/04\/Bertekreft352.jpg","contentUrl":"https:\/\/websjop.afuk.frl\/wp-content\/uploads\/2021\/04\/Bertekreft352.jpg","width":408,"height":641,"caption":"Bertekr\u00eaft"},{"@type":"BreadcrumbList","@id":"https:\/\/websjop.afuk.frl\/nl\/winkel\/bertekreft-diel-5-fan-in-fryske-odyssee\/#breadcrumb","itemListElement":[{"@type":"ListItem","position":1,"name":"Home","item":"https:\/\/websjop.afuk.frl\/nl\/"},{"@type":"ListItem","position":2,"name":"Winkel","item":"https:\/\/websjop.afuk.frl\/nl\/winkel\/"},{"@type":"ListItem","position":3,"name":"Bertekr\u00eaft &#8211; Diel 5 fan &#8216;In Fryske Odyssee&#8217;"}]},{"@type":"WebSite","@id":"https:\/\/websjop.afuk.frl\/nl\/#website","url":"https:\/\/websjop.afuk.frl\/nl\/","name":"Af\u00fbk Websjop","description":"","potentialAction":[{"@type":"SearchAction","target":{"@type":"EntryPoint","urlTemplate":"https:\/\/websjop.afuk.frl\/nl\/?s={search_term_string}"},"query-input":{"@type":"PropertyValueSpecification","valueRequired":true,"valueName":"search_term_string"}}],"inLanguage":"nl-NL"}]}},"_links":{"self":[{"href":"https:\/\/websjop.afuk.frl\/nl\/wp-json\/wp\/v2\/product\/26952","targetHints":{"allow":["GET"]}}],"collection":[{"href":"https:\/\/websjop.afuk.frl\/nl\/wp-json\/wp\/v2\/product"}],"about":[{"href":"https:\/\/websjop.afuk.frl\/nl\/wp-json\/wp\/v2\/types\/product"}],"replies":[{"embeddable":true,"href":"https:\/\/websjop.afuk.frl\/nl\/wp-json\/wp\/v2\/comments?post=26952"}],"wp:featuredmedia":[{"embeddable":true,"href":"https:\/\/websjop.afuk.frl\/nl\/wp-json\/wp\/v2\/media\/26953"}],"wp:attachment":[{"href":"https:\/\/websjop.afuk.frl\/nl\/wp-json\/wp\/v2\/media?parent=26952"}],"wp:term":[{"taxonomy":"product_brand","embeddable":true,"href":"https:\/\/websjop.afuk.frl\/nl\/wp-json\/wp\/v2\/product_brand?post=26952"},{"taxonomy":"product_cat","embeddable":true,"href":"https:\/\/websjop.afuk.frl\/nl\/wp-json\/wp\/v2\/product_cat?post=26952"},{"taxonomy":"product_tag","embeddable":true,"href":"https:\/\/websjop.afuk.frl\/nl\/wp-json\/wp\/v2\/product_tag?post=26952"}],"curies":[{"name":"wp","href":"https:\/\/api.w.org\/{rel}","templated":true}]}}