{"id":26949,"date":"2017-04-28T11:55:26","date_gmt":"2017-04-28T10:55:26","guid":{"rendered":"https:\/\/websjop.afuk.frl\/nl\/?post_type=product&#038;p=26949"},"modified":"2025-10-21T11:12:33","modified_gmt":"2025-10-21T09:12:33","slug":"mysterieuze-kreften-diel-4-fan-in-fryske-odyssee","status":"publish","type":"product","link":"https:\/\/websjop.afuk.frl\/nl\/winkel\/mysterieuze-kreften-diel-4-fan-in-fryske-odyssee\/","title":{"rendered":"Mysterieuze Kr\u00eaften &#8211; Diel 4 fan &#8216;In Fryske Odyssee&#8217;"},"content":{"rendered":"<p>Mysterieuze kr\u00eaften (Mysterieuze krachten) is het vierde boek in de serie In Fryske Odyssee (Een Friese Odyssee). Hierin is het levensverhaal van Bouke Blomhof opgenomen, boer aan de Fluessen, een meer bij Het Heidenschap, een dorpje in de Zuidwesthoek van Frysl\u00e2n. Dit verhaal is een onderdeel van een serie verhalen, levensbeschrijvingen, mythische teksten, novellen en romans, die allemaal een relatie hebben met het leven van de hoofdpersoon. De grote roman over de Blomhofs is de rode draad die door het geheel loopt.<\/p>\n<p>&nbsp;<\/p>\n","protected":false},"excerpt":{"rendered":"<p>Mysterieuze kr\u00eaften (Mysterieuze krachten) is het vierde boek in de serie In Fryske Odyssee (Een Friese Odyssee). Hierin is het levensverhaal van Bouke Blomhof opgenomen, boer aan de Fluessen, een meer bij Het Heidenschap, een dorpje in de Zuidwesthoek van Frysl\u00e2n. Dit verhaal is een onderdeel van een serie verhalen, levensbeschrijvingen, mythische teksten, novellen en [&hellip;]<\/p>\n","protected":false},"featured_media":26950,"comment_status":"closed","ping_status":"closed","template":"","meta":{"_acf_changed":false},"product_brand":[],"product_cat":[535,537,1215,539],"product_tag":[18482,13153,13151,18481,13152],"class_list":{"0":"post-26949","1":"product","2":"type-product","3":"status-publish","4":"has-post-thumbnail","6":"product_cat-fryske-boeken","7":"product_cat-romans","8":"product_cat-romans-en-literatuer","9":"product_cat-skiednis","10":"product_tag-diel-4","11":"product_tag-epos","12":"product_tag-in-fryske-odyssee","13":"product_tag-mysterieuze-kreften","14":"product_tag-willem-tjerkstra","15":"product_shipping_class-pakketpost-verzending","16":"pa_auteur-willem-tjerkstra","17":"pa_isbn-18480","18":"pa_new-label-1-3","19":"pa_taal-frysk","20":"pa_uitgever-aspekt","22":"first","23":"instock","24":"taxable","25":"shipping-taxable","26":"purchasable","27":"product-type-simple"},"acf":[],"yoast_head":"<!-- This site is optimized with the Yoast SEO plugin v27.2 - https:\/\/yoast.com\/product\/yoast-seo-wordpress\/ -->\n<title>Mysterieuze Kr\u00eaften - Diel 4 fan &#039;In Fryske Odyssee&#039; &#8211; Af\u00fbk Websjop<\/title>\n<meta name=\"description\" content=\"Mysterieuze kr\u00eaften is het vierde boek in de serie In Fryske Odyssee. Hierin is het levensverhaal van Bouke Blomhof opgenomen, boer aan de Fluessen.\" \/>\n<meta name=\"robots\" content=\"index, follow, max-snippet:-1, max-image-preview:large, max-video-preview:-1\" \/>\n<link rel=\"canonical\" href=\"https:\/\/websjop.afuk.frl\/nl\/winkel\/mysterieuze-kreften-diel-4-fan-in-fryske-odyssee\/\" \/>\n<meta property=\"og:locale\" content=\"nl_NL\" \/>\n<meta property=\"og:type\" content=\"article\" \/>\n<meta property=\"og:title\" content=\"Mysterieuze Kr\u00eaften - Diel 4 fan &#039;In Fryske Odyssee&#039; &#8211; Af\u00fbk Websjop\" \/>\n<meta property=\"og:description\" content=\"Mysterieuze kr\u00eaften is het vierde boek in de serie In Fryske Odyssee. Hierin is het levensverhaal van Bouke Blomhof opgenomen, boer aan de Fluessen.\" \/>\n<meta property=\"og:url\" content=\"https:\/\/websjop.afuk.frl\/nl\/winkel\/mysterieuze-kreften-diel-4-fan-in-fryske-odyssee\/\" \/>\n<meta property=\"og:site_name\" content=\"Af\u00fbk Websjop\" \/>\n<meta property=\"article:modified_time\" content=\"2025-10-21T09:12:33+00:00\" \/>\n<meta property=\"og:image\" content=\"https:\/\/websjop.afuk.frl\/wp-content\/uploads\/2021\/04\/Mysterieuze-kreften351.jpg\" \/>\n\t<meta property=\"og:image:width\" content=\"406\" \/>\n\t<meta property=\"og:image:height\" content=\"643\" \/>\n\t<meta property=\"og:image:type\" content=\"image\/jpeg\" \/>\n<meta name=\"twitter:card\" content=\"summary_large_image\" \/>\n<script type=\"application\/ld+json\" class=\"yoast-schema-graph\">{\"@context\":\"https:\/\/schema.org\",\"@graph\":[{\"@type\":\"WebPage\",\"@id\":\"https:\/\/websjop.afuk.frl\/nl\/winkel\/mysterieuze-kreften-diel-4-fan-in-fryske-odyssee\/\",\"url\":\"https:\/\/websjop.afuk.frl\/nl\/winkel\/mysterieuze-kreften-diel-4-fan-in-fryske-odyssee\/\",\"name\":\"Mysterieuze Kr\u00eaften - Diel 4 fan 'In Fryske Odyssee' &#8211; Af\u00fbk Websjop\",\"isPartOf\":{\"@id\":\"https:\/\/websjop.afuk.frl\/nl\/#website\"},\"primaryImageOfPage\":{\"@id\":\"https:\/\/websjop.afuk.frl\/nl\/winkel\/mysterieuze-kreften-diel-4-fan-in-fryske-odyssee\/#primaryimage\"},\"image\":{\"@id\":\"https:\/\/websjop.afuk.frl\/nl\/winkel\/mysterieuze-kreften-diel-4-fan-in-fryske-odyssee\/#primaryimage\"},\"thumbnailUrl\":\"https:\/\/websjop.afuk.frl\/wp-content\/uploads\/2021\/04\/Mysterieuze-kreften351.jpg\",\"datePublished\":\"2017-04-28T10:55:26+00:00\",\"dateModified\":\"2025-10-21T09:12:33+00:00\",\"description\":\"Mysterieuze kr\u00eaften is het vierde boek in de serie In Fryske Odyssee. Hierin is het levensverhaal van Bouke Blomhof opgenomen, boer aan de Fluessen.\",\"breadcrumb\":{\"@id\":\"https:\/\/websjop.afuk.frl\/nl\/winkel\/mysterieuze-kreften-diel-4-fan-in-fryske-odyssee\/#breadcrumb\"},\"inLanguage\":\"nl-NL\",\"potentialAction\":[{\"@type\":\"ReadAction\",\"target\":[\"https:\/\/websjop.afuk.frl\/nl\/winkel\/mysterieuze-kreften-diel-4-fan-in-fryske-odyssee\/\"]}]},{\"@type\":\"ImageObject\",\"inLanguage\":\"nl-NL\",\"@id\":\"https:\/\/websjop.afuk.frl\/nl\/winkel\/mysterieuze-kreften-diel-4-fan-in-fryske-odyssee\/#primaryimage\",\"url\":\"https:\/\/websjop.afuk.frl\/wp-content\/uploads\/2021\/04\/Mysterieuze-kreften351.jpg\",\"contentUrl\":\"https:\/\/websjop.afuk.frl\/wp-content\/uploads\/2021\/04\/Mysterieuze-kreften351.jpg\",\"width\":406,\"height\":643,\"caption\":\"Mysterieuze kr\u00eaften\"},{\"@type\":\"BreadcrumbList\",\"@id\":\"https:\/\/websjop.afuk.frl\/nl\/winkel\/mysterieuze-kreften-diel-4-fan-in-fryske-odyssee\/#breadcrumb\",\"itemListElement\":[{\"@type\":\"ListItem\",\"position\":1,\"name\":\"Home\",\"item\":\"https:\/\/websjop.afuk.frl\/nl\/\"},{\"@type\":\"ListItem\",\"position\":2,\"name\":\"Winkel\",\"item\":\"https:\/\/websjop.afuk.frl\/nl\/winkel\/\"},{\"@type\":\"ListItem\",\"position\":3,\"name\":\"Mysterieuze Kr\u00eaften &#8211; Diel 4 fan &#8216;In Fryske Odyssee&#8217;\"}]},{\"@type\":\"WebSite\",\"@id\":\"https:\/\/websjop.afuk.frl\/nl\/#website\",\"url\":\"https:\/\/websjop.afuk.frl\/nl\/\",\"name\":\"Af\u00fbk Websjop\",\"description\":\"\",\"potentialAction\":[{\"@type\":\"SearchAction\",\"target\":{\"@type\":\"EntryPoint\",\"urlTemplate\":\"https:\/\/websjop.afuk.frl\/nl\/?s={search_term_string}\"},\"query-input\":{\"@type\":\"PropertyValueSpecification\",\"valueRequired\":true,\"valueName\":\"search_term_string\"}}],\"inLanguage\":\"nl-NL\"}]}<\/script>\n<!-- \/ Yoast SEO plugin. -->","yoast_head_json":{"title":"Mysterieuze Kr\u00eaften - Diel 4 fan 'In Fryske Odyssee' &#8211; Af\u00fbk Websjop","description":"Mysterieuze kr\u00eaften is het vierde boek in de serie In Fryske Odyssee. Hierin is het levensverhaal van Bouke Blomhof opgenomen, boer aan de Fluessen.","robots":{"index":"index","follow":"follow","max-snippet":"max-snippet:-1","max-image-preview":"max-image-preview:large","max-video-preview":"max-video-preview:-1"},"canonical":"https:\/\/websjop.afuk.frl\/nl\/winkel\/mysterieuze-kreften-diel-4-fan-in-fryske-odyssee\/","og_locale":"nl_NL","og_type":"article","og_title":"Mysterieuze Kr\u00eaften - Diel 4 fan 'In Fryske Odyssee' &#8211; Af\u00fbk Websjop","og_description":"Mysterieuze kr\u00eaften is het vierde boek in de serie In Fryske Odyssee. Hierin is het levensverhaal van Bouke Blomhof opgenomen, boer aan de Fluessen.","og_url":"https:\/\/websjop.afuk.frl\/nl\/winkel\/mysterieuze-kreften-diel-4-fan-in-fryske-odyssee\/","og_site_name":"Af\u00fbk Websjop","article_modified_time":"2025-10-21T09:12:33+00:00","og_image":[{"width":406,"height":643,"url":"https:\/\/websjop.afuk.frl\/wp-content\/uploads\/2021\/04\/Mysterieuze-kreften351.jpg","type":"image\/jpeg"}],"twitter_card":"summary_large_image","schema":{"@context":"https:\/\/schema.org","@graph":[{"@type":"WebPage","@id":"https:\/\/websjop.afuk.frl\/nl\/winkel\/mysterieuze-kreften-diel-4-fan-in-fryske-odyssee\/","url":"https:\/\/websjop.afuk.frl\/nl\/winkel\/mysterieuze-kreften-diel-4-fan-in-fryske-odyssee\/","name":"Mysterieuze Kr\u00eaften - Diel 4 fan 'In Fryske Odyssee' &#8211; Af\u00fbk Websjop","isPartOf":{"@id":"https:\/\/websjop.afuk.frl\/nl\/#website"},"primaryImageOfPage":{"@id":"https:\/\/websjop.afuk.frl\/nl\/winkel\/mysterieuze-kreften-diel-4-fan-in-fryske-odyssee\/#primaryimage"},"image":{"@id":"https:\/\/websjop.afuk.frl\/nl\/winkel\/mysterieuze-kreften-diel-4-fan-in-fryske-odyssee\/#primaryimage"},"thumbnailUrl":"https:\/\/websjop.afuk.frl\/wp-content\/uploads\/2021\/04\/Mysterieuze-kreften351.jpg","datePublished":"2017-04-28T10:55:26+00:00","dateModified":"2025-10-21T09:12:33+00:00","description":"Mysterieuze kr\u00eaften is het vierde boek in de serie In Fryske Odyssee. Hierin is het levensverhaal van Bouke Blomhof opgenomen, boer aan de Fluessen.","breadcrumb":{"@id":"https:\/\/websjop.afuk.frl\/nl\/winkel\/mysterieuze-kreften-diel-4-fan-in-fryske-odyssee\/#breadcrumb"},"inLanguage":"nl-NL","potentialAction":[{"@type":"ReadAction","target":["https:\/\/websjop.afuk.frl\/nl\/winkel\/mysterieuze-kreften-diel-4-fan-in-fryske-odyssee\/"]}]},{"@type":"ImageObject","inLanguage":"nl-NL","@id":"https:\/\/websjop.afuk.frl\/nl\/winkel\/mysterieuze-kreften-diel-4-fan-in-fryske-odyssee\/#primaryimage","url":"https:\/\/websjop.afuk.frl\/wp-content\/uploads\/2021\/04\/Mysterieuze-kreften351.jpg","contentUrl":"https:\/\/websjop.afuk.frl\/wp-content\/uploads\/2021\/04\/Mysterieuze-kreften351.jpg","width":406,"height":643,"caption":"Mysterieuze kr\u00eaften"},{"@type":"BreadcrumbList","@id":"https:\/\/websjop.afuk.frl\/nl\/winkel\/mysterieuze-kreften-diel-4-fan-in-fryske-odyssee\/#breadcrumb","itemListElement":[{"@type":"ListItem","position":1,"name":"Home","item":"https:\/\/websjop.afuk.frl\/nl\/"},{"@type":"ListItem","position":2,"name":"Winkel","item":"https:\/\/websjop.afuk.frl\/nl\/winkel\/"},{"@type":"ListItem","position":3,"name":"Mysterieuze Kr\u00eaften &#8211; Diel 4 fan &#8216;In Fryske Odyssee&#8217;"}]},{"@type":"WebSite","@id":"https:\/\/websjop.afuk.frl\/nl\/#website","url":"https:\/\/websjop.afuk.frl\/nl\/","name":"Af\u00fbk Websjop","description":"","potentialAction":[{"@type":"SearchAction","target":{"@type":"EntryPoint","urlTemplate":"https:\/\/websjop.afuk.frl\/nl\/?s={search_term_string}"},"query-input":{"@type":"PropertyValueSpecification","valueRequired":true,"valueName":"search_term_string"}}],"inLanguage":"nl-NL"}]}},"_links":{"self":[{"href":"https:\/\/websjop.afuk.frl\/nl\/wp-json\/wp\/v2\/product\/26949","targetHints":{"allow":["GET"]}}],"collection":[{"href":"https:\/\/websjop.afuk.frl\/nl\/wp-json\/wp\/v2\/product"}],"about":[{"href":"https:\/\/websjop.afuk.frl\/nl\/wp-json\/wp\/v2\/types\/product"}],"replies":[{"embeddable":true,"href":"https:\/\/websjop.afuk.frl\/nl\/wp-json\/wp\/v2\/comments?post=26949"}],"wp:featuredmedia":[{"embeddable":true,"href":"https:\/\/websjop.afuk.frl\/nl\/wp-json\/wp\/v2\/media\/26950"}],"wp:attachment":[{"href":"https:\/\/websjop.afuk.frl\/nl\/wp-json\/wp\/v2\/media?parent=26949"}],"wp:term":[{"taxonomy":"product_brand","embeddable":true,"href":"https:\/\/websjop.afuk.frl\/nl\/wp-json\/wp\/v2\/product_brand?post=26949"},{"taxonomy":"product_cat","embeddable":true,"href":"https:\/\/websjop.afuk.frl\/nl\/wp-json\/wp\/v2\/product_cat?post=26949"},{"taxonomy":"product_tag","embeddable":true,"href":"https:\/\/websjop.afuk.frl\/nl\/wp-json\/wp\/v2\/product_tag?post=26949"}],"curies":[{"name":"wp","href":"https:\/\/api.w.org\/{rel}","templated":true}]}}