{"id":25821,"date":"2021-03-11T10:26:18","date_gmt":"2021-03-11T09:26:18","guid":{"rendered":"https:\/\/websjop.afuk.frl\/nl\/?post_type=product&#038;p=25821"},"modified":"2021-05-01T14:24:16","modified_gmt":"2021-05-01T13:24:16","slug":"dunsje-mei-de-derwysk","status":"publish","type":"product","link":"https:\/\/websjop.afuk.frl\/nl\/winkel\/dunsje-mei-de-derwysk\/","title":{"rendered":"D\u00fbnsje mei de Derwysk"},"content":{"rendered":"<p>De nieuwste gedichtenbundel <em>D\u00fbnsje mei de Derwysk<\/em> van Hidde Boersma is o.a. opgedragen aan Nasr Abu Zayd, de Egyptisch hoogleraar in de islam die woonde en werkte in Nederland. Nasr Abu Zayd was een specialist in de studie van de Koran en de mystieke filosofie. Door zijn kritiek op de sharia kwam hij in aanvaring met islamitische fundamentalisten in Egypte. Hij werd bestempeld tot geloofsafvallige en moest in 1995 uitwijken.<\/p>\n","protected":false},"excerpt":{"rendered":"<p>De nieuwste gedichtenbundel D\u00fbnsje mei de Derwysk van Hidde Boersma is o.a. opgedragen aan Nasr Abu Zayd, de Egyptisch hoogleraar in de islam die woonde en werkte in Nederland. Nasr Abu Zayd was een specialist in de studie van de Koran en de mystieke filosofie. Door zijn kritiek op de sharia kwam hij in aanvaring [&hellip;]<\/p>\n","protected":false},"featured_media":25822,"comment_status":"closed","ping_status":"closed","template":"","meta":{"_acf_changed":false},"product_brand":[],"product_cat":[538,535,1215],"product_tag":[5521,18292,5191,18293,18294],"class_list":{"0":"post-25821","1":"product","2":"type-product","3":"status-publish","4":"has-post-thumbnail","6":"product_cat-dichtbondels","7":"product_cat-fryske-boeken","8":"product_cat-romans-en-literatuer","9":"product_tag-dichtbondel","10":"product_tag-dunsje-mei-de-derwysk","11":"product_tag-gedichten","12":"product_tag-hidde-boersma","13":"product_tag-nasr-abu-zayd","14":"product_shipping_class-brievenbus-verzending","15":"pa_auteur-hidde-boersma-2","16":"pa_isbn-18290","17":"pa_new-label-1-3","18":"pa_taal-frysk","19":"pa_uitgever-hispel","21":"first","22":"instock","23":"taxable","24":"shipping-taxable","25":"purchasable","26":"product-type-simple"},"acf":[],"yoast_head":"<!-- This site is optimized with the Yoast SEO plugin v27.2 - https:\/\/yoast.com\/product\/yoast-seo-wordpress\/ -->\n<title>D\u00fbnsje mei de Derwysk &#8211; Af\u00fbk Websjop<\/title>\n<meta name=\"description\" content=\"Deze gedichtenbundel D\u00fbnsje mei de Derwysk van Hidde Boersma is opgedragen aan Nasr Abu Zayd, de Egyptisch hoogleraar in de islam wonende in Nederland.\" \/>\n<meta name=\"robots\" content=\"index, follow, max-snippet:-1, max-image-preview:large, max-video-preview:-1\" \/>\n<link rel=\"canonical\" href=\"https:\/\/websjop.afuk.frl\/nl\/winkel\/dunsje-mei-de-derwysk\/\" \/>\n<meta property=\"og:locale\" content=\"nl_NL\" \/>\n<meta property=\"og:type\" content=\"article\" \/>\n<meta property=\"og:title\" content=\"D\u00fbnsje mei de Derwysk &#8211; Af\u00fbk Websjop\" \/>\n<meta property=\"og:description\" content=\"Deze gedichtenbundel D\u00fbnsje mei de Derwysk van Hidde Boersma is opgedragen aan Nasr Abu Zayd, de Egyptisch hoogleraar in de islam wonende in Nederland.\" \/>\n<meta property=\"og:url\" content=\"https:\/\/websjop.afuk.frl\/nl\/winkel\/dunsje-mei-de-derwysk\/\" \/>\n<meta property=\"og:site_name\" content=\"Af\u00fbk Websjop\" \/>\n<meta property=\"article:modified_time\" content=\"2021-05-01T13:24:16+00:00\" \/>\n<meta property=\"og:image\" content=\"https:\/\/websjop.afuk.frl\/wp-content\/uploads\/2021\/03\/Dunsje-mei-de-Derwysk328.jpg\" \/>\n\t<meta property=\"og:image:width\" content=\"378\" \/>\n\t<meta property=\"og:image:height\" content=\"559\" \/>\n\t<meta property=\"og:image:type\" content=\"image\/jpeg\" \/>\n<meta name=\"twitter:card\" content=\"summary_large_image\" \/>\n<script type=\"application\/ld+json\" class=\"yoast-schema-graph\">{\"@context\":\"https:\/\/schema.org\",\"@graph\":[{\"@type\":\"WebPage\",\"@id\":\"https:\/\/websjop.afuk.frl\/nl\/winkel\/dunsje-mei-de-derwysk\/\",\"url\":\"https:\/\/websjop.afuk.frl\/nl\/winkel\/dunsje-mei-de-derwysk\/\",\"name\":\"D\u00fbnsje mei de Derwysk &#8211; Af\u00fbk Websjop\",\"isPartOf\":{\"@id\":\"https:\/\/websjop.afuk.frl\/nl\/#website\"},\"primaryImageOfPage\":{\"@id\":\"https:\/\/websjop.afuk.frl\/nl\/winkel\/dunsje-mei-de-derwysk\/#primaryimage\"},\"image\":{\"@id\":\"https:\/\/websjop.afuk.frl\/nl\/winkel\/dunsje-mei-de-derwysk\/#primaryimage\"},\"thumbnailUrl\":\"https:\/\/websjop.afuk.frl\/wp-content\/uploads\/2021\/03\/Dunsje-mei-de-Derwysk328.jpg\",\"datePublished\":\"2021-03-11T09:26:18+00:00\",\"dateModified\":\"2021-05-01T13:24:16+00:00\",\"description\":\"Deze gedichtenbundel D\u00fbnsje mei de Derwysk van Hidde Boersma is opgedragen aan Nasr Abu Zayd, de Egyptisch hoogleraar in de islam wonende in Nederland.\",\"breadcrumb\":{\"@id\":\"https:\/\/websjop.afuk.frl\/nl\/winkel\/dunsje-mei-de-derwysk\/#breadcrumb\"},\"inLanguage\":\"nl-NL\",\"potentialAction\":[{\"@type\":\"ReadAction\",\"target\":[\"https:\/\/websjop.afuk.frl\/nl\/winkel\/dunsje-mei-de-derwysk\/\"]}]},{\"@type\":\"ImageObject\",\"inLanguage\":\"nl-NL\",\"@id\":\"https:\/\/websjop.afuk.frl\/nl\/winkel\/dunsje-mei-de-derwysk\/#primaryimage\",\"url\":\"https:\/\/websjop.afuk.frl\/wp-content\/uploads\/2021\/03\/Dunsje-mei-de-Derwysk328.jpg\",\"contentUrl\":\"https:\/\/websjop.afuk.frl\/wp-content\/uploads\/2021\/03\/Dunsje-mei-de-Derwysk328.jpg\",\"width\":378,\"height\":559,\"caption\":\"D\u00fbnsje mei de Derwysk\"},{\"@type\":\"BreadcrumbList\",\"@id\":\"https:\/\/websjop.afuk.frl\/nl\/winkel\/dunsje-mei-de-derwysk\/#breadcrumb\",\"itemListElement\":[{\"@type\":\"ListItem\",\"position\":1,\"name\":\"Home\",\"item\":\"https:\/\/websjop.afuk.frl\/nl\/\"},{\"@type\":\"ListItem\",\"position\":2,\"name\":\"Winkel\",\"item\":\"https:\/\/websjop.afuk.frl\/nl\/winkel\/\"},{\"@type\":\"ListItem\",\"position\":3,\"name\":\"D\u00fbnsje mei de Derwysk\"}]},{\"@type\":\"WebSite\",\"@id\":\"https:\/\/websjop.afuk.frl\/nl\/#website\",\"url\":\"https:\/\/websjop.afuk.frl\/nl\/\",\"name\":\"Af\u00fbk Websjop\",\"description\":\"\",\"potentialAction\":[{\"@type\":\"SearchAction\",\"target\":{\"@type\":\"EntryPoint\",\"urlTemplate\":\"https:\/\/websjop.afuk.frl\/nl\/?s={search_term_string}\"},\"query-input\":{\"@type\":\"PropertyValueSpecification\",\"valueRequired\":true,\"valueName\":\"search_term_string\"}}],\"inLanguage\":\"nl-NL\"}]}<\/script>\n<!-- \/ Yoast SEO plugin. -->","yoast_head_json":{"title":"D\u00fbnsje mei de Derwysk &#8211; Af\u00fbk Websjop","description":"Deze gedichtenbundel D\u00fbnsje mei de Derwysk van Hidde Boersma is opgedragen aan Nasr Abu Zayd, de Egyptisch hoogleraar in de islam wonende in Nederland.","robots":{"index":"index","follow":"follow","max-snippet":"max-snippet:-1","max-image-preview":"max-image-preview:large","max-video-preview":"max-video-preview:-1"},"canonical":"https:\/\/websjop.afuk.frl\/nl\/winkel\/dunsje-mei-de-derwysk\/","og_locale":"nl_NL","og_type":"article","og_title":"D\u00fbnsje mei de Derwysk &#8211; Af\u00fbk Websjop","og_description":"Deze gedichtenbundel D\u00fbnsje mei de Derwysk van Hidde Boersma is opgedragen aan Nasr Abu Zayd, de Egyptisch hoogleraar in de islam wonende in Nederland.","og_url":"https:\/\/websjop.afuk.frl\/nl\/winkel\/dunsje-mei-de-derwysk\/","og_site_name":"Af\u00fbk Websjop","article_modified_time":"2021-05-01T13:24:16+00:00","og_image":[{"width":378,"height":559,"url":"https:\/\/websjop.afuk.frl\/wp-content\/uploads\/2021\/03\/Dunsje-mei-de-Derwysk328.jpg","type":"image\/jpeg"}],"twitter_card":"summary_large_image","schema":{"@context":"https:\/\/schema.org","@graph":[{"@type":"WebPage","@id":"https:\/\/websjop.afuk.frl\/nl\/winkel\/dunsje-mei-de-derwysk\/","url":"https:\/\/websjop.afuk.frl\/nl\/winkel\/dunsje-mei-de-derwysk\/","name":"D\u00fbnsje mei de Derwysk &#8211; Af\u00fbk Websjop","isPartOf":{"@id":"https:\/\/websjop.afuk.frl\/nl\/#website"},"primaryImageOfPage":{"@id":"https:\/\/websjop.afuk.frl\/nl\/winkel\/dunsje-mei-de-derwysk\/#primaryimage"},"image":{"@id":"https:\/\/websjop.afuk.frl\/nl\/winkel\/dunsje-mei-de-derwysk\/#primaryimage"},"thumbnailUrl":"https:\/\/websjop.afuk.frl\/wp-content\/uploads\/2021\/03\/Dunsje-mei-de-Derwysk328.jpg","datePublished":"2021-03-11T09:26:18+00:00","dateModified":"2021-05-01T13:24:16+00:00","description":"Deze gedichtenbundel D\u00fbnsje mei de Derwysk van Hidde Boersma is opgedragen aan Nasr Abu Zayd, de Egyptisch hoogleraar in de islam wonende in Nederland.","breadcrumb":{"@id":"https:\/\/websjop.afuk.frl\/nl\/winkel\/dunsje-mei-de-derwysk\/#breadcrumb"},"inLanguage":"nl-NL","potentialAction":[{"@type":"ReadAction","target":["https:\/\/websjop.afuk.frl\/nl\/winkel\/dunsje-mei-de-derwysk\/"]}]},{"@type":"ImageObject","inLanguage":"nl-NL","@id":"https:\/\/websjop.afuk.frl\/nl\/winkel\/dunsje-mei-de-derwysk\/#primaryimage","url":"https:\/\/websjop.afuk.frl\/wp-content\/uploads\/2021\/03\/Dunsje-mei-de-Derwysk328.jpg","contentUrl":"https:\/\/websjop.afuk.frl\/wp-content\/uploads\/2021\/03\/Dunsje-mei-de-Derwysk328.jpg","width":378,"height":559,"caption":"D\u00fbnsje mei de Derwysk"},{"@type":"BreadcrumbList","@id":"https:\/\/websjop.afuk.frl\/nl\/winkel\/dunsje-mei-de-derwysk\/#breadcrumb","itemListElement":[{"@type":"ListItem","position":1,"name":"Home","item":"https:\/\/websjop.afuk.frl\/nl\/"},{"@type":"ListItem","position":2,"name":"Winkel","item":"https:\/\/websjop.afuk.frl\/nl\/winkel\/"},{"@type":"ListItem","position":3,"name":"D\u00fbnsje mei de Derwysk"}]},{"@type":"WebSite","@id":"https:\/\/websjop.afuk.frl\/nl\/#website","url":"https:\/\/websjop.afuk.frl\/nl\/","name":"Af\u00fbk Websjop","description":"","potentialAction":[{"@type":"SearchAction","target":{"@type":"EntryPoint","urlTemplate":"https:\/\/websjop.afuk.frl\/nl\/?s={search_term_string}"},"query-input":{"@type":"PropertyValueSpecification","valueRequired":true,"valueName":"search_term_string"}}],"inLanguage":"nl-NL"}]}},"_links":{"self":[{"href":"https:\/\/websjop.afuk.frl\/nl\/wp-json\/wp\/v2\/product\/25821","targetHints":{"allow":["GET"]}}],"collection":[{"href":"https:\/\/websjop.afuk.frl\/nl\/wp-json\/wp\/v2\/product"}],"about":[{"href":"https:\/\/websjop.afuk.frl\/nl\/wp-json\/wp\/v2\/types\/product"}],"replies":[{"embeddable":true,"href":"https:\/\/websjop.afuk.frl\/nl\/wp-json\/wp\/v2\/comments?post=25821"}],"wp:featuredmedia":[{"embeddable":true,"href":"https:\/\/websjop.afuk.frl\/nl\/wp-json\/wp\/v2\/media\/25822"}],"wp:attachment":[{"href":"https:\/\/websjop.afuk.frl\/nl\/wp-json\/wp\/v2\/media?parent=25821"}],"wp:term":[{"taxonomy":"product_brand","embeddable":true,"href":"https:\/\/websjop.afuk.frl\/nl\/wp-json\/wp\/v2\/product_brand?post=25821"},{"taxonomy":"product_cat","embeddable":true,"href":"https:\/\/websjop.afuk.frl\/nl\/wp-json\/wp\/v2\/product_cat?post=25821"},{"taxonomy":"product_tag","embeddable":true,"href":"https:\/\/websjop.afuk.frl\/nl\/wp-json\/wp\/v2\/product_tag?post=25821"}],"curies":[{"name":"wp","href":"https:\/\/api.w.org\/{rel}","templated":true}]}}