{"id":25522,"date":"2021-03-05T14:48:30","date_gmt":"2021-03-05T13:48:30","guid":{"rendered":"https:\/\/websjop.afuk.frl\/nl\/?post_type=product&#038;p=25522"},"modified":"2024-01-31T11:16:45","modified_gmt":"2024-01-31T10:16:45","slug":"kadoboek-boekewike-lockdownleafde-fergees-by-de-oankeap-fan-in-boek","status":"publish","type":"product","link":"https:\/\/websjop.afuk.frl\/nl\/winkel\/kadoboek-boekewike-lockdownleafde-fergees-by-de-oankeap-fan-in-boek\/","title":{"rendered":"Lockdownleafde"},"content":{"rendered":"<p><em>Panhuys is de popul\u00earste klup fan Ljouwert. Dat komt foaral troch eigener en DJ Ewald, dy\u2019t de sfear ta grutte hichten wit te bringen. Mar dan komt koroana. It l\u00e2n leit plat, de klup moat slute en Ewald is syn h\u00e2ldf\u00east kwyt. As er syn suster helpt mei de h\u00fash\u00e2lding, docht bliken dat er d\u00ear tige slach fan hat en al gau bedarret er ek op oare plakken. Wylst er sa goed mooglik syn b\u00east docht, komt er troch ferskate froulju yn yngewikkelde situaasjes tel\u00e2ne.<\/em><\/p>\n<p>Hilda Talsma (1971) is in skriuwster mei in flotte pinne, dy\u2019t har spoaren al mear as fertsjinne hat yn de Fryske literatuer. Se beg\u00fbn mei trije romans oer it doarpke Frisum. D\u00earnei skreau se it boek\u00a0Brekber, oer it bys\u00fbndere hynstefamke Sinne. In pear jier letter ferskynden de sk\u00fbtsjeromans\u00a0Wyn fan feroaring,\u00a0Wyn fan de wierheid\u00a0en\u00a0Wyn fan de winners. Yn\u00a0De Onnie\u2019s en it hynstebal\u00a0komme personaazjes \u00fat al dy romans wer werom. Tuskentroch skreau se de jeugdroman\u00a0Slangen \u00fbnder it b\u00ead.<\/p>\n","protected":false},"excerpt":{"rendered":"<p>Panhuys is de popul\u00earste klup fan Ljouwert. Dat komt foaral troch eigener en DJ Ewald, dy\u2019t de sfear ta grutte hichten wit te bringen. Mar dan komt koroana. It l\u00e2n leit plat, de klup moat slute en Ewald is syn h\u00e2ldf\u00east kwyt. As er syn suster helpt mei de h\u00fash\u00e2lding, docht bliken dat er d\u00ear [&hellip;]<\/p>\n","protected":false},"featured_media":25523,"comment_status":"closed","ping_status":"closed","template":"","meta":{"_acf_changed":false},"product_brand":[],"product_cat":[1247,3142],"product_tag":[18281,18283,11926,6212,18282,18284],"class_list":{"0":"post-25522","1":"product","2":"type-product","3":"status-publish","4":"has-post-thumbnail","6":"product_cat-tips-foar-falentyn","7":"product_cat-uncategorized","8":"product_tag-boekewike","9":"product_tag-hilda","10":"product_tag-kadoboek","11":"product_tag-leafde","12":"product_tag-lockdown","13":"product_tag-talsma","14":"product_shipping_class-brievenbus-verzending","16":"first","17":"instock","18":"taxable","19":"shipping-taxable","20":"purchasable","21":"product-type-simple"},"acf":[],"yoast_head":"<!-- This site is optimized with the Yoast SEO plugin v27.3 - https:\/\/yoast.com\/product\/yoast-seo-wordpress\/ -->\n<title>Lockdownleafde &#8211; Af\u00fbk Websjop<\/title>\n<meta name=\"description\" content=\"De hele week krijg je het cadeauboek geschreven door Hilda Talsma gratis bij aankoop van een boek in je (online) boekwinkel.\" \/>\n<meta name=\"robots\" content=\"index, follow, max-snippet:-1, max-image-preview:large, max-video-preview:-1\" \/>\n<link rel=\"canonical\" href=\"https:\/\/websjop.afuk.frl\/nl\/winkel\/kadoboek-boekewike-lockdownleafde-fergees-by-de-oankeap-fan-in-boek\/\" \/>\n<meta property=\"og:locale\" content=\"nl_NL\" \/>\n<meta property=\"og:type\" content=\"article\" \/>\n<meta property=\"og:title\" content=\"Lockdownleafde &#8211; Af\u00fbk Websjop\" \/>\n<meta property=\"og:description\" content=\"De hele week krijg je het cadeauboek geschreven door Hilda Talsma gratis bij aankoop van een boek in je (online) boekwinkel.\" \/>\n<meta property=\"og:url\" content=\"https:\/\/websjop.afuk.frl\/nl\/winkel\/kadoboek-boekewike-lockdownleafde-fergees-by-de-oankeap-fan-in-boek\/\" \/>\n<meta property=\"og:site_name\" content=\"Af\u00fbk Websjop\" \/>\n<meta property=\"article:modified_time\" content=\"2024-01-31T10:16:45+00:00\" \/>\n<meta property=\"og:image\" content=\"https:\/\/websjop.afuk.frl\/wp-content\/uploads\/2021\/03\/Kadoboek-Hilda-Talsma-1391x2048-1.jpg\" \/>\n\t<meta property=\"og:image:width\" content=\"1391\" \/>\n\t<meta property=\"og:image:height\" content=\"2048\" \/>\n\t<meta property=\"og:image:type\" content=\"image\/jpeg\" \/>\n<meta name=\"twitter:card\" content=\"summary_large_image\" \/>\n<meta name=\"twitter:label1\" content=\"Geschatte leestijd\" \/>\n\t<meta name=\"twitter:data1\" content=\"1 minuut\" \/>\n<script type=\"application\/ld+json\" class=\"yoast-schema-graph\">{\"@context\":\"https:\\\/\\\/schema.org\",\"@graph\":[{\"@type\":\"WebPage\",\"@id\":\"https:\\\/\\\/websjop.afuk.frl\\\/nl\\\/winkel\\\/kadoboek-boekewike-lockdownleafde-fergees-by-de-oankeap-fan-in-boek\\\/\",\"url\":\"https:\\\/\\\/websjop.afuk.frl\\\/nl\\\/winkel\\\/kadoboek-boekewike-lockdownleafde-fergees-by-de-oankeap-fan-in-boek\\\/\",\"name\":\"Lockdownleafde &#8211; Af\u00fbk Websjop\",\"isPartOf\":{\"@id\":\"https:\\\/\\\/websjop.afuk.frl\\\/nl\\\/#website\"},\"primaryImageOfPage\":{\"@id\":\"https:\\\/\\\/websjop.afuk.frl\\\/nl\\\/winkel\\\/kadoboek-boekewike-lockdownleafde-fergees-by-de-oankeap-fan-in-boek\\\/#primaryimage\"},\"image\":{\"@id\":\"https:\\\/\\\/websjop.afuk.frl\\\/nl\\\/winkel\\\/kadoboek-boekewike-lockdownleafde-fergees-by-de-oankeap-fan-in-boek\\\/#primaryimage\"},\"thumbnailUrl\":\"https:\\\/\\\/websjop.afuk.frl\\\/wp-content\\\/uploads\\\/2021\\\/03\\\/Kadoboek-Hilda-Talsma-1391x2048-1.jpg\",\"datePublished\":\"2021-03-05T13:48:30+00:00\",\"dateModified\":\"2024-01-31T10:16:45+00:00\",\"description\":\"De hele week krijg je het cadeauboek geschreven door Hilda Talsma gratis bij aankoop van een boek in je (online) boekwinkel.\",\"breadcrumb\":{\"@id\":\"https:\\\/\\\/websjop.afuk.frl\\\/nl\\\/winkel\\\/kadoboek-boekewike-lockdownleafde-fergees-by-de-oankeap-fan-in-boek\\\/#breadcrumb\"},\"inLanguage\":\"nl-NL\",\"potentialAction\":[{\"@type\":\"ReadAction\",\"target\":[\"https:\\\/\\\/websjop.afuk.frl\\\/nl\\\/winkel\\\/kadoboek-boekewike-lockdownleafde-fergees-by-de-oankeap-fan-in-boek\\\/\"]}]},{\"@type\":\"ImageObject\",\"inLanguage\":\"nl-NL\",\"@id\":\"https:\\\/\\\/websjop.afuk.frl\\\/nl\\\/winkel\\\/kadoboek-boekewike-lockdownleafde-fergees-by-de-oankeap-fan-in-boek\\\/#primaryimage\",\"url\":\"https:\\\/\\\/websjop.afuk.frl\\\/wp-content\\\/uploads\\\/2021\\\/03\\\/Kadoboek-Hilda-Talsma-1391x2048-1.jpg\",\"contentUrl\":\"https:\\\/\\\/websjop.afuk.frl\\\/wp-content\\\/uploads\\\/2021\\\/03\\\/Kadoboek-Hilda-Talsma-1391x2048-1.jpg\",\"width\":1391,\"height\":2048},{\"@type\":\"BreadcrumbList\",\"@id\":\"https:\\\/\\\/websjop.afuk.frl\\\/nl\\\/winkel\\\/kadoboek-boekewike-lockdownleafde-fergees-by-de-oankeap-fan-in-boek\\\/#breadcrumb\",\"itemListElement\":[{\"@type\":\"ListItem\",\"position\":1,\"name\":\"Home\",\"item\":\"https:\\\/\\\/websjop.afuk.frl\\\/nl\\\/\"},{\"@type\":\"ListItem\",\"position\":2,\"name\":\"Winkel\",\"item\":\"https:\\\/\\\/websjop.afuk.frl\\\/nl\\\/winkel\\\/\"},{\"@type\":\"ListItem\",\"position\":3,\"name\":\"Lockdownleafde\"}]},{\"@type\":\"WebSite\",\"@id\":\"https:\\\/\\\/websjop.afuk.frl\\\/nl\\\/#website\",\"url\":\"https:\\\/\\\/websjop.afuk.frl\\\/nl\\\/\",\"name\":\"Af\u00fbk Websjop\",\"description\":\"\",\"potentialAction\":[{\"@type\":\"SearchAction\",\"target\":{\"@type\":\"EntryPoint\",\"urlTemplate\":\"https:\\\/\\\/websjop.afuk.frl\\\/nl\\\/?s={search_term_string}\"},\"query-input\":{\"@type\":\"PropertyValueSpecification\",\"valueRequired\":true,\"valueName\":\"search_term_string\"}}],\"inLanguage\":\"nl-NL\"}]}<\/script>\n<!-- \/ Yoast SEO plugin. -->","yoast_head_json":{"title":"Lockdownleafde &#8211; Af\u00fbk Websjop","description":"De hele week krijg je het cadeauboek geschreven door Hilda Talsma gratis bij aankoop van een boek in je (online) boekwinkel.","robots":{"index":"index","follow":"follow","max-snippet":"max-snippet:-1","max-image-preview":"max-image-preview:large","max-video-preview":"max-video-preview:-1"},"canonical":"https:\/\/websjop.afuk.frl\/nl\/winkel\/kadoboek-boekewike-lockdownleafde-fergees-by-de-oankeap-fan-in-boek\/","og_locale":"nl_NL","og_type":"article","og_title":"Lockdownleafde &#8211; Af\u00fbk Websjop","og_description":"De hele week krijg je het cadeauboek geschreven door Hilda Talsma gratis bij aankoop van een boek in je (online) boekwinkel.","og_url":"https:\/\/websjop.afuk.frl\/nl\/winkel\/kadoboek-boekewike-lockdownleafde-fergees-by-de-oankeap-fan-in-boek\/","og_site_name":"Af\u00fbk Websjop","article_modified_time":"2024-01-31T10:16:45+00:00","og_image":[{"width":1391,"height":2048,"url":"https:\/\/websjop.afuk.frl\/wp-content\/uploads\/2021\/03\/Kadoboek-Hilda-Talsma-1391x2048-1.jpg","type":"image\/jpeg"}],"twitter_card":"summary_large_image","twitter_misc":{"Geschatte leestijd":"1 minuut"},"schema":{"@context":"https:\/\/schema.org","@graph":[{"@type":"WebPage","@id":"https:\/\/websjop.afuk.frl\/nl\/winkel\/kadoboek-boekewike-lockdownleafde-fergees-by-de-oankeap-fan-in-boek\/","url":"https:\/\/websjop.afuk.frl\/nl\/winkel\/kadoboek-boekewike-lockdownleafde-fergees-by-de-oankeap-fan-in-boek\/","name":"Lockdownleafde &#8211; Af\u00fbk Websjop","isPartOf":{"@id":"https:\/\/websjop.afuk.frl\/nl\/#website"},"primaryImageOfPage":{"@id":"https:\/\/websjop.afuk.frl\/nl\/winkel\/kadoboek-boekewike-lockdownleafde-fergees-by-de-oankeap-fan-in-boek\/#primaryimage"},"image":{"@id":"https:\/\/websjop.afuk.frl\/nl\/winkel\/kadoboek-boekewike-lockdownleafde-fergees-by-de-oankeap-fan-in-boek\/#primaryimage"},"thumbnailUrl":"https:\/\/websjop.afuk.frl\/wp-content\/uploads\/2021\/03\/Kadoboek-Hilda-Talsma-1391x2048-1.jpg","datePublished":"2021-03-05T13:48:30+00:00","dateModified":"2024-01-31T10:16:45+00:00","description":"De hele week krijg je het cadeauboek geschreven door Hilda Talsma gratis bij aankoop van een boek in je (online) boekwinkel.","breadcrumb":{"@id":"https:\/\/websjop.afuk.frl\/nl\/winkel\/kadoboek-boekewike-lockdownleafde-fergees-by-de-oankeap-fan-in-boek\/#breadcrumb"},"inLanguage":"nl-NL","potentialAction":[{"@type":"ReadAction","target":["https:\/\/websjop.afuk.frl\/nl\/winkel\/kadoboek-boekewike-lockdownleafde-fergees-by-de-oankeap-fan-in-boek\/"]}]},{"@type":"ImageObject","inLanguage":"nl-NL","@id":"https:\/\/websjop.afuk.frl\/nl\/winkel\/kadoboek-boekewike-lockdownleafde-fergees-by-de-oankeap-fan-in-boek\/#primaryimage","url":"https:\/\/websjop.afuk.frl\/wp-content\/uploads\/2021\/03\/Kadoboek-Hilda-Talsma-1391x2048-1.jpg","contentUrl":"https:\/\/websjop.afuk.frl\/wp-content\/uploads\/2021\/03\/Kadoboek-Hilda-Talsma-1391x2048-1.jpg","width":1391,"height":2048},{"@type":"BreadcrumbList","@id":"https:\/\/websjop.afuk.frl\/nl\/winkel\/kadoboek-boekewike-lockdownleafde-fergees-by-de-oankeap-fan-in-boek\/#breadcrumb","itemListElement":[{"@type":"ListItem","position":1,"name":"Home","item":"https:\/\/websjop.afuk.frl\/nl\/"},{"@type":"ListItem","position":2,"name":"Winkel","item":"https:\/\/websjop.afuk.frl\/nl\/winkel\/"},{"@type":"ListItem","position":3,"name":"Lockdownleafde"}]},{"@type":"WebSite","@id":"https:\/\/websjop.afuk.frl\/nl\/#website","url":"https:\/\/websjop.afuk.frl\/nl\/","name":"Af\u00fbk Websjop","description":"","potentialAction":[{"@type":"SearchAction","target":{"@type":"EntryPoint","urlTemplate":"https:\/\/websjop.afuk.frl\/nl\/?s={search_term_string}"},"query-input":{"@type":"PropertyValueSpecification","valueRequired":true,"valueName":"search_term_string"}}],"inLanguage":"nl-NL"}]}},"_links":{"self":[{"href":"https:\/\/websjop.afuk.frl\/nl\/wp-json\/wp\/v2\/product\/25522","targetHints":{"allow":["GET"]}}],"collection":[{"href":"https:\/\/websjop.afuk.frl\/nl\/wp-json\/wp\/v2\/product"}],"about":[{"href":"https:\/\/websjop.afuk.frl\/nl\/wp-json\/wp\/v2\/types\/product"}],"replies":[{"embeddable":true,"href":"https:\/\/websjop.afuk.frl\/nl\/wp-json\/wp\/v2\/comments?post=25522"}],"wp:featuredmedia":[{"embeddable":true,"href":"https:\/\/websjop.afuk.frl\/nl\/wp-json\/wp\/v2\/media\/25523"}],"wp:attachment":[{"href":"https:\/\/websjop.afuk.frl\/nl\/wp-json\/wp\/v2\/media?parent=25522"}],"wp:term":[{"taxonomy":"product_brand","embeddable":true,"href":"https:\/\/websjop.afuk.frl\/nl\/wp-json\/wp\/v2\/product_brand?post=25522"},{"taxonomy":"product_cat","embeddable":true,"href":"https:\/\/websjop.afuk.frl\/nl\/wp-json\/wp\/v2\/product_cat?post=25522"},{"taxonomy":"product_tag","embeddable":true,"href":"https:\/\/websjop.afuk.frl\/nl\/wp-json\/wp\/v2\/product_tag?post=25522"}],"curies":[{"name":"wp","href":"https:\/\/api.w.org\/{rel}","templated":true}]}}