{"id":24512,"date":"2017-01-25T10:43:28","date_gmt":"2017-01-25T09:43:28","guid":{"rendered":"https:\/\/websjop.afuk.frl\/nl\/?post_type=product&#038;p=24512"},"modified":"2024-01-18T16:14:01","modified_gmt":"2024-01-18T15:14:01","slug":"de-keet-fan-annawald","status":"publish","type":"product","link":"https:\/\/websjop.afuk.frl\/nl\/winkel\/de-keet-fan-annawald\/","title":{"rendered":"De keet fan Annaw\u00e2ld"},"content":{"rendered":"<p>Opgroeien in een dorp als Annaw\u00e2ld is saai. Doodsaai. Er is geen snackbar, geen caf\u00e9 en geen jeugdsoos. Wanneer Halbe op het idee komt om een afgedankte caravan als keet in te richten, vindt hij dan ook veel bijval van zijn leeftijdgenoten. Ze richten deze met elkaar in en hebben voortaan een plek waar ze kunnen zitten, muziek draaien, biertje erbij, zwetsen en lachen. Het wordt het centrum van hun vrije leven.<\/p>\n<p>&nbsp;<\/p>\n","protected":false},"excerpt":{"rendered":"<p>Opgroeien in een dorp als Annaw\u00e2ld is saai. Doodsaai. Er is geen snackbar, geen caf\u00e9 en geen jeugdsoos. Wanneer Halbe op het idee komt om een afgedankte caravan als keet in te richten, vindt hij dan ook veel bijval van zijn leeftijdgenoten. Ze richten deze met elkaar in en hebben voortaan een plek waar ze [&hellip;]<\/p>\n","protected":false},"featured_media":24515,"comment_status":"closed","ping_status":"closed","template":"","meta":{"_acf_changed":false},"product_brand":[],"product_cat":[1213,535,552,19384],"product_tag":[17945,17946,6479,9459,17947],"class_list":{"0":"post-24512","1":"product","2":"type-product","3":"status-publish","4":"has-post-thumbnail","6":"product_cat-berne-en-jeugdboeken","7":"product_cat-fryske-boeken","8":"product_cat-jeugdboeken","9":"product_cat-jeugdboeken-15","10":"product_tag-de-keet-fan-annawald","11":"product_tag-freddy-scheltema","12":"product_tag-jeugdboek","13":"product_tag-jongerein","14":"product_tag-karavan","15":"product_shipping_class-brievenbus-verzending","16":"pa_auteur-freddy-scheltema-2","17":"pa_isbn-2084","18":"pa_taal-frysk","19":"pa_uitgever-elikser","21":"first","22":"instock","23":"taxable","24":"shipping-taxable","25":"purchasable","26":"product-type-simple"},"acf":[],"yoast_head":"<!-- This site is optimized with the Yoast SEO plugin v27.3 - https:\/\/yoast.com\/product\/yoast-seo-wordpress\/ -->\n<title>De keet fan Annaw\u00e2ld &#8211; Af\u00fbk Websjop<\/title>\n<meta name=\"description\" content=\"Opgroeien in een dorp als Annaw\u00e2ld is saai. Wanneer Halbe op het idee komt om een afgedankte caravan als keet in te richten, vindt hij dan ook veel bijval.\" \/>\n<meta name=\"robots\" content=\"index, follow, max-snippet:-1, max-image-preview:large, max-video-preview:-1\" \/>\n<link rel=\"canonical\" href=\"https:\/\/websjop.afuk.frl\/nl\/winkel\/de-keet-fan-annawald\/\" \/>\n<meta property=\"og:locale\" content=\"nl_NL\" \/>\n<meta property=\"og:type\" content=\"article\" \/>\n<meta property=\"og:title\" content=\"De keet fan Annaw\u00e2ld &#8211; Af\u00fbk Websjop\" \/>\n<meta property=\"og:description\" content=\"Opgroeien in een dorp als Annaw\u00e2ld is saai. Wanneer Halbe op het idee komt om een afgedankte caravan als keet in te richten, vindt hij dan ook veel bijval.\" \/>\n<meta property=\"og:url\" content=\"https:\/\/websjop.afuk.frl\/nl\/winkel\/de-keet-fan-annawald\/\" \/>\n<meta property=\"og:site_name\" content=\"Af\u00fbk Websjop\" \/>\n<meta property=\"article:modified_time\" content=\"2024-01-18T15:14:01+00:00\" \/>\n<meta property=\"og:image\" content=\"https:\/\/websjop.afuk.frl\/wp-content\/uploads\/2021\/01\/De-keet-fan-Annawald284.jpg\" \/>\n\t<meta property=\"og:image:width\" content=\"395\" \/>\n\t<meta property=\"og:image:height\" content=\"586\" \/>\n\t<meta property=\"og:image:type\" content=\"image\/jpeg\" \/>\n<meta name=\"twitter:card\" content=\"summary_large_image\" \/>\n<script type=\"application\/ld+json\" class=\"yoast-schema-graph\">{\"@context\":\"https:\\\/\\\/schema.org\",\"@graph\":[{\"@type\":\"WebPage\",\"@id\":\"https:\\\/\\\/websjop.afuk.frl\\\/nl\\\/winkel\\\/de-keet-fan-annawald\\\/\",\"url\":\"https:\\\/\\\/websjop.afuk.frl\\\/nl\\\/winkel\\\/de-keet-fan-annawald\\\/\",\"name\":\"De keet fan Annaw\u00e2ld &#8211; Af\u00fbk Websjop\",\"isPartOf\":{\"@id\":\"https:\\\/\\\/websjop.afuk.frl\\\/nl\\\/#website\"},\"primaryImageOfPage\":{\"@id\":\"https:\\\/\\\/websjop.afuk.frl\\\/nl\\\/winkel\\\/de-keet-fan-annawald\\\/#primaryimage\"},\"image\":{\"@id\":\"https:\\\/\\\/websjop.afuk.frl\\\/nl\\\/winkel\\\/de-keet-fan-annawald\\\/#primaryimage\"},\"thumbnailUrl\":\"https:\\\/\\\/websjop.afuk.frl\\\/wp-content\\\/uploads\\\/2021\\\/01\\\/De-keet-fan-Annawald284.jpg\",\"datePublished\":\"2017-01-25T09:43:28+00:00\",\"dateModified\":\"2024-01-18T15:14:01+00:00\",\"description\":\"Opgroeien in een dorp als Annaw\u00e2ld is saai. Wanneer Halbe op het idee komt om een afgedankte caravan als keet in te richten, vindt hij dan ook veel bijval.\",\"breadcrumb\":{\"@id\":\"https:\\\/\\\/websjop.afuk.frl\\\/nl\\\/winkel\\\/de-keet-fan-annawald\\\/#breadcrumb\"},\"inLanguage\":\"nl-NL\",\"potentialAction\":[{\"@type\":\"ReadAction\",\"target\":[\"https:\\\/\\\/websjop.afuk.frl\\\/nl\\\/winkel\\\/de-keet-fan-annawald\\\/\"]}]},{\"@type\":\"ImageObject\",\"inLanguage\":\"nl-NL\",\"@id\":\"https:\\\/\\\/websjop.afuk.frl\\\/nl\\\/winkel\\\/de-keet-fan-annawald\\\/#primaryimage\",\"url\":\"https:\\\/\\\/websjop.afuk.frl\\\/wp-content\\\/uploads\\\/2021\\\/01\\\/De-keet-fan-Annawald284.jpg\",\"contentUrl\":\"https:\\\/\\\/websjop.afuk.frl\\\/wp-content\\\/uploads\\\/2021\\\/01\\\/De-keet-fan-Annawald284.jpg\",\"width\":395,\"height\":586,\"caption\":\"De keet fan Annaw\u00e2ld\"},{\"@type\":\"BreadcrumbList\",\"@id\":\"https:\\\/\\\/websjop.afuk.frl\\\/nl\\\/winkel\\\/de-keet-fan-annawald\\\/#breadcrumb\",\"itemListElement\":[{\"@type\":\"ListItem\",\"position\":1,\"name\":\"Home\",\"item\":\"https:\\\/\\\/websjop.afuk.frl\\\/nl\\\/\"},{\"@type\":\"ListItem\",\"position\":2,\"name\":\"Winkel\",\"item\":\"https:\\\/\\\/websjop.afuk.frl\\\/nl\\\/winkel\\\/\"},{\"@type\":\"ListItem\",\"position\":3,\"name\":\"De keet fan Annaw\u00e2ld\"}]},{\"@type\":\"WebSite\",\"@id\":\"https:\\\/\\\/websjop.afuk.frl\\\/nl\\\/#website\",\"url\":\"https:\\\/\\\/websjop.afuk.frl\\\/nl\\\/\",\"name\":\"Af\u00fbk Websjop\",\"description\":\"\",\"potentialAction\":[{\"@type\":\"SearchAction\",\"target\":{\"@type\":\"EntryPoint\",\"urlTemplate\":\"https:\\\/\\\/websjop.afuk.frl\\\/nl\\\/?s={search_term_string}\"},\"query-input\":{\"@type\":\"PropertyValueSpecification\",\"valueRequired\":true,\"valueName\":\"search_term_string\"}}],\"inLanguage\":\"nl-NL\"}]}<\/script>\n<!-- \/ Yoast SEO plugin. -->","yoast_head_json":{"title":"De keet fan Annaw\u00e2ld &#8211; Af\u00fbk Websjop","description":"Opgroeien in een dorp als Annaw\u00e2ld is saai. Wanneer Halbe op het idee komt om een afgedankte caravan als keet in te richten, vindt hij dan ook veel bijval.","robots":{"index":"index","follow":"follow","max-snippet":"max-snippet:-1","max-image-preview":"max-image-preview:large","max-video-preview":"max-video-preview:-1"},"canonical":"https:\/\/websjop.afuk.frl\/nl\/winkel\/de-keet-fan-annawald\/","og_locale":"nl_NL","og_type":"article","og_title":"De keet fan Annaw\u00e2ld &#8211; Af\u00fbk Websjop","og_description":"Opgroeien in een dorp als Annaw\u00e2ld is saai. Wanneer Halbe op het idee komt om een afgedankte caravan als keet in te richten, vindt hij dan ook veel bijval.","og_url":"https:\/\/websjop.afuk.frl\/nl\/winkel\/de-keet-fan-annawald\/","og_site_name":"Af\u00fbk Websjop","article_modified_time":"2024-01-18T15:14:01+00:00","og_image":[{"width":395,"height":586,"url":"https:\/\/websjop.afuk.frl\/wp-content\/uploads\/2021\/01\/De-keet-fan-Annawald284.jpg","type":"image\/jpeg"}],"twitter_card":"summary_large_image","schema":{"@context":"https:\/\/schema.org","@graph":[{"@type":"WebPage","@id":"https:\/\/websjop.afuk.frl\/nl\/winkel\/de-keet-fan-annawald\/","url":"https:\/\/websjop.afuk.frl\/nl\/winkel\/de-keet-fan-annawald\/","name":"De keet fan Annaw\u00e2ld &#8211; Af\u00fbk Websjop","isPartOf":{"@id":"https:\/\/websjop.afuk.frl\/nl\/#website"},"primaryImageOfPage":{"@id":"https:\/\/websjop.afuk.frl\/nl\/winkel\/de-keet-fan-annawald\/#primaryimage"},"image":{"@id":"https:\/\/websjop.afuk.frl\/nl\/winkel\/de-keet-fan-annawald\/#primaryimage"},"thumbnailUrl":"https:\/\/websjop.afuk.frl\/wp-content\/uploads\/2021\/01\/De-keet-fan-Annawald284.jpg","datePublished":"2017-01-25T09:43:28+00:00","dateModified":"2024-01-18T15:14:01+00:00","description":"Opgroeien in een dorp als Annaw\u00e2ld is saai. Wanneer Halbe op het idee komt om een afgedankte caravan als keet in te richten, vindt hij dan ook veel bijval.","breadcrumb":{"@id":"https:\/\/websjop.afuk.frl\/nl\/winkel\/de-keet-fan-annawald\/#breadcrumb"},"inLanguage":"nl-NL","potentialAction":[{"@type":"ReadAction","target":["https:\/\/websjop.afuk.frl\/nl\/winkel\/de-keet-fan-annawald\/"]}]},{"@type":"ImageObject","inLanguage":"nl-NL","@id":"https:\/\/websjop.afuk.frl\/nl\/winkel\/de-keet-fan-annawald\/#primaryimage","url":"https:\/\/websjop.afuk.frl\/wp-content\/uploads\/2021\/01\/De-keet-fan-Annawald284.jpg","contentUrl":"https:\/\/websjop.afuk.frl\/wp-content\/uploads\/2021\/01\/De-keet-fan-Annawald284.jpg","width":395,"height":586,"caption":"De keet fan Annaw\u00e2ld"},{"@type":"BreadcrumbList","@id":"https:\/\/websjop.afuk.frl\/nl\/winkel\/de-keet-fan-annawald\/#breadcrumb","itemListElement":[{"@type":"ListItem","position":1,"name":"Home","item":"https:\/\/websjop.afuk.frl\/nl\/"},{"@type":"ListItem","position":2,"name":"Winkel","item":"https:\/\/websjop.afuk.frl\/nl\/winkel\/"},{"@type":"ListItem","position":3,"name":"De keet fan Annaw\u00e2ld"}]},{"@type":"WebSite","@id":"https:\/\/websjop.afuk.frl\/nl\/#website","url":"https:\/\/websjop.afuk.frl\/nl\/","name":"Af\u00fbk Websjop","description":"","potentialAction":[{"@type":"SearchAction","target":{"@type":"EntryPoint","urlTemplate":"https:\/\/websjop.afuk.frl\/nl\/?s={search_term_string}"},"query-input":{"@type":"PropertyValueSpecification","valueRequired":true,"valueName":"search_term_string"}}],"inLanguage":"nl-NL"}]}},"_links":{"self":[{"href":"https:\/\/websjop.afuk.frl\/nl\/wp-json\/wp\/v2\/product\/24512","targetHints":{"allow":["GET"]}}],"collection":[{"href":"https:\/\/websjop.afuk.frl\/nl\/wp-json\/wp\/v2\/product"}],"about":[{"href":"https:\/\/websjop.afuk.frl\/nl\/wp-json\/wp\/v2\/types\/product"}],"replies":[{"embeddable":true,"href":"https:\/\/websjop.afuk.frl\/nl\/wp-json\/wp\/v2\/comments?post=24512"}],"wp:featuredmedia":[{"embeddable":true,"href":"https:\/\/websjop.afuk.frl\/nl\/wp-json\/wp\/v2\/media\/24515"}],"wp:attachment":[{"href":"https:\/\/websjop.afuk.frl\/nl\/wp-json\/wp\/v2\/media?parent=24512"}],"wp:term":[{"taxonomy":"product_brand","embeddable":true,"href":"https:\/\/websjop.afuk.frl\/nl\/wp-json\/wp\/v2\/product_brand?post=24512"},{"taxonomy":"product_cat","embeddable":true,"href":"https:\/\/websjop.afuk.frl\/nl\/wp-json\/wp\/v2\/product_cat?post=24512"},{"taxonomy":"product_tag","embeddable":true,"href":"https:\/\/websjop.afuk.frl\/nl\/wp-json\/wp\/v2\/product_tag?post=24512"}],"curies":[{"name":"wp","href":"https:\/\/api.w.org\/{rel}","templated":true}]}}