{"id":24437,"date":"2021-02-22T14:28:52","date_gmt":"2021-02-22T13:28:52","guid":{"rendered":"https:\/\/websjop.afuk.frl\/nl\/?post_type=product&#038;p=24437"},"modified":"2021-04-01T09:20:22","modified_gmt":"2021-04-01T08:20:22","slug":"efter-it-tried-haftling-nu-10039-kampsketsen-ut-amersfoort","status":"publish","type":"product","link":"https:\/\/websjop.afuk.frl\/nl\/winkel\/efter-it-tried-haftling-nu-10039-kampsketsen-ut-amersfoort\/","title":{"rendered":"Efter it tried, h\u00e4ftling n\u00fb 10039 &#8211; Kampsketsen \u00fat Amersfoort"},"content":{"rendered":"<p><em>Efter it tried<\/em> is een indrukwekkend, dicht op de huid van de tijd geschreven document, waarin Reimer van Tuinen als H\u00e4ftling nr 10039 zijn ervaringen weergeeft in het concentratiekamp Amersfoort. In het boek worden autobiografische schetsen afgewisseld met zes gedichten, waaronder het lange, sprekende gedicht <em>&#8216;Transport nei Neuengamme (9 septimber 1944).<\/em><\/p>\n","protected":false},"excerpt":{"rendered":"<p>Efter it tried is een indrukwekkend, dicht op de huid van de tijd geschreven document, waarin Reimer van Tuinen als H\u00e4ftling nr 10039 zijn ervaringen weergeeft in het concentratiekamp Amersfoort. In het boek worden autobiografische schetsen afgewisseld met zes gedichten, waaronder het lange, sprekende gedicht &#8216;Transport nei Neuengamme (9 septimber 1944).<\/p>\n","protected":false},"featured_media":24440,"comment_status":"closed","ping_status":"closed","template":"","meta":{"_acf_changed":false},"product_brand":[],"product_cat":[1040,535,1215,539,1163],"product_tag":[17936,17937,17939,6545,17938],"class_list":{"0":"post-24437","1":"product","2":"type-product","3":"status-publish","4":"has-post-thumbnail","6":"product_cat-ferhalebondels","7":"product_cat-fryske-boeken","8":"product_cat-romans-en-literatuer","9":"product_cat-skiednis","10":"product_cat-wo2","11":"product_tag-efter-it-tried","12":"product_tag-kampsketsen-ut-amersfoort","13":"product_tag-konsintraasjekamp","14":"product_tag-oarloch","15":"product_tag-reimer-van-tuinen","16":"product_shipping_class-brievenbus-verzending","17":"pa_auteur-reimer-van-tuinen","18":"pa_isbn-17935","19":"pa_new-label-1-3","20":"pa_taal-frysk","21":"pa_uitgever-louise","23":"first","24":"instock","25":"taxable","26":"shipping-taxable","27":"purchasable","28":"product-type-simple"},"acf":[],"yoast_head":"<!-- This site is optimized with the Yoast SEO plugin v27.3 - https:\/\/yoast.com\/product\/yoast-seo-wordpress\/ -->\n<title>Efter it tried, h\u00e4ftling n\u00fb 10039 - Kampsketsen \u00fat Amersfoort &#8211; Af\u00fbk Websjop<\/title>\n<meta name=\"description\" content=\"Efter it tried is een indrukwekkend document waarin Reimer van Tuinen als H\u00e4ftling nr 10039 zijn ervaringen weergeeft in het concentratiekamp Amersfoort.\" \/>\n<meta name=\"robots\" content=\"index, follow, max-snippet:-1, max-image-preview:large, max-video-preview:-1\" \/>\n<link rel=\"canonical\" href=\"https:\/\/websjop.afuk.frl\/nl\/winkel\/efter-it-tried-haftling-nu-10039-kampsketsen-ut-amersfoort\/\" \/>\n<meta property=\"og:locale\" content=\"nl_NL\" \/>\n<meta property=\"og:type\" content=\"article\" \/>\n<meta property=\"og:title\" content=\"Efter it tried, h\u00e4ftling n\u00fb 10039 - Kampsketsen \u00fat Amersfoort &#8211; Af\u00fbk Websjop\" \/>\n<meta property=\"og:description\" content=\"Efter it tried is een indrukwekkend document waarin Reimer van Tuinen als H\u00e4ftling nr 10039 zijn ervaringen weergeeft in het concentratiekamp Amersfoort.\" \/>\n<meta property=\"og:url\" content=\"https:\/\/websjop.afuk.frl\/nl\/winkel\/efter-it-tried-haftling-nu-10039-kampsketsen-ut-amersfoort\/\" \/>\n<meta property=\"og:site_name\" content=\"Af\u00fbk Websjop\" \/>\n<meta property=\"article:modified_time\" content=\"2021-04-01T08:20:22+00:00\" \/>\n<meta property=\"og:image\" content=\"https:\/\/websjop.afuk.frl\/wp-content\/uploads\/2021\/01\/Efter-it-tried282.jpg\" \/>\n\t<meta property=\"og:image:width\" content=\"386\" \/>\n\t<meta property=\"og:image:height\" content=\"602\" \/>\n\t<meta property=\"og:image:type\" content=\"image\/jpeg\" \/>\n<meta name=\"twitter:card\" content=\"summary_large_image\" \/>\n<script type=\"application\/ld+json\" class=\"yoast-schema-graph\">{\"@context\":\"https:\\\/\\\/schema.org\",\"@graph\":[{\"@type\":\"WebPage\",\"@id\":\"https:\\\/\\\/websjop.afuk.frl\\\/nl\\\/winkel\\\/efter-it-tried-haftling-nu-10039-kampsketsen-ut-amersfoort\\\/\",\"url\":\"https:\\\/\\\/websjop.afuk.frl\\\/nl\\\/winkel\\\/efter-it-tried-haftling-nu-10039-kampsketsen-ut-amersfoort\\\/\",\"name\":\"Efter it tried, h\u00e4ftling n\u00fb 10039 - Kampsketsen \u00fat Amersfoort &#8211; Af\u00fbk Websjop\",\"isPartOf\":{\"@id\":\"https:\\\/\\\/websjop.afuk.frl\\\/nl\\\/#website\"},\"primaryImageOfPage\":{\"@id\":\"https:\\\/\\\/websjop.afuk.frl\\\/nl\\\/winkel\\\/efter-it-tried-haftling-nu-10039-kampsketsen-ut-amersfoort\\\/#primaryimage\"},\"image\":{\"@id\":\"https:\\\/\\\/websjop.afuk.frl\\\/nl\\\/winkel\\\/efter-it-tried-haftling-nu-10039-kampsketsen-ut-amersfoort\\\/#primaryimage\"},\"thumbnailUrl\":\"https:\\\/\\\/websjop.afuk.frl\\\/wp-content\\\/uploads\\\/2021\\\/01\\\/Efter-it-tried282.jpg\",\"datePublished\":\"2021-02-22T13:28:52+00:00\",\"dateModified\":\"2021-04-01T08:20:22+00:00\",\"description\":\"Efter it tried is een indrukwekkend document waarin Reimer van Tuinen als H\u00e4ftling nr 10039 zijn ervaringen weergeeft in het concentratiekamp Amersfoort.\",\"breadcrumb\":{\"@id\":\"https:\\\/\\\/websjop.afuk.frl\\\/nl\\\/winkel\\\/efter-it-tried-haftling-nu-10039-kampsketsen-ut-amersfoort\\\/#breadcrumb\"},\"inLanguage\":\"nl-NL\",\"potentialAction\":[{\"@type\":\"ReadAction\",\"target\":[\"https:\\\/\\\/websjop.afuk.frl\\\/nl\\\/winkel\\\/efter-it-tried-haftling-nu-10039-kampsketsen-ut-amersfoort\\\/\"]}]},{\"@type\":\"ImageObject\",\"inLanguage\":\"nl-NL\",\"@id\":\"https:\\\/\\\/websjop.afuk.frl\\\/nl\\\/winkel\\\/efter-it-tried-haftling-nu-10039-kampsketsen-ut-amersfoort\\\/#primaryimage\",\"url\":\"https:\\\/\\\/websjop.afuk.frl\\\/wp-content\\\/uploads\\\/2021\\\/01\\\/Efter-it-tried282.jpg\",\"contentUrl\":\"https:\\\/\\\/websjop.afuk.frl\\\/wp-content\\\/uploads\\\/2021\\\/01\\\/Efter-it-tried282.jpg\",\"width\":386,\"height\":602,\"caption\":\"Efter it tried\"},{\"@type\":\"BreadcrumbList\",\"@id\":\"https:\\\/\\\/websjop.afuk.frl\\\/nl\\\/winkel\\\/efter-it-tried-haftling-nu-10039-kampsketsen-ut-amersfoort\\\/#breadcrumb\",\"itemListElement\":[{\"@type\":\"ListItem\",\"position\":1,\"name\":\"Home\",\"item\":\"https:\\\/\\\/websjop.afuk.frl\\\/nl\\\/\"},{\"@type\":\"ListItem\",\"position\":2,\"name\":\"Winkel\",\"item\":\"https:\\\/\\\/websjop.afuk.frl\\\/nl\\\/winkel\\\/\"},{\"@type\":\"ListItem\",\"position\":3,\"name\":\"Efter it tried, h\u00e4ftling n\u00fb 10039 &#8211; Kampsketsen \u00fat Amersfoort\"}]},{\"@type\":\"WebSite\",\"@id\":\"https:\\\/\\\/websjop.afuk.frl\\\/nl\\\/#website\",\"url\":\"https:\\\/\\\/websjop.afuk.frl\\\/nl\\\/\",\"name\":\"Af\u00fbk Websjop\",\"description\":\"\",\"potentialAction\":[{\"@type\":\"SearchAction\",\"target\":{\"@type\":\"EntryPoint\",\"urlTemplate\":\"https:\\\/\\\/websjop.afuk.frl\\\/nl\\\/?s={search_term_string}\"},\"query-input\":{\"@type\":\"PropertyValueSpecification\",\"valueRequired\":true,\"valueName\":\"search_term_string\"}}],\"inLanguage\":\"nl-NL\"}]}<\/script>\n<!-- \/ Yoast SEO plugin. -->","yoast_head_json":{"title":"Efter it tried, h\u00e4ftling n\u00fb 10039 - Kampsketsen \u00fat Amersfoort &#8211; Af\u00fbk Websjop","description":"Efter it tried is een indrukwekkend document waarin Reimer van Tuinen als H\u00e4ftling nr 10039 zijn ervaringen weergeeft in het concentratiekamp Amersfoort.","robots":{"index":"index","follow":"follow","max-snippet":"max-snippet:-1","max-image-preview":"max-image-preview:large","max-video-preview":"max-video-preview:-1"},"canonical":"https:\/\/websjop.afuk.frl\/nl\/winkel\/efter-it-tried-haftling-nu-10039-kampsketsen-ut-amersfoort\/","og_locale":"nl_NL","og_type":"article","og_title":"Efter it tried, h\u00e4ftling n\u00fb 10039 - Kampsketsen \u00fat Amersfoort &#8211; Af\u00fbk Websjop","og_description":"Efter it tried is een indrukwekkend document waarin Reimer van Tuinen als H\u00e4ftling nr 10039 zijn ervaringen weergeeft in het concentratiekamp Amersfoort.","og_url":"https:\/\/websjop.afuk.frl\/nl\/winkel\/efter-it-tried-haftling-nu-10039-kampsketsen-ut-amersfoort\/","og_site_name":"Af\u00fbk Websjop","article_modified_time":"2021-04-01T08:20:22+00:00","og_image":[{"width":386,"height":602,"url":"https:\/\/websjop.afuk.frl\/wp-content\/uploads\/2021\/01\/Efter-it-tried282.jpg","type":"image\/jpeg"}],"twitter_card":"summary_large_image","schema":{"@context":"https:\/\/schema.org","@graph":[{"@type":"WebPage","@id":"https:\/\/websjop.afuk.frl\/nl\/winkel\/efter-it-tried-haftling-nu-10039-kampsketsen-ut-amersfoort\/","url":"https:\/\/websjop.afuk.frl\/nl\/winkel\/efter-it-tried-haftling-nu-10039-kampsketsen-ut-amersfoort\/","name":"Efter it tried, h\u00e4ftling n\u00fb 10039 - Kampsketsen \u00fat Amersfoort &#8211; Af\u00fbk Websjop","isPartOf":{"@id":"https:\/\/websjop.afuk.frl\/nl\/#website"},"primaryImageOfPage":{"@id":"https:\/\/websjop.afuk.frl\/nl\/winkel\/efter-it-tried-haftling-nu-10039-kampsketsen-ut-amersfoort\/#primaryimage"},"image":{"@id":"https:\/\/websjop.afuk.frl\/nl\/winkel\/efter-it-tried-haftling-nu-10039-kampsketsen-ut-amersfoort\/#primaryimage"},"thumbnailUrl":"https:\/\/websjop.afuk.frl\/wp-content\/uploads\/2021\/01\/Efter-it-tried282.jpg","datePublished":"2021-02-22T13:28:52+00:00","dateModified":"2021-04-01T08:20:22+00:00","description":"Efter it tried is een indrukwekkend document waarin Reimer van Tuinen als H\u00e4ftling nr 10039 zijn ervaringen weergeeft in het concentratiekamp Amersfoort.","breadcrumb":{"@id":"https:\/\/websjop.afuk.frl\/nl\/winkel\/efter-it-tried-haftling-nu-10039-kampsketsen-ut-amersfoort\/#breadcrumb"},"inLanguage":"nl-NL","potentialAction":[{"@type":"ReadAction","target":["https:\/\/websjop.afuk.frl\/nl\/winkel\/efter-it-tried-haftling-nu-10039-kampsketsen-ut-amersfoort\/"]}]},{"@type":"ImageObject","inLanguage":"nl-NL","@id":"https:\/\/websjop.afuk.frl\/nl\/winkel\/efter-it-tried-haftling-nu-10039-kampsketsen-ut-amersfoort\/#primaryimage","url":"https:\/\/websjop.afuk.frl\/wp-content\/uploads\/2021\/01\/Efter-it-tried282.jpg","contentUrl":"https:\/\/websjop.afuk.frl\/wp-content\/uploads\/2021\/01\/Efter-it-tried282.jpg","width":386,"height":602,"caption":"Efter it tried"},{"@type":"BreadcrumbList","@id":"https:\/\/websjop.afuk.frl\/nl\/winkel\/efter-it-tried-haftling-nu-10039-kampsketsen-ut-amersfoort\/#breadcrumb","itemListElement":[{"@type":"ListItem","position":1,"name":"Home","item":"https:\/\/websjop.afuk.frl\/nl\/"},{"@type":"ListItem","position":2,"name":"Winkel","item":"https:\/\/websjop.afuk.frl\/nl\/winkel\/"},{"@type":"ListItem","position":3,"name":"Efter it tried, h\u00e4ftling n\u00fb 10039 &#8211; Kampsketsen \u00fat Amersfoort"}]},{"@type":"WebSite","@id":"https:\/\/websjop.afuk.frl\/nl\/#website","url":"https:\/\/websjop.afuk.frl\/nl\/","name":"Af\u00fbk Websjop","description":"","potentialAction":[{"@type":"SearchAction","target":{"@type":"EntryPoint","urlTemplate":"https:\/\/websjop.afuk.frl\/nl\/?s={search_term_string}"},"query-input":{"@type":"PropertyValueSpecification","valueRequired":true,"valueName":"search_term_string"}}],"inLanguage":"nl-NL"}]}},"_links":{"self":[{"href":"https:\/\/websjop.afuk.frl\/nl\/wp-json\/wp\/v2\/product\/24437","targetHints":{"allow":["GET"]}}],"collection":[{"href":"https:\/\/websjop.afuk.frl\/nl\/wp-json\/wp\/v2\/product"}],"about":[{"href":"https:\/\/websjop.afuk.frl\/nl\/wp-json\/wp\/v2\/types\/product"}],"replies":[{"embeddable":true,"href":"https:\/\/websjop.afuk.frl\/nl\/wp-json\/wp\/v2\/comments?post=24437"}],"wp:featuredmedia":[{"embeddable":true,"href":"https:\/\/websjop.afuk.frl\/nl\/wp-json\/wp\/v2\/media\/24440"}],"wp:attachment":[{"href":"https:\/\/websjop.afuk.frl\/nl\/wp-json\/wp\/v2\/media?parent=24437"}],"wp:term":[{"taxonomy":"product_brand","embeddable":true,"href":"https:\/\/websjop.afuk.frl\/nl\/wp-json\/wp\/v2\/product_brand?post=24437"},{"taxonomy":"product_cat","embeddable":true,"href":"https:\/\/websjop.afuk.frl\/nl\/wp-json\/wp\/v2\/product_cat?post=24437"},{"taxonomy":"product_tag","embeddable":true,"href":"https:\/\/websjop.afuk.frl\/nl\/wp-json\/wp\/v2\/product_tag?post=24437"}],"curies":[{"name":"wp","href":"https:\/\/api.w.org\/{rel}","templated":true}]}}