{"id":24358,"date":"2021-01-20T13:03:45","date_gmt":"2021-01-20T12:03:45","guid":{"rendered":"https:\/\/websjop.afuk.frl\/nl\/?post_type=product&#038;p=24358"},"modified":"2024-07-18T12:22:54","modified_gmt":"2024-07-18T11:22:54","slug":"it-bijeboek","status":"publish","type":"product","link":"https:\/\/websjop.afuk.frl\/nl\/winkel\/it-bijeboek\/","title":{"rendered":"It Bijeboek"},"content":{"rendered":"<p>Waarom al die drukte over bijen? Wat doen ze de hele dag? Waarom zijn bijen belangrijk? Ontdek via dit boek waarom bijen onze hulp nodig hebben en wat jij kunt doen.<\/p>\n<p>Leeftijd: 5-13 jaar<\/p>\n<hr \/>\n<p><em>Fleur: &#8220;In boek dat jong en \u00e2ld in hiele protte leare kin en derfoar soarget dat we wer wat wr\u00e2ldwizer wurde. Dit boek is dan ek in echte oanrieder om as basis te br\u00fbken foar in sprekbeurt of foar in temawike op skoalle oer de maitiid.&#8221; <a href=\"https:\/\/heitenmem.nl\/artikel\/21289\/it-bijeboek-resinsje-fan-fleur\/\" target=\"_blank\" rel=\"noopener\">L\u00eas hjir Fleur har folsleine resinsje.<\/a><\/em><\/p>\n<p><em>Geartsje: &#8220;Hoe fierder we yn it boek komme, hoe d\u00fadliker it wurdt w\u00earom\u2019t dy zoembisten op de wr\u00e2ld bliuwe moatte en dus ek by \u00fas yn \u2019e t\u00fan. Witte jim noch, dy biologyles oer it stomoal en de stimpel? Earlik sein, dy wie by my al aardich fuortsakke. Mar mei dizze moaie yllustraasjes komt dy les wer hielendal boppe. D\u00eartroch sjogge de bern hoe belangryk ek de lytse bisten binne yn de natuer. En je krije der suver nocht oan om de t\u00fan \u2018bijeproof\u2019 te meitsjen, sadat we de wr\u00e2ld in bytsje helpe.&#8221; <a href=\"https:\/\/heitenmem.nl\/boek\/22125\/it-bijeboek-resinsje-fan-geartsje\/\" target=\"_blank\" rel=\"noopener\">L\u00eas hjir de folsleine resinsje fan Geartsje.<\/a><\/em><\/p>\n<p><em>Sytske: &#8220;Hjir binne fuortendaliks de bijeblommen siedde &amp; we sille ek ris te set oer it meitsjen fan sa\u2019n moai bijehotel. Want ien ding is seker: wy sjogge no mei hiele oare eagen nei dy w\u00fbnderlike, hurdwurkjende bisten. Dy\u2019t safolle mear foar \u00fas betsjutte as dat wy yn earste ynst\u00e2nsje wisten.&#8221; <a href=\"https:\/\/heitenmem.nl\/artikel\/22505\/de-resinsje-fan-sytske-it-bijeboek\/\" target=\"_blank\" rel=\"noopener\">Sjoch hjir foar de folsleine resinsje fan Sytske.<\/a><\/em><\/p>\n<p><em>Rindert Koopmans (9): &#8220;It boek giet oer bijen. Der sitte trije soarten bijen yn in koloanje. Der sit mar ien keninginne yn in koloanje en de keninginne kin wol 2000 aaikes lizze. Yn in koloanje sitte fierder noch twa oare soarten bijen: de wurkbijen en de broedbijen. Ik fyn it in leuk boek omdatsto learst hoe at bijen mei elkoar prate, se prate troch te d\u00fbnsjen. Ek wit ik no dat in hiel soad bisten de huningbijen ite, sa as in bear, libel, tiran en de boskkikkert. Ik wist noch net in soad fan huningbijen en f\u00fbn it moai om dat troch dit boek te learen.&#8221;<\/em><\/p>\n","protected":false},"excerpt":{"rendered":"<p>Waarom al die drukte over bijen? Wat doen ze de hele dag? Waarom zijn bijen belangrijk? Ontdek via dit boek waarom bijen onze hulp nodig hebben en wat jij kunt doen. Leeftijd: 5-13 jaar Fleur: &#8220;In boek dat jong en \u00e2ld in hiele protte leare kin en derfoar soarget dat we wer wat wr\u00e2ldwizer wurde. [&hellip;]<\/p>\n","protected":false},"featured_media":24359,"comment_status":"closed","ping_status":"closed","template":"","meta":{"_acf_changed":false},"product_brand":[],"product_cat":[1213,551,1043,1217,535,1221,22897,22589,22833],"product_tag":[18169,13757,18610,18168,17896,17895,17894,9807,7069,17897],"class_list":{"0":"post-24358","1":"product","2":"type-product","3":"status-publish","4":"has-post-thumbnail","6":"product_cat-berne-en-jeugdboeken","7":"product_cat-berneboeken-8-12","8":"product_cat-edukatyf","9":"product_cat-foar-bern","10":"product_cat-fryske-boeken","11":"product_cat-maitiid","12":"product_cat-tema-natoer","13":"product_cat-tema-maitiid-foar-jonge-bern","14":"product_cat-tema-simmer-foar-jonge-bern","15":"product_tag-bij","16":"product_tag-bijen","17":"product_tag-bijenboek","18":"product_tag-bijkes","19":"product_tag-charlotte-milner","20":"product_tag-dokumintaasjeboek","21":"product_tag-it-bijeboek","22":"product_tag-natoer","23":"product_tag-natuur","24":"product_tag-ynformatyf","25":"product_shipping_class-brievenbus-verzending","26":"pa_auteur-charlotte-milner","27":"pa_isbn-17892","28":"pa_new-label-1-3","29":"pa_taal-frysk","30":"pa_uitgever-afuk","31":"pa_vertaler-ytsje-steen","33":"first","34":"instock","35":"taxable","36":"shipping-taxable","37":"purchasable","38":"product-type-simple"},"acf":[],"yoast_head":"<!-- This site is optimized with the Yoast SEO plugin v27.3 - https:\/\/yoast.com\/product\/yoast-seo-wordpress\/ -->\n<title>It Bijeboek &#8211; Af\u00fbk Websjop<\/title>\n<meta name=\"description\" content=\"Waarom al die drukte over bijen? Waarom zijn bijen belangrijk? Ontdek via dit boek waarom bijen onze hulp nodig hebben en wat jij kunt doen.\" \/>\n<meta name=\"robots\" content=\"index, follow, max-snippet:-1, max-image-preview:large, max-video-preview:-1\" \/>\n<link rel=\"canonical\" href=\"https:\/\/websjop.afuk.frl\/nl\/winkel\/it-bijeboek\/\" \/>\n<meta property=\"og:locale\" content=\"nl_NL\" \/>\n<meta property=\"og:type\" content=\"article\" \/>\n<meta property=\"og:title\" content=\"It Bijeboek &#8211; Af\u00fbk Websjop\" \/>\n<meta property=\"og:description\" content=\"Waarom al die drukte over bijen? Waarom zijn bijen belangrijk? Ontdek via dit boek waarom bijen onze hulp nodig hebben en wat jij kunt doen.\" \/>\n<meta property=\"og:url\" content=\"https:\/\/websjop.afuk.frl\/nl\/winkel\/it-bijeboek\/\" \/>\n<meta property=\"og:site_name\" content=\"Af\u00fbk Websjop\" \/>\n<meta property=\"article:modified_time\" content=\"2024-07-18T11:22:54+00:00\" \/>\n<meta property=\"og:image\" content=\"https:\/\/websjop.afuk.frl\/wp-content\/uploads\/2021\/01\/It-bijeboek-web.jpg\" \/>\n\t<meta property=\"og:image:width\" content=\"800\" \/>\n\t<meta property=\"og:image:height\" content=\"616\" \/>\n\t<meta property=\"og:image:type\" content=\"image\/jpeg\" \/>\n<meta name=\"twitter:card\" content=\"summary_large_image\" \/>\n<meta name=\"twitter:label1\" content=\"Geschatte leestijd\" \/>\n\t<meta name=\"twitter:data1\" content=\"2 minuten\" \/>\n<script type=\"application\/ld+json\" class=\"yoast-schema-graph\">{\"@context\":\"https:\\\/\\\/schema.org\",\"@graph\":[{\"@type\":\"WebPage\",\"@id\":\"https:\\\/\\\/websjop.afuk.frl\\\/nl\\\/winkel\\\/it-bijeboek\\\/\",\"url\":\"https:\\\/\\\/websjop.afuk.frl\\\/nl\\\/winkel\\\/it-bijeboek\\\/\",\"name\":\"It Bijeboek &#8211; Af\u00fbk Websjop\",\"isPartOf\":{\"@id\":\"https:\\\/\\\/websjop.afuk.frl\\\/nl\\\/#website\"},\"primaryImageOfPage\":{\"@id\":\"https:\\\/\\\/websjop.afuk.frl\\\/nl\\\/winkel\\\/it-bijeboek\\\/#primaryimage\"},\"image\":{\"@id\":\"https:\\\/\\\/websjop.afuk.frl\\\/nl\\\/winkel\\\/it-bijeboek\\\/#primaryimage\"},\"thumbnailUrl\":\"https:\\\/\\\/websjop.afuk.frl\\\/wp-content\\\/uploads\\\/2021\\\/01\\\/It-bijeboek-web.jpg\",\"datePublished\":\"2021-01-20T12:03:45+00:00\",\"dateModified\":\"2024-07-18T11:22:54+00:00\",\"description\":\"Waarom al die drukte over bijen? Waarom zijn bijen belangrijk? Ontdek via dit boek waarom bijen onze hulp nodig hebben en wat jij kunt doen.\",\"breadcrumb\":{\"@id\":\"https:\\\/\\\/websjop.afuk.frl\\\/nl\\\/winkel\\\/it-bijeboek\\\/#breadcrumb\"},\"inLanguage\":\"nl-NL\",\"potentialAction\":[{\"@type\":\"ReadAction\",\"target\":[\"https:\\\/\\\/websjop.afuk.frl\\\/nl\\\/winkel\\\/it-bijeboek\\\/\"]}]},{\"@type\":\"ImageObject\",\"inLanguage\":\"nl-NL\",\"@id\":\"https:\\\/\\\/websjop.afuk.frl\\\/nl\\\/winkel\\\/it-bijeboek\\\/#primaryimage\",\"url\":\"https:\\\/\\\/websjop.afuk.frl\\\/wp-content\\\/uploads\\\/2021\\\/01\\\/It-bijeboek-web.jpg\",\"contentUrl\":\"https:\\\/\\\/websjop.afuk.frl\\\/wp-content\\\/uploads\\\/2021\\\/01\\\/It-bijeboek-web.jpg\",\"width\":800,\"height\":616,\"caption\":\"It bijeboek\"},{\"@type\":\"BreadcrumbList\",\"@id\":\"https:\\\/\\\/websjop.afuk.frl\\\/nl\\\/winkel\\\/it-bijeboek\\\/#breadcrumb\",\"itemListElement\":[{\"@type\":\"ListItem\",\"position\":1,\"name\":\"Home\",\"item\":\"https:\\\/\\\/websjop.afuk.frl\\\/nl\\\/\"},{\"@type\":\"ListItem\",\"position\":2,\"name\":\"Winkel\",\"item\":\"https:\\\/\\\/websjop.afuk.frl\\\/nl\\\/winkel\\\/\"},{\"@type\":\"ListItem\",\"position\":3,\"name\":\"It Bijeboek\"}]},{\"@type\":\"WebSite\",\"@id\":\"https:\\\/\\\/websjop.afuk.frl\\\/nl\\\/#website\",\"url\":\"https:\\\/\\\/websjop.afuk.frl\\\/nl\\\/\",\"name\":\"Af\u00fbk Websjop\",\"description\":\"\",\"potentialAction\":[{\"@type\":\"SearchAction\",\"target\":{\"@type\":\"EntryPoint\",\"urlTemplate\":\"https:\\\/\\\/websjop.afuk.frl\\\/nl\\\/?s={search_term_string}\"},\"query-input\":{\"@type\":\"PropertyValueSpecification\",\"valueRequired\":true,\"valueName\":\"search_term_string\"}}],\"inLanguage\":\"nl-NL\"}]}<\/script>\n<!-- \/ Yoast SEO plugin. -->","yoast_head_json":{"title":"It Bijeboek &#8211; Af\u00fbk Websjop","description":"Waarom al die drukte over bijen? Waarom zijn bijen belangrijk? Ontdek via dit boek waarom bijen onze hulp nodig hebben en wat jij kunt doen.","robots":{"index":"index","follow":"follow","max-snippet":"max-snippet:-1","max-image-preview":"max-image-preview:large","max-video-preview":"max-video-preview:-1"},"canonical":"https:\/\/websjop.afuk.frl\/nl\/winkel\/it-bijeboek\/","og_locale":"nl_NL","og_type":"article","og_title":"It Bijeboek &#8211; Af\u00fbk Websjop","og_description":"Waarom al die drukte over bijen? Waarom zijn bijen belangrijk? Ontdek via dit boek waarom bijen onze hulp nodig hebben en wat jij kunt doen.","og_url":"https:\/\/websjop.afuk.frl\/nl\/winkel\/it-bijeboek\/","og_site_name":"Af\u00fbk Websjop","article_modified_time":"2024-07-18T11:22:54+00:00","og_image":[{"width":800,"height":616,"url":"https:\/\/websjop.afuk.frl\/wp-content\/uploads\/2021\/01\/It-bijeboek-web.jpg","type":"image\/jpeg"}],"twitter_card":"summary_large_image","twitter_misc":{"Geschatte leestijd":"2 minuten"},"schema":{"@context":"https:\/\/schema.org","@graph":[{"@type":"WebPage","@id":"https:\/\/websjop.afuk.frl\/nl\/winkel\/it-bijeboek\/","url":"https:\/\/websjop.afuk.frl\/nl\/winkel\/it-bijeboek\/","name":"It Bijeboek &#8211; Af\u00fbk Websjop","isPartOf":{"@id":"https:\/\/websjop.afuk.frl\/nl\/#website"},"primaryImageOfPage":{"@id":"https:\/\/websjop.afuk.frl\/nl\/winkel\/it-bijeboek\/#primaryimage"},"image":{"@id":"https:\/\/websjop.afuk.frl\/nl\/winkel\/it-bijeboek\/#primaryimage"},"thumbnailUrl":"https:\/\/websjop.afuk.frl\/wp-content\/uploads\/2021\/01\/It-bijeboek-web.jpg","datePublished":"2021-01-20T12:03:45+00:00","dateModified":"2024-07-18T11:22:54+00:00","description":"Waarom al die drukte over bijen? Waarom zijn bijen belangrijk? Ontdek via dit boek waarom bijen onze hulp nodig hebben en wat jij kunt doen.","breadcrumb":{"@id":"https:\/\/websjop.afuk.frl\/nl\/winkel\/it-bijeboek\/#breadcrumb"},"inLanguage":"nl-NL","potentialAction":[{"@type":"ReadAction","target":["https:\/\/websjop.afuk.frl\/nl\/winkel\/it-bijeboek\/"]}]},{"@type":"ImageObject","inLanguage":"nl-NL","@id":"https:\/\/websjop.afuk.frl\/nl\/winkel\/it-bijeboek\/#primaryimage","url":"https:\/\/websjop.afuk.frl\/wp-content\/uploads\/2021\/01\/It-bijeboek-web.jpg","contentUrl":"https:\/\/websjop.afuk.frl\/wp-content\/uploads\/2021\/01\/It-bijeboek-web.jpg","width":800,"height":616,"caption":"It bijeboek"},{"@type":"BreadcrumbList","@id":"https:\/\/websjop.afuk.frl\/nl\/winkel\/it-bijeboek\/#breadcrumb","itemListElement":[{"@type":"ListItem","position":1,"name":"Home","item":"https:\/\/websjop.afuk.frl\/nl\/"},{"@type":"ListItem","position":2,"name":"Winkel","item":"https:\/\/websjop.afuk.frl\/nl\/winkel\/"},{"@type":"ListItem","position":3,"name":"It Bijeboek"}]},{"@type":"WebSite","@id":"https:\/\/websjop.afuk.frl\/nl\/#website","url":"https:\/\/websjop.afuk.frl\/nl\/","name":"Af\u00fbk Websjop","description":"","potentialAction":[{"@type":"SearchAction","target":{"@type":"EntryPoint","urlTemplate":"https:\/\/websjop.afuk.frl\/nl\/?s={search_term_string}"},"query-input":{"@type":"PropertyValueSpecification","valueRequired":true,"valueName":"search_term_string"}}],"inLanguage":"nl-NL"}]}},"_links":{"self":[{"href":"https:\/\/websjop.afuk.frl\/nl\/wp-json\/wp\/v2\/product\/24358","targetHints":{"allow":["GET"]}}],"collection":[{"href":"https:\/\/websjop.afuk.frl\/nl\/wp-json\/wp\/v2\/product"}],"about":[{"href":"https:\/\/websjop.afuk.frl\/nl\/wp-json\/wp\/v2\/types\/product"}],"replies":[{"embeddable":true,"href":"https:\/\/websjop.afuk.frl\/nl\/wp-json\/wp\/v2\/comments?post=24358"}],"wp:featuredmedia":[{"embeddable":true,"href":"https:\/\/websjop.afuk.frl\/nl\/wp-json\/wp\/v2\/media\/24359"}],"wp:attachment":[{"href":"https:\/\/websjop.afuk.frl\/nl\/wp-json\/wp\/v2\/media?parent=24358"}],"wp:term":[{"taxonomy":"product_brand","embeddable":true,"href":"https:\/\/websjop.afuk.frl\/nl\/wp-json\/wp\/v2\/product_brand?post=24358"},{"taxonomy":"product_cat","embeddable":true,"href":"https:\/\/websjop.afuk.frl\/nl\/wp-json\/wp\/v2\/product_cat?post=24358"},{"taxonomy":"product_tag","embeddable":true,"href":"https:\/\/websjop.afuk.frl\/nl\/wp-json\/wp\/v2\/product_tag?post=24358"}],"curies":[{"name":"wp","href":"https:\/\/api.w.org\/{rel}","templated":true}]}}