{"id":21686,"date":"2020-11-04T13:48:21","date_gmt":"2020-11-04T12:48:21","guid":{"rendered":"https:\/\/websjop.afuk.frl\/nl\/?post_type=product&#038;p=21686"},"modified":"2026-01-27T11:14:19","modified_gmt":"2026-01-27T10:14:19","slug":"61-eilanden-in-de-waddenzee-een-ontdekkingsreis","status":"publish","type":"product","link":"https:\/\/websjop.afuk.frl\/nl\/winkel\/61-eilanden-in-de-waddenzee-een-ontdekkingsreis\/","title":{"rendered":"61 Eilanden in de Waddenzee, een ontdekkingsreis"},"content":{"rendered":"<p>Voor het eerst worden alle bewoonde en onbewoonde Waddeneilanden in \u00e9\u00e9n boek samengebracht. In <em>61 Eilanden in de Waddenzee<\/em> bundelt Evert Jan Prins zijn levendige reisverhalen en adembenemende foto&#8217;s tot een avontuurlijk geheel. Hoewel de Nederlandse, Duitse en Deense eilanden landschappelijk en historisch gezien de nodige overeenkomsten kennen, weet de auteur het eigen karakter van ieder eiland te benadrukken. Hij neemt de tijd om eilanders aan het woord te laten, heeft oog voor cultuur en historie en neemt de lezer mee door overweldigende duinlandschappen, over stille stranden en doorgroefde kwelders. Een unieke uitgave, ge\u00efllustreerd met meer dan 600 foto&#8217;s en kaarten over de fascinerende archipel aan de boorden van Unesco werelderfgoe Waddenzee.<\/p>\n<p>Met een verrassend voorwoord van schrijver en documentairemaker Mathijs Deen.<\/p>\n","protected":false},"excerpt":{"rendered":"<p>Voor het eerst worden alle bewoonde en onbewoonde Waddeneilanden in \u00e9\u00e9n boek samengebracht. In 61 Eilanden in de Waddenzee bundelt Evert Jan Prins zijn levendige reisverhalen en adembenemende foto&#8217;s tot een avontuurlijk geheel. Hoewel de Nederlandse, Duitse en Deense eilanden landschappelijk en historisch gezien de nodige overeenkomsten kennen, weet de auteur het eigen karakter van [&hellip;]<\/p>\n","protected":false},"featured_media":21688,"comment_status":"closed","ping_status":"closed","template":"","meta":{"_acf_changed":false},"product_brand":[],"product_cat":[554,545,535,542,1216,543],"product_tag":[17482,17485,17483,5892,17486,17484],"class_list":{"0":"post-21686","1":"product","2":"type-product","3":"status-publish","4":"has-post-thumbnail","6":"product_cat-ferskaat","7":"product_cat-fotoboeken","8":"product_cat-fryske-boeken","9":"product_cat-natoer","10":"product_cat-natoer-en-toerisme","11":"product_cat-toerisme","12":"product_tag-61-eilanden-in-de-waddenzee","13":"product_tag-duits-wad","14":"product_tag-evert-jan-prins","15":"product_tag-fotoboek","16":"product_tag-fries-wad","17":"product_tag-ontdekkingsreis","18":"product_shipping_class-pakketpost-verzending","19":"pa_auteur-evert-jan-prins","20":"pa_isbn-17480","21":"pa_new-label-1-3","22":"pa_taal-nederlands","23":"pa_uitgever-noordboek","25":"first","26":"instock","27":"taxable","28":"shipping-taxable","29":"purchasable","30":"product-type-simple"},"acf":[],"yoast_head":"<!-- This site is optimized with the Yoast SEO plugin v27.3 - https:\/\/yoast.com\/product\/yoast-seo-wordpress\/ -->\n<title>61 Eilanden in de Waddenzee, een ontdekkingsreis &#8211; Af\u00fbk Websjop<\/title>\n<meta name=\"robots\" content=\"index, follow, max-snippet:-1, max-image-preview:large, max-video-preview:-1\" \/>\n<link rel=\"canonical\" href=\"https:\/\/websjop.afuk.frl\/nl\/winkel\/61-eilanden-in-de-waddenzee-een-ontdekkingsreis\/\" \/>\n<meta property=\"og:locale\" content=\"nl_NL\" \/>\n<meta property=\"og:type\" content=\"article\" \/>\n<meta property=\"og:title\" content=\"61 Eilanden in de Waddenzee, een ontdekkingsreis &#8211; Af\u00fbk Websjop\" \/>\n<meta property=\"og:description\" content=\"Voor het eerst worden alle bewoonde en onbewoonde Waddeneilanden in \u00e9\u00e9n boek samengebracht. In 61 Eilanden in de Waddenzee bundelt Evert Jan Prins zijn levendige reisverhalen en adembenemende foto&#8217;s tot een avontuurlijk geheel. Hoewel de Nederlandse, Duitse en Deense eilanden landschappelijk en historisch gezien de nodige overeenkomsten kennen, weet de auteur het eigen karakter van [&hellip;]\" \/>\n<meta property=\"og:url\" content=\"https:\/\/websjop.afuk.frl\/nl\/winkel\/61-eilanden-in-de-waddenzee-een-ontdekkingsreis\/\" \/>\n<meta property=\"og:site_name\" content=\"Af\u00fbk Websjop\" \/>\n<meta property=\"article:modified_time\" content=\"2026-01-27T10:14:19+00:00\" \/>\n<meta property=\"og:image\" content=\"https:\/\/websjop.afuk.frl\/wp-content\/uploads\/2020\/11\/61-eilanden-in-de-waddenzee181.jpg\" \/>\n\t<meta property=\"og:image:width\" content=\"590\" \/>\n\t<meta property=\"og:image:height\" content=\"833\" \/>\n\t<meta property=\"og:image:type\" content=\"image\/jpeg\" \/>\n<meta name=\"twitter:card\" content=\"summary_large_image\" \/>\n<meta name=\"twitter:label1\" content=\"Geschatte leestijd\" \/>\n\t<meta name=\"twitter:data1\" content=\"1 minuut\" \/>\n<script type=\"application\/ld+json\" class=\"yoast-schema-graph\">{\"@context\":\"https:\\\/\\\/schema.org\",\"@graph\":[{\"@type\":\"WebPage\",\"@id\":\"https:\\\/\\\/websjop.afuk.frl\\\/nl\\\/winkel\\\/61-eilanden-in-de-waddenzee-een-ontdekkingsreis\\\/\",\"url\":\"https:\\\/\\\/websjop.afuk.frl\\\/nl\\\/winkel\\\/61-eilanden-in-de-waddenzee-een-ontdekkingsreis\\\/\",\"name\":\"61 Eilanden in de Waddenzee, een ontdekkingsreis &#8211; Af\u00fbk Websjop\",\"isPartOf\":{\"@id\":\"https:\\\/\\\/websjop.afuk.frl\\\/nl\\\/#website\"},\"primaryImageOfPage\":{\"@id\":\"https:\\\/\\\/websjop.afuk.frl\\\/nl\\\/winkel\\\/61-eilanden-in-de-waddenzee-een-ontdekkingsreis\\\/#primaryimage\"},\"image\":{\"@id\":\"https:\\\/\\\/websjop.afuk.frl\\\/nl\\\/winkel\\\/61-eilanden-in-de-waddenzee-een-ontdekkingsreis\\\/#primaryimage\"},\"thumbnailUrl\":\"https:\\\/\\\/websjop.afuk.frl\\\/wp-content\\\/uploads\\\/2020\\\/11\\\/61-eilanden-in-de-waddenzee181.jpg\",\"datePublished\":\"2020-11-04T12:48:21+00:00\",\"dateModified\":\"2026-01-27T10:14:19+00:00\",\"breadcrumb\":{\"@id\":\"https:\\\/\\\/websjop.afuk.frl\\\/nl\\\/winkel\\\/61-eilanden-in-de-waddenzee-een-ontdekkingsreis\\\/#breadcrumb\"},\"inLanguage\":\"nl-NL\",\"potentialAction\":[{\"@type\":\"ReadAction\",\"target\":[\"https:\\\/\\\/websjop.afuk.frl\\\/nl\\\/winkel\\\/61-eilanden-in-de-waddenzee-een-ontdekkingsreis\\\/\"]}]},{\"@type\":\"ImageObject\",\"inLanguage\":\"nl-NL\",\"@id\":\"https:\\\/\\\/websjop.afuk.frl\\\/nl\\\/winkel\\\/61-eilanden-in-de-waddenzee-een-ontdekkingsreis\\\/#primaryimage\",\"url\":\"https:\\\/\\\/websjop.afuk.frl\\\/wp-content\\\/uploads\\\/2020\\\/11\\\/61-eilanden-in-de-waddenzee181.jpg\",\"contentUrl\":\"https:\\\/\\\/websjop.afuk.frl\\\/wp-content\\\/uploads\\\/2020\\\/11\\\/61-eilanden-in-de-waddenzee181.jpg\",\"width\":590,\"height\":833,\"caption\":\"61 Eilanden in de Waddenzee\"},{\"@type\":\"BreadcrumbList\",\"@id\":\"https:\\\/\\\/websjop.afuk.frl\\\/nl\\\/winkel\\\/61-eilanden-in-de-waddenzee-een-ontdekkingsreis\\\/#breadcrumb\",\"itemListElement\":[{\"@type\":\"ListItem\",\"position\":1,\"name\":\"Home\",\"item\":\"https:\\\/\\\/websjop.afuk.frl\\\/nl\\\/\"},{\"@type\":\"ListItem\",\"position\":2,\"name\":\"Winkel\",\"item\":\"https:\\\/\\\/websjop.afuk.frl\\\/nl\\\/winkel\\\/\"},{\"@type\":\"ListItem\",\"position\":3,\"name\":\"61 Eilanden in de Waddenzee, een ontdekkingsreis\"}]},{\"@type\":\"WebSite\",\"@id\":\"https:\\\/\\\/websjop.afuk.frl\\\/nl\\\/#website\",\"url\":\"https:\\\/\\\/websjop.afuk.frl\\\/nl\\\/\",\"name\":\"Af\u00fbk Websjop\",\"description\":\"\",\"potentialAction\":[{\"@type\":\"SearchAction\",\"target\":{\"@type\":\"EntryPoint\",\"urlTemplate\":\"https:\\\/\\\/websjop.afuk.frl\\\/nl\\\/?s={search_term_string}\"},\"query-input\":{\"@type\":\"PropertyValueSpecification\",\"valueRequired\":true,\"valueName\":\"search_term_string\"}}],\"inLanguage\":\"nl-NL\"}]}<\/script>\n<!-- \/ Yoast SEO plugin. -->","yoast_head_json":{"title":"61 Eilanden in de Waddenzee, een ontdekkingsreis &#8211; Af\u00fbk Websjop","robots":{"index":"index","follow":"follow","max-snippet":"max-snippet:-1","max-image-preview":"max-image-preview:large","max-video-preview":"max-video-preview:-1"},"canonical":"https:\/\/websjop.afuk.frl\/nl\/winkel\/61-eilanden-in-de-waddenzee-een-ontdekkingsreis\/","og_locale":"nl_NL","og_type":"article","og_title":"61 Eilanden in de Waddenzee, een ontdekkingsreis &#8211; Af\u00fbk Websjop","og_description":"Voor het eerst worden alle bewoonde en onbewoonde Waddeneilanden in \u00e9\u00e9n boek samengebracht. In 61 Eilanden in de Waddenzee bundelt Evert Jan Prins zijn levendige reisverhalen en adembenemende foto&#8217;s tot een avontuurlijk geheel. Hoewel de Nederlandse, Duitse en Deense eilanden landschappelijk en historisch gezien de nodige overeenkomsten kennen, weet de auteur het eigen karakter van [&hellip;]","og_url":"https:\/\/websjop.afuk.frl\/nl\/winkel\/61-eilanden-in-de-waddenzee-een-ontdekkingsreis\/","og_site_name":"Af\u00fbk Websjop","article_modified_time":"2026-01-27T10:14:19+00:00","og_image":[{"width":590,"height":833,"url":"https:\/\/websjop.afuk.frl\/wp-content\/uploads\/2020\/11\/61-eilanden-in-de-waddenzee181.jpg","type":"image\/jpeg"}],"twitter_card":"summary_large_image","twitter_misc":{"Geschatte leestijd":"1 minuut"},"schema":{"@context":"https:\/\/schema.org","@graph":[{"@type":"WebPage","@id":"https:\/\/websjop.afuk.frl\/nl\/winkel\/61-eilanden-in-de-waddenzee-een-ontdekkingsreis\/","url":"https:\/\/websjop.afuk.frl\/nl\/winkel\/61-eilanden-in-de-waddenzee-een-ontdekkingsreis\/","name":"61 Eilanden in de Waddenzee, een ontdekkingsreis &#8211; Af\u00fbk Websjop","isPartOf":{"@id":"https:\/\/websjop.afuk.frl\/nl\/#website"},"primaryImageOfPage":{"@id":"https:\/\/websjop.afuk.frl\/nl\/winkel\/61-eilanden-in-de-waddenzee-een-ontdekkingsreis\/#primaryimage"},"image":{"@id":"https:\/\/websjop.afuk.frl\/nl\/winkel\/61-eilanden-in-de-waddenzee-een-ontdekkingsreis\/#primaryimage"},"thumbnailUrl":"https:\/\/websjop.afuk.frl\/wp-content\/uploads\/2020\/11\/61-eilanden-in-de-waddenzee181.jpg","datePublished":"2020-11-04T12:48:21+00:00","dateModified":"2026-01-27T10:14:19+00:00","breadcrumb":{"@id":"https:\/\/websjop.afuk.frl\/nl\/winkel\/61-eilanden-in-de-waddenzee-een-ontdekkingsreis\/#breadcrumb"},"inLanguage":"nl-NL","potentialAction":[{"@type":"ReadAction","target":["https:\/\/websjop.afuk.frl\/nl\/winkel\/61-eilanden-in-de-waddenzee-een-ontdekkingsreis\/"]}]},{"@type":"ImageObject","inLanguage":"nl-NL","@id":"https:\/\/websjop.afuk.frl\/nl\/winkel\/61-eilanden-in-de-waddenzee-een-ontdekkingsreis\/#primaryimage","url":"https:\/\/websjop.afuk.frl\/wp-content\/uploads\/2020\/11\/61-eilanden-in-de-waddenzee181.jpg","contentUrl":"https:\/\/websjop.afuk.frl\/wp-content\/uploads\/2020\/11\/61-eilanden-in-de-waddenzee181.jpg","width":590,"height":833,"caption":"61 Eilanden in de Waddenzee"},{"@type":"BreadcrumbList","@id":"https:\/\/websjop.afuk.frl\/nl\/winkel\/61-eilanden-in-de-waddenzee-een-ontdekkingsreis\/#breadcrumb","itemListElement":[{"@type":"ListItem","position":1,"name":"Home","item":"https:\/\/websjop.afuk.frl\/nl\/"},{"@type":"ListItem","position":2,"name":"Winkel","item":"https:\/\/websjop.afuk.frl\/nl\/winkel\/"},{"@type":"ListItem","position":3,"name":"61 Eilanden in de Waddenzee, een ontdekkingsreis"}]},{"@type":"WebSite","@id":"https:\/\/websjop.afuk.frl\/nl\/#website","url":"https:\/\/websjop.afuk.frl\/nl\/","name":"Af\u00fbk Websjop","description":"","potentialAction":[{"@type":"SearchAction","target":{"@type":"EntryPoint","urlTemplate":"https:\/\/websjop.afuk.frl\/nl\/?s={search_term_string}"},"query-input":{"@type":"PropertyValueSpecification","valueRequired":true,"valueName":"search_term_string"}}],"inLanguage":"nl-NL"}]}},"_links":{"self":[{"href":"https:\/\/websjop.afuk.frl\/nl\/wp-json\/wp\/v2\/product\/21686","targetHints":{"allow":["GET"]}}],"collection":[{"href":"https:\/\/websjop.afuk.frl\/nl\/wp-json\/wp\/v2\/product"}],"about":[{"href":"https:\/\/websjop.afuk.frl\/nl\/wp-json\/wp\/v2\/types\/product"}],"replies":[{"embeddable":true,"href":"https:\/\/websjop.afuk.frl\/nl\/wp-json\/wp\/v2\/comments?post=21686"}],"wp:featuredmedia":[{"embeddable":true,"href":"https:\/\/websjop.afuk.frl\/nl\/wp-json\/wp\/v2\/media\/21688"}],"wp:attachment":[{"href":"https:\/\/websjop.afuk.frl\/nl\/wp-json\/wp\/v2\/media?parent=21686"}],"wp:term":[{"taxonomy":"product_brand","embeddable":true,"href":"https:\/\/websjop.afuk.frl\/nl\/wp-json\/wp\/v2\/product_brand?post=21686"},{"taxonomy":"product_cat","embeddable":true,"href":"https:\/\/websjop.afuk.frl\/nl\/wp-json\/wp\/v2\/product_cat?post=21686"},{"taxonomy":"product_tag","embeddable":true,"href":"https:\/\/websjop.afuk.frl\/nl\/wp-json\/wp\/v2\/product_tag?post=21686"}],"curies":[{"name":"wp","href":"https:\/\/api.w.org\/{rel}","templated":true}]}}