{"id":21387,"date":"2020-10-21T13:39:15","date_gmt":"2020-10-21T12:39:15","guid":{"rendered":"https:\/\/websjop.afuk.frl\/nl\/?post_type=product&#038;p=21387"},"modified":"2024-11-05T12:09:58","modified_gmt":"2024-11-05T11:09:58","slug":"buntskildere-werklikheid","status":"publish","type":"product","link":"https:\/\/websjop.afuk.frl\/nl\/winkel\/buntskildere-werklikheid\/","title":{"rendered":"B\u00fbntskildere werklikheid"},"content":{"rendered":"<p>Herinneringen\u00a0 aan de Friese schrijver Trinus Riemersma.<\/p>\n<p>Schrijfster Antsje Swart studeerde Spaans en literatuurwetenschap en was 10 jaar lang schrijversvrouw. Toen ze met Trinus Riemersma trouwde wist niemand dat hij een bekende schrijver zou worden. Maar Riemersma won een aanmoedigingsprijs met een kort verhaal en riep uit: &#8216;Ik ga een boek schrijven dat de bijbel overbodig maakt&#8217;. Swart schaterde het uit om zijn borstklopperij en zei: &#8216;Ik help je!&#8217;<\/p>\n","protected":false},"excerpt":{"rendered":"<p>Herinneringen\u00a0 aan de Friese schrijver Trinus Riemersma. Schrijfster Antsje Swart studeerde Spaans en literatuurwetenschap en was 10 jaar lang schrijversvrouw. Toen ze met Trinus Riemersma trouwde wist niemand dat hij een bekende schrijver zou worden. Maar Riemersma won een aanmoedigingsprijs met een kort verhaal en riep uit: &#8216;Ik ga een boek schrijven dat de bijbel [&hellip;]<\/p>\n","protected":false},"featured_media":21388,"comment_status":"closed","ping_status":"closed","template":"","meta":{"_acf_changed":false},"product_brand":[],"product_cat":[1040,535,1215],"product_tag":[17407,17406,17409,17410,17408],"class_list":{"0":"post-21387","1":"product","2":"type-product","3":"status-publish","4":"has-post-thumbnail","6":"product_cat-ferhalebondels","7":"product_cat-fryske-boeken","8":"product_cat-romans-en-literatuer","9":"product_tag-antsje-swart","10":"product_tag-buntskildere-werklikheid","11":"product_tag-oantinkens","12":"product_tag-skriuwersfrou","13":"product_tag-trinus-riemersma","14":"product_shipping_class-brievenbus-verzending","15":"pa_auteur-antsje-swart","16":"pa_isbn-17403","17":"pa_new-label-1-3","18":"pa_taal-frysk","19":"pa_uitgever-utjouwerij-grotesk","21":"first","22":"instock","23":"taxable","24":"shipping-taxable","25":"purchasable","26":"product-type-simple"},"acf":[],"yoast_head":"<!-- This site is optimized with the Yoast SEO plugin v27.3 - https:\/\/yoast.com\/product\/yoast-seo-wordpress\/ -->\n<title>B\u00fbntskildere werklikheid &#8211; Af\u00fbk Websjop<\/title>\n<meta name=\"description\" content=\"In B\u00fbntskildere werklikheid beschrijft Antsje Swart, die 10 jaar getrouwd was mei Trinus Riemersma herinneringen aan hem en zijn schrijversschap.\" \/>\n<meta name=\"robots\" content=\"index, follow, max-snippet:-1, max-image-preview:large, max-video-preview:-1\" \/>\n<link rel=\"canonical\" href=\"https:\/\/websjop.afuk.frl\/nl\/winkel\/buntskildere-werklikheid\/\" \/>\n<meta property=\"og:locale\" content=\"nl_NL\" \/>\n<meta property=\"og:type\" content=\"article\" \/>\n<meta property=\"og:title\" content=\"B\u00fbntskildere werklikheid &#8211; Af\u00fbk Websjop\" \/>\n<meta property=\"og:description\" content=\"In B\u00fbntskildere werklikheid beschrijft Antsje Swart, die 10 jaar getrouwd was mei Trinus Riemersma herinneringen aan hem en zijn schrijversschap.\" \/>\n<meta property=\"og:url\" content=\"https:\/\/websjop.afuk.frl\/nl\/winkel\/buntskildere-werklikheid\/\" \/>\n<meta property=\"og:site_name\" content=\"Af\u00fbk Websjop\" \/>\n<meta property=\"article:modified_time\" content=\"2024-11-05T11:09:58+00:00\" \/>\n<meta property=\"og:image\" content=\"https:\/\/websjop.afuk.frl\/wp-content\/uploads\/2020\/10\/Buntskildere-werklikheid155.jpg\" \/>\n\t<meta property=\"og:image:width\" content=\"371\" \/>\n\t<meta property=\"og:image:height\" content=\"595\" \/>\n\t<meta property=\"og:image:type\" content=\"image\/jpeg\" \/>\n<meta name=\"twitter:card\" content=\"summary_large_image\" \/>\n<script type=\"application\/ld+json\" class=\"yoast-schema-graph\">{\"@context\":\"https:\\\/\\\/schema.org\",\"@graph\":[{\"@type\":\"WebPage\",\"@id\":\"https:\\\/\\\/websjop.afuk.frl\\\/nl\\\/winkel\\\/buntskildere-werklikheid\\\/\",\"url\":\"https:\\\/\\\/websjop.afuk.frl\\\/nl\\\/winkel\\\/buntskildere-werklikheid\\\/\",\"name\":\"B\u00fbntskildere werklikheid &#8211; Af\u00fbk Websjop\",\"isPartOf\":{\"@id\":\"https:\\\/\\\/websjop.afuk.frl\\\/nl\\\/#website\"},\"primaryImageOfPage\":{\"@id\":\"https:\\\/\\\/websjop.afuk.frl\\\/nl\\\/winkel\\\/buntskildere-werklikheid\\\/#primaryimage\"},\"image\":{\"@id\":\"https:\\\/\\\/websjop.afuk.frl\\\/nl\\\/winkel\\\/buntskildere-werklikheid\\\/#primaryimage\"},\"thumbnailUrl\":\"https:\\\/\\\/websjop.afuk.frl\\\/wp-content\\\/uploads\\\/2020\\\/10\\\/Buntskildere-werklikheid155.jpg\",\"datePublished\":\"2020-10-21T12:39:15+00:00\",\"dateModified\":\"2024-11-05T11:09:58+00:00\",\"description\":\"In B\u00fbntskildere werklikheid beschrijft Antsje Swart, die 10 jaar getrouwd was mei Trinus Riemersma herinneringen aan hem en zijn schrijversschap.\",\"breadcrumb\":{\"@id\":\"https:\\\/\\\/websjop.afuk.frl\\\/nl\\\/winkel\\\/buntskildere-werklikheid\\\/#breadcrumb\"},\"inLanguage\":\"nl-NL\",\"potentialAction\":[{\"@type\":\"ReadAction\",\"target\":[\"https:\\\/\\\/websjop.afuk.frl\\\/nl\\\/winkel\\\/buntskildere-werklikheid\\\/\"]}]},{\"@type\":\"ImageObject\",\"inLanguage\":\"nl-NL\",\"@id\":\"https:\\\/\\\/websjop.afuk.frl\\\/nl\\\/winkel\\\/buntskildere-werklikheid\\\/#primaryimage\",\"url\":\"https:\\\/\\\/websjop.afuk.frl\\\/wp-content\\\/uploads\\\/2020\\\/10\\\/Buntskildere-werklikheid155.jpg\",\"contentUrl\":\"https:\\\/\\\/websjop.afuk.frl\\\/wp-content\\\/uploads\\\/2020\\\/10\\\/Buntskildere-werklikheid155.jpg\",\"width\":371,\"height\":595,\"caption\":\"B\u00fbntskildere werklikheid\"},{\"@type\":\"BreadcrumbList\",\"@id\":\"https:\\\/\\\/websjop.afuk.frl\\\/nl\\\/winkel\\\/buntskildere-werklikheid\\\/#breadcrumb\",\"itemListElement\":[{\"@type\":\"ListItem\",\"position\":1,\"name\":\"Home\",\"item\":\"https:\\\/\\\/websjop.afuk.frl\\\/nl\\\/\"},{\"@type\":\"ListItem\",\"position\":2,\"name\":\"Winkel\",\"item\":\"https:\\\/\\\/websjop.afuk.frl\\\/nl\\\/winkel\\\/\"},{\"@type\":\"ListItem\",\"position\":3,\"name\":\"B\u00fbntskildere werklikheid\"}]},{\"@type\":\"WebSite\",\"@id\":\"https:\\\/\\\/websjop.afuk.frl\\\/nl\\\/#website\",\"url\":\"https:\\\/\\\/websjop.afuk.frl\\\/nl\\\/\",\"name\":\"Af\u00fbk Websjop\",\"description\":\"\",\"potentialAction\":[{\"@type\":\"SearchAction\",\"target\":{\"@type\":\"EntryPoint\",\"urlTemplate\":\"https:\\\/\\\/websjop.afuk.frl\\\/nl\\\/?s={search_term_string}\"},\"query-input\":{\"@type\":\"PropertyValueSpecification\",\"valueRequired\":true,\"valueName\":\"search_term_string\"}}],\"inLanguage\":\"nl-NL\"}]}<\/script>\n<!-- \/ Yoast SEO plugin. -->","yoast_head_json":{"title":"B\u00fbntskildere werklikheid &#8211; Af\u00fbk Websjop","description":"In B\u00fbntskildere werklikheid beschrijft Antsje Swart, die 10 jaar getrouwd was mei Trinus Riemersma herinneringen aan hem en zijn schrijversschap.","robots":{"index":"index","follow":"follow","max-snippet":"max-snippet:-1","max-image-preview":"max-image-preview:large","max-video-preview":"max-video-preview:-1"},"canonical":"https:\/\/websjop.afuk.frl\/nl\/winkel\/buntskildere-werklikheid\/","og_locale":"nl_NL","og_type":"article","og_title":"B\u00fbntskildere werklikheid &#8211; Af\u00fbk Websjop","og_description":"In B\u00fbntskildere werklikheid beschrijft Antsje Swart, die 10 jaar getrouwd was mei Trinus Riemersma herinneringen aan hem en zijn schrijversschap.","og_url":"https:\/\/websjop.afuk.frl\/nl\/winkel\/buntskildere-werklikheid\/","og_site_name":"Af\u00fbk Websjop","article_modified_time":"2024-11-05T11:09:58+00:00","og_image":[{"width":371,"height":595,"url":"https:\/\/websjop.afuk.frl\/wp-content\/uploads\/2020\/10\/Buntskildere-werklikheid155.jpg","type":"image\/jpeg"}],"twitter_card":"summary_large_image","schema":{"@context":"https:\/\/schema.org","@graph":[{"@type":"WebPage","@id":"https:\/\/websjop.afuk.frl\/nl\/winkel\/buntskildere-werklikheid\/","url":"https:\/\/websjop.afuk.frl\/nl\/winkel\/buntskildere-werklikheid\/","name":"B\u00fbntskildere werklikheid &#8211; Af\u00fbk Websjop","isPartOf":{"@id":"https:\/\/websjop.afuk.frl\/nl\/#website"},"primaryImageOfPage":{"@id":"https:\/\/websjop.afuk.frl\/nl\/winkel\/buntskildere-werklikheid\/#primaryimage"},"image":{"@id":"https:\/\/websjop.afuk.frl\/nl\/winkel\/buntskildere-werklikheid\/#primaryimage"},"thumbnailUrl":"https:\/\/websjop.afuk.frl\/wp-content\/uploads\/2020\/10\/Buntskildere-werklikheid155.jpg","datePublished":"2020-10-21T12:39:15+00:00","dateModified":"2024-11-05T11:09:58+00:00","description":"In B\u00fbntskildere werklikheid beschrijft Antsje Swart, die 10 jaar getrouwd was mei Trinus Riemersma herinneringen aan hem en zijn schrijversschap.","breadcrumb":{"@id":"https:\/\/websjop.afuk.frl\/nl\/winkel\/buntskildere-werklikheid\/#breadcrumb"},"inLanguage":"nl-NL","potentialAction":[{"@type":"ReadAction","target":["https:\/\/websjop.afuk.frl\/nl\/winkel\/buntskildere-werklikheid\/"]}]},{"@type":"ImageObject","inLanguage":"nl-NL","@id":"https:\/\/websjop.afuk.frl\/nl\/winkel\/buntskildere-werklikheid\/#primaryimage","url":"https:\/\/websjop.afuk.frl\/wp-content\/uploads\/2020\/10\/Buntskildere-werklikheid155.jpg","contentUrl":"https:\/\/websjop.afuk.frl\/wp-content\/uploads\/2020\/10\/Buntskildere-werklikheid155.jpg","width":371,"height":595,"caption":"B\u00fbntskildere werklikheid"},{"@type":"BreadcrumbList","@id":"https:\/\/websjop.afuk.frl\/nl\/winkel\/buntskildere-werklikheid\/#breadcrumb","itemListElement":[{"@type":"ListItem","position":1,"name":"Home","item":"https:\/\/websjop.afuk.frl\/nl\/"},{"@type":"ListItem","position":2,"name":"Winkel","item":"https:\/\/websjop.afuk.frl\/nl\/winkel\/"},{"@type":"ListItem","position":3,"name":"B\u00fbntskildere werklikheid"}]},{"@type":"WebSite","@id":"https:\/\/websjop.afuk.frl\/nl\/#website","url":"https:\/\/websjop.afuk.frl\/nl\/","name":"Af\u00fbk Websjop","description":"","potentialAction":[{"@type":"SearchAction","target":{"@type":"EntryPoint","urlTemplate":"https:\/\/websjop.afuk.frl\/nl\/?s={search_term_string}"},"query-input":{"@type":"PropertyValueSpecification","valueRequired":true,"valueName":"search_term_string"}}],"inLanguage":"nl-NL"}]}},"_links":{"self":[{"href":"https:\/\/websjop.afuk.frl\/nl\/wp-json\/wp\/v2\/product\/21387","targetHints":{"allow":["GET"]}}],"collection":[{"href":"https:\/\/websjop.afuk.frl\/nl\/wp-json\/wp\/v2\/product"}],"about":[{"href":"https:\/\/websjop.afuk.frl\/nl\/wp-json\/wp\/v2\/types\/product"}],"replies":[{"embeddable":true,"href":"https:\/\/websjop.afuk.frl\/nl\/wp-json\/wp\/v2\/comments?post=21387"}],"wp:featuredmedia":[{"embeddable":true,"href":"https:\/\/websjop.afuk.frl\/nl\/wp-json\/wp\/v2\/media\/21388"}],"wp:attachment":[{"href":"https:\/\/websjop.afuk.frl\/nl\/wp-json\/wp\/v2\/media?parent=21387"}],"wp:term":[{"taxonomy":"product_brand","embeddable":true,"href":"https:\/\/websjop.afuk.frl\/nl\/wp-json\/wp\/v2\/product_brand?post=21387"},{"taxonomy":"product_cat","embeddable":true,"href":"https:\/\/websjop.afuk.frl\/nl\/wp-json\/wp\/v2\/product_cat?post=21387"},{"taxonomy":"product_tag","embeddable":true,"href":"https:\/\/websjop.afuk.frl\/nl\/wp-json\/wp\/v2\/product_tag?post=21387"}],"curies":[{"name":"wp","href":"https:\/\/api.w.org\/{rel}","templated":true}]}}