{"id":21379,"date":"2024-09-22T11:23:07","date_gmt":"2024-09-22T10:23:07","guid":{"rendered":"https:\/\/websjop.afuk.frl\/nl\/?post_type=product&#038;p=21379"},"modified":"2025-08-20T10:24:27","modified_gmt":"2025-08-20T08:24:27","slug":"pippi-langkous-frysk","status":"publish","type":"product","link":"https:\/\/websjop.afuk.frl\/nl\/winkel\/pippi-langkous-frysk\/","title":{"rendered":"Pippi Langkous &#8211; Fryske edysje"},"content":{"rendered":"<p>Alle verhalen<\/p>\n<p>Wie kent Pippi Langkous niet? Het sterkste meisje van de hele wereld! Ze woont helemaal alleen in Filla Keakelb\u00fbnt. No ja, niet helemaal alleen, want ze heeft een aapje en een paard. En gelukkig komt haar vader zo nu en dan langs met een koffer vol goudstukken. Met Tommy en Annika, die naast haar wonen, beleeft ze de gekste avonturen.<\/p>\n<p>Deze Friese editie is gemaakt ter ere van de 75e verjaardag van het ondeugende meisje met de rode vlechten. In dit boek staan de delen <em>Pippi Langkous, Pippi Langkous giet oan board <\/em>en <em>Pippi Langkous yn Taka-Tukal\u00e2n.<\/em> Geweldig voor iedereen die kind wil blijven.<\/p>\n<p>Martsje de Jong over Pippi: <em>&#8220;Nei \u201cKarlsson fan it dak\u201d krigen wy it deroer dat Pippi no oan bar wie. Frij flot d\u00earnei krige ik in tillefoantsje: it moast mar w\u00eaze. Ik haw de nijste Sweedske edysje br\u00fbkt as boarne. Astrid Lindgren hat yn 1993 noch in kear nei de ferhalen sjoen en dingen feroare. Oarspronklik wie Pippi har heit bygelyks negerkening. Dat kin echt net mear en d\u00earom hat se dat oanpast. It Sweedsk leit trouwens folle tichter by it Frysk as by it Holl\u00e2nsk.&#8221;<\/em> <a href=\"https:\/\/heitenmem.nl\/artikel\/21424\/pipi-oersetter-martsje-de-jong-oer-pippi-langkous\/\" target=\"_blank\" rel=\"noopener\">Lees hier het volledige interview met Martsje.<\/a><\/p>\n<p><a href=\"https:\/\/www.youtube.com\/watch?v=ofzuESKipss\" target=\"_blank\" rel=\"noopener\">Bekijk hier een filmpje van Martsje over het boek &#8216;Pippi Langkous&#8217;<\/a>.<\/p>\n<p>&#8212;&#8212;&#8212;&#8212;&#8212;&#8212;&#8212;&#8212;&#8212;<\/p>\n<p><em>Liesbeth: &#8220;Pippi Langkous, de measte minsken kenne har wol. En dat d\u00ear no in Frysk boek fan is, is hielendal leuk, foar jong en \u00e2ld! It boek is yn in moai kompakt formaat. Der steane prachtige tekeningen yn dy\u2019t it hielendal \u00f4fmeitsje en ta libben bringe. It boek is aardich foar jong en \u00e2ld, om foar te l\u00eazen, mar ek om sels te l\u00eazen.&#8221; <a href=\"https:\/\/heitenmem.nl\/artikel\/20553\/pippi-langkous-in-boek-foar-jong-en-ald\/\" target=\"_blank\" rel=\"noopener noreferrer\">L\u00eas de folsleine resinsje fan Liesbeth hjir op heitenmem.nl.<\/a>&#8220;<\/em><\/p>\n<p><em>Annika: &#8220;It boek is geskikt foar bern \u00fat de boppebou om sels te l\u00eazen (9+) en foar alle leeftiden om foar te l\u00eazen. Pippi har ferhalen liene har ek goed foar sosjaal-emosjonele foarming. Somtiden docht Pippi dingen dy\u2019t hiel gek binne. It kin moai w\u00eaze om mei bern yn petear te gean oer de aksjes fan Pippi: wat fine se derfan? Trochdat Pippi sels in bern is, is it foar bern makliker om harren yn har situaasje te ferpleatsen.&#8221; <a href=\"https:\/\/heitenmem.nl\/artikel\/20806\/resinsje-pippi-langkous-troch-annika\/\" target=\"_blank\" rel=\"noopener\">L\u00eas de folsleine resinsje fan Annika hjir op heitenmem.nl.&#8221;<\/a><\/em><\/p>\n<p>&nbsp;<\/p>\n<p><strong>Ook verkrijgbaar:<\/strong><\/p>\n<ul>\n<li><a href=\"https:\/\/websjop.afuk.frl\/nl\/winkel\/kaart-ik-ha-it-noch-noait-dien\/\">Kaart met Pippi-tekst<\/a><\/li>\n<li><a href=\"https:\/\/websjop.afuk.frl\/nl\/winkel\/pippi-langkous-pop-20-cm\/\">Pippi Langkous pop 18 cm<\/a><\/li>\n<li><a href=\"https:\/\/websjop.afuk.frl\/nl\/winkel\/pippi-langkous-pop-30-cm\/\">Pippi Langkous pop 30 cm<\/a><\/li>\n<li><a href=\"https:\/\/websjop.afuk.frl\/nl\/winkel\/mynhear-nilsson-knuffel-16-cm\/\">Mijnheer Nilsson knuffel 16 cm<\/a><\/li>\n<li><a href=\"https:\/\/websjop.afuk.frl\/nl\/winkel\/mynhear-nilsson-knuffel-23-cm\/\">Mijnheer Nilsson knuffel 23 cm<\/a><\/li>\n<\/ul>\n","protected":false},"excerpt":{"rendered":"<p>Alle verhalen Wie kent Pippi Langkous niet? Het sterkste meisje van de hele wereld! Ze woont helemaal alleen in Filla Keakelb\u00fbnt. No ja, niet helemaal alleen, want ze heeft een aapje en een paard. En gelukkig komt haar vader zo nu en dan langs met een koffer vol goudstukken. Met Tommy en Annika, die naast [&hellip;]<\/p>\n","protected":false},"featured_media":21380,"comment_status":"closed","ping_status":"closed","template":"","meta":{"_acf_changed":false},"product_brand":[],"product_cat":[1213,550,551,9763,535,16955,1255,21150,23627,22899],"product_tag":[17400,6388,17401,17143,17399],"class_list":{"0":"post-21379","1":"product","2":"type-product","3":"status-publish","4":"has-post-thumbnail","6":"product_cat-berne-en-jeugdboeken","7":"product_cat-berneboeken-4-8","8":"product_cat-berneboeken-8-12","9":"product_cat-de-moaiste-jeugdboeken","10":"product_cat-fryske-boeken","11":"product_cat-herfst","12":"product_cat-kado-s-foar-de-feestdagen","13":"product_cat-kinderboekenweek","14":"product_cat-op-aventoer","15":"product_cat-tema-fantasy-en-mearkes","16":"product_tag-alle-verhalen","17":"product_tag-astrid-lindgren","18":"product_tag-aventoeren","19":"product_tag-klassiker","20":"product_tag-pippi-langkous-fryske-edysje","21":"product_shipping_class-pakketpost-verzending","22":"pa_auteur-astrid-lindgren","23":"pa_isbn-17397","24":"pa_new-label-1-3","25":"pa_taal-frysk","26":"pa_uitgever-afuk","27":"pa_vertaler-martsje-de-jong","29":"first","30":"instock","31":"taxable","32":"shipping-taxable","33":"purchasable","34":"product-type-simple"},"acf":[],"yoast_head":"<!-- This site is optimized with the Yoast SEO plugin v27.3 - https:\/\/yoast.com\/product\/yoast-seo-wordpress\/ -->\n<title>Pippi Langkous in het Fries &#8211; Af\u00fbk Websjop<\/title>\n<meta name=\"description\" content=\"Wie kent Pippi Langkous niet? Het sterkste meisje van de hele wereld! Pippi Langkous in het Fries is nu ook te koop. Hier bij de Af\u00fbk!\" \/>\n<meta name=\"robots\" content=\"index, follow, max-snippet:-1, max-image-preview:large, max-video-preview:-1\" \/>\n<link rel=\"canonical\" href=\"https:\/\/websjop.afuk.frl\/nl\/winkel\/pippi-langkous-frysk\/\" \/>\n<meta property=\"og:locale\" content=\"nl_NL\" \/>\n<meta property=\"og:type\" content=\"article\" \/>\n<meta property=\"og:title\" content=\"Pippi Langkous in het Fries &#8211; Af\u00fbk Websjop\" \/>\n<meta property=\"og:description\" content=\"Wie kent Pippi Langkous niet? Het sterkste meisje van de hele wereld! Pippi Langkous in het Fries is nu ook te koop. Hier bij de Af\u00fbk!\" \/>\n<meta property=\"og:url\" content=\"https:\/\/websjop.afuk.frl\/nl\/winkel\/pippi-langkous-frysk\/\" \/>\n<meta property=\"og:site_name\" content=\"Af\u00fbk Websjop\" \/>\n<meta property=\"article:modified_time\" content=\"2025-08-20T08:24:27+00:00\" \/>\n<meta property=\"og:image\" content=\"https:\/\/websjop.afuk.frl\/wp-content\/uploads\/2020\/10\/Pippi-Langkous-LR.jpg\" \/>\n\t<meta property=\"og:image:width\" content=\"1000\" \/>\n\t<meta property=\"og:image:height\" content=\"1294\" \/>\n\t<meta property=\"og:image:type\" content=\"image\/jpeg\" \/>\n<meta name=\"twitter:card\" content=\"summary_large_image\" \/>\n<meta name=\"twitter:label1\" content=\"Geschatte leestijd\" \/>\n\t<meta name=\"twitter:data1\" content=\"2 minuten\" \/>\n<script type=\"application\/ld+json\" class=\"yoast-schema-graph\">{\"@context\":\"https:\\\/\\\/schema.org\",\"@graph\":[{\"@type\":\"WebPage\",\"@id\":\"https:\\\/\\\/websjop.afuk.frl\\\/nl\\\/winkel\\\/pippi-langkous-frysk\\\/\",\"url\":\"https:\\\/\\\/websjop.afuk.frl\\\/nl\\\/winkel\\\/pippi-langkous-frysk\\\/\",\"name\":\"Pippi Langkous in het Fries &#8211; Af\u00fbk Websjop\",\"isPartOf\":{\"@id\":\"https:\\\/\\\/websjop.afuk.frl\\\/nl\\\/#website\"},\"primaryImageOfPage\":{\"@id\":\"https:\\\/\\\/websjop.afuk.frl\\\/nl\\\/winkel\\\/pippi-langkous-frysk\\\/#primaryimage\"},\"image\":{\"@id\":\"https:\\\/\\\/websjop.afuk.frl\\\/nl\\\/winkel\\\/pippi-langkous-frysk\\\/#primaryimage\"},\"thumbnailUrl\":\"https:\\\/\\\/websjop.afuk.frl\\\/wp-content\\\/uploads\\\/2020\\\/10\\\/Pippi-Langkous-LR.jpg\",\"datePublished\":\"2024-09-22T10:23:07+00:00\",\"dateModified\":\"2025-08-20T08:24:27+00:00\",\"description\":\"Wie kent Pippi Langkous niet? Het sterkste meisje van de hele wereld! Pippi Langkous in het Fries is nu ook te koop. Hier bij de Af\u00fbk!\",\"breadcrumb\":{\"@id\":\"https:\\\/\\\/websjop.afuk.frl\\\/nl\\\/winkel\\\/pippi-langkous-frysk\\\/#breadcrumb\"},\"inLanguage\":\"nl-NL\",\"potentialAction\":[{\"@type\":\"ReadAction\",\"target\":[\"https:\\\/\\\/websjop.afuk.frl\\\/nl\\\/winkel\\\/pippi-langkous-frysk\\\/\"]}]},{\"@type\":\"ImageObject\",\"inLanguage\":\"nl-NL\",\"@id\":\"https:\\\/\\\/websjop.afuk.frl\\\/nl\\\/winkel\\\/pippi-langkous-frysk\\\/#primaryimage\",\"url\":\"https:\\\/\\\/websjop.afuk.frl\\\/wp-content\\\/uploads\\\/2020\\\/10\\\/Pippi-Langkous-LR.jpg\",\"contentUrl\":\"https:\\\/\\\/websjop.afuk.frl\\\/wp-content\\\/uploads\\\/2020\\\/10\\\/Pippi-Langkous-LR.jpg\",\"width\":1000,\"height\":1294,\"caption\":\"Pippi Langkous Fryske edysje\"},{\"@type\":\"BreadcrumbList\",\"@id\":\"https:\\\/\\\/websjop.afuk.frl\\\/nl\\\/winkel\\\/pippi-langkous-frysk\\\/#breadcrumb\",\"itemListElement\":[{\"@type\":\"ListItem\",\"position\":1,\"name\":\"Home\",\"item\":\"https:\\\/\\\/websjop.afuk.frl\\\/nl\\\/\"},{\"@type\":\"ListItem\",\"position\":2,\"name\":\"Winkel\",\"item\":\"https:\\\/\\\/websjop.afuk.frl\\\/nl\\\/winkel\\\/\"},{\"@type\":\"ListItem\",\"position\":3,\"name\":\"Pippi Langkous &#8211; Fryske edysje\"}]},{\"@type\":\"WebSite\",\"@id\":\"https:\\\/\\\/websjop.afuk.frl\\\/nl\\\/#website\",\"url\":\"https:\\\/\\\/websjop.afuk.frl\\\/nl\\\/\",\"name\":\"Af\u00fbk Websjop\",\"description\":\"\",\"potentialAction\":[{\"@type\":\"SearchAction\",\"target\":{\"@type\":\"EntryPoint\",\"urlTemplate\":\"https:\\\/\\\/websjop.afuk.frl\\\/nl\\\/?s={search_term_string}\"},\"query-input\":{\"@type\":\"PropertyValueSpecification\",\"valueRequired\":true,\"valueName\":\"search_term_string\"}}],\"inLanguage\":\"nl-NL\"}]}<\/script>\n<!-- \/ Yoast SEO plugin. -->","yoast_head_json":{"title":"Pippi Langkous in het Fries &#8211; Af\u00fbk Websjop","description":"Wie kent Pippi Langkous niet? Het sterkste meisje van de hele wereld! Pippi Langkous in het Fries is nu ook te koop. Hier bij de Af\u00fbk!","robots":{"index":"index","follow":"follow","max-snippet":"max-snippet:-1","max-image-preview":"max-image-preview:large","max-video-preview":"max-video-preview:-1"},"canonical":"https:\/\/websjop.afuk.frl\/nl\/winkel\/pippi-langkous-frysk\/","og_locale":"nl_NL","og_type":"article","og_title":"Pippi Langkous in het Fries &#8211; Af\u00fbk Websjop","og_description":"Wie kent Pippi Langkous niet? Het sterkste meisje van de hele wereld! Pippi Langkous in het Fries is nu ook te koop. Hier bij de Af\u00fbk!","og_url":"https:\/\/websjop.afuk.frl\/nl\/winkel\/pippi-langkous-frysk\/","og_site_name":"Af\u00fbk Websjop","article_modified_time":"2025-08-20T08:24:27+00:00","og_image":[{"width":1000,"height":1294,"url":"https:\/\/websjop.afuk.frl\/wp-content\/uploads\/2020\/10\/Pippi-Langkous-LR.jpg","type":"image\/jpeg"}],"twitter_card":"summary_large_image","twitter_misc":{"Geschatte leestijd":"2 minuten"},"schema":{"@context":"https:\/\/schema.org","@graph":[{"@type":"WebPage","@id":"https:\/\/websjop.afuk.frl\/nl\/winkel\/pippi-langkous-frysk\/","url":"https:\/\/websjop.afuk.frl\/nl\/winkel\/pippi-langkous-frysk\/","name":"Pippi Langkous in het Fries &#8211; Af\u00fbk Websjop","isPartOf":{"@id":"https:\/\/websjop.afuk.frl\/nl\/#website"},"primaryImageOfPage":{"@id":"https:\/\/websjop.afuk.frl\/nl\/winkel\/pippi-langkous-frysk\/#primaryimage"},"image":{"@id":"https:\/\/websjop.afuk.frl\/nl\/winkel\/pippi-langkous-frysk\/#primaryimage"},"thumbnailUrl":"https:\/\/websjop.afuk.frl\/wp-content\/uploads\/2020\/10\/Pippi-Langkous-LR.jpg","datePublished":"2024-09-22T10:23:07+00:00","dateModified":"2025-08-20T08:24:27+00:00","description":"Wie kent Pippi Langkous niet? Het sterkste meisje van de hele wereld! Pippi Langkous in het Fries is nu ook te koop. Hier bij de Af\u00fbk!","breadcrumb":{"@id":"https:\/\/websjop.afuk.frl\/nl\/winkel\/pippi-langkous-frysk\/#breadcrumb"},"inLanguage":"nl-NL","potentialAction":[{"@type":"ReadAction","target":["https:\/\/websjop.afuk.frl\/nl\/winkel\/pippi-langkous-frysk\/"]}]},{"@type":"ImageObject","inLanguage":"nl-NL","@id":"https:\/\/websjop.afuk.frl\/nl\/winkel\/pippi-langkous-frysk\/#primaryimage","url":"https:\/\/websjop.afuk.frl\/wp-content\/uploads\/2020\/10\/Pippi-Langkous-LR.jpg","contentUrl":"https:\/\/websjop.afuk.frl\/wp-content\/uploads\/2020\/10\/Pippi-Langkous-LR.jpg","width":1000,"height":1294,"caption":"Pippi Langkous Fryske edysje"},{"@type":"BreadcrumbList","@id":"https:\/\/websjop.afuk.frl\/nl\/winkel\/pippi-langkous-frysk\/#breadcrumb","itemListElement":[{"@type":"ListItem","position":1,"name":"Home","item":"https:\/\/websjop.afuk.frl\/nl\/"},{"@type":"ListItem","position":2,"name":"Winkel","item":"https:\/\/websjop.afuk.frl\/nl\/winkel\/"},{"@type":"ListItem","position":3,"name":"Pippi Langkous &#8211; Fryske edysje"}]},{"@type":"WebSite","@id":"https:\/\/websjop.afuk.frl\/nl\/#website","url":"https:\/\/websjop.afuk.frl\/nl\/","name":"Af\u00fbk Websjop","description":"","potentialAction":[{"@type":"SearchAction","target":{"@type":"EntryPoint","urlTemplate":"https:\/\/websjop.afuk.frl\/nl\/?s={search_term_string}"},"query-input":{"@type":"PropertyValueSpecification","valueRequired":true,"valueName":"search_term_string"}}],"inLanguage":"nl-NL"}]}},"_links":{"self":[{"href":"https:\/\/websjop.afuk.frl\/nl\/wp-json\/wp\/v2\/product\/21379","targetHints":{"allow":["GET"]}}],"collection":[{"href":"https:\/\/websjop.afuk.frl\/nl\/wp-json\/wp\/v2\/product"}],"about":[{"href":"https:\/\/websjop.afuk.frl\/nl\/wp-json\/wp\/v2\/types\/product"}],"replies":[{"embeddable":true,"href":"https:\/\/websjop.afuk.frl\/nl\/wp-json\/wp\/v2\/comments?post=21379"}],"wp:featuredmedia":[{"embeddable":true,"href":"https:\/\/websjop.afuk.frl\/nl\/wp-json\/wp\/v2\/media\/21380"}],"wp:attachment":[{"href":"https:\/\/websjop.afuk.frl\/nl\/wp-json\/wp\/v2\/media?parent=21379"}],"wp:term":[{"taxonomy":"product_brand","embeddable":true,"href":"https:\/\/websjop.afuk.frl\/nl\/wp-json\/wp\/v2\/product_brand?post=21379"},{"taxonomy":"product_cat","embeddable":true,"href":"https:\/\/websjop.afuk.frl\/nl\/wp-json\/wp\/v2\/product_cat?post=21379"},{"taxonomy":"product_tag","embeddable":true,"href":"https:\/\/websjop.afuk.frl\/nl\/wp-json\/wp\/v2\/product_tag?post=21379"}],"curies":[{"name":"wp","href":"https:\/\/api.w.org\/{rel}","templated":true}]}}