{"id":21169,"date":"2020-10-09T08:56:08","date_gmt":"2020-10-09T07:56:08","guid":{"rendered":"https:\/\/websjop.afuk.frl\/nl\/?post_type=product&#038;p=21169"},"modified":"2020-10-09T08:56:09","modified_gmt":"2020-10-09T07:56:09","slug":"wite-mule-swarte-molke","status":"publish","type":"product","link":"https:\/\/websjop.afuk.frl\/nl\/winkel\/wite-mule-swarte-molke\/","title":{"rendered":"Wite M\u00fble, Swarte Molke"},"content":{"rendered":"<p>Elmar Kuiper zijn po\u00ebzie is in deze nieuwe bundel kaler, directer en meer confronterend als eerder. Hij laat zichzelf meer zien en het gaat daarbij van notering zonder poespas naar meeslepende lyriek.<\/p>\n<p>Het landschap, de wereld waarin hij opgroeide, is zelf onderwerp maar dient vooral ook tot thematische verbeelding. In het gedicht\u00a0 <em>Mem Ganges<\/em> laat Kuiper daarnaast zien dat hij indrukken opgedaan na een reis naar India, evengoed op indringende wijze weet te gebruiken.<\/p>\n","protected":false},"excerpt":{"rendered":"<p>Elmar Kuiper zijn po\u00ebzie is in deze nieuwe bundel kaler, directer en meer confronterend als eerder. Hij laat zichzelf meer zien en het gaat daarbij van notering zonder poespas naar meeslepende lyriek. Het landschap, de wereld waarin hij opgroeide, is zelf onderwerp maar dient vooral ook tot thematische verbeelding. In het gedicht\u00a0 Mem Ganges laat [&hellip;]<\/p>\n","protected":false},"featured_media":21170,"comment_status":"closed","ping_status":"closed","template":"","meta":{"_acf_changed":false},"product_brand":[],"product_cat":[538,535,1215],"product_tag":[17283,5191,17284,17282],"class_list":{"0":"post-21169","1":"product","2":"type-product","3":"status-publish","4":"has-post-thumbnail","6":"product_cat-dichtbondels","7":"product_cat-fryske-boeken","8":"product_cat-romans-en-literatuer","9":"product_tag-elmar-kuiper","10":"product_tag-gedichten","11":"product_tag-hispel","12":"product_tag-wite-mule-swarte-molke","13":"product_shipping_class-brievenbus-verzending","14":"pa_auteur-elmar-kuiper","15":"pa_isbn-17281","16":"pa_new-label-1-3","17":"pa_taal-frysk","18":"pa_uitgever-hispel","20":"first","21":"instock","22":"taxable","23":"shipping-taxable","24":"purchasable","25":"product-type-simple"},"acf":[],"yoast_head":"<!-- This site is optimized with the Yoast SEO plugin v27.2 - https:\/\/yoast.com\/product\/yoast-seo-wordpress\/ -->\n<title>Wite M\u00fble, Swarte Molke &#8211; Af\u00fbk Websjop<\/title>\n<meta name=\"description\" content=\"Elmar Kuiper zijn po\u00ebzie is in deze nieuwe bundel kaler, directer en meer confronterend als eerder. Hij laat zichzelf meer zien in meeslepende lyriek.\" \/>\n<meta name=\"robots\" content=\"index, follow, max-snippet:-1, max-image-preview:large, max-video-preview:-1\" \/>\n<link rel=\"canonical\" href=\"https:\/\/websjop.afuk.frl\/nl\/winkel\/wite-mule-swarte-molke\/\" \/>\n<meta property=\"og:locale\" content=\"nl_NL\" \/>\n<meta property=\"og:type\" content=\"article\" \/>\n<meta property=\"og:title\" content=\"Wite M\u00fble, Swarte Molke &#8211; Af\u00fbk Websjop\" \/>\n<meta property=\"og:description\" content=\"Elmar Kuiper zijn po\u00ebzie is in deze nieuwe bundel kaler, directer en meer confronterend als eerder. Hij laat zichzelf meer zien in meeslepende lyriek.\" \/>\n<meta property=\"og:url\" content=\"https:\/\/websjop.afuk.frl\/nl\/winkel\/wite-mule-swarte-molke\/\" \/>\n<meta property=\"og:site_name\" content=\"Af\u00fbk Websjop\" \/>\n<meta property=\"article:modified_time\" content=\"2020-10-09T07:56:09+00:00\" \/>\n<meta property=\"og:image\" content=\"https:\/\/websjop.afuk.frl\/wp-content\/uploads\/2020\/10\/Wite-mule-swarte-molke139.jpg\" \/>\n\t<meta property=\"og:image:width\" content=\"383\" \/>\n\t<meta property=\"og:image:height\" content=\"610\" \/>\n\t<meta property=\"og:image:type\" content=\"image\/jpeg\" \/>\n<meta name=\"twitter:card\" content=\"summary_large_image\" \/>\n<script type=\"application\/ld+json\" class=\"yoast-schema-graph\">{\"@context\":\"https:\/\/schema.org\",\"@graph\":[{\"@type\":\"WebPage\",\"@id\":\"https:\/\/websjop.afuk.frl\/nl\/winkel\/wite-mule-swarte-molke\/\",\"url\":\"https:\/\/websjop.afuk.frl\/nl\/winkel\/wite-mule-swarte-molke\/\",\"name\":\"Wite M\u00fble, Swarte Molke &#8211; Af\u00fbk Websjop\",\"isPartOf\":{\"@id\":\"https:\/\/websjop.afuk.frl\/nl\/#website\"},\"primaryImageOfPage\":{\"@id\":\"https:\/\/websjop.afuk.frl\/nl\/winkel\/wite-mule-swarte-molke\/#primaryimage\"},\"image\":{\"@id\":\"https:\/\/websjop.afuk.frl\/nl\/winkel\/wite-mule-swarte-molke\/#primaryimage\"},\"thumbnailUrl\":\"https:\/\/websjop.afuk.frl\/wp-content\/uploads\/2020\/10\/Wite-mule-swarte-molke139.jpg\",\"datePublished\":\"2020-10-09T07:56:08+00:00\",\"dateModified\":\"2020-10-09T07:56:09+00:00\",\"description\":\"Elmar Kuiper zijn po\u00ebzie is in deze nieuwe bundel kaler, directer en meer confronterend als eerder. Hij laat zichzelf meer zien in meeslepende lyriek.\",\"breadcrumb\":{\"@id\":\"https:\/\/websjop.afuk.frl\/nl\/winkel\/wite-mule-swarte-molke\/#breadcrumb\"},\"inLanguage\":\"nl-NL\",\"potentialAction\":[{\"@type\":\"ReadAction\",\"target\":[\"https:\/\/websjop.afuk.frl\/nl\/winkel\/wite-mule-swarte-molke\/\"]}]},{\"@type\":\"ImageObject\",\"inLanguage\":\"nl-NL\",\"@id\":\"https:\/\/websjop.afuk.frl\/nl\/winkel\/wite-mule-swarte-molke\/#primaryimage\",\"url\":\"https:\/\/websjop.afuk.frl\/wp-content\/uploads\/2020\/10\/Wite-mule-swarte-molke139.jpg\",\"contentUrl\":\"https:\/\/websjop.afuk.frl\/wp-content\/uploads\/2020\/10\/Wite-mule-swarte-molke139.jpg\",\"width\":383,\"height\":610,\"caption\":\"Wite M\u00fble Swarte Molke\"},{\"@type\":\"BreadcrumbList\",\"@id\":\"https:\/\/websjop.afuk.frl\/nl\/winkel\/wite-mule-swarte-molke\/#breadcrumb\",\"itemListElement\":[{\"@type\":\"ListItem\",\"position\":1,\"name\":\"Home\",\"item\":\"https:\/\/websjop.afuk.frl\/nl\/\"},{\"@type\":\"ListItem\",\"position\":2,\"name\":\"Winkel\",\"item\":\"https:\/\/websjop.afuk.frl\/nl\/winkel\/\"},{\"@type\":\"ListItem\",\"position\":3,\"name\":\"Wite M\u00fble, Swarte Molke\"}]},{\"@type\":\"WebSite\",\"@id\":\"https:\/\/websjop.afuk.frl\/nl\/#website\",\"url\":\"https:\/\/websjop.afuk.frl\/nl\/\",\"name\":\"Af\u00fbk Websjop\",\"description\":\"\",\"potentialAction\":[{\"@type\":\"SearchAction\",\"target\":{\"@type\":\"EntryPoint\",\"urlTemplate\":\"https:\/\/websjop.afuk.frl\/nl\/?s={search_term_string}\"},\"query-input\":{\"@type\":\"PropertyValueSpecification\",\"valueRequired\":true,\"valueName\":\"search_term_string\"}}],\"inLanguage\":\"nl-NL\"}]}<\/script>\n<!-- \/ Yoast SEO plugin. -->","yoast_head_json":{"title":"Wite M\u00fble, Swarte Molke &#8211; Af\u00fbk Websjop","description":"Elmar Kuiper zijn po\u00ebzie is in deze nieuwe bundel kaler, directer en meer confronterend als eerder. Hij laat zichzelf meer zien in meeslepende lyriek.","robots":{"index":"index","follow":"follow","max-snippet":"max-snippet:-1","max-image-preview":"max-image-preview:large","max-video-preview":"max-video-preview:-1"},"canonical":"https:\/\/websjop.afuk.frl\/nl\/winkel\/wite-mule-swarte-molke\/","og_locale":"nl_NL","og_type":"article","og_title":"Wite M\u00fble, Swarte Molke &#8211; Af\u00fbk Websjop","og_description":"Elmar Kuiper zijn po\u00ebzie is in deze nieuwe bundel kaler, directer en meer confronterend als eerder. Hij laat zichzelf meer zien in meeslepende lyriek.","og_url":"https:\/\/websjop.afuk.frl\/nl\/winkel\/wite-mule-swarte-molke\/","og_site_name":"Af\u00fbk Websjop","article_modified_time":"2020-10-09T07:56:09+00:00","og_image":[{"width":383,"height":610,"url":"https:\/\/websjop.afuk.frl\/wp-content\/uploads\/2020\/10\/Wite-mule-swarte-molke139.jpg","type":"image\/jpeg"}],"twitter_card":"summary_large_image","schema":{"@context":"https:\/\/schema.org","@graph":[{"@type":"WebPage","@id":"https:\/\/websjop.afuk.frl\/nl\/winkel\/wite-mule-swarte-molke\/","url":"https:\/\/websjop.afuk.frl\/nl\/winkel\/wite-mule-swarte-molke\/","name":"Wite M\u00fble, Swarte Molke &#8211; Af\u00fbk Websjop","isPartOf":{"@id":"https:\/\/websjop.afuk.frl\/nl\/#website"},"primaryImageOfPage":{"@id":"https:\/\/websjop.afuk.frl\/nl\/winkel\/wite-mule-swarte-molke\/#primaryimage"},"image":{"@id":"https:\/\/websjop.afuk.frl\/nl\/winkel\/wite-mule-swarte-molke\/#primaryimage"},"thumbnailUrl":"https:\/\/websjop.afuk.frl\/wp-content\/uploads\/2020\/10\/Wite-mule-swarte-molke139.jpg","datePublished":"2020-10-09T07:56:08+00:00","dateModified":"2020-10-09T07:56:09+00:00","description":"Elmar Kuiper zijn po\u00ebzie is in deze nieuwe bundel kaler, directer en meer confronterend als eerder. Hij laat zichzelf meer zien in meeslepende lyriek.","breadcrumb":{"@id":"https:\/\/websjop.afuk.frl\/nl\/winkel\/wite-mule-swarte-molke\/#breadcrumb"},"inLanguage":"nl-NL","potentialAction":[{"@type":"ReadAction","target":["https:\/\/websjop.afuk.frl\/nl\/winkel\/wite-mule-swarte-molke\/"]}]},{"@type":"ImageObject","inLanguage":"nl-NL","@id":"https:\/\/websjop.afuk.frl\/nl\/winkel\/wite-mule-swarte-molke\/#primaryimage","url":"https:\/\/websjop.afuk.frl\/wp-content\/uploads\/2020\/10\/Wite-mule-swarte-molke139.jpg","contentUrl":"https:\/\/websjop.afuk.frl\/wp-content\/uploads\/2020\/10\/Wite-mule-swarte-molke139.jpg","width":383,"height":610,"caption":"Wite M\u00fble Swarte Molke"},{"@type":"BreadcrumbList","@id":"https:\/\/websjop.afuk.frl\/nl\/winkel\/wite-mule-swarte-molke\/#breadcrumb","itemListElement":[{"@type":"ListItem","position":1,"name":"Home","item":"https:\/\/websjop.afuk.frl\/nl\/"},{"@type":"ListItem","position":2,"name":"Winkel","item":"https:\/\/websjop.afuk.frl\/nl\/winkel\/"},{"@type":"ListItem","position":3,"name":"Wite M\u00fble, Swarte Molke"}]},{"@type":"WebSite","@id":"https:\/\/websjop.afuk.frl\/nl\/#website","url":"https:\/\/websjop.afuk.frl\/nl\/","name":"Af\u00fbk Websjop","description":"","potentialAction":[{"@type":"SearchAction","target":{"@type":"EntryPoint","urlTemplate":"https:\/\/websjop.afuk.frl\/nl\/?s={search_term_string}"},"query-input":{"@type":"PropertyValueSpecification","valueRequired":true,"valueName":"search_term_string"}}],"inLanguage":"nl-NL"}]}},"_links":{"self":[{"href":"https:\/\/websjop.afuk.frl\/nl\/wp-json\/wp\/v2\/product\/21169","targetHints":{"allow":["GET"]}}],"collection":[{"href":"https:\/\/websjop.afuk.frl\/nl\/wp-json\/wp\/v2\/product"}],"about":[{"href":"https:\/\/websjop.afuk.frl\/nl\/wp-json\/wp\/v2\/types\/product"}],"replies":[{"embeddable":true,"href":"https:\/\/websjop.afuk.frl\/nl\/wp-json\/wp\/v2\/comments?post=21169"}],"wp:featuredmedia":[{"embeddable":true,"href":"https:\/\/websjop.afuk.frl\/nl\/wp-json\/wp\/v2\/media\/21170"}],"wp:attachment":[{"href":"https:\/\/websjop.afuk.frl\/nl\/wp-json\/wp\/v2\/media?parent=21169"}],"wp:term":[{"taxonomy":"product_brand","embeddable":true,"href":"https:\/\/websjop.afuk.frl\/nl\/wp-json\/wp\/v2\/product_brand?post=21169"},{"taxonomy":"product_cat","embeddable":true,"href":"https:\/\/websjop.afuk.frl\/nl\/wp-json\/wp\/v2\/product_cat?post=21169"},{"taxonomy":"product_tag","embeddable":true,"href":"https:\/\/websjop.afuk.frl\/nl\/wp-json\/wp\/v2\/product_tag?post=21169"}],"curies":[{"name":"wp","href":"https:\/\/api.w.org\/{rel}","templated":true}]}}