{"id":21120,"date":"2020-10-07T14:08:12","date_gmt":"2020-10-07T13:08:12","guid":{"rendered":"https:\/\/websjop.afuk.frl\/nl\/?post_type=product&#038;p=21120"},"modified":"2023-06-06T11:38:19","modified_gmt":"2023-06-06T10:38:19","slug":"wetterlan-lan-fan-takomst","status":"publish","type":"product","link":"https:\/\/websjop.afuk.frl\/nl\/winkel\/wetterlan-lan-fan-takomst\/","title":{"rendered":"Wetterl\u00e2n &#8211; l\u00e2n fan takomst"},"content":{"rendered":"<p>Een mens, ook een Fries, bestaat voor 60 procent uit water, en Friesland voor ongeveer 45 procent. Niet zo vreemd dus dat we ons hier, en in heel laag Nederland, al eeuwen druk maken over water. Ons waterbeheer is dan ook wereldberoemd; met molens en gemalen hebben we ons natte land zo drooggemalen dat we er fantastisch op kunnen boeren. En met dat land en waterbeheer zijn we uitgegroeid tot een van de grootste landbouwexporteurs ter wereld. Waar zo&#8217;n klein landje groot in kan zijn!<\/p>\n<p>Maar het kan ook zijn dat we in de nabije toekomst bekend zullen staan als grote domkoppen. Want wie ontwatert nou slappe veengrond totdat het zakt en zakt? We malen en ontwateren maar door, terwijl het zeewater achter de dijken almaar hoger komt te staan. We putten de natuur en het landschap uit. Zijn we eigenlijk wel zulke slimme waterbeheerders en landgebruikers? Hoe is het zo gekomen en hoe staat het ervoor? En bovenal, hoe bereiden we ons als boeren, burgers en buitenlui voor op een toekomst met perspectief? Kortom, hoe krijgen we weer kleur in het landschap? Dat is waar dit prentenboek over gaat.<\/p>\n<p>Van dit boek is ook een Friese editie verschenen: <em>Wetterl\u00e2n, l\u00e2n fan takomst.<\/em><\/p>\n<p>&nbsp;<\/p>\n","protected":false},"excerpt":{"rendered":"<p>Een mens, ook een Fries, bestaat voor 60 procent uit water, en Friesland voor ongeveer 45 procent. Niet zo vreemd dus dat we ons hier, en in heel laag Nederland, al eeuwen druk maken over water. Ons waterbeheer is dan ook wereldberoemd; met molens en gemalen hebben we ons natte land zo drooggemalen dat we [&hellip;]<\/p>\n","protected":false},"featured_media":21121,"comment_status":"closed","ping_status":"closed","template":"","meta":{"_acf_changed":false},"product_brand":[],"product_cat":[554,535,18568,542,1216,539],"product_tag":[17246,17245,8253,5451,17244,17247],"class_list":{"0":"post-21120","1":"product","2":"type-product","3":"status-publish","4":"has-post-thumbnail","6":"product_cat-ferskaat","7":"product_cat-fryske-boeken","8":"product_cat-fugels-yn-fryslan","9":"product_cat-natoer","10":"product_cat-natoer-en-toerisme","11":"product_cat-skiednis","12":"product_tag-eddy-wymenga","13":"product_tag-lan-fan-takomst","14":"product_tag-prentenboek","15":"product_tag-printeboek","16":"product_tag-wetterlan","17":"product_tag-ysbrand-galama","18":"product_shipping_class-brievenbus-verzending","19":"pa_auteur-eddy-wymenga","20":"pa_isbn-17242","21":"pa_new-label-1-3","22":"pa_taal-frysk","23":"pa_uitgever-bornmeer","25":"first","26":"instock","27":"taxable","28":"shipping-taxable","29":"purchasable","30":"product-type-simple"},"acf":[],"yoast_head":"<!-- This site is optimized with the Yoast SEO plugin v27.3 - https:\/\/yoast.com\/product\/yoast-seo-wordpress\/ -->\n<title>Wetterl\u00e2n - l\u00e2n fan takomst &#8211; Af\u00fbk Websjop<\/title>\n<meta name=\"description\" content=\"Ons waterbeheer is wereldberoemd; met molens en gemalen hebben we ons natte land zo drooggemalen dat we er op kunnen boeren. Doen we echt wel zo goed?\" \/>\n<meta name=\"robots\" content=\"index, follow, max-snippet:-1, max-image-preview:large, max-video-preview:-1\" \/>\n<link rel=\"canonical\" href=\"https:\/\/websjop.afuk.frl\/nl\/winkel\/wetterlan-lan-fan-takomst\/\" \/>\n<meta property=\"og:locale\" content=\"nl_NL\" \/>\n<meta property=\"og:type\" content=\"article\" \/>\n<meta property=\"og:title\" content=\"Wetterl\u00e2n - l\u00e2n fan takomst &#8211; Af\u00fbk Websjop\" \/>\n<meta property=\"og:description\" content=\"Ons waterbeheer is wereldberoemd; met molens en gemalen hebben we ons natte land zo drooggemalen dat we er op kunnen boeren. Doen we echt wel zo goed?\" \/>\n<meta property=\"og:url\" content=\"https:\/\/websjop.afuk.frl\/nl\/winkel\/wetterlan-lan-fan-takomst\/\" \/>\n<meta property=\"og:site_name\" content=\"Af\u00fbk Websjop\" \/>\n<meta property=\"article:modified_time\" content=\"2023-06-06T10:38:19+00:00\" \/>\n<meta property=\"og:image\" content=\"https:\/\/websjop.afuk.frl\/wp-content\/uploads\/2020\/10\/Wetterlan-lan-fan-takomst124.jpg\" \/>\n\t<meta property=\"og:image:width\" content=\"602\" \/>\n\t<meta property=\"og:image:height\" content=\"594\" \/>\n\t<meta property=\"og:image:type\" content=\"image\/jpeg\" \/>\n<meta name=\"twitter:card\" content=\"summary_large_image\" \/>\n<meta name=\"twitter:label1\" content=\"Geschatte leestijd\" \/>\n\t<meta name=\"twitter:data1\" content=\"1 minuut\" \/>\n<script type=\"application\/ld+json\" class=\"yoast-schema-graph\">{\"@context\":\"https:\\\/\\\/schema.org\",\"@graph\":[{\"@type\":\"WebPage\",\"@id\":\"https:\\\/\\\/websjop.afuk.frl\\\/nl\\\/winkel\\\/wetterlan-lan-fan-takomst\\\/\",\"url\":\"https:\\\/\\\/websjop.afuk.frl\\\/nl\\\/winkel\\\/wetterlan-lan-fan-takomst\\\/\",\"name\":\"Wetterl\u00e2n - l\u00e2n fan takomst &#8211; Af\u00fbk Websjop\",\"isPartOf\":{\"@id\":\"https:\\\/\\\/websjop.afuk.frl\\\/nl\\\/#website\"},\"primaryImageOfPage\":{\"@id\":\"https:\\\/\\\/websjop.afuk.frl\\\/nl\\\/winkel\\\/wetterlan-lan-fan-takomst\\\/#primaryimage\"},\"image\":{\"@id\":\"https:\\\/\\\/websjop.afuk.frl\\\/nl\\\/winkel\\\/wetterlan-lan-fan-takomst\\\/#primaryimage\"},\"thumbnailUrl\":\"https:\\\/\\\/websjop.afuk.frl\\\/wp-content\\\/uploads\\\/2020\\\/10\\\/Wetterlan-lan-fan-takomst124.jpg\",\"datePublished\":\"2020-10-07T13:08:12+00:00\",\"dateModified\":\"2023-06-06T10:38:19+00:00\",\"description\":\"Ons waterbeheer is wereldberoemd; met molens en gemalen hebben we ons natte land zo drooggemalen dat we er op kunnen boeren. Doen we echt wel zo goed?\",\"breadcrumb\":{\"@id\":\"https:\\\/\\\/websjop.afuk.frl\\\/nl\\\/winkel\\\/wetterlan-lan-fan-takomst\\\/#breadcrumb\"},\"inLanguage\":\"nl-NL\",\"potentialAction\":[{\"@type\":\"ReadAction\",\"target\":[\"https:\\\/\\\/websjop.afuk.frl\\\/nl\\\/winkel\\\/wetterlan-lan-fan-takomst\\\/\"]}]},{\"@type\":\"ImageObject\",\"inLanguage\":\"nl-NL\",\"@id\":\"https:\\\/\\\/websjop.afuk.frl\\\/nl\\\/winkel\\\/wetterlan-lan-fan-takomst\\\/#primaryimage\",\"url\":\"https:\\\/\\\/websjop.afuk.frl\\\/wp-content\\\/uploads\\\/2020\\\/10\\\/Wetterlan-lan-fan-takomst124.jpg\",\"contentUrl\":\"https:\\\/\\\/websjop.afuk.frl\\\/wp-content\\\/uploads\\\/2020\\\/10\\\/Wetterlan-lan-fan-takomst124.jpg\",\"width\":602,\"height\":594,\"caption\":\"Wetterl\u00e2n\"},{\"@type\":\"BreadcrumbList\",\"@id\":\"https:\\\/\\\/websjop.afuk.frl\\\/nl\\\/winkel\\\/wetterlan-lan-fan-takomst\\\/#breadcrumb\",\"itemListElement\":[{\"@type\":\"ListItem\",\"position\":1,\"name\":\"Home\",\"item\":\"https:\\\/\\\/websjop.afuk.frl\\\/nl\\\/\"},{\"@type\":\"ListItem\",\"position\":2,\"name\":\"Winkel\",\"item\":\"https:\\\/\\\/websjop.afuk.frl\\\/nl\\\/winkel\\\/\"},{\"@type\":\"ListItem\",\"position\":3,\"name\":\"Wetterl\u00e2n &#8211; l\u00e2n fan takomst\"}]},{\"@type\":\"WebSite\",\"@id\":\"https:\\\/\\\/websjop.afuk.frl\\\/nl\\\/#website\",\"url\":\"https:\\\/\\\/websjop.afuk.frl\\\/nl\\\/\",\"name\":\"Af\u00fbk Websjop\",\"description\":\"\",\"potentialAction\":[{\"@type\":\"SearchAction\",\"target\":{\"@type\":\"EntryPoint\",\"urlTemplate\":\"https:\\\/\\\/websjop.afuk.frl\\\/nl\\\/?s={search_term_string}\"},\"query-input\":{\"@type\":\"PropertyValueSpecification\",\"valueRequired\":true,\"valueName\":\"search_term_string\"}}],\"inLanguage\":\"nl-NL\"}]}<\/script>\n<!-- \/ Yoast SEO plugin. -->","yoast_head_json":{"title":"Wetterl\u00e2n - l\u00e2n fan takomst &#8211; Af\u00fbk Websjop","description":"Ons waterbeheer is wereldberoemd; met molens en gemalen hebben we ons natte land zo drooggemalen dat we er op kunnen boeren. Doen we echt wel zo goed?","robots":{"index":"index","follow":"follow","max-snippet":"max-snippet:-1","max-image-preview":"max-image-preview:large","max-video-preview":"max-video-preview:-1"},"canonical":"https:\/\/websjop.afuk.frl\/nl\/winkel\/wetterlan-lan-fan-takomst\/","og_locale":"nl_NL","og_type":"article","og_title":"Wetterl\u00e2n - l\u00e2n fan takomst &#8211; Af\u00fbk Websjop","og_description":"Ons waterbeheer is wereldberoemd; met molens en gemalen hebben we ons natte land zo drooggemalen dat we er op kunnen boeren. Doen we echt wel zo goed?","og_url":"https:\/\/websjop.afuk.frl\/nl\/winkel\/wetterlan-lan-fan-takomst\/","og_site_name":"Af\u00fbk Websjop","article_modified_time":"2023-06-06T10:38:19+00:00","og_image":[{"width":602,"height":594,"url":"https:\/\/websjop.afuk.frl\/wp-content\/uploads\/2020\/10\/Wetterlan-lan-fan-takomst124.jpg","type":"image\/jpeg"}],"twitter_card":"summary_large_image","twitter_misc":{"Geschatte leestijd":"1 minuut"},"schema":{"@context":"https:\/\/schema.org","@graph":[{"@type":"WebPage","@id":"https:\/\/websjop.afuk.frl\/nl\/winkel\/wetterlan-lan-fan-takomst\/","url":"https:\/\/websjop.afuk.frl\/nl\/winkel\/wetterlan-lan-fan-takomst\/","name":"Wetterl\u00e2n - l\u00e2n fan takomst &#8211; Af\u00fbk Websjop","isPartOf":{"@id":"https:\/\/websjop.afuk.frl\/nl\/#website"},"primaryImageOfPage":{"@id":"https:\/\/websjop.afuk.frl\/nl\/winkel\/wetterlan-lan-fan-takomst\/#primaryimage"},"image":{"@id":"https:\/\/websjop.afuk.frl\/nl\/winkel\/wetterlan-lan-fan-takomst\/#primaryimage"},"thumbnailUrl":"https:\/\/websjop.afuk.frl\/wp-content\/uploads\/2020\/10\/Wetterlan-lan-fan-takomst124.jpg","datePublished":"2020-10-07T13:08:12+00:00","dateModified":"2023-06-06T10:38:19+00:00","description":"Ons waterbeheer is wereldberoemd; met molens en gemalen hebben we ons natte land zo drooggemalen dat we er op kunnen boeren. Doen we echt wel zo goed?","breadcrumb":{"@id":"https:\/\/websjop.afuk.frl\/nl\/winkel\/wetterlan-lan-fan-takomst\/#breadcrumb"},"inLanguage":"nl-NL","potentialAction":[{"@type":"ReadAction","target":["https:\/\/websjop.afuk.frl\/nl\/winkel\/wetterlan-lan-fan-takomst\/"]}]},{"@type":"ImageObject","inLanguage":"nl-NL","@id":"https:\/\/websjop.afuk.frl\/nl\/winkel\/wetterlan-lan-fan-takomst\/#primaryimage","url":"https:\/\/websjop.afuk.frl\/wp-content\/uploads\/2020\/10\/Wetterlan-lan-fan-takomst124.jpg","contentUrl":"https:\/\/websjop.afuk.frl\/wp-content\/uploads\/2020\/10\/Wetterlan-lan-fan-takomst124.jpg","width":602,"height":594,"caption":"Wetterl\u00e2n"},{"@type":"BreadcrumbList","@id":"https:\/\/websjop.afuk.frl\/nl\/winkel\/wetterlan-lan-fan-takomst\/#breadcrumb","itemListElement":[{"@type":"ListItem","position":1,"name":"Home","item":"https:\/\/websjop.afuk.frl\/nl\/"},{"@type":"ListItem","position":2,"name":"Winkel","item":"https:\/\/websjop.afuk.frl\/nl\/winkel\/"},{"@type":"ListItem","position":3,"name":"Wetterl\u00e2n &#8211; l\u00e2n fan takomst"}]},{"@type":"WebSite","@id":"https:\/\/websjop.afuk.frl\/nl\/#website","url":"https:\/\/websjop.afuk.frl\/nl\/","name":"Af\u00fbk Websjop","description":"","potentialAction":[{"@type":"SearchAction","target":{"@type":"EntryPoint","urlTemplate":"https:\/\/websjop.afuk.frl\/nl\/?s={search_term_string}"},"query-input":{"@type":"PropertyValueSpecification","valueRequired":true,"valueName":"search_term_string"}}],"inLanguage":"nl-NL"}]}},"_links":{"self":[{"href":"https:\/\/websjop.afuk.frl\/nl\/wp-json\/wp\/v2\/product\/21120","targetHints":{"allow":["GET"]}}],"collection":[{"href":"https:\/\/websjop.afuk.frl\/nl\/wp-json\/wp\/v2\/product"}],"about":[{"href":"https:\/\/websjop.afuk.frl\/nl\/wp-json\/wp\/v2\/types\/product"}],"replies":[{"embeddable":true,"href":"https:\/\/websjop.afuk.frl\/nl\/wp-json\/wp\/v2\/comments?post=21120"}],"wp:featuredmedia":[{"embeddable":true,"href":"https:\/\/websjop.afuk.frl\/nl\/wp-json\/wp\/v2\/media\/21121"}],"wp:attachment":[{"href":"https:\/\/websjop.afuk.frl\/nl\/wp-json\/wp\/v2\/media?parent=21120"}],"wp:term":[{"taxonomy":"product_brand","embeddable":true,"href":"https:\/\/websjop.afuk.frl\/nl\/wp-json\/wp\/v2\/product_brand?post=21120"},{"taxonomy":"product_cat","embeddable":true,"href":"https:\/\/websjop.afuk.frl\/nl\/wp-json\/wp\/v2\/product_cat?post=21120"},{"taxonomy":"product_tag","embeddable":true,"href":"https:\/\/websjop.afuk.frl\/nl\/wp-json\/wp\/v2\/product_tag?post=21120"}],"curies":[{"name":"wp","href":"https:\/\/api.w.org\/{rel}","templated":true}]}}