{"id":20851,"date":"2020-09-23T12:18:30","date_gmt":"2020-09-23T11:18:30","guid":{"rendered":"https:\/\/websjop.afuk.frl\/nl\/?post_type=product&#038;p=20851"},"modified":"2021-12-02T13:05:20","modified_gmt":"2021-12-02T12:05:20","slug":"der-moat-syld-wurde","status":"publish","type":"product","link":"https:\/\/websjop.afuk.frl\/nl\/winkel\/der-moat-syld-wurde\/","title":{"rendered":"&#8220;Der moat syld wurde!&#8221;"},"content":{"rendered":"<p>75 jaar Sintrale Kommisje Sk\u00fbtsjesilen<\/p>\n<p>Al 75 jaar organiseert de Sintrale Kommisje Sk\u00fbtsjesilen (SKS) aan het begin van de noordelijke bouwvakvakantie de strijd om het SKS-kampioenschap. Veertien sk\u00fbtsjeschippers zeilen twee weken lang om het felbegeerde kampioenschap en de de eeuwige roem. Sk\u00fbtsjesilen is niet alleen topsport, het is ook traditie, emotie en feest. De SKS draait op een groot aantal toegewijde vrijwilligers die er mede voor zorgen dat het sk\u00fbtsjesilen is uitgegroeid tot een van de grootste zeilevenementen ter wereld.<\/p>\n<p>In dit boek, naast heel veel prachtige foto&#8217;s, verhalen over schippers en hun families, zeilmakers, scheepsbouwers, tradities, trouwe sponsors en de oorsprong van de SKS. En verhalen over de schippers van weleer die voor de huidige generatie het fundament legden van een solide vereniging die blijft bouwen aan haar toekomst. Want, zoals de schippers door de jaren heen al zeggen:&#8221;Der moat syld wurde!&#8221;<\/p>\n","protected":false},"excerpt":{"rendered":"<p>75 jaar Sintrale Kommisje Sk\u00fbtsjesilen Al 75 jaar organiseert de Sintrale Kommisje Sk\u00fbtsjesilen (SKS) aan het begin van de noordelijke bouwvakvakantie de strijd om het SKS-kampioenschap. Veertien sk\u00fbtsjeschippers zeilen twee weken lang om het felbegeerde kampioenschap en de de eeuwige roem. Sk\u00fbtsjesilen is niet alleen topsport, het is ook traditie, emotie en feest. De SKS [&hellip;]<\/p>\n","protected":false},"featured_media":20852,"comment_status":"closed","ping_status":"closed","template":"","meta":{"_acf_changed":false},"product_brand":[],"product_cat":[554,535,1216,539],"product_tag":[17151,17150,17152,17123],"class_list":{"0":"post-20851","1":"product","2":"type-product","3":"status-publish","4":"has-post-thumbnail","6":"product_cat-ferskaat","7":"product_cat-fryske-boeken","8":"product_cat-natoer-en-toerisme","9":"product_cat-skiednis","10":"product_tag-75-jaar-sks","11":"product_tag-der-moat-syld-wurde","12":"product_tag-jubileum","13":"product_tag-skutsjesilen","14":"product_shipping_class-pakketpost-verzending","15":"pa_auteur-elisabeth-post-e-a","16":"pa_isbn-978-9080674288","17":"pa_new-label-1-3","18":"pa_taal-nederlands","19":"pa_uitgever-van-der-let-partners-publishing","21":"first","22":"instock","23":"taxable","24":"shipping-taxable","25":"purchasable","26":"product-type-simple"},"acf":[],"yoast_head":"<!-- This site is optimized with the Yoast SEO plugin v27.2 - https:\/\/yoast.com\/product\/yoast-seo-wordpress\/ -->\n<title>&quot;Der moat syld wurde!&quot; &#8211; Af\u00fbk Websjop<\/title>\n<meta name=\"description\" content=\"&quot;Der moat syld wurde!&quot; is een boek met veel prachtige foto&#039;s, verhalen over schippers en hun families, tradities,trouwe sponsors en de oorsprong van de SKS.\" \/>\n<meta name=\"robots\" content=\"index, follow, max-snippet:-1, max-image-preview:large, max-video-preview:-1\" \/>\n<link rel=\"canonical\" href=\"https:\/\/websjop.afuk.frl\/nl\/winkel\/der-moat-syld-wurde\/\" \/>\n<meta property=\"og:locale\" content=\"nl_NL\" \/>\n<meta property=\"og:type\" content=\"article\" \/>\n<meta property=\"og:title\" content=\"&quot;Der moat syld wurde!&quot; &#8211; Af\u00fbk Websjop\" \/>\n<meta property=\"og:description\" content=\"&quot;Der moat syld wurde!&quot; is een boek met veel prachtige foto&#039;s, verhalen over schippers en hun families, tradities,trouwe sponsors en de oorsprong van de SKS.\" \/>\n<meta property=\"og:url\" content=\"https:\/\/websjop.afuk.frl\/nl\/winkel\/der-moat-syld-wurde\/\" \/>\n<meta property=\"og:site_name\" content=\"Af\u00fbk Websjop\" \/>\n<meta property=\"article:modified_time\" content=\"2021-12-02T12:05:20+00:00\" \/>\n<meta property=\"og:image\" content=\"https:\/\/websjop.afuk.frl\/wp-content\/uploads\/2020\/09\/Der-moat-syld-wurde098.jpg\" \/>\n\t<meta property=\"og:image:width\" content=\"814\" \/>\n\t<meta property=\"og:image:height\" content=\"599\" \/>\n\t<meta property=\"og:image:type\" content=\"image\/jpeg\" \/>\n<meta name=\"twitter:card\" content=\"summary_large_image\" \/>\n<meta name=\"twitter:label1\" content=\"Geschatte leestijd\" \/>\n\t<meta name=\"twitter:data1\" content=\"1 minuut\" \/>\n<script type=\"application\/ld+json\" class=\"yoast-schema-graph\">{\"@context\":\"https:\/\/schema.org\",\"@graph\":[{\"@type\":\"WebPage\",\"@id\":\"https:\/\/websjop.afuk.frl\/nl\/winkel\/der-moat-syld-wurde\/\",\"url\":\"https:\/\/websjop.afuk.frl\/nl\/winkel\/der-moat-syld-wurde\/\",\"name\":\"\\\"Der moat syld wurde!\\\" &#8211; Af\u00fbk Websjop\",\"isPartOf\":{\"@id\":\"https:\/\/websjop.afuk.frl\/nl\/#website\"},\"primaryImageOfPage\":{\"@id\":\"https:\/\/websjop.afuk.frl\/nl\/winkel\/der-moat-syld-wurde\/#primaryimage\"},\"image\":{\"@id\":\"https:\/\/websjop.afuk.frl\/nl\/winkel\/der-moat-syld-wurde\/#primaryimage\"},\"thumbnailUrl\":\"https:\/\/websjop.afuk.frl\/wp-content\/uploads\/2020\/09\/Der-moat-syld-wurde098.jpg\",\"datePublished\":\"2020-09-23T11:18:30+00:00\",\"dateModified\":\"2021-12-02T12:05:20+00:00\",\"description\":\"\\\"Der moat syld wurde!\\\" is een boek met veel prachtige foto's, verhalen over schippers en hun families, tradities,trouwe sponsors en de oorsprong van de SKS.\",\"breadcrumb\":{\"@id\":\"https:\/\/websjop.afuk.frl\/nl\/winkel\/der-moat-syld-wurde\/#breadcrumb\"},\"inLanguage\":\"nl-NL\",\"potentialAction\":[{\"@type\":\"ReadAction\",\"target\":[\"https:\/\/websjop.afuk.frl\/nl\/winkel\/der-moat-syld-wurde\/\"]}]},{\"@type\":\"ImageObject\",\"inLanguage\":\"nl-NL\",\"@id\":\"https:\/\/websjop.afuk.frl\/nl\/winkel\/der-moat-syld-wurde\/#primaryimage\",\"url\":\"https:\/\/websjop.afuk.frl\/wp-content\/uploads\/2020\/09\/Der-moat-syld-wurde098.jpg\",\"contentUrl\":\"https:\/\/websjop.afuk.frl\/wp-content\/uploads\/2020\/09\/Der-moat-syld-wurde098.jpg\",\"width\":814,\"height\":599,\"caption\":\"Der moat syld wurde\"},{\"@type\":\"BreadcrumbList\",\"@id\":\"https:\/\/websjop.afuk.frl\/nl\/winkel\/der-moat-syld-wurde\/#breadcrumb\",\"itemListElement\":[{\"@type\":\"ListItem\",\"position\":1,\"name\":\"Home\",\"item\":\"https:\/\/websjop.afuk.frl\/nl\/\"},{\"@type\":\"ListItem\",\"position\":2,\"name\":\"Winkel\",\"item\":\"https:\/\/websjop.afuk.frl\/nl\/winkel\/\"},{\"@type\":\"ListItem\",\"position\":3,\"name\":\"&#8220;Der moat syld wurde!&#8221;\"}]},{\"@type\":\"WebSite\",\"@id\":\"https:\/\/websjop.afuk.frl\/nl\/#website\",\"url\":\"https:\/\/websjop.afuk.frl\/nl\/\",\"name\":\"Af\u00fbk Websjop\",\"description\":\"\",\"potentialAction\":[{\"@type\":\"SearchAction\",\"target\":{\"@type\":\"EntryPoint\",\"urlTemplate\":\"https:\/\/websjop.afuk.frl\/nl\/?s={search_term_string}\"},\"query-input\":{\"@type\":\"PropertyValueSpecification\",\"valueRequired\":true,\"valueName\":\"search_term_string\"}}],\"inLanguage\":\"nl-NL\"}]}<\/script>\n<!-- \/ Yoast SEO plugin. -->","yoast_head_json":{"title":"\"Der moat syld wurde!\" &#8211; Af\u00fbk Websjop","description":"\"Der moat syld wurde!\" is een boek met veel prachtige foto's, verhalen over schippers en hun families, tradities,trouwe sponsors en de oorsprong van de SKS.","robots":{"index":"index","follow":"follow","max-snippet":"max-snippet:-1","max-image-preview":"max-image-preview:large","max-video-preview":"max-video-preview:-1"},"canonical":"https:\/\/websjop.afuk.frl\/nl\/winkel\/der-moat-syld-wurde\/","og_locale":"nl_NL","og_type":"article","og_title":"\"Der moat syld wurde!\" &#8211; Af\u00fbk Websjop","og_description":"\"Der moat syld wurde!\" is een boek met veel prachtige foto's, verhalen over schippers en hun families, tradities,trouwe sponsors en de oorsprong van de SKS.","og_url":"https:\/\/websjop.afuk.frl\/nl\/winkel\/der-moat-syld-wurde\/","og_site_name":"Af\u00fbk Websjop","article_modified_time":"2021-12-02T12:05:20+00:00","og_image":[{"width":814,"height":599,"url":"https:\/\/websjop.afuk.frl\/wp-content\/uploads\/2020\/09\/Der-moat-syld-wurde098.jpg","type":"image\/jpeg"}],"twitter_card":"summary_large_image","twitter_misc":{"Geschatte leestijd":"1 minuut"},"schema":{"@context":"https:\/\/schema.org","@graph":[{"@type":"WebPage","@id":"https:\/\/websjop.afuk.frl\/nl\/winkel\/der-moat-syld-wurde\/","url":"https:\/\/websjop.afuk.frl\/nl\/winkel\/der-moat-syld-wurde\/","name":"\"Der moat syld wurde!\" &#8211; Af\u00fbk Websjop","isPartOf":{"@id":"https:\/\/websjop.afuk.frl\/nl\/#website"},"primaryImageOfPage":{"@id":"https:\/\/websjop.afuk.frl\/nl\/winkel\/der-moat-syld-wurde\/#primaryimage"},"image":{"@id":"https:\/\/websjop.afuk.frl\/nl\/winkel\/der-moat-syld-wurde\/#primaryimage"},"thumbnailUrl":"https:\/\/websjop.afuk.frl\/wp-content\/uploads\/2020\/09\/Der-moat-syld-wurde098.jpg","datePublished":"2020-09-23T11:18:30+00:00","dateModified":"2021-12-02T12:05:20+00:00","description":"\"Der moat syld wurde!\" is een boek met veel prachtige foto's, verhalen over schippers en hun families, tradities,trouwe sponsors en de oorsprong van de SKS.","breadcrumb":{"@id":"https:\/\/websjop.afuk.frl\/nl\/winkel\/der-moat-syld-wurde\/#breadcrumb"},"inLanguage":"nl-NL","potentialAction":[{"@type":"ReadAction","target":["https:\/\/websjop.afuk.frl\/nl\/winkel\/der-moat-syld-wurde\/"]}]},{"@type":"ImageObject","inLanguage":"nl-NL","@id":"https:\/\/websjop.afuk.frl\/nl\/winkel\/der-moat-syld-wurde\/#primaryimage","url":"https:\/\/websjop.afuk.frl\/wp-content\/uploads\/2020\/09\/Der-moat-syld-wurde098.jpg","contentUrl":"https:\/\/websjop.afuk.frl\/wp-content\/uploads\/2020\/09\/Der-moat-syld-wurde098.jpg","width":814,"height":599,"caption":"Der moat syld wurde"},{"@type":"BreadcrumbList","@id":"https:\/\/websjop.afuk.frl\/nl\/winkel\/der-moat-syld-wurde\/#breadcrumb","itemListElement":[{"@type":"ListItem","position":1,"name":"Home","item":"https:\/\/websjop.afuk.frl\/nl\/"},{"@type":"ListItem","position":2,"name":"Winkel","item":"https:\/\/websjop.afuk.frl\/nl\/winkel\/"},{"@type":"ListItem","position":3,"name":"&#8220;Der moat syld wurde!&#8221;"}]},{"@type":"WebSite","@id":"https:\/\/websjop.afuk.frl\/nl\/#website","url":"https:\/\/websjop.afuk.frl\/nl\/","name":"Af\u00fbk Websjop","description":"","potentialAction":[{"@type":"SearchAction","target":{"@type":"EntryPoint","urlTemplate":"https:\/\/websjop.afuk.frl\/nl\/?s={search_term_string}"},"query-input":{"@type":"PropertyValueSpecification","valueRequired":true,"valueName":"search_term_string"}}],"inLanguage":"nl-NL"}]}},"_links":{"self":[{"href":"https:\/\/websjop.afuk.frl\/nl\/wp-json\/wp\/v2\/product\/20851","targetHints":{"allow":["GET"]}}],"collection":[{"href":"https:\/\/websjop.afuk.frl\/nl\/wp-json\/wp\/v2\/product"}],"about":[{"href":"https:\/\/websjop.afuk.frl\/nl\/wp-json\/wp\/v2\/types\/product"}],"replies":[{"embeddable":true,"href":"https:\/\/websjop.afuk.frl\/nl\/wp-json\/wp\/v2\/comments?post=20851"}],"wp:featuredmedia":[{"embeddable":true,"href":"https:\/\/websjop.afuk.frl\/nl\/wp-json\/wp\/v2\/media\/20852"}],"wp:attachment":[{"href":"https:\/\/websjop.afuk.frl\/nl\/wp-json\/wp\/v2\/media?parent=20851"}],"wp:term":[{"taxonomy":"product_brand","embeddable":true,"href":"https:\/\/websjop.afuk.frl\/nl\/wp-json\/wp\/v2\/product_brand?post=20851"},{"taxonomy":"product_cat","embeddable":true,"href":"https:\/\/websjop.afuk.frl\/nl\/wp-json\/wp\/v2\/product_cat?post=20851"},{"taxonomy":"product_tag","embeddable":true,"href":"https:\/\/websjop.afuk.frl\/nl\/wp-json\/wp\/v2\/product_tag?post=20851"}],"curies":[{"name":"wp","href":"https:\/\/api.w.org\/{rel}","templated":true}]}}