{"id":20806,"date":"2017-09-21T10:15:51","date_gmt":"2017-09-21T09:15:51","guid":{"rendered":"https:\/\/websjop.afuk.frl\/nl\/?post_type=product&#038;p=20806"},"modified":"2026-02-26T16:24:24","modified_gmt":"2026-02-26T15:24:24","slug":"friese-spreuktegel-buter-brea-en-griene-tsiis","status":"publish","type":"product","link":"https:\/\/websjop.afuk.frl\/nl\/winkel\/friese-spreuktegel-buter-brea-en-griene-tsiis\/","title":{"rendered":"Friese spreuktegel: B\u00fbter, brea en griene tsiis, wa&#8217;t dat net sizze kin is gjin oprjochte Fries."},"content":{"rendered":"<p>Tegel met Friese spreuk: B\u00fbter, brea en griene tsiis, wa&#8217;t dat net sizze kin is gjin oprjochte Fries!<\/p>\n<p>Hang &#8216;m op in de kamer, in de hal, op kantoor of in het kleinste kamertje. Ook leuk om kado te geven!<\/p>\n<p>Maat: 15 x 15 cm.<\/p>\n","protected":false},"excerpt":{"rendered":"<p>Tegel met Friese spreuk: B\u00fbter, brea en griene tsiis, wa&#8217;t dat net sizze kin is gjin oprjochte Fries! Hang &#8216;m op in de kamer, in de hal, op kantoor of in het kleinste kamertje. Ook leuk om kado te geven! Maat: 15 x 15 cm.<\/p>\n","protected":false},"featured_media":20810,"comment_status":"closed","ping_status":"closed","template":"","meta":{"_acf_changed":false},"product_brand":[],"product_cat":[565,1244],"product_tag":[17132,17131,17110,17133],"class_list":{"0":"post-20806","1":"product","2":"type-product","3":"status-publish","4":"has-post-thumbnail","6":"product_cat-friese-producten","7":"product_cat-fryske-tegeltsjes","8":"product_tag-buter-brea-en-griene-tsiis","9":"product_tag-friese-spreuktegel","10":"product_tag-fryske-spreuken","11":"product_tag-tegeltsje","12":"product_shipping_class-brievenbus-verzending","14":"first","15":"instock","16":"taxable","17":"shipping-taxable","18":"purchasable","19":"product-type-simple"},"acf":[],"yoast_head":"<!-- This site is optimized with the Yoast SEO plugin v27.3 - https:\/\/yoast.com\/product\/yoast-seo-wordpress\/ -->\n<title>Friese spreuktegel: B\u00fbter, brea en griene tsiis, wa&#039;t dat net sizze kin is gjin oprjochte Fries. &#8211; Af\u00fbk Websjop<\/title>\n<meta name=\"description\" content=\"Tegel met Friese spreuk: B\u00fbter, brea en griene tsiis, wa&#039;t dat net sizze kin is gjin oprjochte Fries! Hang &#039;m op in de kamer, in de hal, of op kantoor.\" \/>\n<meta name=\"robots\" content=\"index, follow, max-snippet:-1, max-image-preview:large, max-video-preview:-1\" \/>\n<link rel=\"canonical\" href=\"https:\/\/websjop.afuk.frl\/nl\/winkel\/friese-spreuktegel-buter-brea-en-griene-tsiis\/\" \/>\n<meta property=\"og:locale\" content=\"nl_NL\" \/>\n<meta property=\"og:type\" content=\"article\" \/>\n<meta property=\"og:title\" content=\"Friese spreuktegel: B\u00fbter, brea en griene tsiis, wa&#039;t dat net sizze kin is gjin oprjochte Fries. &#8211; Af\u00fbk Websjop\" \/>\n<meta property=\"og:description\" content=\"Tegel met Friese spreuk: B\u00fbter, brea en griene tsiis, wa&#039;t dat net sizze kin is gjin oprjochte Fries! Hang &#039;m op in de kamer, in de hal, of op kantoor.\" \/>\n<meta property=\"og:url\" content=\"https:\/\/websjop.afuk.frl\/nl\/winkel\/friese-spreuktegel-buter-brea-en-griene-tsiis\/\" \/>\n<meta property=\"og:site_name\" content=\"Af\u00fbk Websjop\" \/>\n<meta property=\"article:modified_time\" content=\"2026-02-26T15:24:24+00:00\" \/>\n<meta property=\"og:image\" content=\"https:\/\/websjop.afuk.frl\/wp-content\/uploads\/2020\/09\/Tegel-Buter-brea.jpg\" \/>\n\t<meta property=\"og:image:width\" content=\"540\" \/>\n\t<meta property=\"og:image:height\" content=\"537\" \/>\n\t<meta property=\"og:image:type\" content=\"image\/jpeg\" \/>\n<meta name=\"twitter:card\" content=\"summary_large_image\" \/>\n<script type=\"application\/ld+json\" class=\"yoast-schema-graph\">{\"@context\":\"https:\\\/\\\/schema.org\",\"@graph\":[{\"@type\":\"WebPage\",\"@id\":\"https:\\\/\\\/websjop.afuk.frl\\\/nl\\\/winkel\\\/friese-spreuktegel-buter-brea-en-griene-tsiis\\\/\",\"url\":\"https:\\\/\\\/websjop.afuk.frl\\\/nl\\\/winkel\\\/friese-spreuktegel-buter-brea-en-griene-tsiis\\\/\",\"name\":\"Friese spreuktegel: B\u00fbter, brea en griene tsiis, wa't dat net sizze kin is gjin oprjochte Fries. &#8211; Af\u00fbk Websjop\",\"isPartOf\":{\"@id\":\"https:\\\/\\\/websjop.afuk.frl\\\/nl\\\/#website\"},\"primaryImageOfPage\":{\"@id\":\"https:\\\/\\\/websjop.afuk.frl\\\/nl\\\/winkel\\\/friese-spreuktegel-buter-brea-en-griene-tsiis\\\/#primaryimage\"},\"image\":{\"@id\":\"https:\\\/\\\/websjop.afuk.frl\\\/nl\\\/winkel\\\/friese-spreuktegel-buter-brea-en-griene-tsiis\\\/#primaryimage\"},\"thumbnailUrl\":\"https:\\\/\\\/websjop.afuk.frl\\\/wp-content\\\/uploads\\\/2020\\\/09\\\/Tegel-Buter-brea.jpg\",\"datePublished\":\"2017-09-21T09:15:51+00:00\",\"dateModified\":\"2026-02-26T15:24:24+00:00\",\"description\":\"Tegel met Friese spreuk: B\u00fbter, brea en griene tsiis, wa't dat net sizze kin is gjin oprjochte Fries! Hang 'm op in de kamer, in de hal, of op kantoor.\",\"breadcrumb\":{\"@id\":\"https:\\\/\\\/websjop.afuk.frl\\\/nl\\\/winkel\\\/friese-spreuktegel-buter-brea-en-griene-tsiis\\\/#breadcrumb\"},\"inLanguage\":\"nl-NL\",\"potentialAction\":[{\"@type\":\"ReadAction\",\"target\":[\"https:\\\/\\\/websjop.afuk.frl\\\/nl\\\/winkel\\\/friese-spreuktegel-buter-brea-en-griene-tsiis\\\/\"]}]},{\"@type\":\"ImageObject\",\"inLanguage\":\"nl-NL\",\"@id\":\"https:\\\/\\\/websjop.afuk.frl\\\/nl\\\/winkel\\\/friese-spreuktegel-buter-brea-en-griene-tsiis\\\/#primaryimage\",\"url\":\"https:\\\/\\\/websjop.afuk.frl\\\/wp-content\\\/uploads\\\/2020\\\/09\\\/Tegel-Buter-brea.jpg\",\"contentUrl\":\"https:\\\/\\\/websjop.afuk.frl\\\/wp-content\\\/uploads\\\/2020\\\/09\\\/Tegel-Buter-brea.jpg\",\"width\":540,\"height\":537,\"caption\":\"Tegel B\u00fbter, brea\"},{\"@type\":\"BreadcrumbList\",\"@id\":\"https:\\\/\\\/websjop.afuk.frl\\\/nl\\\/winkel\\\/friese-spreuktegel-buter-brea-en-griene-tsiis\\\/#breadcrumb\",\"itemListElement\":[{\"@type\":\"ListItem\",\"position\":1,\"name\":\"Home\",\"item\":\"https:\\\/\\\/websjop.afuk.frl\\\/nl\\\/\"},{\"@type\":\"ListItem\",\"position\":2,\"name\":\"Winkel\",\"item\":\"https:\\\/\\\/websjop.afuk.frl\\\/nl\\\/winkel\\\/\"},{\"@type\":\"ListItem\",\"position\":3,\"name\":\"Friese spreuktegel: B\u00fbter, brea en griene tsiis, wa&#8217;t dat net sizze kin is gjin oprjochte Fries.\"}]},{\"@type\":\"WebSite\",\"@id\":\"https:\\\/\\\/websjop.afuk.frl\\\/nl\\\/#website\",\"url\":\"https:\\\/\\\/websjop.afuk.frl\\\/nl\\\/\",\"name\":\"Af\u00fbk Websjop\",\"description\":\"\",\"potentialAction\":[{\"@type\":\"SearchAction\",\"target\":{\"@type\":\"EntryPoint\",\"urlTemplate\":\"https:\\\/\\\/websjop.afuk.frl\\\/nl\\\/?s={search_term_string}\"},\"query-input\":{\"@type\":\"PropertyValueSpecification\",\"valueRequired\":true,\"valueName\":\"search_term_string\"}}],\"inLanguage\":\"nl-NL\"}]}<\/script>\n<!-- \/ Yoast SEO plugin. -->","yoast_head_json":{"title":"Friese spreuktegel: B\u00fbter, brea en griene tsiis, wa't dat net sizze kin is gjin oprjochte Fries. &#8211; Af\u00fbk Websjop","description":"Tegel met Friese spreuk: B\u00fbter, brea en griene tsiis, wa't dat net sizze kin is gjin oprjochte Fries! Hang 'm op in de kamer, in de hal, of op kantoor.","robots":{"index":"index","follow":"follow","max-snippet":"max-snippet:-1","max-image-preview":"max-image-preview:large","max-video-preview":"max-video-preview:-1"},"canonical":"https:\/\/websjop.afuk.frl\/nl\/winkel\/friese-spreuktegel-buter-brea-en-griene-tsiis\/","og_locale":"nl_NL","og_type":"article","og_title":"Friese spreuktegel: B\u00fbter, brea en griene tsiis, wa't dat net sizze kin is gjin oprjochte Fries. &#8211; Af\u00fbk Websjop","og_description":"Tegel met Friese spreuk: B\u00fbter, brea en griene tsiis, wa't dat net sizze kin is gjin oprjochte Fries! Hang 'm op in de kamer, in de hal, of op kantoor.","og_url":"https:\/\/websjop.afuk.frl\/nl\/winkel\/friese-spreuktegel-buter-brea-en-griene-tsiis\/","og_site_name":"Af\u00fbk Websjop","article_modified_time":"2026-02-26T15:24:24+00:00","og_image":[{"width":540,"height":537,"url":"https:\/\/websjop.afuk.frl\/wp-content\/uploads\/2020\/09\/Tegel-Buter-brea.jpg","type":"image\/jpeg"}],"twitter_card":"summary_large_image","schema":{"@context":"https:\/\/schema.org","@graph":[{"@type":"WebPage","@id":"https:\/\/websjop.afuk.frl\/nl\/winkel\/friese-spreuktegel-buter-brea-en-griene-tsiis\/","url":"https:\/\/websjop.afuk.frl\/nl\/winkel\/friese-spreuktegel-buter-brea-en-griene-tsiis\/","name":"Friese spreuktegel: B\u00fbter, brea en griene tsiis, wa't dat net sizze kin is gjin oprjochte Fries. &#8211; Af\u00fbk Websjop","isPartOf":{"@id":"https:\/\/websjop.afuk.frl\/nl\/#website"},"primaryImageOfPage":{"@id":"https:\/\/websjop.afuk.frl\/nl\/winkel\/friese-spreuktegel-buter-brea-en-griene-tsiis\/#primaryimage"},"image":{"@id":"https:\/\/websjop.afuk.frl\/nl\/winkel\/friese-spreuktegel-buter-brea-en-griene-tsiis\/#primaryimage"},"thumbnailUrl":"https:\/\/websjop.afuk.frl\/wp-content\/uploads\/2020\/09\/Tegel-Buter-brea.jpg","datePublished":"2017-09-21T09:15:51+00:00","dateModified":"2026-02-26T15:24:24+00:00","description":"Tegel met Friese spreuk: B\u00fbter, brea en griene tsiis, wa't dat net sizze kin is gjin oprjochte Fries! Hang 'm op in de kamer, in de hal, of op kantoor.","breadcrumb":{"@id":"https:\/\/websjop.afuk.frl\/nl\/winkel\/friese-spreuktegel-buter-brea-en-griene-tsiis\/#breadcrumb"},"inLanguage":"nl-NL","potentialAction":[{"@type":"ReadAction","target":["https:\/\/websjop.afuk.frl\/nl\/winkel\/friese-spreuktegel-buter-brea-en-griene-tsiis\/"]}]},{"@type":"ImageObject","inLanguage":"nl-NL","@id":"https:\/\/websjop.afuk.frl\/nl\/winkel\/friese-spreuktegel-buter-brea-en-griene-tsiis\/#primaryimage","url":"https:\/\/websjop.afuk.frl\/wp-content\/uploads\/2020\/09\/Tegel-Buter-brea.jpg","contentUrl":"https:\/\/websjop.afuk.frl\/wp-content\/uploads\/2020\/09\/Tegel-Buter-brea.jpg","width":540,"height":537,"caption":"Tegel B\u00fbter, brea"},{"@type":"BreadcrumbList","@id":"https:\/\/websjop.afuk.frl\/nl\/winkel\/friese-spreuktegel-buter-brea-en-griene-tsiis\/#breadcrumb","itemListElement":[{"@type":"ListItem","position":1,"name":"Home","item":"https:\/\/websjop.afuk.frl\/nl\/"},{"@type":"ListItem","position":2,"name":"Winkel","item":"https:\/\/websjop.afuk.frl\/nl\/winkel\/"},{"@type":"ListItem","position":3,"name":"Friese spreuktegel: B\u00fbter, brea en griene tsiis, wa&#8217;t dat net sizze kin is gjin oprjochte Fries."}]},{"@type":"WebSite","@id":"https:\/\/websjop.afuk.frl\/nl\/#website","url":"https:\/\/websjop.afuk.frl\/nl\/","name":"Af\u00fbk Websjop","description":"","potentialAction":[{"@type":"SearchAction","target":{"@type":"EntryPoint","urlTemplate":"https:\/\/websjop.afuk.frl\/nl\/?s={search_term_string}"},"query-input":{"@type":"PropertyValueSpecification","valueRequired":true,"valueName":"search_term_string"}}],"inLanguage":"nl-NL"}]}},"_links":{"self":[{"href":"https:\/\/websjop.afuk.frl\/nl\/wp-json\/wp\/v2\/product\/20806","targetHints":{"allow":["GET"]}}],"collection":[{"href":"https:\/\/websjop.afuk.frl\/nl\/wp-json\/wp\/v2\/product"}],"about":[{"href":"https:\/\/websjop.afuk.frl\/nl\/wp-json\/wp\/v2\/types\/product"}],"replies":[{"embeddable":true,"href":"https:\/\/websjop.afuk.frl\/nl\/wp-json\/wp\/v2\/comments?post=20806"}],"wp:featuredmedia":[{"embeddable":true,"href":"https:\/\/websjop.afuk.frl\/nl\/wp-json\/wp\/v2\/media\/20810"}],"wp:attachment":[{"href":"https:\/\/websjop.afuk.frl\/nl\/wp-json\/wp\/v2\/media?parent=20806"}],"wp:term":[{"taxonomy":"product_brand","embeddable":true,"href":"https:\/\/websjop.afuk.frl\/nl\/wp-json\/wp\/v2\/product_brand?post=20806"},{"taxonomy":"product_cat","embeddable":true,"href":"https:\/\/websjop.afuk.frl\/nl\/wp-json\/wp\/v2\/product_cat?post=20806"},{"taxonomy":"product_tag","embeddable":true,"href":"https:\/\/websjop.afuk.frl\/nl\/wp-json\/wp\/v2\/product_tag?post=20806"}],"curies":[{"name":"wp","href":"https:\/\/api.w.org\/{rel}","templated":true}]}}