{"id":20729,"date":"2020-09-14T14:15:33","date_gmt":"2020-09-14T13:15:33","guid":{"rendered":"https:\/\/websjop.afuk.frl\/nl\/?post_type=product&#038;p=20729"},"modified":"2024-06-12T07:05:40","modified_gmt":"2024-06-12T06:05:40","slug":"it-blauwe-hus-stripverhaal","status":"publish","type":"product","link":"https:\/\/websjop.afuk.frl\/nl\/winkel\/it-blauwe-hus-stripverhaal\/","title":{"rendered":"It Blauwe H\u00fbs &#8211; stripferhaal"},"content":{"rendered":"<p><em>It Blauwe H\u00fbs <\/em>vertelt beeldend het ontstaan van het dorp Blauh\u00fbs door de eeuwen heen aan de hand van een jongen en een meisje, Simen en Sijke. Zij beleven steeds van alles op hun eigen wijze. Van waargebeurde zaken zoals overstromingen en drooglegging, maar ook van Blauh\u00faster pastoren in de Gouden Eeuw en de Tweede Wereldoorlog.<\/p>\n<p>Tekenaar en scriptschrijver Skelte Siweris Braaksma heeft flink studie gemaakt van de geschiedenis en omgeving van Blauh\u00fbs. Dat is terug te zien in het verhaal en tekenwerk.<\/p>\n","protected":false},"excerpt":{"rendered":"<p>It Blauwe H\u00fbs vertelt beeldend het ontstaan van het dorp Blauh\u00fbs door de eeuwen heen aan de hand van een jongen en een meisje, Simen en Sijke. Zij beleven steeds van alles op hun eigen wijze. Van waargebeurde zaken zoals overstromingen en drooglegging, maar ook van Blauh\u00faster pastoren in de Gouden Eeuw en de Tweede [&hellip;]<\/p>\n","protected":false},"featured_media":20730,"comment_status":"closed","ping_status":"closed","template":"","meta":{"_acf_changed":false},"product_brand":[],"product_cat":[554,535,539,556],"product_tag":[17084,17081,9453,6105,17082,17083],"class_list":{"0":"post-20729","1":"product","2":"type-product","3":"status-publish","4":"has-post-thumbnail","6":"product_cat-ferskaat","7":"product_cat-fryske-boeken","8":"product_cat-skiednis","9":"product_cat-stripboeken","10":"product_tag-blauhus","11":"product_tag-it-blauwe-hus","12":"product_tag-skelte-braaksma","13":"product_tag-skiednis","14":"product_tag-stripferhaal","15":"product_tag-stripverhaal","16":"product_shipping_class-brievenbus-verzending","17":"pa_auteur-skelte-siweris-braaksma","18":"pa_isbn-17080","19":"pa_new-label-1-3","20":"pa_taal-frysk","21":"pa_uitgever-de-ryp","23":"first","24":"instock","25":"taxable","26":"shipping-taxable","27":"purchasable","28":"product-type-simple"},"acf":[],"yoast_head":"<!-- This site is optimized with the Yoast SEO plugin v27.3 - https:\/\/yoast.com\/product\/yoast-seo-wordpress\/ -->\n<title>It Blauwe H\u00fbs - stripferhaal &#8211; Af\u00fbk Websjop<\/title>\n<meta name=\"description\" content=\"It Blauwe H\u00fbs vertelt in stripverhaal het ontstaan van het dorp Blauh\u00fbs door de eeuwen heen aan de hand van een jongen en een meisje, Simen en Sijke.\" \/>\n<meta name=\"robots\" content=\"index, follow, max-snippet:-1, max-image-preview:large, max-video-preview:-1\" \/>\n<link rel=\"canonical\" href=\"https:\/\/websjop.afuk.frl\/nl\/winkel\/it-blauwe-hus-stripverhaal\/\" \/>\n<meta property=\"og:locale\" content=\"nl_NL\" \/>\n<meta property=\"og:type\" content=\"article\" \/>\n<meta property=\"og:title\" content=\"It Blauwe H\u00fbs - stripferhaal &#8211; Af\u00fbk Websjop\" \/>\n<meta property=\"og:description\" content=\"It Blauwe H\u00fbs vertelt in stripverhaal het ontstaan van het dorp Blauh\u00fbs door de eeuwen heen aan de hand van een jongen en een meisje, Simen en Sijke.\" \/>\n<meta property=\"og:url\" content=\"https:\/\/websjop.afuk.frl\/nl\/winkel\/it-blauwe-hus-stripverhaal\/\" \/>\n<meta property=\"og:site_name\" content=\"Af\u00fbk Websjop\" \/>\n<meta property=\"article:modified_time\" content=\"2024-06-12T06:05:40+00:00\" \/>\n<meta property=\"og:image\" content=\"https:\/\/websjop.afuk.frl\/wp-content\/uploads\/2020\/09\/It-blauwe-hus088.jpg\" \/>\n\t<meta property=\"og:image:width\" content=\"565\" \/>\n\t<meta property=\"og:image:height\" content=\"793\" \/>\n\t<meta property=\"og:image:type\" content=\"image\/jpeg\" \/>\n<meta name=\"twitter:card\" content=\"summary_large_image\" \/>\n<script type=\"application\/ld+json\" class=\"yoast-schema-graph\">{\"@context\":\"https:\\\/\\\/schema.org\",\"@graph\":[{\"@type\":\"WebPage\",\"@id\":\"https:\\\/\\\/websjop.afuk.frl\\\/nl\\\/winkel\\\/it-blauwe-hus-stripverhaal\\\/\",\"url\":\"https:\\\/\\\/websjop.afuk.frl\\\/nl\\\/winkel\\\/it-blauwe-hus-stripverhaal\\\/\",\"name\":\"It Blauwe H\u00fbs - stripferhaal &#8211; Af\u00fbk Websjop\",\"isPartOf\":{\"@id\":\"https:\\\/\\\/websjop.afuk.frl\\\/nl\\\/#website\"},\"primaryImageOfPage\":{\"@id\":\"https:\\\/\\\/websjop.afuk.frl\\\/nl\\\/winkel\\\/it-blauwe-hus-stripverhaal\\\/#primaryimage\"},\"image\":{\"@id\":\"https:\\\/\\\/websjop.afuk.frl\\\/nl\\\/winkel\\\/it-blauwe-hus-stripverhaal\\\/#primaryimage\"},\"thumbnailUrl\":\"https:\\\/\\\/websjop.afuk.frl\\\/wp-content\\\/uploads\\\/2020\\\/09\\\/It-blauwe-hus088.jpg\",\"datePublished\":\"2020-09-14T13:15:33+00:00\",\"dateModified\":\"2024-06-12T06:05:40+00:00\",\"description\":\"It Blauwe H\u00fbs vertelt in stripverhaal het ontstaan van het dorp Blauh\u00fbs door de eeuwen heen aan de hand van een jongen en een meisje, Simen en Sijke.\",\"breadcrumb\":{\"@id\":\"https:\\\/\\\/websjop.afuk.frl\\\/nl\\\/winkel\\\/it-blauwe-hus-stripverhaal\\\/#breadcrumb\"},\"inLanguage\":\"nl-NL\",\"potentialAction\":[{\"@type\":\"ReadAction\",\"target\":[\"https:\\\/\\\/websjop.afuk.frl\\\/nl\\\/winkel\\\/it-blauwe-hus-stripverhaal\\\/\"]}]},{\"@type\":\"ImageObject\",\"inLanguage\":\"nl-NL\",\"@id\":\"https:\\\/\\\/websjop.afuk.frl\\\/nl\\\/winkel\\\/it-blauwe-hus-stripverhaal\\\/#primaryimage\",\"url\":\"https:\\\/\\\/websjop.afuk.frl\\\/wp-content\\\/uploads\\\/2020\\\/09\\\/It-blauwe-hus088.jpg\",\"contentUrl\":\"https:\\\/\\\/websjop.afuk.frl\\\/wp-content\\\/uploads\\\/2020\\\/09\\\/It-blauwe-hus088.jpg\",\"width\":565,\"height\":793,\"caption\":\"It Blauwe H\u00fbs\"},{\"@type\":\"BreadcrumbList\",\"@id\":\"https:\\\/\\\/websjop.afuk.frl\\\/nl\\\/winkel\\\/it-blauwe-hus-stripverhaal\\\/#breadcrumb\",\"itemListElement\":[{\"@type\":\"ListItem\",\"position\":1,\"name\":\"Home\",\"item\":\"https:\\\/\\\/websjop.afuk.frl\\\/nl\\\/\"},{\"@type\":\"ListItem\",\"position\":2,\"name\":\"Winkel\",\"item\":\"https:\\\/\\\/websjop.afuk.frl\\\/nl\\\/winkel\\\/\"},{\"@type\":\"ListItem\",\"position\":3,\"name\":\"It Blauwe H\u00fbs &#8211; stripferhaal\"}]},{\"@type\":\"WebSite\",\"@id\":\"https:\\\/\\\/websjop.afuk.frl\\\/nl\\\/#website\",\"url\":\"https:\\\/\\\/websjop.afuk.frl\\\/nl\\\/\",\"name\":\"Af\u00fbk Websjop\",\"description\":\"\",\"potentialAction\":[{\"@type\":\"SearchAction\",\"target\":{\"@type\":\"EntryPoint\",\"urlTemplate\":\"https:\\\/\\\/websjop.afuk.frl\\\/nl\\\/?s={search_term_string}\"},\"query-input\":{\"@type\":\"PropertyValueSpecification\",\"valueRequired\":true,\"valueName\":\"search_term_string\"}}],\"inLanguage\":\"nl-NL\"}]}<\/script>\n<!-- \/ Yoast SEO plugin. -->","yoast_head_json":{"title":"It Blauwe H\u00fbs - stripferhaal &#8211; Af\u00fbk Websjop","description":"It Blauwe H\u00fbs vertelt in stripverhaal het ontstaan van het dorp Blauh\u00fbs door de eeuwen heen aan de hand van een jongen en een meisje, Simen en Sijke.","robots":{"index":"index","follow":"follow","max-snippet":"max-snippet:-1","max-image-preview":"max-image-preview:large","max-video-preview":"max-video-preview:-1"},"canonical":"https:\/\/websjop.afuk.frl\/nl\/winkel\/it-blauwe-hus-stripverhaal\/","og_locale":"nl_NL","og_type":"article","og_title":"It Blauwe H\u00fbs - stripferhaal &#8211; Af\u00fbk Websjop","og_description":"It Blauwe H\u00fbs vertelt in stripverhaal het ontstaan van het dorp Blauh\u00fbs door de eeuwen heen aan de hand van een jongen en een meisje, Simen en Sijke.","og_url":"https:\/\/websjop.afuk.frl\/nl\/winkel\/it-blauwe-hus-stripverhaal\/","og_site_name":"Af\u00fbk Websjop","article_modified_time":"2024-06-12T06:05:40+00:00","og_image":[{"width":565,"height":793,"url":"https:\/\/websjop.afuk.frl\/wp-content\/uploads\/2020\/09\/It-blauwe-hus088.jpg","type":"image\/jpeg"}],"twitter_card":"summary_large_image","schema":{"@context":"https:\/\/schema.org","@graph":[{"@type":"WebPage","@id":"https:\/\/websjop.afuk.frl\/nl\/winkel\/it-blauwe-hus-stripverhaal\/","url":"https:\/\/websjop.afuk.frl\/nl\/winkel\/it-blauwe-hus-stripverhaal\/","name":"It Blauwe H\u00fbs - stripferhaal &#8211; Af\u00fbk Websjop","isPartOf":{"@id":"https:\/\/websjop.afuk.frl\/nl\/#website"},"primaryImageOfPage":{"@id":"https:\/\/websjop.afuk.frl\/nl\/winkel\/it-blauwe-hus-stripverhaal\/#primaryimage"},"image":{"@id":"https:\/\/websjop.afuk.frl\/nl\/winkel\/it-blauwe-hus-stripverhaal\/#primaryimage"},"thumbnailUrl":"https:\/\/websjop.afuk.frl\/wp-content\/uploads\/2020\/09\/It-blauwe-hus088.jpg","datePublished":"2020-09-14T13:15:33+00:00","dateModified":"2024-06-12T06:05:40+00:00","description":"It Blauwe H\u00fbs vertelt in stripverhaal het ontstaan van het dorp Blauh\u00fbs door de eeuwen heen aan de hand van een jongen en een meisje, Simen en Sijke.","breadcrumb":{"@id":"https:\/\/websjop.afuk.frl\/nl\/winkel\/it-blauwe-hus-stripverhaal\/#breadcrumb"},"inLanguage":"nl-NL","potentialAction":[{"@type":"ReadAction","target":["https:\/\/websjop.afuk.frl\/nl\/winkel\/it-blauwe-hus-stripverhaal\/"]}]},{"@type":"ImageObject","inLanguage":"nl-NL","@id":"https:\/\/websjop.afuk.frl\/nl\/winkel\/it-blauwe-hus-stripverhaal\/#primaryimage","url":"https:\/\/websjop.afuk.frl\/wp-content\/uploads\/2020\/09\/It-blauwe-hus088.jpg","contentUrl":"https:\/\/websjop.afuk.frl\/wp-content\/uploads\/2020\/09\/It-blauwe-hus088.jpg","width":565,"height":793,"caption":"It Blauwe H\u00fbs"},{"@type":"BreadcrumbList","@id":"https:\/\/websjop.afuk.frl\/nl\/winkel\/it-blauwe-hus-stripverhaal\/#breadcrumb","itemListElement":[{"@type":"ListItem","position":1,"name":"Home","item":"https:\/\/websjop.afuk.frl\/nl\/"},{"@type":"ListItem","position":2,"name":"Winkel","item":"https:\/\/websjop.afuk.frl\/nl\/winkel\/"},{"@type":"ListItem","position":3,"name":"It Blauwe H\u00fbs &#8211; stripferhaal"}]},{"@type":"WebSite","@id":"https:\/\/websjop.afuk.frl\/nl\/#website","url":"https:\/\/websjop.afuk.frl\/nl\/","name":"Af\u00fbk Websjop","description":"","potentialAction":[{"@type":"SearchAction","target":{"@type":"EntryPoint","urlTemplate":"https:\/\/websjop.afuk.frl\/nl\/?s={search_term_string}"},"query-input":{"@type":"PropertyValueSpecification","valueRequired":true,"valueName":"search_term_string"}}],"inLanguage":"nl-NL"}]}},"_links":{"self":[{"href":"https:\/\/websjop.afuk.frl\/nl\/wp-json\/wp\/v2\/product\/20729","targetHints":{"allow":["GET"]}}],"collection":[{"href":"https:\/\/websjop.afuk.frl\/nl\/wp-json\/wp\/v2\/product"}],"about":[{"href":"https:\/\/websjop.afuk.frl\/nl\/wp-json\/wp\/v2\/types\/product"}],"replies":[{"embeddable":true,"href":"https:\/\/websjop.afuk.frl\/nl\/wp-json\/wp\/v2\/comments?post=20729"}],"wp:featuredmedia":[{"embeddable":true,"href":"https:\/\/websjop.afuk.frl\/nl\/wp-json\/wp\/v2\/media\/20730"}],"wp:attachment":[{"href":"https:\/\/websjop.afuk.frl\/nl\/wp-json\/wp\/v2\/media?parent=20729"}],"wp:term":[{"taxonomy":"product_brand","embeddable":true,"href":"https:\/\/websjop.afuk.frl\/nl\/wp-json\/wp\/v2\/product_brand?post=20729"},{"taxonomy":"product_cat","embeddable":true,"href":"https:\/\/websjop.afuk.frl\/nl\/wp-json\/wp\/v2\/product_cat?post=20729"},{"taxonomy":"product_tag","embeddable":true,"href":"https:\/\/websjop.afuk.frl\/nl\/wp-json\/wp\/v2\/product_tag?post=20729"}],"curies":[{"name":"wp","href":"https:\/\/api.w.org\/{rel}","templated":true}]}}