{"id":20690,"date":"2020-09-10T08:17:54","date_gmt":"2020-09-10T07:17:54","guid":{"rendered":"https:\/\/websjop.afuk.frl\/nl\/?post_type=product&#038;p=20690"},"modified":"2025-06-25T11:01:46","modified_gmt":"2025-06-25T09:01:46","slug":"nijntje-in-ut-franekers","status":"publish","type":"product","link":"https:\/\/websjop.afuk.frl\/nl\/winkel\/nijntje-in-ut-franekers\/","title":{"rendered":"Nijntje in ut Franekers"},"content":{"rendered":"<p>Na deeltjes van het bekende konijntje Nijntje in het Hylpers, Bildts en het Leewadders, nu ook \u00e9\u00e9n in het Franekers.<\/p>\n<p><em>midden in un groate t\u00fan<\/em><\/p>\n<p><em>st\u00f4n un leuk wit h\u00fas<\/em><\/p>\n<p><em>d\u00ear woanden twee kenyntsys in<\/em><\/p>\n<p><em>menear en mefrou pl\u00fas<\/em><\/p>\n","protected":false},"excerpt":{"rendered":"<p>Na deeltjes van het bekende konijntje Nijntje in het Hylpers, Bildts en het Leewadders, nu ook \u00e9\u00e9n in het Franekers. midden in un groate t\u00fan st\u00f4n un leuk wit h\u00fas d\u00ear woanden twee kenyntsys in menear en mefrou pl\u00fas<\/p>\n","protected":false},"featured_media":20691,"comment_status":"closed","ping_status":"closed","template":"","meta":{"_acf_changed":false},"product_brand":[],"product_cat":[1213,549,560,557,24023],"product_tag":[5681,17055,17056],"class_list":{"0":"post-20690","1":"product","2":"type-product","3":"status-publish","4":"has-post-thumbnail","6":"product_cat-berne-en-jeugdboeken","7":"product_cat-berneboeken-0-tot-4-jaar","8":"product_cat-kreamkado-boeken","9":"product_cat-friese-kraamcadeautjes","10":"product_cat-nijntje","11":"product_tag-dick-bruna","12":"product_tag-nijntje-in-ut-franekers","13":"product_tag-streektaal","14":"product_shipping_class-brievenbus-verzending","15":"pa_auteur-dick-bruna","16":"pa_isbn-17052","17":"pa_new-label-1-3","18":"pa_taal-franekers","19":"pa_uitgever-bornmeer","20":"pa_vertaler-annalies-bouma","22":"first","23":"instock","24":"taxable","25":"shipping-taxable","26":"purchasable","27":"product-type-simple"},"acf":[],"yoast_head":"<!-- This site is optimized with the Yoast SEO plugin v27.3 - https:\/\/yoast.com\/product\/yoast-seo-wordpress\/ -->\n<title>Nijntje in ut Franekers &#8211; Af\u00fbk Websjop<\/title>\n<meta name=\"description\" content=\"Na deeltjes van het bekende konijntje Nijntje in het Hylpers, Bildts en het Leewadders, nu ook \u00e9\u00e9n in het Franekers. Vertaling: Annalies Bouma.\" \/>\n<meta name=\"robots\" content=\"index, follow, max-snippet:-1, max-image-preview:large, max-video-preview:-1\" \/>\n<link rel=\"canonical\" href=\"https:\/\/websjop.afuk.frl\/nl\/winkel\/nijntje-in-ut-franekers\/\" \/>\n<meta property=\"og:locale\" content=\"nl_NL\" \/>\n<meta property=\"og:type\" content=\"article\" \/>\n<meta property=\"og:title\" content=\"Nijntje in ut Franekers &#8211; Af\u00fbk Websjop\" \/>\n<meta property=\"og:description\" content=\"Na deeltjes van het bekende konijntje Nijntje in het Hylpers, Bildts en het Leewadders, nu ook \u00e9\u00e9n in het Franekers. Vertaling: Annalies Bouma.\" \/>\n<meta property=\"og:url\" content=\"https:\/\/websjop.afuk.frl\/nl\/winkel\/nijntje-in-ut-franekers\/\" \/>\n<meta property=\"og:site_name\" content=\"Af\u00fbk Websjop\" \/>\n<meta property=\"article:modified_time\" content=\"2025-06-25T09:01:46+00:00\" \/>\n<meta property=\"og:image\" content=\"https:\/\/websjop.afuk.frl\/wp-content\/uploads\/2020\/09\/Nijntje-in-ut-Franekers082.jpg\" \/>\n\t<meta property=\"og:image:width\" content=\"434\" \/>\n\t<meta property=\"og:image:height\" content=\"448\" \/>\n\t<meta property=\"og:image:type\" content=\"image\/jpeg\" \/>\n<meta name=\"twitter:card\" content=\"summary_large_image\" \/>\n<script type=\"application\/ld+json\" class=\"yoast-schema-graph\">{\"@context\":\"https:\\\/\\\/schema.org\",\"@graph\":[{\"@type\":\"WebPage\",\"@id\":\"https:\\\/\\\/websjop.afuk.frl\\\/nl\\\/winkel\\\/nijntje-in-ut-franekers\\\/\",\"url\":\"https:\\\/\\\/websjop.afuk.frl\\\/nl\\\/winkel\\\/nijntje-in-ut-franekers\\\/\",\"name\":\"Nijntje in ut Franekers &#8211; Af\u00fbk Websjop\",\"isPartOf\":{\"@id\":\"https:\\\/\\\/websjop.afuk.frl\\\/nl\\\/#website\"},\"primaryImageOfPage\":{\"@id\":\"https:\\\/\\\/websjop.afuk.frl\\\/nl\\\/winkel\\\/nijntje-in-ut-franekers\\\/#primaryimage\"},\"image\":{\"@id\":\"https:\\\/\\\/websjop.afuk.frl\\\/nl\\\/winkel\\\/nijntje-in-ut-franekers\\\/#primaryimage\"},\"thumbnailUrl\":\"https:\\\/\\\/websjop.afuk.frl\\\/wp-content\\\/uploads\\\/2020\\\/09\\\/Nijntje-in-ut-Franekers082.jpg\",\"datePublished\":\"2020-09-10T07:17:54+00:00\",\"dateModified\":\"2025-06-25T09:01:46+00:00\",\"description\":\"Na deeltjes van het bekende konijntje Nijntje in het Hylpers, Bildts en het Leewadders, nu ook \u00e9\u00e9n in het Franekers. Vertaling: Annalies Bouma.\",\"breadcrumb\":{\"@id\":\"https:\\\/\\\/websjop.afuk.frl\\\/nl\\\/winkel\\\/nijntje-in-ut-franekers\\\/#breadcrumb\"},\"inLanguage\":\"nl-NL\",\"potentialAction\":[{\"@type\":\"ReadAction\",\"target\":[\"https:\\\/\\\/websjop.afuk.frl\\\/nl\\\/winkel\\\/nijntje-in-ut-franekers\\\/\"]}]},{\"@type\":\"ImageObject\",\"inLanguage\":\"nl-NL\",\"@id\":\"https:\\\/\\\/websjop.afuk.frl\\\/nl\\\/winkel\\\/nijntje-in-ut-franekers\\\/#primaryimage\",\"url\":\"https:\\\/\\\/websjop.afuk.frl\\\/wp-content\\\/uploads\\\/2020\\\/09\\\/Nijntje-in-ut-Franekers082.jpg\",\"contentUrl\":\"https:\\\/\\\/websjop.afuk.frl\\\/wp-content\\\/uploads\\\/2020\\\/09\\\/Nijntje-in-ut-Franekers082.jpg\",\"width\":434,\"height\":448,\"caption\":\"Nijntje in ut Franekers\"},{\"@type\":\"BreadcrumbList\",\"@id\":\"https:\\\/\\\/websjop.afuk.frl\\\/nl\\\/winkel\\\/nijntje-in-ut-franekers\\\/#breadcrumb\",\"itemListElement\":[{\"@type\":\"ListItem\",\"position\":1,\"name\":\"Home\",\"item\":\"https:\\\/\\\/websjop.afuk.frl\\\/nl\\\/\"},{\"@type\":\"ListItem\",\"position\":2,\"name\":\"Winkel\",\"item\":\"https:\\\/\\\/websjop.afuk.frl\\\/nl\\\/winkel\\\/\"},{\"@type\":\"ListItem\",\"position\":3,\"name\":\"Nijntje in ut Franekers\"}]},{\"@type\":\"WebSite\",\"@id\":\"https:\\\/\\\/websjop.afuk.frl\\\/nl\\\/#website\",\"url\":\"https:\\\/\\\/websjop.afuk.frl\\\/nl\\\/\",\"name\":\"Af\u00fbk Websjop\",\"description\":\"\",\"potentialAction\":[{\"@type\":\"SearchAction\",\"target\":{\"@type\":\"EntryPoint\",\"urlTemplate\":\"https:\\\/\\\/websjop.afuk.frl\\\/nl\\\/?s={search_term_string}\"},\"query-input\":{\"@type\":\"PropertyValueSpecification\",\"valueRequired\":true,\"valueName\":\"search_term_string\"}}],\"inLanguage\":\"nl-NL\"}]}<\/script>\n<!-- \/ Yoast SEO plugin. -->","yoast_head_json":{"title":"Nijntje in ut Franekers &#8211; Af\u00fbk Websjop","description":"Na deeltjes van het bekende konijntje Nijntje in het Hylpers, Bildts en het Leewadders, nu ook \u00e9\u00e9n in het Franekers. Vertaling: Annalies Bouma.","robots":{"index":"index","follow":"follow","max-snippet":"max-snippet:-1","max-image-preview":"max-image-preview:large","max-video-preview":"max-video-preview:-1"},"canonical":"https:\/\/websjop.afuk.frl\/nl\/winkel\/nijntje-in-ut-franekers\/","og_locale":"nl_NL","og_type":"article","og_title":"Nijntje in ut Franekers &#8211; Af\u00fbk Websjop","og_description":"Na deeltjes van het bekende konijntje Nijntje in het Hylpers, Bildts en het Leewadders, nu ook \u00e9\u00e9n in het Franekers. Vertaling: Annalies Bouma.","og_url":"https:\/\/websjop.afuk.frl\/nl\/winkel\/nijntje-in-ut-franekers\/","og_site_name":"Af\u00fbk Websjop","article_modified_time":"2025-06-25T09:01:46+00:00","og_image":[{"width":434,"height":448,"url":"https:\/\/websjop.afuk.frl\/wp-content\/uploads\/2020\/09\/Nijntje-in-ut-Franekers082.jpg","type":"image\/jpeg"}],"twitter_card":"summary_large_image","schema":{"@context":"https:\/\/schema.org","@graph":[{"@type":"WebPage","@id":"https:\/\/websjop.afuk.frl\/nl\/winkel\/nijntje-in-ut-franekers\/","url":"https:\/\/websjop.afuk.frl\/nl\/winkel\/nijntje-in-ut-franekers\/","name":"Nijntje in ut Franekers &#8211; Af\u00fbk Websjop","isPartOf":{"@id":"https:\/\/websjop.afuk.frl\/nl\/#website"},"primaryImageOfPage":{"@id":"https:\/\/websjop.afuk.frl\/nl\/winkel\/nijntje-in-ut-franekers\/#primaryimage"},"image":{"@id":"https:\/\/websjop.afuk.frl\/nl\/winkel\/nijntje-in-ut-franekers\/#primaryimage"},"thumbnailUrl":"https:\/\/websjop.afuk.frl\/wp-content\/uploads\/2020\/09\/Nijntje-in-ut-Franekers082.jpg","datePublished":"2020-09-10T07:17:54+00:00","dateModified":"2025-06-25T09:01:46+00:00","description":"Na deeltjes van het bekende konijntje Nijntje in het Hylpers, Bildts en het Leewadders, nu ook \u00e9\u00e9n in het Franekers. Vertaling: Annalies Bouma.","breadcrumb":{"@id":"https:\/\/websjop.afuk.frl\/nl\/winkel\/nijntje-in-ut-franekers\/#breadcrumb"},"inLanguage":"nl-NL","potentialAction":[{"@type":"ReadAction","target":["https:\/\/websjop.afuk.frl\/nl\/winkel\/nijntje-in-ut-franekers\/"]}]},{"@type":"ImageObject","inLanguage":"nl-NL","@id":"https:\/\/websjop.afuk.frl\/nl\/winkel\/nijntje-in-ut-franekers\/#primaryimage","url":"https:\/\/websjop.afuk.frl\/wp-content\/uploads\/2020\/09\/Nijntje-in-ut-Franekers082.jpg","contentUrl":"https:\/\/websjop.afuk.frl\/wp-content\/uploads\/2020\/09\/Nijntje-in-ut-Franekers082.jpg","width":434,"height":448,"caption":"Nijntje in ut Franekers"},{"@type":"BreadcrumbList","@id":"https:\/\/websjop.afuk.frl\/nl\/winkel\/nijntje-in-ut-franekers\/#breadcrumb","itemListElement":[{"@type":"ListItem","position":1,"name":"Home","item":"https:\/\/websjop.afuk.frl\/nl\/"},{"@type":"ListItem","position":2,"name":"Winkel","item":"https:\/\/websjop.afuk.frl\/nl\/winkel\/"},{"@type":"ListItem","position":3,"name":"Nijntje in ut Franekers"}]},{"@type":"WebSite","@id":"https:\/\/websjop.afuk.frl\/nl\/#website","url":"https:\/\/websjop.afuk.frl\/nl\/","name":"Af\u00fbk Websjop","description":"","potentialAction":[{"@type":"SearchAction","target":{"@type":"EntryPoint","urlTemplate":"https:\/\/websjop.afuk.frl\/nl\/?s={search_term_string}"},"query-input":{"@type":"PropertyValueSpecification","valueRequired":true,"valueName":"search_term_string"}}],"inLanguage":"nl-NL"}]}},"_links":{"self":[{"href":"https:\/\/websjop.afuk.frl\/nl\/wp-json\/wp\/v2\/product\/20690","targetHints":{"allow":["GET"]}}],"collection":[{"href":"https:\/\/websjop.afuk.frl\/nl\/wp-json\/wp\/v2\/product"}],"about":[{"href":"https:\/\/websjop.afuk.frl\/nl\/wp-json\/wp\/v2\/types\/product"}],"replies":[{"embeddable":true,"href":"https:\/\/websjop.afuk.frl\/nl\/wp-json\/wp\/v2\/comments?post=20690"}],"wp:featuredmedia":[{"embeddable":true,"href":"https:\/\/websjop.afuk.frl\/nl\/wp-json\/wp\/v2\/media\/20691"}],"wp:attachment":[{"href":"https:\/\/websjop.afuk.frl\/nl\/wp-json\/wp\/v2\/media?parent=20690"}],"wp:term":[{"taxonomy":"product_brand","embeddable":true,"href":"https:\/\/websjop.afuk.frl\/nl\/wp-json\/wp\/v2\/product_brand?post=20690"},{"taxonomy":"product_cat","embeddable":true,"href":"https:\/\/websjop.afuk.frl\/nl\/wp-json\/wp\/v2\/product_cat?post=20690"},{"taxonomy":"product_tag","embeddable":true,"href":"https:\/\/websjop.afuk.frl\/nl\/wp-json\/wp\/v2\/product_tag?post=20690"}],"curies":[{"name":"wp","href":"https:\/\/api.w.org\/{rel}","templated":true}]}}