{"id":20580,"date":"2020-09-02T13:37:38","date_gmt":"2020-09-02T12:37:38","guid":{"rendered":"https:\/\/websjop.afuk.frl\/nl\/?post_type=product&#038;p=20580"},"modified":"2020-11-01T11:44:59","modified_gmt":"2020-11-01T10:44:59","slug":"en-it-hie-sa-moai-weze-kinnen-trije-novellen","status":"publish","type":"product","link":"https:\/\/websjop.afuk.frl\/nl\/winkel\/en-it-hie-sa-moai-weze-kinnen-trije-novellen\/","title":{"rendered":"En it hie sa moai w\u00eaze kinnen &#8211; Trije novellen"},"content":{"rendered":"<p>Herdruk van 3 novellen:\u00a0<em>De winter komt, Bertegr\u00fbn en De Sniewinter.<\/em> Opnieuw uitgegeven in een luxe paperback naar aanleiding van de schrijvers 90e verjaardag.<\/p>\n","protected":false},"excerpt":{"rendered":"<p>Herdruk van 3 novellen:\u00a0De winter komt, Bertegr\u00fbn en De Sniewinter. Opnieuw uitgegeven in een luxe paperback naar aanleiding van de schrijvers 90e verjaardag.<\/p>\n","protected":false},"featured_media":20581,"comment_status":"closed","ping_status":"closed","template":"","meta":{"_acf_changed":false},"product_brand":[],"product_cat":[535,537,1215],"product_tag":[16996,16998,16997,5137,16995,5326],"class_list":{"0":"post-20580","1":"product","2":"type-product","3":"status-publish","4":"has-post-thumbnail","6":"product_cat-fryske-boeken","7":"product_cat-romans","8":"product_cat-romans-en-literatuer","9":"product_tag-bertegrun","10":"product_tag-de-sniewinter","11":"product_tag-de-winter-komt","12":"product_tag-durk-van-der-ploeg","13":"product_tag-en-it-hie-sa-moai-weze-kinnen","14":"product_tag-novelle","15":"product_shipping_class-brievenbus-verzending","16":"pa_auteur-durk-van-der-ploeg-2","17":"pa_isbn-16994","18":"pa_new-label-1-3","19":"pa_taal-frysk","20":"pa_uitgever-het-nieuwe-kanaal","22":"first","23":"instock","24":"taxable","25":"shipping-taxable","26":"purchasable","27":"product-type-simple"},"acf":[],"yoast_head":"<!-- This site is optimized with the Yoast SEO plugin v27.3 - https:\/\/yoast.com\/product\/yoast-seo-wordpress\/ -->\n<title>En it hie sa moai w\u00eaze kinnen - Trije novellen &#8211; Af\u00fbk Websjop<\/title>\n<meta name=\"description\" content=\"&#039;En it hie sa moai w\u00eaze kinnen&#039; is een herdruk van 3 novellen van Durk van der Ploeg:\u00a0De winter komt, Bertegr\u00fbn en De Sniewinter.\" \/>\n<meta name=\"robots\" content=\"index, follow, max-snippet:-1, max-image-preview:large, max-video-preview:-1\" \/>\n<link rel=\"canonical\" href=\"https:\/\/websjop.afuk.frl\/nl\/winkel\/en-it-hie-sa-moai-weze-kinnen-trije-novellen\/\" \/>\n<meta property=\"og:locale\" content=\"nl_NL\" \/>\n<meta property=\"og:type\" content=\"article\" \/>\n<meta property=\"og:title\" content=\"En it hie sa moai w\u00eaze kinnen - Trije novellen &#8211; Af\u00fbk Websjop\" \/>\n<meta property=\"og:description\" content=\"&#039;En it hie sa moai w\u00eaze kinnen&#039; is een herdruk van 3 novellen van Durk van der Ploeg:\u00a0De winter komt, Bertegr\u00fbn en De Sniewinter.\" \/>\n<meta property=\"og:url\" content=\"https:\/\/websjop.afuk.frl\/nl\/winkel\/en-it-hie-sa-moai-weze-kinnen-trije-novellen\/\" \/>\n<meta property=\"og:site_name\" content=\"Af\u00fbk Websjop\" \/>\n<meta property=\"article:modified_time\" content=\"2020-11-01T10:44:59+00:00\" \/>\n<meta property=\"og:image\" content=\"https:\/\/websjop.afuk.frl\/wp-content\/uploads\/2020\/09\/en-it-hie-sa-moai-weze-kinnen072.jpg\" \/>\n\t<meta property=\"og:image:width\" content=\"387\" \/>\n\t<meta property=\"og:image:height\" content=\"585\" \/>\n\t<meta property=\"og:image:type\" content=\"image\/jpeg\" \/>\n<meta name=\"twitter:card\" content=\"summary_large_image\" \/>\n<script type=\"application\/ld+json\" class=\"yoast-schema-graph\">{\"@context\":\"https:\\\/\\\/schema.org\",\"@graph\":[{\"@type\":\"WebPage\",\"@id\":\"https:\\\/\\\/websjop.afuk.frl\\\/nl\\\/winkel\\\/en-it-hie-sa-moai-weze-kinnen-trije-novellen\\\/\",\"url\":\"https:\\\/\\\/websjop.afuk.frl\\\/nl\\\/winkel\\\/en-it-hie-sa-moai-weze-kinnen-trije-novellen\\\/\",\"name\":\"En it hie sa moai w\u00eaze kinnen - Trije novellen &#8211; Af\u00fbk Websjop\",\"isPartOf\":{\"@id\":\"https:\\\/\\\/websjop.afuk.frl\\\/nl\\\/#website\"},\"primaryImageOfPage\":{\"@id\":\"https:\\\/\\\/websjop.afuk.frl\\\/nl\\\/winkel\\\/en-it-hie-sa-moai-weze-kinnen-trije-novellen\\\/#primaryimage\"},\"image\":{\"@id\":\"https:\\\/\\\/websjop.afuk.frl\\\/nl\\\/winkel\\\/en-it-hie-sa-moai-weze-kinnen-trije-novellen\\\/#primaryimage\"},\"thumbnailUrl\":\"https:\\\/\\\/websjop.afuk.frl\\\/wp-content\\\/uploads\\\/2020\\\/09\\\/en-it-hie-sa-moai-weze-kinnen072.jpg\",\"datePublished\":\"2020-09-02T12:37:38+00:00\",\"dateModified\":\"2020-11-01T10:44:59+00:00\",\"description\":\"'En it hie sa moai w\u00eaze kinnen' is een herdruk van 3 novellen van Durk van der Ploeg:\u00a0De winter komt, Bertegr\u00fbn en De Sniewinter.\",\"breadcrumb\":{\"@id\":\"https:\\\/\\\/websjop.afuk.frl\\\/nl\\\/winkel\\\/en-it-hie-sa-moai-weze-kinnen-trije-novellen\\\/#breadcrumb\"},\"inLanguage\":\"nl-NL\",\"potentialAction\":[{\"@type\":\"ReadAction\",\"target\":[\"https:\\\/\\\/websjop.afuk.frl\\\/nl\\\/winkel\\\/en-it-hie-sa-moai-weze-kinnen-trije-novellen\\\/\"]}]},{\"@type\":\"ImageObject\",\"inLanguage\":\"nl-NL\",\"@id\":\"https:\\\/\\\/websjop.afuk.frl\\\/nl\\\/winkel\\\/en-it-hie-sa-moai-weze-kinnen-trije-novellen\\\/#primaryimage\",\"url\":\"https:\\\/\\\/websjop.afuk.frl\\\/wp-content\\\/uploads\\\/2020\\\/09\\\/en-it-hie-sa-moai-weze-kinnen072.jpg\",\"contentUrl\":\"https:\\\/\\\/websjop.afuk.frl\\\/wp-content\\\/uploads\\\/2020\\\/09\\\/en-it-hie-sa-moai-weze-kinnen072.jpg\",\"width\":387,\"height\":585,\"caption\":\"En it hie sa moai w\u00eaze kinnen\"},{\"@type\":\"BreadcrumbList\",\"@id\":\"https:\\\/\\\/websjop.afuk.frl\\\/nl\\\/winkel\\\/en-it-hie-sa-moai-weze-kinnen-trije-novellen\\\/#breadcrumb\",\"itemListElement\":[{\"@type\":\"ListItem\",\"position\":1,\"name\":\"Home\",\"item\":\"https:\\\/\\\/websjop.afuk.frl\\\/nl\\\/\"},{\"@type\":\"ListItem\",\"position\":2,\"name\":\"Winkel\",\"item\":\"https:\\\/\\\/websjop.afuk.frl\\\/nl\\\/winkel\\\/\"},{\"@type\":\"ListItem\",\"position\":3,\"name\":\"En it hie sa moai w\u00eaze kinnen &#8211; Trije novellen\"}]},{\"@type\":\"WebSite\",\"@id\":\"https:\\\/\\\/websjop.afuk.frl\\\/nl\\\/#website\",\"url\":\"https:\\\/\\\/websjop.afuk.frl\\\/nl\\\/\",\"name\":\"Af\u00fbk Websjop\",\"description\":\"\",\"potentialAction\":[{\"@type\":\"SearchAction\",\"target\":{\"@type\":\"EntryPoint\",\"urlTemplate\":\"https:\\\/\\\/websjop.afuk.frl\\\/nl\\\/?s={search_term_string}\"},\"query-input\":{\"@type\":\"PropertyValueSpecification\",\"valueRequired\":true,\"valueName\":\"search_term_string\"}}],\"inLanguage\":\"nl-NL\"}]}<\/script>\n<!-- \/ Yoast SEO plugin. -->","yoast_head_json":{"title":"En it hie sa moai w\u00eaze kinnen - Trije novellen &#8211; Af\u00fbk Websjop","description":"'En it hie sa moai w\u00eaze kinnen' is een herdruk van 3 novellen van Durk van der Ploeg:\u00a0De winter komt, Bertegr\u00fbn en De Sniewinter.","robots":{"index":"index","follow":"follow","max-snippet":"max-snippet:-1","max-image-preview":"max-image-preview:large","max-video-preview":"max-video-preview:-1"},"canonical":"https:\/\/websjop.afuk.frl\/nl\/winkel\/en-it-hie-sa-moai-weze-kinnen-trije-novellen\/","og_locale":"nl_NL","og_type":"article","og_title":"En it hie sa moai w\u00eaze kinnen - Trije novellen &#8211; Af\u00fbk Websjop","og_description":"'En it hie sa moai w\u00eaze kinnen' is een herdruk van 3 novellen van Durk van der Ploeg:\u00a0De winter komt, Bertegr\u00fbn en De Sniewinter.","og_url":"https:\/\/websjop.afuk.frl\/nl\/winkel\/en-it-hie-sa-moai-weze-kinnen-trije-novellen\/","og_site_name":"Af\u00fbk Websjop","article_modified_time":"2020-11-01T10:44:59+00:00","og_image":[{"width":387,"height":585,"url":"https:\/\/websjop.afuk.frl\/wp-content\/uploads\/2020\/09\/en-it-hie-sa-moai-weze-kinnen072.jpg","type":"image\/jpeg"}],"twitter_card":"summary_large_image","schema":{"@context":"https:\/\/schema.org","@graph":[{"@type":"WebPage","@id":"https:\/\/websjop.afuk.frl\/nl\/winkel\/en-it-hie-sa-moai-weze-kinnen-trije-novellen\/","url":"https:\/\/websjop.afuk.frl\/nl\/winkel\/en-it-hie-sa-moai-weze-kinnen-trije-novellen\/","name":"En it hie sa moai w\u00eaze kinnen - Trije novellen &#8211; Af\u00fbk Websjop","isPartOf":{"@id":"https:\/\/websjop.afuk.frl\/nl\/#website"},"primaryImageOfPage":{"@id":"https:\/\/websjop.afuk.frl\/nl\/winkel\/en-it-hie-sa-moai-weze-kinnen-trije-novellen\/#primaryimage"},"image":{"@id":"https:\/\/websjop.afuk.frl\/nl\/winkel\/en-it-hie-sa-moai-weze-kinnen-trije-novellen\/#primaryimage"},"thumbnailUrl":"https:\/\/websjop.afuk.frl\/wp-content\/uploads\/2020\/09\/en-it-hie-sa-moai-weze-kinnen072.jpg","datePublished":"2020-09-02T12:37:38+00:00","dateModified":"2020-11-01T10:44:59+00:00","description":"'En it hie sa moai w\u00eaze kinnen' is een herdruk van 3 novellen van Durk van der Ploeg:\u00a0De winter komt, Bertegr\u00fbn en De Sniewinter.","breadcrumb":{"@id":"https:\/\/websjop.afuk.frl\/nl\/winkel\/en-it-hie-sa-moai-weze-kinnen-trije-novellen\/#breadcrumb"},"inLanguage":"nl-NL","potentialAction":[{"@type":"ReadAction","target":["https:\/\/websjop.afuk.frl\/nl\/winkel\/en-it-hie-sa-moai-weze-kinnen-trije-novellen\/"]}]},{"@type":"ImageObject","inLanguage":"nl-NL","@id":"https:\/\/websjop.afuk.frl\/nl\/winkel\/en-it-hie-sa-moai-weze-kinnen-trije-novellen\/#primaryimage","url":"https:\/\/websjop.afuk.frl\/wp-content\/uploads\/2020\/09\/en-it-hie-sa-moai-weze-kinnen072.jpg","contentUrl":"https:\/\/websjop.afuk.frl\/wp-content\/uploads\/2020\/09\/en-it-hie-sa-moai-weze-kinnen072.jpg","width":387,"height":585,"caption":"En it hie sa moai w\u00eaze kinnen"},{"@type":"BreadcrumbList","@id":"https:\/\/websjop.afuk.frl\/nl\/winkel\/en-it-hie-sa-moai-weze-kinnen-trije-novellen\/#breadcrumb","itemListElement":[{"@type":"ListItem","position":1,"name":"Home","item":"https:\/\/websjop.afuk.frl\/nl\/"},{"@type":"ListItem","position":2,"name":"Winkel","item":"https:\/\/websjop.afuk.frl\/nl\/winkel\/"},{"@type":"ListItem","position":3,"name":"En it hie sa moai w\u00eaze kinnen &#8211; Trije novellen"}]},{"@type":"WebSite","@id":"https:\/\/websjop.afuk.frl\/nl\/#website","url":"https:\/\/websjop.afuk.frl\/nl\/","name":"Af\u00fbk Websjop","description":"","potentialAction":[{"@type":"SearchAction","target":{"@type":"EntryPoint","urlTemplate":"https:\/\/websjop.afuk.frl\/nl\/?s={search_term_string}"},"query-input":{"@type":"PropertyValueSpecification","valueRequired":true,"valueName":"search_term_string"}}],"inLanguage":"nl-NL"}]}},"_links":{"self":[{"href":"https:\/\/websjop.afuk.frl\/nl\/wp-json\/wp\/v2\/product\/20580","targetHints":{"allow":["GET"]}}],"collection":[{"href":"https:\/\/websjop.afuk.frl\/nl\/wp-json\/wp\/v2\/product"}],"about":[{"href":"https:\/\/websjop.afuk.frl\/nl\/wp-json\/wp\/v2\/types\/product"}],"replies":[{"embeddable":true,"href":"https:\/\/websjop.afuk.frl\/nl\/wp-json\/wp\/v2\/comments?post=20580"}],"wp:featuredmedia":[{"embeddable":true,"href":"https:\/\/websjop.afuk.frl\/nl\/wp-json\/wp\/v2\/media\/20581"}],"wp:attachment":[{"href":"https:\/\/websjop.afuk.frl\/nl\/wp-json\/wp\/v2\/media?parent=20580"}],"wp:term":[{"taxonomy":"product_brand","embeddable":true,"href":"https:\/\/websjop.afuk.frl\/nl\/wp-json\/wp\/v2\/product_brand?post=20580"},{"taxonomy":"product_cat","embeddable":true,"href":"https:\/\/websjop.afuk.frl\/nl\/wp-json\/wp\/v2\/product_cat?post=20580"},{"taxonomy":"product_tag","embeddable":true,"href":"https:\/\/websjop.afuk.frl\/nl\/wp-json\/wp\/v2\/product_tag?post=20580"}],"curies":[{"name":"wp","href":"https:\/\/api.w.org\/{rel}","templated":true}]}}