{"id":20031,"date":"2020-07-11T10:59:02","date_gmt":"2020-07-11T09:59:02","guid":{"rendered":"https:\/\/websjop.afuk.frl\/nl\/?post_type=product&#038;p=20031"},"modified":"2024-11-18T16:00:32","modified_gmt":"2024-11-18T15:00:32","slug":"jesse","status":"publish","type":"product","link":"https:\/\/websjop.afuk.frl\/nl\/winkel\/jesse\/","title":{"rendered":"Jesse"},"content":{"rendered":"<p>Joshua moet verhuizen. Hij komt van Leeuwarden en gaat met z&#8217;n moeder bij opa wonen, op de boerderij aan de zeedijk. Waarom moest hij zo hals-over-kop verhuizen en wordt zijn naam ineens veranderd in Jesse?<\/p>\n<p>Het nieuwste Friese kinderboek van Mindert Wijnstra!<\/p>\n<hr \/>\n<p><em>Grietje: &#8220;It boek is sa skreaun dat je nei elk haadstik fierder l\u00eaze wolle wat der no barre sil. We f\u00fbnen it spitich dat it boek \u00fat wie en hoopje op in ferfolch. Want wy binne hiel nijsgjirrich hoe\u2019t it fierder gean sil mei Jesse.&#8221; <a href=\"https:\/\/heitenmem.nl\/artikel\/19848\/boekresinsje-fan-grietje-jesse\/\" target=\"_blank\" rel=\"noopener noreferrer\">L\u00eas hjir de hiele boekresinsje fan Grietje.<\/a><\/em><\/p>\n<p><em>Tryntsje: &#8220;It boek is hiel spannend skreaun, alle kearen as ik it fuort lizze moat, wol de klasse hiel graach witte hoe\u2019t it fierder giet. It tema en de skriuwwize binne hiel oansprekkend. Ek it feit dat it him \u00f4fspilet yn de omjouwing fan de bern makket dat der fol oandacht l\u00fastere wurdt. Al mei al in prachtich boek foar bern \u00fat groep 7\/8!&#8221; <a href=\"https:\/\/heitenmem.nl\/artikel\/20357\/jesse-in-prachtich-boek-foar-bern-ut-groep-7-8\/\" target=\"_blank\" rel=\"noopener noreferrer\">L\u00eas hjir de folsleine resinsje fan Tryntsje.<\/a><\/em><\/p>\n","protected":false},"excerpt":{"rendered":"<p>Joshua moet verhuizen. Hij komt van Leeuwarden en gaat met z&#8217;n moeder bij opa wonen, op de boerderij aan de zeedijk. Waarom moest hij zo hals-over-kop verhuizen en wordt zijn naam ineens veranderd in Jesse? Het nieuwste Friese kinderboek van Mindert Wijnstra! Grietje: &#8220;It boek is sa skreaun dat je nei elk haadstik fierder l\u00eaze [&hellip;]<\/p>\n","protected":false},"featured_media":20032,"comment_status":"closed","ping_status":"closed","template":"","meta":{"_acf_changed":false},"product_brand":[],"product_cat":[1213,551,535,23212],"product_tag":[6502,17437,17436,16028,16030,16029,6193],"class_list":{"0":"post-20031","1":"product","2":"type-product","3":"status-publish","4":"has-post-thumbnail","6":"product_cat-berne-en-jeugdboeken","7":"product_cat-berneboeken-8-12","8":"product_cat-fryske-boeken","9":"product_cat-tema-10-oant-12-jier","10":"product_tag-ferhuzje","11":"product_tag-groep-7","12":"product_tag-groep-8","13":"product_tag-jesse","14":"product_tag-leesboek","15":"product_tag-lesboek","16":"product_tag-mindert-wijnstra","17":"product_shipping_class-brievenbus-verzending","18":"pa_auteur-mindert-wijnstra-2","19":"pa_isbn-16027","20":"pa_new-label-1-3","21":"pa_taal-frysk","22":"pa_uitgever-afuk","24":"first","25":"instock","26":"taxable","27":"shipping-taxable","28":"purchasable","29":"product-type-simple"},"acf":[],"yoast_head":"<!-- This site is optimized with the Yoast SEO plugin v27.2 - https:\/\/yoast.com\/product\/yoast-seo-wordpress\/ -->\n<title>Jesse &#8211; Af\u00fbk Websjop<\/title>\n<meta name=\"description\" content=\"Joshua moet verhuizen. Hij gaat met z&#039;n moeder bij opa wonen, op de boerderij. Waarom moest hij ineens verhuizen en wordt zijn naam veranderd in Jesse?\" \/>\n<meta name=\"robots\" content=\"index, follow, max-snippet:-1, max-image-preview:large, max-video-preview:-1\" \/>\n<link rel=\"canonical\" href=\"https:\/\/websjop.afuk.frl\/nl\/winkel\/jesse\/\" \/>\n<meta property=\"og:locale\" content=\"nl_NL\" \/>\n<meta property=\"og:type\" content=\"article\" \/>\n<meta property=\"og:title\" content=\"Jesse &#8211; Af\u00fbk Websjop\" \/>\n<meta property=\"og:description\" content=\"Joshua moet verhuizen. Hij gaat met z&#039;n moeder bij opa wonen, op de boerderij. Waarom moest hij ineens verhuizen en wordt zijn naam veranderd in Jesse?\" \/>\n<meta property=\"og:url\" content=\"https:\/\/websjop.afuk.frl\/nl\/winkel\/jesse\/\" \/>\n<meta property=\"og:site_name\" content=\"Af\u00fbk Websjop\" \/>\n<meta property=\"article:modified_time\" content=\"2024-11-18T15:00:32+00:00\" \/>\n<meta property=\"og:image\" content=\"https:\/\/websjop.afuk.frl\/wp-content\/uploads\/2020\/07\/Jesse-LR.jpg\" \/>\n\t<meta property=\"og:image:width\" content=\"1000\" \/>\n\t<meta property=\"og:image:height\" content=\"1378\" \/>\n\t<meta property=\"og:image:type\" content=\"image\/jpeg\" \/>\n<meta name=\"twitter:card\" content=\"summary_large_image\" \/>\n<meta name=\"twitter:label1\" content=\"Geschatte leestijd\" \/>\n\t<meta name=\"twitter:data1\" content=\"1 minuut\" \/>\n<script type=\"application\/ld+json\" class=\"yoast-schema-graph\">{\"@context\":\"https:\/\/schema.org\",\"@graph\":[{\"@type\":\"WebPage\",\"@id\":\"https:\/\/websjop.afuk.frl\/nl\/winkel\/jesse\/\",\"url\":\"https:\/\/websjop.afuk.frl\/nl\/winkel\/jesse\/\",\"name\":\"Jesse &#8211; Af\u00fbk Websjop\",\"isPartOf\":{\"@id\":\"https:\/\/websjop.afuk.frl\/nl\/#website\"},\"primaryImageOfPage\":{\"@id\":\"https:\/\/websjop.afuk.frl\/nl\/winkel\/jesse\/#primaryimage\"},\"image\":{\"@id\":\"https:\/\/websjop.afuk.frl\/nl\/winkel\/jesse\/#primaryimage\"},\"thumbnailUrl\":\"https:\/\/websjop.afuk.frl\/wp-content\/uploads\/2020\/07\/Jesse-LR.jpg\",\"datePublished\":\"2020-07-11T09:59:02+00:00\",\"dateModified\":\"2024-11-18T15:00:32+00:00\",\"description\":\"Joshua moet verhuizen. Hij gaat met z'n moeder bij opa wonen, op de boerderij. Waarom moest hij ineens verhuizen en wordt zijn naam veranderd in Jesse?\",\"breadcrumb\":{\"@id\":\"https:\/\/websjop.afuk.frl\/nl\/winkel\/jesse\/#breadcrumb\"},\"inLanguage\":\"nl-NL\",\"potentialAction\":[{\"@type\":\"ReadAction\",\"target\":[\"https:\/\/websjop.afuk.frl\/nl\/winkel\/jesse\/\"]}]},{\"@type\":\"ImageObject\",\"inLanguage\":\"nl-NL\",\"@id\":\"https:\/\/websjop.afuk.frl\/nl\/winkel\/jesse\/#primaryimage\",\"url\":\"https:\/\/websjop.afuk.frl\/wp-content\/uploads\/2020\/07\/Jesse-LR.jpg\",\"contentUrl\":\"https:\/\/websjop.afuk.frl\/wp-content\/uploads\/2020\/07\/Jesse-LR.jpg\",\"width\":1000,\"height\":1378,\"caption\":\"Jesse\"},{\"@type\":\"BreadcrumbList\",\"@id\":\"https:\/\/websjop.afuk.frl\/nl\/winkel\/jesse\/#breadcrumb\",\"itemListElement\":[{\"@type\":\"ListItem\",\"position\":1,\"name\":\"Home\",\"item\":\"https:\/\/websjop.afuk.frl\/nl\/\"},{\"@type\":\"ListItem\",\"position\":2,\"name\":\"Winkel\",\"item\":\"https:\/\/websjop.afuk.frl\/nl\/winkel\/\"},{\"@type\":\"ListItem\",\"position\":3,\"name\":\"Jesse\"}]},{\"@type\":\"WebSite\",\"@id\":\"https:\/\/websjop.afuk.frl\/nl\/#website\",\"url\":\"https:\/\/websjop.afuk.frl\/nl\/\",\"name\":\"Af\u00fbk Websjop\",\"description\":\"\",\"potentialAction\":[{\"@type\":\"SearchAction\",\"target\":{\"@type\":\"EntryPoint\",\"urlTemplate\":\"https:\/\/websjop.afuk.frl\/nl\/?s={search_term_string}\"},\"query-input\":{\"@type\":\"PropertyValueSpecification\",\"valueRequired\":true,\"valueName\":\"search_term_string\"}}],\"inLanguage\":\"nl-NL\"}]}<\/script>\n<!-- \/ Yoast SEO plugin. -->","yoast_head_json":{"title":"Jesse &#8211; Af\u00fbk Websjop","description":"Joshua moet verhuizen. Hij gaat met z'n moeder bij opa wonen, op de boerderij. Waarom moest hij ineens verhuizen en wordt zijn naam veranderd in Jesse?","robots":{"index":"index","follow":"follow","max-snippet":"max-snippet:-1","max-image-preview":"max-image-preview:large","max-video-preview":"max-video-preview:-1"},"canonical":"https:\/\/websjop.afuk.frl\/nl\/winkel\/jesse\/","og_locale":"nl_NL","og_type":"article","og_title":"Jesse &#8211; Af\u00fbk Websjop","og_description":"Joshua moet verhuizen. Hij gaat met z'n moeder bij opa wonen, op de boerderij. Waarom moest hij ineens verhuizen en wordt zijn naam veranderd in Jesse?","og_url":"https:\/\/websjop.afuk.frl\/nl\/winkel\/jesse\/","og_site_name":"Af\u00fbk Websjop","article_modified_time":"2024-11-18T15:00:32+00:00","og_image":[{"width":1000,"height":1378,"url":"https:\/\/websjop.afuk.frl\/wp-content\/uploads\/2020\/07\/Jesse-LR.jpg","type":"image\/jpeg"}],"twitter_card":"summary_large_image","twitter_misc":{"Geschatte leestijd":"1 minuut"},"schema":{"@context":"https:\/\/schema.org","@graph":[{"@type":"WebPage","@id":"https:\/\/websjop.afuk.frl\/nl\/winkel\/jesse\/","url":"https:\/\/websjop.afuk.frl\/nl\/winkel\/jesse\/","name":"Jesse &#8211; Af\u00fbk Websjop","isPartOf":{"@id":"https:\/\/websjop.afuk.frl\/nl\/#website"},"primaryImageOfPage":{"@id":"https:\/\/websjop.afuk.frl\/nl\/winkel\/jesse\/#primaryimage"},"image":{"@id":"https:\/\/websjop.afuk.frl\/nl\/winkel\/jesse\/#primaryimage"},"thumbnailUrl":"https:\/\/websjop.afuk.frl\/wp-content\/uploads\/2020\/07\/Jesse-LR.jpg","datePublished":"2020-07-11T09:59:02+00:00","dateModified":"2024-11-18T15:00:32+00:00","description":"Joshua moet verhuizen. Hij gaat met z'n moeder bij opa wonen, op de boerderij. Waarom moest hij ineens verhuizen en wordt zijn naam veranderd in Jesse?","breadcrumb":{"@id":"https:\/\/websjop.afuk.frl\/nl\/winkel\/jesse\/#breadcrumb"},"inLanguage":"nl-NL","potentialAction":[{"@type":"ReadAction","target":["https:\/\/websjop.afuk.frl\/nl\/winkel\/jesse\/"]}]},{"@type":"ImageObject","inLanguage":"nl-NL","@id":"https:\/\/websjop.afuk.frl\/nl\/winkel\/jesse\/#primaryimage","url":"https:\/\/websjop.afuk.frl\/wp-content\/uploads\/2020\/07\/Jesse-LR.jpg","contentUrl":"https:\/\/websjop.afuk.frl\/wp-content\/uploads\/2020\/07\/Jesse-LR.jpg","width":1000,"height":1378,"caption":"Jesse"},{"@type":"BreadcrumbList","@id":"https:\/\/websjop.afuk.frl\/nl\/winkel\/jesse\/#breadcrumb","itemListElement":[{"@type":"ListItem","position":1,"name":"Home","item":"https:\/\/websjop.afuk.frl\/nl\/"},{"@type":"ListItem","position":2,"name":"Winkel","item":"https:\/\/websjop.afuk.frl\/nl\/winkel\/"},{"@type":"ListItem","position":3,"name":"Jesse"}]},{"@type":"WebSite","@id":"https:\/\/websjop.afuk.frl\/nl\/#website","url":"https:\/\/websjop.afuk.frl\/nl\/","name":"Af\u00fbk Websjop","description":"","potentialAction":[{"@type":"SearchAction","target":{"@type":"EntryPoint","urlTemplate":"https:\/\/websjop.afuk.frl\/nl\/?s={search_term_string}"},"query-input":{"@type":"PropertyValueSpecification","valueRequired":true,"valueName":"search_term_string"}}],"inLanguage":"nl-NL"}]}},"_links":{"self":[{"href":"https:\/\/websjop.afuk.frl\/nl\/wp-json\/wp\/v2\/product\/20031","targetHints":{"allow":["GET"]}}],"collection":[{"href":"https:\/\/websjop.afuk.frl\/nl\/wp-json\/wp\/v2\/product"}],"about":[{"href":"https:\/\/websjop.afuk.frl\/nl\/wp-json\/wp\/v2\/types\/product"}],"replies":[{"embeddable":true,"href":"https:\/\/websjop.afuk.frl\/nl\/wp-json\/wp\/v2\/comments?post=20031"}],"wp:featuredmedia":[{"embeddable":true,"href":"https:\/\/websjop.afuk.frl\/nl\/wp-json\/wp\/v2\/media\/20032"}],"wp:attachment":[{"href":"https:\/\/websjop.afuk.frl\/nl\/wp-json\/wp\/v2\/media?parent=20031"}],"wp:term":[{"taxonomy":"product_brand","embeddable":true,"href":"https:\/\/websjop.afuk.frl\/nl\/wp-json\/wp\/v2\/product_brand?post=20031"},{"taxonomy":"product_cat","embeddable":true,"href":"https:\/\/websjop.afuk.frl\/nl\/wp-json\/wp\/v2\/product_cat?post=20031"},{"taxonomy":"product_tag","embeddable":true,"href":"https:\/\/websjop.afuk.frl\/nl\/wp-json\/wp\/v2\/product_tag?post=20031"}],"curies":[{"name":"wp","href":"https:\/\/api.w.org\/{rel}","templated":true}]}}