{"id":19847,"date":"2017-06-29T12:04:33","date_gmt":"2017-06-29T11:04:33","guid":{"rendered":"https:\/\/websjop.afuk.frl\/nl\/?post_type=product&#038;p=19847"},"modified":"2020-06-29T12:05:03","modified_gmt":"2020-06-29T11:05:03","slug":"buorkje-yn-fryslan","status":"publish","type":"product","link":"https:\/\/websjop.afuk.frl\/nl\/winkel\/buorkje-yn-fryslan\/","title":{"rendered":"Buorkje yn Frysl\u00e2n"},"content":{"rendered":"<p>Een schets van het boerenleven in de twintigste eeuw.<\/p>\n","protected":false},"excerpt":{"rendered":"<p>Een schets van het boerenleven in de twintigste eeuw.<\/p>\n","protected":false},"featured_media":19849,"comment_status":"closed","ping_status":"closed","template":"","meta":{"_acf_changed":false},"product_brand":[],"product_cat":[1207,545,535,542,539],"product_tag":[7150,5741,14025,15435,15436,5590],"class_list":{"0":"post-19847","1":"product","2":"type-product","3":"status-publish","4":"has-post-thumbnail","6":"product_cat-39-yndustrialisaasje","7":"product_cat-fotoboeken","8":"product_cat-fryske-boeken","9":"product_cat-natoer","10":"product_cat-skiednis","11":"product_tag-boerelibben","12":"product_tag-boeren","13":"product_tag-boerenleven","14":"product_tag-buorkje-yn-fryslan","15":"product_tag-lanbou","16":"product_tag-landbouw","17":"product_shipping_class-brievenbus-verzending","18":"pa_auteur-harm-en-foppe-kielstra-2","19":"pa_isbn-1677","20":"pa_taal-frysk","21":"pa_uitgever-bornmeer","23":"first","24":"instock","25":"taxable","26":"shipping-taxable","27":"purchasable","28":"product-type-simple"},"acf":[],"yoast_head":"<!-- This site is optimized with the Yoast SEO plugin v27.3 - https:\/\/yoast.com\/product\/yoast-seo-wordpress\/ -->\n<title>Buorkje yn Frysl\u00e2n &#8211; Af\u00fbk Websjop<\/title>\n<meta name=\"description\" content=\"Buorkje yn Frysl\u00e2n, een schets van het boerenleven in de twintigste eeuw. Over veranderingen en de revolutie in de Friese landbouw.\" \/>\n<meta name=\"robots\" content=\"index, follow, max-snippet:-1, max-image-preview:large, max-video-preview:-1\" \/>\n<link rel=\"canonical\" href=\"https:\/\/websjop.afuk.frl\/nl\/winkel\/buorkje-yn-fryslan\/\" \/>\n<meta property=\"og:locale\" content=\"nl_NL\" \/>\n<meta property=\"og:type\" content=\"article\" \/>\n<meta property=\"og:title\" content=\"Buorkje yn Frysl\u00e2n &#8211; Af\u00fbk Websjop\" \/>\n<meta property=\"og:description\" content=\"Buorkje yn Frysl\u00e2n, een schets van het boerenleven in de twintigste eeuw. Over veranderingen en de revolutie in de Friese landbouw.\" \/>\n<meta property=\"og:url\" content=\"https:\/\/websjop.afuk.frl\/nl\/winkel\/buorkje-yn-fryslan\/\" \/>\n<meta property=\"og:site_name\" content=\"Af\u00fbk Websjop\" \/>\n<meta property=\"article:modified_time\" content=\"2020-06-29T11:05:03+00:00\" \/>\n<meta property=\"og:image\" content=\"https:\/\/websjop.afuk.frl\/wp-content\/uploads\/2020\/06\/Buorkje-yn-Frysl\u00e2n031.jpg\" \/>\n\t<meta property=\"og:image:width\" content=\"455\" \/>\n\t<meta property=\"og:image:height\" content=\"586\" \/>\n\t<meta property=\"og:image:type\" content=\"image\/jpeg\" \/>\n<meta name=\"twitter:card\" content=\"summary_large_image\" \/>\n<script type=\"application\/ld+json\" class=\"yoast-schema-graph\">{\"@context\":\"https:\\\/\\\/schema.org\",\"@graph\":[{\"@type\":\"WebPage\",\"@id\":\"https:\\\/\\\/websjop.afuk.frl\\\/nl\\\/winkel\\\/buorkje-yn-fryslan\\\/\",\"url\":\"https:\\\/\\\/websjop.afuk.frl\\\/nl\\\/winkel\\\/buorkje-yn-fryslan\\\/\",\"name\":\"Buorkje yn Frysl\u00e2n &#8211; Af\u00fbk Websjop\",\"isPartOf\":{\"@id\":\"https:\\\/\\\/websjop.afuk.frl\\\/nl\\\/#website\"},\"primaryImageOfPage\":{\"@id\":\"https:\\\/\\\/websjop.afuk.frl\\\/nl\\\/winkel\\\/buorkje-yn-fryslan\\\/#primaryimage\"},\"image\":{\"@id\":\"https:\\\/\\\/websjop.afuk.frl\\\/nl\\\/winkel\\\/buorkje-yn-fryslan\\\/#primaryimage\"},\"thumbnailUrl\":\"https:\\\/\\\/websjop.afuk.frl\\\/wp-content\\\/uploads\\\/2020\\\/06\\\/Buorkje-yn-Frysl\u00e2n031.jpg\",\"datePublished\":\"2017-06-29T11:04:33+00:00\",\"dateModified\":\"2020-06-29T11:05:03+00:00\",\"description\":\"Buorkje yn Frysl\u00e2n, een schets van het boerenleven in de twintigste eeuw. Over veranderingen en de revolutie in de Friese landbouw.\",\"breadcrumb\":{\"@id\":\"https:\\\/\\\/websjop.afuk.frl\\\/nl\\\/winkel\\\/buorkje-yn-fryslan\\\/#breadcrumb\"},\"inLanguage\":\"nl-NL\",\"potentialAction\":[{\"@type\":\"ReadAction\",\"target\":[\"https:\\\/\\\/websjop.afuk.frl\\\/nl\\\/winkel\\\/buorkje-yn-fryslan\\\/\"]}]},{\"@type\":\"ImageObject\",\"inLanguage\":\"nl-NL\",\"@id\":\"https:\\\/\\\/websjop.afuk.frl\\\/nl\\\/winkel\\\/buorkje-yn-fryslan\\\/#primaryimage\",\"url\":\"https:\\\/\\\/websjop.afuk.frl\\\/wp-content\\\/uploads\\\/2020\\\/06\\\/Buorkje-yn-Frysl\u00e2n031.jpg\",\"contentUrl\":\"https:\\\/\\\/websjop.afuk.frl\\\/wp-content\\\/uploads\\\/2020\\\/06\\\/Buorkje-yn-Frysl\u00e2n031.jpg\",\"width\":455,\"height\":586,\"caption\":\"Buorkje yn Frysl\u00e2n\"},{\"@type\":\"BreadcrumbList\",\"@id\":\"https:\\\/\\\/websjop.afuk.frl\\\/nl\\\/winkel\\\/buorkje-yn-fryslan\\\/#breadcrumb\",\"itemListElement\":[{\"@type\":\"ListItem\",\"position\":1,\"name\":\"Home\",\"item\":\"https:\\\/\\\/websjop.afuk.frl\\\/nl\\\/\"},{\"@type\":\"ListItem\",\"position\":2,\"name\":\"Winkel\",\"item\":\"https:\\\/\\\/websjop.afuk.frl\\\/nl\\\/winkel\\\/\"},{\"@type\":\"ListItem\",\"position\":3,\"name\":\"Buorkje yn Frysl\u00e2n\"}]},{\"@type\":\"WebSite\",\"@id\":\"https:\\\/\\\/websjop.afuk.frl\\\/nl\\\/#website\",\"url\":\"https:\\\/\\\/websjop.afuk.frl\\\/nl\\\/\",\"name\":\"Af\u00fbk Websjop\",\"description\":\"\",\"potentialAction\":[{\"@type\":\"SearchAction\",\"target\":{\"@type\":\"EntryPoint\",\"urlTemplate\":\"https:\\\/\\\/websjop.afuk.frl\\\/nl\\\/?s={search_term_string}\"},\"query-input\":{\"@type\":\"PropertyValueSpecification\",\"valueRequired\":true,\"valueName\":\"search_term_string\"}}],\"inLanguage\":\"nl-NL\"}]}<\/script>\n<!-- \/ Yoast SEO plugin. -->","yoast_head_json":{"title":"Buorkje yn Frysl\u00e2n &#8211; Af\u00fbk Websjop","description":"Buorkje yn Frysl\u00e2n, een schets van het boerenleven in de twintigste eeuw. Over veranderingen en de revolutie in de Friese landbouw.","robots":{"index":"index","follow":"follow","max-snippet":"max-snippet:-1","max-image-preview":"max-image-preview:large","max-video-preview":"max-video-preview:-1"},"canonical":"https:\/\/websjop.afuk.frl\/nl\/winkel\/buorkje-yn-fryslan\/","og_locale":"nl_NL","og_type":"article","og_title":"Buorkje yn Frysl\u00e2n &#8211; Af\u00fbk Websjop","og_description":"Buorkje yn Frysl\u00e2n, een schets van het boerenleven in de twintigste eeuw. Over veranderingen en de revolutie in de Friese landbouw.","og_url":"https:\/\/websjop.afuk.frl\/nl\/winkel\/buorkje-yn-fryslan\/","og_site_name":"Af\u00fbk Websjop","article_modified_time":"2020-06-29T11:05:03+00:00","og_image":[{"width":455,"height":586,"url":"https:\/\/websjop.afuk.frl\/wp-content\/uploads\/2020\/06\/Buorkje-yn-Frysl\u00e2n031.jpg","type":"image\/jpeg"}],"twitter_card":"summary_large_image","schema":{"@context":"https:\/\/schema.org","@graph":[{"@type":"WebPage","@id":"https:\/\/websjop.afuk.frl\/nl\/winkel\/buorkje-yn-fryslan\/","url":"https:\/\/websjop.afuk.frl\/nl\/winkel\/buorkje-yn-fryslan\/","name":"Buorkje yn Frysl\u00e2n &#8211; Af\u00fbk Websjop","isPartOf":{"@id":"https:\/\/websjop.afuk.frl\/nl\/#website"},"primaryImageOfPage":{"@id":"https:\/\/websjop.afuk.frl\/nl\/winkel\/buorkje-yn-fryslan\/#primaryimage"},"image":{"@id":"https:\/\/websjop.afuk.frl\/nl\/winkel\/buorkje-yn-fryslan\/#primaryimage"},"thumbnailUrl":"https:\/\/websjop.afuk.frl\/wp-content\/uploads\/2020\/06\/Buorkje-yn-Frysl\u00e2n031.jpg","datePublished":"2017-06-29T11:04:33+00:00","dateModified":"2020-06-29T11:05:03+00:00","description":"Buorkje yn Frysl\u00e2n, een schets van het boerenleven in de twintigste eeuw. Over veranderingen en de revolutie in de Friese landbouw.","breadcrumb":{"@id":"https:\/\/websjop.afuk.frl\/nl\/winkel\/buorkje-yn-fryslan\/#breadcrumb"},"inLanguage":"nl-NL","potentialAction":[{"@type":"ReadAction","target":["https:\/\/websjop.afuk.frl\/nl\/winkel\/buorkje-yn-fryslan\/"]}]},{"@type":"ImageObject","inLanguage":"nl-NL","@id":"https:\/\/websjop.afuk.frl\/nl\/winkel\/buorkje-yn-fryslan\/#primaryimage","url":"https:\/\/websjop.afuk.frl\/wp-content\/uploads\/2020\/06\/Buorkje-yn-Frysl\u00e2n031.jpg","contentUrl":"https:\/\/websjop.afuk.frl\/wp-content\/uploads\/2020\/06\/Buorkje-yn-Frysl\u00e2n031.jpg","width":455,"height":586,"caption":"Buorkje yn Frysl\u00e2n"},{"@type":"BreadcrumbList","@id":"https:\/\/websjop.afuk.frl\/nl\/winkel\/buorkje-yn-fryslan\/#breadcrumb","itemListElement":[{"@type":"ListItem","position":1,"name":"Home","item":"https:\/\/websjop.afuk.frl\/nl\/"},{"@type":"ListItem","position":2,"name":"Winkel","item":"https:\/\/websjop.afuk.frl\/nl\/winkel\/"},{"@type":"ListItem","position":3,"name":"Buorkje yn Frysl\u00e2n"}]},{"@type":"WebSite","@id":"https:\/\/websjop.afuk.frl\/nl\/#website","url":"https:\/\/websjop.afuk.frl\/nl\/","name":"Af\u00fbk Websjop","description":"","potentialAction":[{"@type":"SearchAction","target":{"@type":"EntryPoint","urlTemplate":"https:\/\/websjop.afuk.frl\/nl\/?s={search_term_string}"},"query-input":{"@type":"PropertyValueSpecification","valueRequired":true,"valueName":"search_term_string"}}],"inLanguage":"nl-NL"}]}},"_links":{"self":[{"href":"https:\/\/websjop.afuk.frl\/nl\/wp-json\/wp\/v2\/product\/19847","targetHints":{"allow":["GET"]}}],"collection":[{"href":"https:\/\/websjop.afuk.frl\/nl\/wp-json\/wp\/v2\/product"}],"about":[{"href":"https:\/\/websjop.afuk.frl\/nl\/wp-json\/wp\/v2\/types\/product"}],"replies":[{"embeddable":true,"href":"https:\/\/websjop.afuk.frl\/nl\/wp-json\/wp\/v2\/comments?post=19847"}],"wp:featuredmedia":[{"embeddable":true,"href":"https:\/\/websjop.afuk.frl\/nl\/wp-json\/wp\/v2\/media\/19849"}],"wp:attachment":[{"href":"https:\/\/websjop.afuk.frl\/nl\/wp-json\/wp\/v2\/media?parent=19847"}],"wp:term":[{"taxonomy":"product_brand","embeddable":true,"href":"https:\/\/websjop.afuk.frl\/nl\/wp-json\/wp\/v2\/product_brand?post=19847"},{"taxonomy":"product_cat","embeddable":true,"href":"https:\/\/websjop.afuk.frl\/nl\/wp-json\/wp\/v2\/product_cat?post=19847"},{"taxonomy":"product_tag","embeddable":true,"href":"https:\/\/websjop.afuk.frl\/nl\/wp-json\/wp\/v2\/product_tag?post=19847"}],"curies":[{"name":"wp","href":"https:\/\/api.w.org\/{rel}","templated":true}]}}