{"id":19620,"date":"2020-06-19T08:56:17","date_gmt":"2020-06-19T07:56:17","guid":{"rendered":"https:\/\/websjop.afuk.frl\/nl\/?post_type=product&#038;p=19620"},"modified":"2021-03-11T10:02:06","modified_gmt":"2021-03-11T09:02:06","slug":"spoorzoeken-wandelknooppuntkaart-fryslan-wadden-deelkaart-2","status":"publish","type":"product","link":"https:\/\/websjop.afuk.frl\/nl\/winkel\/spoorzoeken-wandelknooppuntkaart-fryslan-wadden-deelkaart-2\/","title":{"rendered":"Spoorzoeken Wandelknooppuntkaart Frysl\u00e2n &#8211; Wadden, deelkaart 2"},"content":{"rendered":"<p>Wandelknooppuntkaart Frysl\u00e2n &#8211; Wadden, deelkaart 2.<\/p>\n<p>Je bepaalt zelf je route en het aantal kilometers dat je wilt wandelen. Je kunt in twee richtingen wandelen, van knooppunt naar knooppunt. Onthoud het nummer van de startplaats waar je begint, zodat je, indien gewenst, ook weer kunt eindigen op het beginpunt. Op elk knooppunt kun je een keuze maken in welke richting je je route wenst te vervolgen. De afstanden tussen de knooppunten zijn op de kaart aangegeven.<\/p>\n<p>Op de kaart zie je rood-witte nummers, dit zijn de knooppunten. Tussen de knooppunten volg je de witte pijlen naar het volgende knooppunt.<\/p>\n<p>Gegarandeerd wandelplezier!<\/p>\n","protected":false},"excerpt":{"rendered":"<p>Wandelknooppuntkaart Frysl\u00e2n &#8211; Wadden, deelkaart 2. Je bepaalt zelf je route en het aantal kilometers dat je wilt wandelen. Je kunt in twee richtingen wandelen, van knooppunt naar knooppunt. Onthoud het nummer van de startplaats waar je begint, zodat je, indien gewenst, ook weer kunt eindigen op het beginpunt. Op elk knooppunt kun je een [&hellip;]<\/p>\n","protected":false},"featured_media":19621,"comment_status":"closed","ping_status":"closed","template":"","meta":{"_acf_changed":false},"product_brand":[],"product_cat":[554,16955,555,18203,1216],"product_tag":[5232,14978,14979,5962,14977],"class_list":{"0":"post-19620","1":"product","2":"type-product","3":"status-publish","4":"has-post-thumbnail","6":"product_cat-ferskaat","7":"product_cat-herfst","8":"product_cat-hobby","9":"product_cat-wandelen-en-fietsen","10":"product_cat-natoer-en-toerisme","11":"product_tag-fryslan","12":"product_tag-knooppuntkaart","13":"product_tag-spoorzoeken","14":"product_tag-wandelen","15":"product_tag-wandelkaart","16":"product_shipping_class-brievenbus-verzending","18":"first","19":"instock","20":"taxable","21":"shipping-taxable","22":"purchasable","23":"product-type-simple"},"acf":[],"yoast_head":"<!-- This site is optimized with the Yoast SEO plugin v27.3 - https:\/\/yoast.com\/product\/yoast-seo-wordpress\/ -->\n<title>Spoorzoeken Wandelknooppuntkaart Frysl\u00e2n - Wadden, deelkaart 2 &#8211; Af\u00fbk Websjop<\/title>\n<meta name=\"description\" content=\"Wandelknooppuntkaart Frysl\u00e2n - Wadden, deelkaart 2. Je bepaalt zelf je route en het aantal kilometers dat je wilt wandelen. Gegarandeerd wandelplezier!\" \/>\n<meta name=\"robots\" content=\"index, follow, max-snippet:-1, max-image-preview:large, max-video-preview:-1\" \/>\n<link rel=\"canonical\" href=\"https:\/\/websjop.afuk.frl\/nl\/winkel\/spoorzoeken-wandelknooppuntkaart-fryslan-wadden-deelkaart-2\/\" \/>\n<meta property=\"og:locale\" content=\"nl_NL\" \/>\n<meta property=\"og:type\" content=\"article\" \/>\n<meta property=\"og:title\" content=\"Spoorzoeken Wandelknooppuntkaart Frysl\u00e2n - Wadden, deelkaart 2 &#8211; Af\u00fbk Websjop\" \/>\n<meta property=\"og:description\" content=\"Wandelknooppuntkaart Frysl\u00e2n - Wadden, deelkaart 2. Je bepaalt zelf je route en het aantal kilometers dat je wilt wandelen. Gegarandeerd wandelplezier!\" \/>\n<meta property=\"og:url\" content=\"https:\/\/websjop.afuk.frl\/nl\/winkel\/spoorzoeken-wandelknooppuntkaart-fryslan-wadden-deelkaart-2\/\" \/>\n<meta property=\"og:site_name\" content=\"Af\u00fbk Websjop\" \/>\n<meta property=\"article:modified_time\" content=\"2021-03-11T09:02:06+00:00\" \/>\n<meta property=\"og:image\" content=\"https:\/\/websjop.afuk.frl\/wp-content\/uploads\/2020\/06\/Spoorzoeken-Wandelkaart012.jpg\" \/>\n\t<meta property=\"og:image:width\" content=\"328\" \/>\n\t<meta property=\"og:image:height\" content=\"555\" \/>\n\t<meta property=\"og:image:type\" content=\"image\/jpeg\" \/>\n<meta name=\"twitter:card\" content=\"summary_large_image\" \/>\n<meta name=\"twitter:label1\" content=\"Geschatte leestijd\" \/>\n\t<meta name=\"twitter:data1\" content=\"1 minuut\" \/>\n<script type=\"application\/ld+json\" class=\"yoast-schema-graph\">{\"@context\":\"https:\\\/\\\/schema.org\",\"@graph\":[{\"@type\":\"WebPage\",\"@id\":\"https:\\\/\\\/websjop.afuk.frl\\\/nl\\\/winkel\\\/spoorzoeken-wandelknooppuntkaart-fryslan-wadden-deelkaart-2\\\/\",\"url\":\"https:\\\/\\\/websjop.afuk.frl\\\/nl\\\/winkel\\\/spoorzoeken-wandelknooppuntkaart-fryslan-wadden-deelkaart-2\\\/\",\"name\":\"Spoorzoeken Wandelknooppuntkaart Frysl\u00e2n - Wadden, deelkaart 2 &#8211; Af\u00fbk Websjop\",\"isPartOf\":{\"@id\":\"https:\\\/\\\/websjop.afuk.frl\\\/nl\\\/#website\"},\"primaryImageOfPage\":{\"@id\":\"https:\\\/\\\/websjop.afuk.frl\\\/nl\\\/winkel\\\/spoorzoeken-wandelknooppuntkaart-fryslan-wadden-deelkaart-2\\\/#primaryimage\"},\"image\":{\"@id\":\"https:\\\/\\\/websjop.afuk.frl\\\/nl\\\/winkel\\\/spoorzoeken-wandelknooppuntkaart-fryslan-wadden-deelkaart-2\\\/#primaryimage\"},\"thumbnailUrl\":\"https:\\\/\\\/websjop.afuk.frl\\\/wp-content\\\/uploads\\\/2020\\\/06\\\/Spoorzoeken-Wandelkaart012.jpg\",\"datePublished\":\"2020-06-19T07:56:17+00:00\",\"dateModified\":\"2021-03-11T09:02:06+00:00\",\"description\":\"Wandelknooppuntkaart Frysl\u00e2n - Wadden, deelkaart 2. Je bepaalt zelf je route en het aantal kilometers dat je wilt wandelen. Gegarandeerd wandelplezier!\",\"breadcrumb\":{\"@id\":\"https:\\\/\\\/websjop.afuk.frl\\\/nl\\\/winkel\\\/spoorzoeken-wandelknooppuntkaart-fryslan-wadden-deelkaart-2\\\/#breadcrumb\"},\"inLanguage\":\"nl-NL\",\"potentialAction\":[{\"@type\":\"ReadAction\",\"target\":[\"https:\\\/\\\/websjop.afuk.frl\\\/nl\\\/winkel\\\/spoorzoeken-wandelknooppuntkaart-fryslan-wadden-deelkaart-2\\\/\"]}]},{\"@type\":\"ImageObject\",\"inLanguage\":\"nl-NL\",\"@id\":\"https:\\\/\\\/websjop.afuk.frl\\\/nl\\\/winkel\\\/spoorzoeken-wandelknooppuntkaart-fryslan-wadden-deelkaart-2\\\/#primaryimage\",\"url\":\"https:\\\/\\\/websjop.afuk.frl\\\/wp-content\\\/uploads\\\/2020\\\/06\\\/Spoorzoeken-Wandelkaart012.jpg\",\"contentUrl\":\"https:\\\/\\\/websjop.afuk.frl\\\/wp-content\\\/uploads\\\/2020\\\/06\\\/Spoorzoeken-Wandelkaart012.jpg\",\"width\":328,\"height\":555,\"caption\":\"Spoorzoeken wandelkaart\"},{\"@type\":\"BreadcrumbList\",\"@id\":\"https:\\\/\\\/websjop.afuk.frl\\\/nl\\\/winkel\\\/spoorzoeken-wandelknooppuntkaart-fryslan-wadden-deelkaart-2\\\/#breadcrumb\",\"itemListElement\":[{\"@type\":\"ListItem\",\"position\":1,\"name\":\"Home\",\"item\":\"https:\\\/\\\/websjop.afuk.frl\\\/nl\\\/\"},{\"@type\":\"ListItem\",\"position\":2,\"name\":\"Winkel\",\"item\":\"https:\\\/\\\/websjop.afuk.frl\\\/nl\\\/winkel\\\/\"},{\"@type\":\"ListItem\",\"position\":3,\"name\":\"Spoorzoeken Wandelknooppuntkaart Frysl\u00e2n &#8211; Wadden, deelkaart 2\"}]},{\"@type\":\"WebSite\",\"@id\":\"https:\\\/\\\/websjop.afuk.frl\\\/nl\\\/#website\",\"url\":\"https:\\\/\\\/websjop.afuk.frl\\\/nl\\\/\",\"name\":\"Af\u00fbk Websjop\",\"description\":\"\",\"potentialAction\":[{\"@type\":\"SearchAction\",\"target\":{\"@type\":\"EntryPoint\",\"urlTemplate\":\"https:\\\/\\\/websjop.afuk.frl\\\/nl\\\/?s={search_term_string}\"},\"query-input\":{\"@type\":\"PropertyValueSpecification\",\"valueRequired\":true,\"valueName\":\"search_term_string\"}}],\"inLanguage\":\"nl-NL\"}]}<\/script>\n<!-- \/ Yoast SEO plugin. -->","yoast_head_json":{"title":"Spoorzoeken Wandelknooppuntkaart Frysl\u00e2n - Wadden, deelkaart 2 &#8211; Af\u00fbk Websjop","description":"Wandelknooppuntkaart Frysl\u00e2n - Wadden, deelkaart 2. Je bepaalt zelf je route en het aantal kilometers dat je wilt wandelen. Gegarandeerd wandelplezier!","robots":{"index":"index","follow":"follow","max-snippet":"max-snippet:-1","max-image-preview":"max-image-preview:large","max-video-preview":"max-video-preview:-1"},"canonical":"https:\/\/websjop.afuk.frl\/nl\/winkel\/spoorzoeken-wandelknooppuntkaart-fryslan-wadden-deelkaart-2\/","og_locale":"nl_NL","og_type":"article","og_title":"Spoorzoeken Wandelknooppuntkaart Frysl\u00e2n - Wadden, deelkaart 2 &#8211; Af\u00fbk Websjop","og_description":"Wandelknooppuntkaart Frysl\u00e2n - Wadden, deelkaart 2. Je bepaalt zelf je route en het aantal kilometers dat je wilt wandelen. Gegarandeerd wandelplezier!","og_url":"https:\/\/websjop.afuk.frl\/nl\/winkel\/spoorzoeken-wandelknooppuntkaart-fryslan-wadden-deelkaart-2\/","og_site_name":"Af\u00fbk Websjop","article_modified_time":"2021-03-11T09:02:06+00:00","og_image":[{"width":328,"height":555,"url":"https:\/\/websjop.afuk.frl\/wp-content\/uploads\/2020\/06\/Spoorzoeken-Wandelkaart012.jpg","type":"image\/jpeg"}],"twitter_card":"summary_large_image","twitter_misc":{"Geschatte leestijd":"1 minuut"},"schema":{"@context":"https:\/\/schema.org","@graph":[{"@type":"WebPage","@id":"https:\/\/websjop.afuk.frl\/nl\/winkel\/spoorzoeken-wandelknooppuntkaart-fryslan-wadden-deelkaart-2\/","url":"https:\/\/websjop.afuk.frl\/nl\/winkel\/spoorzoeken-wandelknooppuntkaart-fryslan-wadden-deelkaart-2\/","name":"Spoorzoeken Wandelknooppuntkaart Frysl\u00e2n - Wadden, deelkaart 2 &#8211; Af\u00fbk Websjop","isPartOf":{"@id":"https:\/\/websjop.afuk.frl\/nl\/#website"},"primaryImageOfPage":{"@id":"https:\/\/websjop.afuk.frl\/nl\/winkel\/spoorzoeken-wandelknooppuntkaart-fryslan-wadden-deelkaart-2\/#primaryimage"},"image":{"@id":"https:\/\/websjop.afuk.frl\/nl\/winkel\/spoorzoeken-wandelknooppuntkaart-fryslan-wadden-deelkaart-2\/#primaryimage"},"thumbnailUrl":"https:\/\/websjop.afuk.frl\/wp-content\/uploads\/2020\/06\/Spoorzoeken-Wandelkaart012.jpg","datePublished":"2020-06-19T07:56:17+00:00","dateModified":"2021-03-11T09:02:06+00:00","description":"Wandelknooppuntkaart Frysl\u00e2n - Wadden, deelkaart 2. Je bepaalt zelf je route en het aantal kilometers dat je wilt wandelen. Gegarandeerd wandelplezier!","breadcrumb":{"@id":"https:\/\/websjop.afuk.frl\/nl\/winkel\/spoorzoeken-wandelknooppuntkaart-fryslan-wadden-deelkaart-2\/#breadcrumb"},"inLanguage":"nl-NL","potentialAction":[{"@type":"ReadAction","target":["https:\/\/websjop.afuk.frl\/nl\/winkel\/spoorzoeken-wandelknooppuntkaart-fryslan-wadden-deelkaart-2\/"]}]},{"@type":"ImageObject","inLanguage":"nl-NL","@id":"https:\/\/websjop.afuk.frl\/nl\/winkel\/spoorzoeken-wandelknooppuntkaart-fryslan-wadden-deelkaart-2\/#primaryimage","url":"https:\/\/websjop.afuk.frl\/wp-content\/uploads\/2020\/06\/Spoorzoeken-Wandelkaart012.jpg","contentUrl":"https:\/\/websjop.afuk.frl\/wp-content\/uploads\/2020\/06\/Spoorzoeken-Wandelkaart012.jpg","width":328,"height":555,"caption":"Spoorzoeken wandelkaart"},{"@type":"BreadcrumbList","@id":"https:\/\/websjop.afuk.frl\/nl\/winkel\/spoorzoeken-wandelknooppuntkaart-fryslan-wadden-deelkaart-2\/#breadcrumb","itemListElement":[{"@type":"ListItem","position":1,"name":"Home","item":"https:\/\/websjop.afuk.frl\/nl\/"},{"@type":"ListItem","position":2,"name":"Winkel","item":"https:\/\/websjop.afuk.frl\/nl\/winkel\/"},{"@type":"ListItem","position":3,"name":"Spoorzoeken Wandelknooppuntkaart Frysl\u00e2n &#8211; Wadden, deelkaart 2"}]},{"@type":"WebSite","@id":"https:\/\/websjop.afuk.frl\/nl\/#website","url":"https:\/\/websjop.afuk.frl\/nl\/","name":"Af\u00fbk Websjop","description":"","potentialAction":[{"@type":"SearchAction","target":{"@type":"EntryPoint","urlTemplate":"https:\/\/websjop.afuk.frl\/nl\/?s={search_term_string}"},"query-input":{"@type":"PropertyValueSpecification","valueRequired":true,"valueName":"search_term_string"}}],"inLanguage":"nl-NL"}]}},"_links":{"self":[{"href":"https:\/\/websjop.afuk.frl\/nl\/wp-json\/wp\/v2\/product\/19620","targetHints":{"allow":["GET"]}}],"collection":[{"href":"https:\/\/websjop.afuk.frl\/nl\/wp-json\/wp\/v2\/product"}],"about":[{"href":"https:\/\/websjop.afuk.frl\/nl\/wp-json\/wp\/v2\/types\/product"}],"replies":[{"embeddable":true,"href":"https:\/\/websjop.afuk.frl\/nl\/wp-json\/wp\/v2\/comments?post=19620"}],"wp:featuredmedia":[{"embeddable":true,"href":"https:\/\/websjop.afuk.frl\/nl\/wp-json\/wp\/v2\/media\/19621"}],"wp:attachment":[{"href":"https:\/\/websjop.afuk.frl\/nl\/wp-json\/wp\/v2\/media?parent=19620"}],"wp:term":[{"taxonomy":"product_brand","embeddable":true,"href":"https:\/\/websjop.afuk.frl\/nl\/wp-json\/wp\/v2\/product_brand?post=19620"},{"taxonomy":"product_cat","embeddable":true,"href":"https:\/\/websjop.afuk.frl\/nl\/wp-json\/wp\/v2\/product_cat?post=19620"},{"taxonomy":"product_tag","embeddable":true,"href":"https:\/\/websjop.afuk.frl\/nl\/wp-json\/wp\/v2\/product_tag?post=19620"}],"curies":[{"name":"wp","href":"https:\/\/api.w.org\/{rel}","templated":true}]}}