{"id":19605,"date":"2017-06-18T14:19:13","date_gmt":"2017-06-18T13:19:13","guid":{"rendered":"https:\/\/websjop.afuk.frl\/nl\/?post_type=product&#038;p=19605"},"modified":"2021-02-24T15:07:26","modified_gmt":"2021-02-24T14:07:26","slug":"fietsnetwerk-fryslan-zuidoost-fryslan-wouden-deelkaart-3","status":"publish","type":"product","link":"https:\/\/websjop.afuk.frl\/nl\/winkel\/fietsnetwerk-fryslan-zuidoost-fryslan-wouden-deelkaart-3\/","title":{"rendered":"Fietsnetwerk Frysl\u00e2n Zuidoost Frysl\u00e2n &#8211; Wouden, deelkaart 3"},"content":{"rendered":"<p>Fietsknooppuntennetwerk Zuidoost Frysl\u00e2n &#8211; Wouden, deelkaart 3<\/p>\n<p>U bepaalt zelf uw route en het aantal kilometers dat u wilt fietsen. U kunt in twee richtingen fietsen, van knooppunt naar knooppunt. Onthoud het nummer van de startplaats waar uw route begint, zodat u indien gewenst op het beginpunt ook weer kunt eindigen. Op elk knooppunt kunt u een keuze maken in welke richting u uw route wenst te vervolgen. De afstanden tussen de knooppunten zijn op de kaart aangegeven.<\/p>\n<p>Op de kaart ziet u groen-witte nummers, dit zijn de knooppunten. tussen de knooppunten volgt u de genummerde borden naar het volgende knooppunt.<\/p>\n<p>Gegarandeerd fietsplezier!<\/p>\n","protected":false},"excerpt":{"rendered":"<p>Fietsknooppuntennetwerk Zuidoost Frysl\u00e2n &#8211; Wouden, deelkaart 3 U bepaalt zelf uw route en het aantal kilometers dat u wilt fietsen. U kunt in twee richtingen fietsen, van knooppunt naar knooppunt. Onthoud het nummer van de startplaats waar uw route begint, zodat u indien gewenst op het beginpunt ook weer kunt eindigen. Op elk knooppunt kunt [&hellip;]<\/p>\n","protected":false},"featured_media":19606,"comment_status":"closed","ping_status":"closed","template":"","meta":{"_acf_changed":false},"product_brand":[],"product_cat":[554,555,18203,1216,1313],"product_tag":[14972,14849,14968,14971,14973],"class_list":{"0":"post-19605","1":"product","2":"type-product","3":"status-publish","4":"has-post-thumbnail","6":"product_cat-ferskaat","7":"product_cat-hobby","8":"product_cat-wandelen-en-fietsen","9":"product_cat-natoer-en-toerisme","10":"product_cat-simmer-yn-fryslan","11":"product_tag-deelkaart-3","12":"product_tag-fietskaart","13":"product_tag-fietsnetwerk-fryslan","14":"product_tag-wouden","15":"product_tag-zuidoos-fryslan","16":"product_shipping_class-brievenbus-verzending","18":"first","19":"instock","20":"taxable","21":"shipping-taxable","22":"purchasable","23":"product-type-simple"},"acf":[],"yoast_head":"<!-- This site is optimized with the Yoast SEO plugin v27.3 - https:\/\/yoast.com\/product\/yoast-seo-wordpress\/ -->\n<title>Fietsnetwerk Frysl\u00e2n Zuidoost Frysl\u00e2n - Wouden, deelkaart 3 &#8211; Af\u00fbk Websjop<\/title>\n<meta name=\"description\" content=\"Fietsknooppuntennetwerk Zuidoost Frysl\u00e2n-Wouden, deelkaart 3. U bepaalt zelf uw route en het aantal kilometers dat u wilt fietsen.Gegarandeerd fietsplezier.\" \/>\n<meta name=\"robots\" content=\"index, follow, max-snippet:-1, max-image-preview:large, max-video-preview:-1\" \/>\n<link rel=\"canonical\" href=\"https:\/\/websjop.afuk.frl\/nl\/winkel\/fietsnetwerk-fryslan-zuidoost-fryslan-wouden-deelkaart-3\/\" \/>\n<meta property=\"og:locale\" content=\"nl_NL\" \/>\n<meta property=\"og:type\" content=\"article\" \/>\n<meta property=\"og:title\" content=\"Fietsnetwerk Frysl\u00e2n Zuidoost Frysl\u00e2n - Wouden, deelkaart 3 &#8211; Af\u00fbk Websjop\" \/>\n<meta property=\"og:description\" content=\"Fietsknooppuntennetwerk Zuidoost Frysl\u00e2n-Wouden, deelkaart 3. U bepaalt zelf uw route en het aantal kilometers dat u wilt fietsen.Gegarandeerd fietsplezier.\" \/>\n<meta property=\"og:url\" content=\"https:\/\/websjop.afuk.frl\/nl\/winkel\/fietsnetwerk-fryslan-zuidoost-fryslan-wouden-deelkaart-3\/\" \/>\n<meta property=\"og:site_name\" content=\"Af\u00fbk Websjop\" \/>\n<meta property=\"article:modified_time\" content=\"2021-02-24T14:07:26+00:00\" \/>\n<meta property=\"og:image\" content=\"https:\/\/websjop.afuk.frl\/wp-content\/uploads\/2020\/06\/Fietsnetwerk-Frysl\u00e2n-Wouden010.jpg\" \/>\n\t<meta property=\"og:image:width\" content=\"328\" \/>\n\t<meta property=\"og:image:height\" content=\"552\" \/>\n\t<meta property=\"og:image:type\" content=\"image\/jpeg\" \/>\n<meta name=\"twitter:card\" content=\"summary_large_image\" \/>\n<meta name=\"twitter:label1\" content=\"Geschatte leestijd\" \/>\n\t<meta name=\"twitter:data1\" content=\"1 minuut\" \/>\n<script type=\"application\/ld+json\" class=\"yoast-schema-graph\">{\"@context\":\"https:\\\/\\\/schema.org\",\"@graph\":[{\"@type\":\"WebPage\",\"@id\":\"https:\\\/\\\/websjop.afuk.frl\\\/nl\\\/winkel\\\/fietsnetwerk-fryslan-zuidoost-fryslan-wouden-deelkaart-3\\\/\",\"url\":\"https:\\\/\\\/websjop.afuk.frl\\\/nl\\\/winkel\\\/fietsnetwerk-fryslan-zuidoost-fryslan-wouden-deelkaart-3\\\/\",\"name\":\"Fietsnetwerk Frysl\u00e2n Zuidoost Frysl\u00e2n - Wouden, deelkaart 3 &#8211; Af\u00fbk Websjop\",\"isPartOf\":{\"@id\":\"https:\\\/\\\/websjop.afuk.frl\\\/nl\\\/#website\"},\"primaryImageOfPage\":{\"@id\":\"https:\\\/\\\/websjop.afuk.frl\\\/nl\\\/winkel\\\/fietsnetwerk-fryslan-zuidoost-fryslan-wouden-deelkaart-3\\\/#primaryimage\"},\"image\":{\"@id\":\"https:\\\/\\\/websjop.afuk.frl\\\/nl\\\/winkel\\\/fietsnetwerk-fryslan-zuidoost-fryslan-wouden-deelkaart-3\\\/#primaryimage\"},\"thumbnailUrl\":\"https:\\\/\\\/websjop.afuk.frl\\\/wp-content\\\/uploads\\\/2020\\\/06\\\/Fietsnetwerk-Frysl\u00e2n-Wouden010.jpg\",\"datePublished\":\"2017-06-18T13:19:13+00:00\",\"dateModified\":\"2021-02-24T14:07:26+00:00\",\"description\":\"Fietsknooppuntennetwerk Zuidoost Frysl\u00e2n-Wouden, deelkaart 3. U bepaalt zelf uw route en het aantal kilometers dat u wilt fietsen.Gegarandeerd fietsplezier.\",\"breadcrumb\":{\"@id\":\"https:\\\/\\\/websjop.afuk.frl\\\/nl\\\/winkel\\\/fietsnetwerk-fryslan-zuidoost-fryslan-wouden-deelkaart-3\\\/#breadcrumb\"},\"inLanguage\":\"nl-NL\",\"potentialAction\":[{\"@type\":\"ReadAction\",\"target\":[\"https:\\\/\\\/websjop.afuk.frl\\\/nl\\\/winkel\\\/fietsnetwerk-fryslan-zuidoost-fryslan-wouden-deelkaart-3\\\/\"]}]},{\"@type\":\"ImageObject\",\"inLanguage\":\"nl-NL\",\"@id\":\"https:\\\/\\\/websjop.afuk.frl\\\/nl\\\/winkel\\\/fietsnetwerk-fryslan-zuidoost-fryslan-wouden-deelkaart-3\\\/#primaryimage\",\"url\":\"https:\\\/\\\/websjop.afuk.frl\\\/wp-content\\\/uploads\\\/2020\\\/06\\\/Fietsnetwerk-Frysl\u00e2n-Wouden010.jpg\",\"contentUrl\":\"https:\\\/\\\/websjop.afuk.frl\\\/wp-content\\\/uploads\\\/2020\\\/06\\\/Fietsnetwerk-Frysl\u00e2n-Wouden010.jpg\",\"width\":328,\"height\":552,\"caption\":\"Fietsnetwerk Wouden\"},{\"@type\":\"BreadcrumbList\",\"@id\":\"https:\\\/\\\/websjop.afuk.frl\\\/nl\\\/winkel\\\/fietsnetwerk-fryslan-zuidoost-fryslan-wouden-deelkaart-3\\\/#breadcrumb\",\"itemListElement\":[{\"@type\":\"ListItem\",\"position\":1,\"name\":\"Home\",\"item\":\"https:\\\/\\\/websjop.afuk.frl\\\/nl\\\/\"},{\"@type\":\"ListItem\",\"position\":2,\"name\":\"Winkel\",\"item\":\"https:\\\/\\\/websjop.afuk.frl\\\/nl\\\/winkel\\\/\"},{\"@type\":\"ListItem\",\"position\":3,\"name\":\"Fietsnetwerk Frysl\u00e2n Zuidoost Frysl\u00e2n &#8211; Wouden, deelkaart 3\"}]},{\"@type\":\"WebSite\",\"@id\":\"https:\\\/\\\/websjop.afuk.frl\\\/nl\\\/#website\",\"url\":\"https:\\\/\\\/websjop.afuk.frl\\\/nl\\\/\",\"name\":\"Af\u00fbk Websjop\",\"description\":\"\",\"potentialAction\":[{\"@type\":\"SearchAction\",\"target\":{\"@type\":\"EntryPoint\",\"urlTemplate\":\"https:\\\/\\\/websjop.afuk.frl\\\/nl\\\/?s={search_term_string}\"},\"query-input\":{\"@type\":\"PropertyValueSpecification\",\"valueRequired\":true,\"valueName\":\"search_term_string\"}}],\"inLanguage\":\"nl-NL\"}]}<\/script>\n<!-- \/ Yoast SEO plugin. -->","yoast_head_json":{"title":"Fietsnetwerk Frysl\u00e2n Zuidoost Frysl\u00e2n - Wouden, deelkaart 3 &#8211; Af\u00fbk Websjop","description":"Fietsknooppuntennetwerk Zuidoost Frysl\u00e2n-Wouden, deelkaart 3. U bepaalt zelf uw route en het aantal kilometers dat u wilt fietsen.Gegarandeerd fietsplezier.","robots":{"index":"index","follow":"follow","max-snippet":"max-snippet:-1","max-image-preview":"max-image-preview:large","max-video-preview":"max-video-preview:-1"},"canonical":"https:\/\/websjop.afuk.frl\/nl\/winkel\/fietsnetwerk-fryslan-zuidoost-fryslan-wouden-deelkaart-3\/","og_locale":"nl_NL","og_type":"article","og_title":"Fietsnetwerk Frysl\u00e2n Zuidoost Frysl\u00e2n - Wouden, deelkaart 3 &#8211; Af\u00fbk Websjop","og_description":"Fietsknooppuntennetwerk Zuidoost Frysl\u00e2n-Wouden, deelkaart 3. U bepaalt zelf uw route en het aantal kilometers dat u wilt fietsen.Gegarandeerd fietsplezier.","og_url":"https:\/\/websjop.afuk.frl\/nl\/winkel\/fietsnetwerk-fryslan-zuidoost-fryslan-wouden-deelkaart-3\/","og_site_name":"Af\u00fbk Websjop","article_modified_time":"2021-02-24T14:07:26+00:00","og_image":[{"width":328,"height":552,"url":"https:\/\/websjop.afuk.frl\/wp-content\/uploads\/2020\/06\/Fietsnetwerk-Frysl\u00e2n-Wouden010.jpg","type":"image\/jpeg"}],"twitter_card":"summary_large_image","twitter_misc":{"Geschatte leestijd":"1 minuut"},"schema":{"@context":"https:\/\/schema.org","@graph":[{"@type":"WebPage","@id":"https:\/\/websjop.afuk.frl\/nl\/winkel\/fietsnetwerk-fryslan-zuidoost-fryslan-wouden-deelkaart-3\/","url":"https:\/\/websjop.afuk.frl\/nl\/winkel\/fietsnetwerk-fryslan-zuidoost-fryslan-wouden-deelkaart-3\/","name":"Fietsnetwerk Frysl\u00e2n Zuidoost Frysl\u00e2n - Wouden, deelkaart 3 &#8211; Af\u00fbk Websjop","isPartOf":{"@id":"https:\/\/websjop.afuk.frl\/nl\/#website"},"primaryImageOfPage":{"@id":"https:\/\/websjop.afuk.frl\/nl\/winkel\/fietsnetwerk-fryslan-zuidoost-fryslan-wouden-deelkaart-3\/#primaryimage"},"image":{"@id":"https:\/\/websjop.afuk.frl\/nl\/winkel\/fietsnetwerk-fryslan-zuidoost-fryslan-wouden-deelkaart-3\/#primaryimage"},"thumbnailUrl":"https:\/\/websjop.afuk.frl\/wp-content\/uploads\/2020\/06\/Fietsnetwerk-Frysl\u00e2n-Wouden010.jpg","datePublished":"2017-06-18T13:19:13+00:00","dateModified":"2021-02-24T14:07:26+00:00","description":"Fietsknooppuntennetwerk Zuidoost Frysl\u00e2n-Wouden, deelkaart 3. U bepaalt zelf uw route en het aantal kilometers dat u wilt fietsen.Gegarandeerd fietsplezier.","breadcrumb":{"@id":"https:\/\/websjop.afuk.frl\/nl\/winkel\/fietsnetwerk-fryslan-zuidoost-fryslan-wouden-deelkaart-3\/#breadcrumb"},"inLanguage":"nl-NL","potentialAction":[{"@type":"ReadAction","target":["https:\/\/websjop.afuk.frl\/nl\/winkel\/fietsnetwerk-fryslan-zuidoost-fryslan-wouden-deelkaart-3\/"]}]},{"@type":"ImageObject","inLanguage":"nl-NL","@id":"https:\/\/websjop.afuk.frl\/nl\/winkel\/fietsnetwerk-fryslan-zuidoost-fryslan-wouden-deelkaart-3\/#primaryimage","url":"https:\/\/websjop.afuk.frl\/wp-content\/uploads\/2020\/06\/Fietsnetwerk-Frysl\u00e2n-Wouden010.jpg","contentUrl":"https:\/\/websjop.afuk.frl\/wp-content\/uploads\/2020\/06\/Fietsnetwerk-Frysl\u00e2n-Wouden010.jpg","width":328,"height":552,"caption":"Fietsnetwerk Wouden"},{"@type":"BreadcrumbList","@id":"https:\/\/websjop.afuk.frl\/nl\/winkel\/fietsnetwerk-fryslan-zuidoost-fryslan-wouden-deelkaart-3\/#breadcrumb","itemListElement":[{"@type":"ListItem","position":1,"name":"Home","item":"https:\/\/websjop.afuk.frl\/nl\/"},{"@type":"ListItem","position":2,"name":"Winkel","item":"https:\/\/websjop.afuk.frl\/nl\/winkel\/"},{"@type":"ListItem","position":3,"name":"Fietsnetwerk Frysl\u00e2n Zuidoost Frysl\u00e2n &#8211; Wouden, deelkaart 3"}]},{"@type":"WebSite","@id":"https:\/\/websjop.afuk.frl\/nl\/#website","url":"https:\/\/websjop.afuk.frl\/nl\/","name":"Af\u00fbk Websjop","description":"","potentialAction":[{"@type":"SearchAction","target":{"@type":"EntryPoint","urlTemplate":"https:\/\/websjop.afuk.frl\/nl\/?s={search_term_string}"},"query-input":{"@type":"PropertyValueSpecification","valueRequired":true,"valueName":"search_term_string"}}],"inLanguage":"nl-NL"}]}},"_links":{"self":[{"href":"https:\/\/websjop.afuk.frl\/nl\/wp-json\/wp\/v2\/product\/19605","targetHints":{"allow":["GET"]}}],"collection":[{"href":"https:\/\/websjop.afuk.frl\/nl\/wp-json\/wp\/v2\/product"}],"about":[{"href":"https:\/\/websjop.afuk.frl\/nl\/wp-json\/wp\/v2\/types\/product"}],"replies":[{"embeddable":true,"href":"https:\/\/websjop.afuk.frl\/nl\/wp-json\/wp\/v2\/comments?post=19605"}],"wp:featuredmedia":[{"embeddable":true,"href":"https:\/\/websjop.afuk.frl\/nl\/wp-json\/wp\/v2\/media\/19606"}],"wp:attachment":[{"href":"https:\/\/websjop.afuk.frl\/nl\/wp-json\/wp\/v2\/media?parent=19605"}],"wp:term":[{"taxonomy":"product_brand","embeddable":true,"href":"https:\/\/websjop.afuk.frl\/nl\/wp-json\/wp\/v2\/product_brand?post=19605"},{"taxonomy":"product_cat","embeddable":true,"href":"https:\/\/websjop.afuk.frl\/nl\/wp-json\/wp\/v2\/product_cat?post=19605"},{"taxonomy":"product_tag","embeddable":true,"href":"https:\/\/websjop.afuk.frl\/nl\/wp-json\/wp\/v2\/product_tag?post=19605"}],"curies":[{"name":"wp","href":"https:\/\/api.w.org\/{rel}","templated":true}]}}