{"id":19532,"date":"2017-06-15T14:24:37","date_gmt":"2017-06-15T13:24:37","guid":{"rendered":"https:\/\/websjop.afuk.frl\/nl\/?post_type=product&#038;p=19532"},"modified":"2025-09-18T15:26:34","modified_gmt":"2025-09-18T13:26:34","slug":"flessewipper-fryslan-met-magneet","status":"publish","type":"product","link":"https:\/\/websjop.afuk.frl\/nl\/winkel\/flessewipper-fryslan-met-magneet\/","title":{"rendered":"Flessewipper Frysl\u00e2n mei magneet"},"content":{"rendered":"<p>Frysl\u00e2n &#8211; Flesopener met de Friese vlag. Deze opener is voorzien van krachtige magneet waardoor deze op ieder metaal of koelkast gemakkelijk opgehangen kan worden.<\/p>\n<p>Materiaal: metaal en kunststof<\/p>\n","protected":false},"excerpt":{"rendered":"<p>Frysl\u00e2n &#8211; Flesopener met de Friese vlag. Deze opener is voorzien van krachtige magneet waardoor deze op ieder metaal of koelkast gemakkelijk opgehangen kan worden. Materiaal: metaal en kunststof<\/p>\n","protected":false},"featured_media":19533,"comment_status":"closed","ping_status":"closed","template":"","meta":{"_acf_changed":false},"product_brand":[],"product_cat":[18638,5217,565,5065],"product_tag":[14623,14622,9488,5232,9758],"class_list":{"0":"post-19532","1":"product","2":"type-product","3":"status-publish","4":"has-post-thumbnail","6":"product_cat-ein-skoaljier-slagge","7":"product_cat-fryske-flagge","8":"product_cat-friese-producten","9":"product_cat-fryske-suvenirs","10":"product_tag-doppewipper","11":"product_tag-flesopener","12":"product_tag-fryske-flagge","13":"product_tag-fryslan","14":"product_tag-magneet","15":"product_shipping_class-brievenbus-verzending","17":"first","18":"instock","19":"taxable","20":"shipping-taxable","21":"purchasable","22":"product-type-simple"},"acf":[],"yoast_head":"<!-- This site is optimized with the Yoast SEO plugin v27.3 - https:\/\/yoast.com\/product\/yoast-seo-wordpress\/ -->\n<title>Flessewipper Frysl\u00e2n mei magneet &#8211; Af\u00fbk Websjop<\/title>\n<meta name=\"description\" content=\"Frysl\u00e2n - Flesopener met de Friese vlag. Materiaal: metaal en kunststof. Voorzien van krachtige magneet waardoor deze gemakkelijk op te hangen is op metaal.\" \/>\n<meta name=\"robots\" content=\"index, follow, max-snippet:-1, max-image-preview:large, max-video-preview:-1\" \/>\n<link rel=\"canonical\" href=\"https:\/\/websjop.afuk.frl\/nl\/winkel\/flessewipper-fryslan-met-magneet\/\" \/>\n<meta property=\"og:locale\" content=\"nl_NL\" \/>\n<meta property=\"og:type\" content=\"article\" \/>\n<meta property=\"og:title\" content=\"Flessewipper Frysl\u00e2n mei magneet &#8211; Af\u00fbk Websjop\" \/>\n<meta property=\"og:description\" content=\"Frysl\u00e2n - Flesopener met de Friese vlag. Materiaal: metaal en kunststof. Voorzien van krachtige magneet waardoor deze gemakkelijk op te hangen is op metaal.\" \/>\n<meta property=\"og:url\" content=\"https:\/\/websjop.afuk.frl\/nl\/winkel\/flessewipper-fryslan-met-magneet\/\" \/>\n<meta property=\"og:site_name\" content=\"Af\u00fbk Websjop\" \/>\n<meta property=\"article:modified_time\" content=\"2025-09-18T13:26:34+00:00\" \/>\n<meta property=\"og:image\" content=\"https:\/\/websjop.afuk.frl\/wp-content\/uploads\/2020\/06\/Doppewipper-Frysl\u00e2n-scaled.jpg\" \/>\n\t<meta property=\"og:image:width\" content=\"1920\" \/>\n\t<meta property=\"og:image:height\" content=\"2560\" \/>\n\t<meta property=\"og:image:type\" content=\"image\/jpeg\" \/>\n<meta name=\"twitter:card\" content=\"summary_large_image\" \/>\n<script type=\"application\/ld+json\" class=\"yoast-schema-graph\">{\"@context\":\"https:\\\/\\\/schema.org\",\"@graph\":[{\"@type\":\"WebPage\",\"@id\":\"https:\\\/\\\/websjop.afuk.frl\\\/nl\\\/winkel\\\/flessewipper-fryslan-met-magneet\\\/\",\"url\":\"https:\\\/\\\/websjop.afuk.frl\\\/nl\\\/winkel\\\/flessewipper-fryslan-met-magneet\\\/\",\"name\":\"Flessewipper Frysl\u00e2n mei magneet &#8211; Af\u00fbk Websjop\",\"isPartOf\":{\"@id\":\"https:\\\/\\\/websjop.afuk.frl\\\/nl\\\/#website\"},\"primaryImageOfPage\":{\"@id\":\"https:\\\/\\\/websjop.afuk.frl\\\/nl\\\/winkel\\\/flessewipper-fryslan-met-magneet\\\/#primaryimage\"},\"image\":{\"@id\":\"https:\\\/\\\/websjop.afuk.frl\\\/nl\\\/winkel\\\/flessewipper-fryslan-met-magneet\\\/#primaryimage\"},\"thumbnailUrl\":\"https:\\\/\\\/websjop.afuk.frl\\\/wp-content\\\/uploads\\\/2020\\\/06\\\/Doppewipper-Frysl\u00e2n-scaled.jpg\",\"datePublished\":\"2017-06-15T13:24:37+00:00\",\"dateModified\":\"2025-09-18T13:26:34+00:00\",\"description\":\"Frysl\u00e2n - Flesopener met de Friese vlag. Materiaal: metaal en kunststof. Voorzien van krachtige magneet waardoor deze gemakkelijk op te hangen is op metaal.\",\"breadcrumb\":{\"@id\":\"https:\\\/\\\/websjop.afuk.frl\\\/nl\\\/winkel\\\/flessewipper-fryslan-met-magneet\\\/#breadcrumb\"},\"inLanguage\":\"nl-NL\",\"potentialAction\":[{\"@type\":\"ReadAction\",\"target\":[\"https:\\\/\\\/websjop.afuk.frl\\\/nl\\\/winkel\\\/flessewipper-fryslan-met-magneet\\\/\"]}]},{\"@type\":\"ImageObject\",\"inLanguage\":\"nl-NL\",\"@id\":\"https:\\\/\\\/websjop.afuk.frl\\\/nl\\\/winkel\\\/flessewipper-fryslan-met-magneet\\\/#primaryimage\",\"url\":\"https:\\\/\\\/websjop.afuk.frl\\\/wp-content\\\/uploads\\\/2020\\\/06\\\/Doppewipper-Frysl\u00e2n-scaled.jpg\",\"contentUrl\":\"https:\\\/\\\/websjop.afuk.frl\\\/wp-content\\\/uploads\\\/2020\\\/06\\\/Doppewipper-Frysl\u00e2n-scaled.jpg\",\"width\":1920,\"height\":2560,\"caption\":\"Doppewipper Frysl\u00e2n\"},{\"@type\":\"BreadcrumbList\",\"@id\":\"https:\\\/\\\/websjop.afuk.frl\\\/nl\\\/winkel\\\/flessewipper-fryslan-met-magneet\\\/#breadcrumb\",\"itemListElement\":[{\"@type\":\"ListItem\",\"position\":1,\"name\":\"Home\",\"item\":\"https:\\\/\\\/websjop.afuk.frl\\\/nl\\\/\"},{\"@type\":\"ListItem\",\"position\":2,\"name\":\"Winkel\",\"item\":\"https:\\\/\\\/websjop.afuk.frl\\\/nl\\\/winkel\\\/\"},{\"@type\":\"ListItem\",\"position\":3,\"name\":\"Flessewipper Frysl\u00e2n mei magneet\"}]},{\"@type\":\"WebSite\",\"@id\":\"https:\\\/\\\/websjop.afuk.frl\\\/nl\\\/#website\",\"url\":\"https:\\\/\\\/websjop.afuk.frl\\\/nl\\\/\",\"name\":\"Af\u00fbk Websjop\",\"description\":\"\",\"potentialAction\":[{\"@type\":\"SearchAction\",\"target\":{\"@type\":\"EntryPoint\",\"urlTemplate\":\"https:\\\/\\\/websjop.afuk.frl\\\/nl\\\/?s={search_term_string}\"},\"query-input\":{\"@type\":\"PropertyValueSpecification\",\"valueRequired\":true,\"valueName\":\"search_term_string\"}}],\"inLanguage\":\"nl-NL\"}]}<\/script>\n<!-- \/ Yoast SEO plugin. -->","yoast_head_json":{"title":"Flessewipper Frysl\u00e2n mei magneet &#8211; Af\u00fbk Websjop","description":"Frysl\u00e2n - Flesopener met de Friese vlag. Materiaal: metaal en kunststof. Voorzien van krachtige magneet waardoor deze gemakkelijk op te hangen is op metaal.","robots":{"index":"index","follow":"follow","max-snippet":"max-snippet:-1","max-image-preview":"max-image-preview:large","max-video-preview":"max-video-preview:-1"},"canonical":"https:\/\/websjop.afuk.frl\/nl\/winkel\/flessewipper-fryslan-met-magneet\/","og_locale":"nl_NL","og_type":"article","og_title":"Flessewipper Frysl\u00e2n mei magneet &#8211; Af\u00fbk Websjop","og_description":"Frysl\u00e2n - Flesopener met de Friese vlag. Materiaal: metaal en kunststof. Voorzien van krachtige magneet waardoor deze gemakkelijk op te hangen is op metaal.","og_url":"https:\/\/websjop.afuk.frl\/nl\/winkel\/flessewipper-fryslan-met-magneet\/","og_site_name":"Af\u00fbk Websjop","article_modified_time":"2025-09-18T13:26:34+00:00","og_image":[{"width":1920,"height":2560,"url":"https:\/\/websjop.afuk.frl\/wp-content\/uploads\/2020\/06\/Doppewipper-Frysl\u00e2n-scaled.jpg","type":"image\/jpeg"}],"twitter_card":"summary_large_image","schema":{"@context":"https:\/\/schema.org","@graph":[{"@type":"WebPage","@id":"https:\/\/websjop.afuk.frl\/nl\/winkel\/flessewipper-fryslan-met-magneet\/","url":"https:\/\/websjop.afuk.frl\/nl\/winkel\/flessewipper-fryslan-met-magneet\/","name":"Flessewipper Frysl\u00e2n mei magneet &#8211; Af\u00fbk Websjop","isPartOf":{"@id":"https:\/\/websjop.afuk.frl\/nl\/#website"},"primaryImageOfPage":{"@id":"https:\/\/websjop.afuk.frl\/nl\/winkel\/flessewipper-fryslan-met-magneet\/#primaryimage"},"image":{"@id":"https:\/\/websjop.afuk.frl\/nl\/winkel\/flessewipper-fryslan-met-magneet\/#primaryimage"},"thumbnailUrl":"https:\/\/websjop.afuk.frl\/wp-content\/uploads\/2020\/06\/Doppewipper-Frysl\u00e2n-scaled.jpg","datePublished":"2017-06-15T13:24:37+00:00","dateModified":"2025-09-18T13:26:34+00:00","description":"Frysl\u00e2n - Flesopener met de Friese vlag. Materiaal: metaal en kunststof. Voorzien van krachtige magneet waardoor deze gemakkelijk op te hangen is op metaal.","breadcrumb":{"@id":"https:\/\/websjop.afuk.frl\/nl\/winkel\/flessewipper-fryslan-met-magneet\/#breadcrumb"},"inLanguage":"nl-NL","potentialAction":[{"@type":"ReadAction","target":["https:\/\/websjop.afuk.frl\/nl\/winkel\/flessewipper-fryslan-met-magneet\/"]}]},{"@type":"ImageObject","inLanguage":"nl-NL","@id":"https:\/\/websjop.afuk.frl\/nl\/winkel\/flessewipper-fryslan-met-magneet\/#primaryimage","url":"https:\/\/websjop.afuk.frl\/wp-content\/uploads\/2020\/06\/Doppewipper-Frysl\u00e2n-scaled.jpg","contentUrl":"https:\/\/websjop.afuk.frl\/wp-content\/uploads\/2020\/06\/Doppewipper-Frysl\u00e2n-scaled.jpg","width":1920,"height":2560,"caption":"Doppewipper Frysl\u00e2n"},{"@type":"BreadcrumbList","@id":"https:\/\/websjop.afuk.frl\/nl\/winkel\/flessewipper-fryslan-met-magneet\/#breadcrumb","itemListElement":[{"@type":"ListItem","position":1,"name":"Home","item":"https:\/\/websjop.afuk.frl\/nl\/"},{"@type":"ListItem","position":2,"name":"Winkel","item":"https:\/\/websjop.afuk.frl\/nl\/winkel\/"},{"@type":"ListItem","position":3,"name":"Flessewipper Frysl\u00e2n mei magneet"}]},{"@type":"WebSite","@id":"https:\/\/websjop.afuk.frl\/nl\/#website","url":"https:\/\/websjop.afuk.frl\/nl\/","name":"Af\u00fbk Websjop","description":"","potentialAction":[{"@type":"SearchAction","target":{"@type":"EntryPoint","urlTemplate":"https:\/\/websjop.afuk.frl\/nl\/?s={search_term_string}"},"query-input":{"@type":"PropertyValueSpecification","valueRequired":true,"valueName":"search_term_string"}}],"inLanguage":"nl-NL"}]}},"_links":{"self":[{"href":"https:\/\/websjop.afuk.frl\/nl\/wp-json\/wp\/v2\/product\/19532","targetHints":{"allow":["GET"]}}],"collection":[{"href":"https:\/\/websjop.afuk.frl\/nl\/wp-json\/wp\/v2\/product"}],"about":[{"href":"https:\/\/websjop.afuk.frl\/nl\/wp-json\/wp\/v2\/types\/product"}],"replies":[{"embeddable":true,"href":"https:\/\/websjop.afuk.frl\/nl\/wp-json\/wp\/v2\/comments?post=19532"}],"wp:featuredmedia":[{"embeddable":true,"href":"https:\/\/websjop.afuk.frl\/nl\/wp-json\/wp\/v2\/media\/19533"}],"wp:attachment":[{"href":"https:\/\/websjop.afuk.frl\/nl\/wp-json\/wp\/v2\/media?parent=19532"}],"wp:term":[{"taxonomy":"product_brand","embeddable":true,"href":"https:\/\/websjop.afuk.frl\/nl\/wp-json\/wp\/v2\/product_brand?post=19532"},{"taxonomy":"product_cat","embeddable":true,"href":"https:\/\/websjop.afuk.frl\/nl\/wp-json\/wp\/v2\/product_cat?post=19532"},{"taxonomy":"product_tag","embeddable":true,"href":"https:\/\/websjop.afuk.frl\/nl\/wp-json\/wp\/v2\/product_tag?post=19532"}],"curies":[{"name":"wp","href":"https:\/\/api.w.org\/{rel}","templated":true}]}}