{"id":19447,"date":"2020-06-11T11:53:35","date_gmt":"2020-06-11T10:53:35","guid":{"rendered":"https:\/\/websjop.afuk.frl\/nl\/?post_type=product&#038;p=19447"},"modified":"2020-09-07T08:47:35","modified_gmt":"2020-09-07T07:47:35","slug":"fjoertoer-yn-it-wald","status":"publish","type":"product","link":"https:\/\/websjop.afuk.frl\/nl\/winkel\/fjoertoer-yn-it-wald\/","title":{"rendered":"Fjoertoer yn it w\u00e2ld"},"content":{"rendered":"<p>De nieuwste gedichtenbundel van de Friese dichter Arjan Hut is er!<\/p>\n<p><em>ljocht waarmer as fjoer,<\/em><\/p>\n<p><em>ljocht yn it ljocht,<\/em><\/p>\n<p><em>ljocht dat fielt dat wy besteane,<\/em><\/p>\n<p><em>ljocht d\u00ear&#8217;t we yn wenje kinne<\/em><\/p>\n<hr \/>\n<p><em>Afke Nynke: &#8220;De gedichtebondel fan Arjan Hut l\u00eaze je net yn ien kear \u00fat. L\u00eas ien gedicht, sl\u00fat dyn eagen en merk op w\u00ear\u2019t it dy bringt\u2026&#8221; <a href=\"https:\/\/heitenmem.nl\/artikel\/19812\/de-resinsje-fan-afke-nynke-fjoertoer-yn-it-wald\/\" target=\"_blank\" rel=\"noopener noreferrer\">L\u00eas hjir de hiele resinsje fan Afke Nynke.<\/a><\/em><\/p>\n<p><em>Berber: &#8220;It is in moaie persoanlike bondel, mei geregeld werkenbere stikken. Ik stapte blanko yn dit boek en it hat my posityf ferrast. It is hiel taastber troch de byldspraak, mar tagelyk ek abstrakt.&#8221; <a href=\"https:\/\/heitenmem.nl\/artikel\/19945\/de-resinsje-fan-berber-fjoertoer-yn-it-wald\/\" target=\"_blank\" rel=\"noopener noreferrer\">L\u00eas hjir de hiele resinsje.&#8221;<\/a><\/em><\/p>\n<p><em>Jantsje: &#8220;It oerstiigjend tema fan alles is ljocht en it kontrast tusken ljocht en tsjuster en dat makket it dochs ta ien gehiel. Nei alles in pear kear oerl\u00eazen te hawwen, wurdearre ik de bondel hieltyd mear. Je helje der op de ien of oare manear geandewei mear \u00fat.&#8221; <a href=\"https:\/\/heitenmem.nl\/artikel\/19996\/de-boekresinsje-fan-jantsje-fjoertoer-yn-it-wald\/\" target=\"_blank\" rel=\"noopener noreferrer\">L\u00eas hjir de folsleine resinsje.<\/a><\/em><\/p>\n","protected":false},"excerpt":{"rendered":"<p>De nieuwste gedichtenbundel van de Friese dichter Arjan Hut is er! ljocht waarmer as fjoer, ljocht yn it ljocht, ljocht dat fielt dat wy besteane, ljocht d\u00ear&#8217;t we yn wenje kinne Afke Nynke: &#8220;De gedichtebondel fan Arjan Hut l\u00eaze je net yn ien kear \u00fat. L\u00eas ien gedicht, sl\u00fat dyn eagen en merk op w\u00ear\u2019t [&hellip;]<\/p>\n","protected":false},"featured_media":19448,"comment_status":"closed","ping_status":"closed","template":"","meta":{"_acf_changed":false},"product_brand":[],"product_cat":[538,535,1215],"product_tag":[14472,14473,5191,14474],"class_list":{"0":"post-19447","1":"product","2":"type-product","3":"status-publish","4":"has-post-thumbnail","6":"product_cat-dichtbondels","7":"product_cat-fryske-boeken","8":"product_cat-romans-en-literatuer","9":"product_tag-arjan-hut","10":"product_tag-fjoertoer-yn-it-wald","11":"product_tag-gedichten","12":"product_tag-ljocht","13":"product_shipping_class-brievenbus-verzending","14":"pa_auteur-arjan-hut","15":"pa_isbn-14428","16":"pa_new-label-1-3","17":"pa_taal-frysk","18":"pa_uitgever-afuk","20":"first","21":"instock","22":"featured","23":"taxable","24":"shipping-taxable","25":"purchasable","26":"product-type-simple"},"acf":[],"yoast_head":"<!-- This site is optimized with the Yoast SEO plugin v27.3 - https:\/\/yoast.com\/product\/yoast-seo-wordpress\/ -->\n<title>Fjoertoer yn it w\u00e2ld &#8211; Af\u00fbk Websjop<\/title>\n<meta name=\"description\" content=\"Fjoertoer yn it W\u00e2ld, de nijste bondel fan Arjan Hut. Oeral yn it tsjuster fan dizze bondel d\u00fbkt ljocht op: in fjoerkoer, de moanne, in skittering yn eagen.\" \/>\n<meta name=\"robots\" content=\"index, follow, max-snippet:-1, max-image-preview:large, max-video-preview:-1\" \/>\n<link rel=\"canonical\" href=\"https:\/\/websjop.afuk.frl\/nl\/winkel\/fjoertoer-yn-it-wald\/\" \/>\n<meta property=\"og:locale\" content=\"nl_NL\" \/>\n<meta property=\"og:type\" content=\"article\" \/>\n<meta property=\"og:title\" content=\"Fjoertoer yn it w\u00e2ld &#8211; Af\u00fbk Websjop\" \/>\n<meta property=\"og:description\" content=\"Fjoertoer yn it W\u00e2ld, de nijste bondel fan Arjan Hut. Oeral yn it tsjuster fan dizze bondel d\u00fbkt ljocht op: in fjoerkoer, de moanne, in skittering yn eagen.\" \/>\n<meta property=\"og:url\" content=\"https:\/\/websjop.afuk.frl\/nl\/winkel\/fjoertoer-yn-it-wald\/\" \/>\n<meta property=\"og:site_name\" content=\"Af\u00fbk Websjop\" \/>\n<meta property=\"article:modified_time\" content=\"2020-09-07T07:47:35+00:00\" \/>\n<meta property=\"og:image\" content=\"https:\/\/websjop.afuk.frl\/wp-content\/uploads\/2020\/06\/Fjoertoer-yn-it-w\u00e2ld-LR.jpg\" \/>\n\t<meta property=\"og:image:width\" content=\"1000\" \/>\n\t<meta property=\"og:image:height\" content=\"1462\" \/>\n\t<meta property=\"og:image:type\" content=\"image\/jpeg\" \/>\n<meta name=\"twitter:card\" content=\"summary_large_image\" \/>\n<meta name=\"twitter:label1\" content=\"Geschatte leestijd\" \/>\n\t<meta name=\"twitter:data1\" content=\"1 minuut\" \/>\n<script type=\"application\/ld+json\" class=\"yoast-schema-graph\">{\"@context\":\"https:\\\/\\\/schema.org\",\"@graph\":[{\"@type\":\"WebPage\",\"@id\":\"https:\\\/\\\/websjop.afuk.frl\\\/nl\\\/winkel\\\/fjoertoer-yn-it-wald\\\/\",\"url\":\"https:\\\/\\\/websjop.afuk.frl\\\/nl\\\/winkel\\\/fjoertoer-yn-it-wald\\\/\",\"name\":\"Fjoertoer yn it w\u00e2ld &#8211; Af\u00fbk Websjop\",\"isPartOf\":{\"@id\":\"https:\\\/\\\/websjop.afuk.frl\\\/nl\\\/#website\"},\"primaryImageOfPage\":{\"@id\":\"https:\\\/\\\/websjop.afuk.frl\\\/nl\\\/winkel\\\/fjoertoer-yn-it-wald\\\/#primaryimage\"},\"image\":{\"@id\":\"https:\\\/\\\/websjop.afuk.frl\\\/nl\\\/winkel\\\/fjoertoer-yn-it-wald\\\/#primaryimage\"},\"thumbnailUrl\":\"https:\\\/\\\/websjop.afuk.frl\\\/wp-content\\\/uploads\\\/2020\\\/06\\\/Fjoertoer-yn-it-w\u00e2ld-LR.jpg\",\"datePublished\":\"2020-06-11T10:53:35+00:00\",\"dateModified\":\"2020-09-07T07:47:35+00:00\",\"description\":\"Fjoertoer yn it W\u00e2ld, de nijste bondel fan Arjan Hut. Oeral yn it tsjuster fan dizze bondel d\u00fbkt ljocht op: in fjoerkoer, de moanne, in skittering yn eagen.\",\"breadcrumb\":{\"@id\":\"https:\\\/\\\/websjop.afuk.frl\\\/nl\\\/winkel\\\/fjoertoer-yn-it-wald\\\/#breadcrumb\"},\"inLanguage\":\"nl-NL\",\"potentialAction\":[{\"@type\":\"ReadAction\",\"target\":[\"https:\\\/\\\/websjop.afuk.frl\\\/nl\\\/winkel\\\/fjoertoer-yn-it-wald\\\/\"]}]},{\"@type\":\"ImageObject\",\"inLanguage\":\"nl-NL\",\"@id\":\"https:\\\/\\\/websjop.afuk.frl\\\/nl\\\/winkel\\\/fjoertoer-yn-it-wald\\\/#primaryimage\",\"url\":\"https:\\\/\\\/websjop.afuk.frl\\\/wp-content\\\/uploads\\\/2020\\\/06\\\/Fjoertoer-yn-it-w\u00e2ld-LR.jpg\",\"contentUrl\":\"https:\\\/\\\/websjop.afuk.frl\\\/wp-content\\\/uploads\\\/2020\\\/06\\\/Fjoertoer-yn-it-w\u00e2ld-LR.jpg\",\"width\":1000,\"height\":1462,\"caption\":\"Fjoertoer yn it W\u00e2ld\"},{\"@type\":\"BreadcrumbList\",\"@id\":\"https:\\\/\\\/websjop.afuk.frl\\\/nl\\\/winkel\\\/fjoertoer-yn-it-wald\\\/#breadcrumb\",\"itemListElement\":[{\"@type\":\"ListItem\",\"position\":1,\"name\":\"Home\",\"item\":\"https:\\\/\\\/websjop.afuk.frl\\\/nl\\\/\"},{\"@type\":\"ListItem\",\"position\":2,\"name\":\"Winkel\",\"item\":\"https:\\\/\\\/websjop.afuk.frl\\\/nl\\\/winkel\\\/\"},{\"@type\":\"ListItem\",\"position\":3,\"name\":\"Fjoertoer yn it w\u00e2ld\"}]},{\"@type\":\"WebSite\",\"@id\":\"https:\\\/\\\/websjop.afuk.frl\\\/nl\\\/#website\",\"url\":\"https:\\\/\\\/websjop.afuk.frl\\\/nl\\\/\",\"name\":\"Af\u00fbk Websjop\",\"description\":\"\",\"potentialAction\":[{\"@type\":\"SearchAction\",\"target\":{\"@type\":\"EntryPoint\",\"urlTemplate\":\"https:\\\/\\\/websjop.afuk.frl\\\/nl\\\/?s={search_term_string}\"},\"query-input\":{\"@type\":\"PropertyValueSpecification\",\"valueRequired\":true,\"valueName\":\"search_term_string\"}}],\"inLanguage\":\"nl-NL\"}]}<\/script>\n<!-- \/ Yoast SEO plugin. -->","yoast_head_json":{"title":"Fjoertoer yn it w\u00e2ld &#8211; Af\u00fbk Websjop","description":"Fjoertoer yn it W\u00e2ld, de nijste bondel fan Arjan Hut. Oeral yn it tsjuster fan dizze bondel d\u00fbkt ljocht op: in fjoerkoer, de moanne, in skittering yn eagen.","robots":{"index":"index","follow":"follow","max-snippet":"max-snippet:-1","max-image-preview":"max-image-preview:large","max-video-preview":"max-video-preview:-1"},"canonical":"https:\/\/websjop.afuk.frl\/nl\/winkel\/fjoertoer-yn-it-wald\/","og_locale":"nl_NL","og_type":"article","og_title":"Fjoertoer yn it w\u00e2ld &#8211; Af\u00fbk Websjop","og_description":"Fjoertoer yn it W\u00e2ld, de nijste bondel fan Arjan Hut. Oeral yn it tsjuster fan dizze bondel d\u00fbkt ljocht op: in fjoerkoer, de moanne, in skittering yn eagen.","og_url":"https:\/\/websjop.afuk.frl\/nl\/winkel\/fjoertoer-yn-it-wald\/","og_site_name":"Af\u00fbk Websjop","article_modified_time":"2020-09-07T07:47:35+00:00","og_image":[{"width":1000,"height":1462,"url":"https:\/\/websjop.afuk.frl\/wp-content\/uploads\/2020\/06\/Fjoertoer-yn-it-w\u00e2ld-LR.jpg","type":"image\/jpeg"}],"twitter_card":"summary_large_image","twitter_misc":{"Geschatte leestijd":"1 minuut"},"schema":{"@context":"https:\/\/schema.org","@graph":[{"@type":"WebPage","@id":"https:\/\/websjop.afuk.frl\/nl\/winkel\/fjoertoer-yn-it-wald\/","url":"https:\/\/websjop.afuk.frl\/nl\/winkel\/fjoertoer-yn-it-wald\/","name":"Fjoertoer yn it w\u00e2ld &#8211; Af\u00fbk Websjop","isPartOf":{"@id":"https:\/\/websjop.afuk.frl\/nl\/#website"},"primaryImageOfPage":{"@id":"https:\/\/websjop.afuk.frl\/nl\/winkel\/fjoertoer-yn-it-wald\/#primaryimage"},"image":{"@id":"https:\/\/websjop.afuk.frl\/nl\/winkel\/fjoertoer-yn-it-wald\/#primaryimage"},"thumbnailUrl":"https:\/\/websjop.afuk.frl\/wp-content\/uploads\/2020\/06\/Fjoertoer-yn-it-w\u00e2ld-LR.jpg","datePublished":"2020-06-11T10:53:35+00:00","dateModified":"2020-09-07T07:47:35+00:00","description":"Fjoertoer yn it W\u00e2ld, de nijste bondel fan Arjan Hut. Oeral yn it tsjuster fan dizze bondel d\u00fbkt ljocht op: in fjoerkoer, de moanne, in skittering yn eagen.","breadcrumb":{"@id":"https:\/\/websjop.afuk.frl\/nl\/winkel\/fjoertoer-yn-it-wald\/#breadcrumb"},"inLanguage":"nl-NL","potentialAction":[{"@type":"ReadAction","target":["https:\/\/websjop.afuk.frl\/nl\/winkel\/fjoertoer-yn-it-wald\/"]}]},{"@type":"ImageObject","inLanguage":"nl-NL","@id":"https:\/\/websjop.afuk.frl\/nl\/winkel\/fjoertoer-yn-it-wald\/#primaryimage","url":"https:\/\/websjop.afuk.frl\/wp-content\/uploads\/2020\/06\/Fjoertoer-yn-it-w\u00e2ld-LR.jpg","contentUrl":"https:\/\/websjop.afuk.frl\/wp-content\/uploads\/2020\/06\/Fjoertoer-yn-it-w\u00e2ld-LR.jpg","width":1000,"height":1462,"caption":"Fjoertoer yn it W\u00e2ld"},{"@type":"BreadcrumbList","@id":"https:\/\/websjop.afuk.frl\/nl\/winkel\/fjoertoer-yn-it-wald\/#breadcrumb","itemListElement":[{"@type":"ListItem","position":1,"name":"Home","item":"https:\/\/websjop.afuk.frl\/nl\/"},{"@type":"ListItem","position":2,"name":"Winkel","item":"https:\/\/websjop.afuk.frl\/nl\/winkel\/"},{"@type":"ListItem","position":3,"name":"Fjoertoer yn it w\u00e2ld"}]},{"@type":"WebSite","@id":"https:\/\/websjop.afuk.frl\/nl\/#website","url":"https:\/\/websjop.afuk.frl\/nl\/","name":"Af\u00fbk Websjop","description":"","potentialAction":[{"@type":"SearchAction","target":{"@type":"EntryPoint","urlTemplate":"https:\/\/websjop.afuk.frl\/nl\/?s={search_term_string}"},"query-input":{"@type":"PropertyValueSpecification","valueRequired":true,"valueName":"search_term_string"}}],"inLanguage":"nl-NL"}]}},"_links":{"self":[{"href":"https:\/\/websjop.afuk.frl\/nl\/wp-json\/wp\/v2\/product\/19447","targetHints":{"allow":["GET"]}}],"collection":[{"href":"https:\/\/websjop.afuk.frl\/nl\/wp-json\/wp\/v2\/product"}],"about":[{"href":"https:\/\/websjop.afuk.frl\/nl\/wp-json\/wp\/v2\/types\/product"}],"replies":[{"embeddable":true,"href":"https:\/\/websjop.afuk.frl\/nl\/wp-json\/wp\/v2\/comments?post=19447"}],"wp:featuredmedia":[{"embeddable":true,"href":"https:\/\/websjop.afuk.frl\/nl\/wp-json\/wp\/v2\/media\/19448"}],"wp:attachment":[{"href":"https:\/\/websjop.afuk.frl\/nl\/wp-json\/wp\/v2\/media?parent=19447"}],"wp:term":[{"taxonomy":"product_brand","embeddable":true,"href":"https:\/\/websjop.afuk.frl\/nl\/wp-json\/wp\/v2\/product_brand?post=19447"},{"taxonomy":"product_cat","embeddable":true,"href":"https:\/\/websjop.afuk.frl\/nl\/wp-json\/wp\/v2\/product_cat?post=19447"},{"taxonomy":"product_tag","embeddable":true,"href":"https:\/\/websjop.afuk.frl\/nl\/wp-json\/wp\/v2\/product_tag?post=19447"}],"curies":[{"name":"wp","href":"https:\/\/api.w.org\/{rel}","templated":true}]}}