{"id":19201,"date":"2020-05-28T11:57:18","date_gmt":"2020-05-28T10:57:18","guid":{"rendered":"https:\/\/websjop.afuk.frl\/nl\/?post_type=product&#038;p=19201"},"modified":"2026-02-12T13:05:08","modified_gmt":"2026-02-12T12:05:08","slug":"fryslan-mokje","status":"publish","type":"product","link":"https:\/\/websjop.afuk.frl\/nl\/winkel\/fryslan-mokje\/","title":{"rendered":"Frysl\u00e2n Mokje"},"content":{"rendered":"<p>De koffie smaakt zoveel beter uit dit prachtige Frysl\u00e2n drinkmokje. Met op de voor- en achterkant een wapperende Friese vlag.<\/p>\n<p>Hoogte: 8.5 cm<\/p>\n","protected":false},"excerpt":{"rendered":"<p>De koffie smaakt zoveel beter uit dit prachtige Frysl\u00e2n drinkmokje. Met op de voor- en achterkant een wapperende Friese vlag. Hoogte: 8.5 cm<\/p>\n","protected":false},"featured_media":19202,"comment_status":"closed","ping_status":"closed","template":"","meta":{"_acf_changed":false},"product_brand":[],"product_cat":[5217,565,5065,21380],"product_tag":[14004,14005,14003,12720,12719],"class_list":{"0":"post-19201","1":"product","2":"type-product","3":"status-publish","4":"has-post-thumbnail","6":"product_cat-fryske-flagge","7":"product_cat-friese-producten","8":"product_cat-fryske-suvenirs","9":"product_cat-sinteklaas-kadotips","10":"product_tag-drinken","11":"product_tag-drinkmok","12":"product_tag-fryslanmokje","13":"product_tag-koffie","14":"product_tag-kofje","15":"product_shipping_class-pakketpost-verzending","17":"first","18":"instock","19":"taxable","20":"shipping-taxable","21":"purchasable","22":"product-type-simple"},"acf":[],"yoast_head":"<!-- This site is optimized with the Yoast SEO plugin v27.3 - https:\/\/yoast.com\/product\/yoast-seo-wordpress\/ -->\n<title>Frysl\u00e2n Mokje &#8211; Af\u00fbk Websjop<\/title>\n<meta name=\"description\" content=\"De koffie smaakt zoveel beter uit dit prachtige Frysl\u00e2n drinkmokje. Met op de voor- en achterkant een wapperende Friese vlag. Hoogte: 8.5 cm\" \/>\n<meta name=\"robots\" content=\"index, follow, max-snippet:-1, max-image-preview:large, max-video-preview:-1\" \/>\n<link rel=\"canonical\" href=\"https:\/\/websjop.afuk.frl\/nl\/winkel\/fryslan-mokje\/\" \/>\n<meta property=\"og:locale\" content=\"nl_NL\" \/>\n<meta property=\"og:type\" content=\"article\" \/>\n<meta property=\"og:title\" content=\"Frysl\u00e2n Mokje &#8211; Af\u00fbk Websjop\" \/>\n<meta property=\"og:description\" content=\"De koffie smaakt zoveel beter uit dit prachtige Frysl\u00e2n drinkmokje. Met op de voor- en achterkant een wapperende Friese vlag. Hoogte: 8.5 cm\" \/>\n<meta property=\"og:url\" content=\"https:\/\/websjop.afuk.frl\/nl\/winkel\/fryslan-mokje\/\" \/>\n<meta property=\"og:site_name\" content=\"Af\u00fbk Websjop\" \/>\n<meta property=\"article:modified_time\" content=\"2026-02-12T12:05:08+00:00\" \/>\n<meta property=\"og:image\" content=\"https:\/\/websjop.afuk.frl\/wp-content\/uploads\/2020\/05\/Frysl\u00e2nmokje-scaled.jpg\" \/>\n\t<meta property=\"og:image:width\" content=\"1919\" \/>\n\t<meta property=\"og:image:height\" content=\"2560\" \/>\n\t<meta property=\"og:image:type\" content=\"image\/jpeg\" \/>\n<meta name=\"twitter:card\" content=\"summary_large_image\" \/>\n<meta name=\"twitter:label1\" content=\"Geschatte leestijd\" \/>\n\t<meta name=\"twitter:data1\" content=\"1 minuut\" \/>\n<script type=\"application\/ld+json\" class=\"yoast-schema-graph\">{\"@context\":\"https:\\\/\\\/schema.org\",\"@graph\":[{\"@type\":\"WebPage\",\"@id\":\"https:\\\/\\\/websjop.afuk.frl\\\/nl\\\/winkel\\\/fryslan-mokje\\\/\",\"url\":\"https:\\\/\\\/websjop.afuk.frl\\\/nl\\\/winkel\\\/fryslan-mokje\\\/\",\"name\":\"Frysl\u00e2n Mokje &#8211; Af\u00fbk Websjop\",\"isPartOf\":{\"@id\":\"https:\\\/\\\/websjop.afuk.frl\\\/nl\\\/#website\"},\"primaryImageOfPage\":{\"@id\":\"https:\\\/\\\/websjop.afuk.frl\\\/nl\\\/winkel\\\/fryslan-mokje\\\/#primaryimage\"},\"image\":{\"@id\":\"https:\\\/\\\/websjop.afuk.frl\\\/nl\\\/winkel\\\/fryslan-mokje\\\/#primaryimage\"},\"thumbnailUrl\":\"https:\\\/\\\/websjop.afuk.frl\\\/wp-content\\\/uploads\\\/2020\\\/05\\\/Frysl\u00e2nmokje-scaled.jpg\",\"datePublished\":\"2020-05-28T10:57:18+00:00\",\"dateModified\":\"2026-02-12T12:05:08+00:00\",\"description\":\"De koffie smaakt zoveel beter uit dit prachtige Frysl\u00e2n drinkmokje. Met op de voor- en achterkant een wapperende Friese vlag. Hoogte: 8.5 cm\",\"breadcrumb\":{\"@id\":\"https:\\\/\\\/websjop.afuk.frl\\\/nl\\\/winkel\\\/fryslan-mokje\\\/#breadcrumb\"},\"inLanguage\":\"nl-NL\",\"potentialAction\":[{\"@type\":\"ReadAction\",\"target\":[\"https:\\\/\\\/websjop.afuk.frl\\\/nl\\\/winkel\\\/fryslan-mokje\\\/\"]}]},{\"@type\":\"ImageObject\",\"inLanguage\":\"nl-NL\",\"@id\":\"https:\\\/\\\/websjop.afuk.frl\\\/nl\\\/winkel\\\/fryslan-mokje\\\/#primaryimage\",\"url\":\"https:\\\/\\\/websjop.afuk.frl\\\/wp-content\\\/uploads\\\/2020\\\/05\\\/Frysl\u00e2nmokje-scaled.jpg\",\"contentUrl\":\"https:\\\/\\\/websjop.afuk.frl\\\/wp-content\\\/uploads\\\/2020\\\/05\\\/Frysl\u00e2nmokje-scaled.jpg\",\"width\":1919,\"height\":2560,\"caption\":\"Frysl\u00e2nmokje\"},{\"@type\":\"BreadcrumbList\",\"@id\":\"https:\\\/\\\/websjop.afuk.frl\\\/nl\\\/winkel\\\/fryslan-mokje\\\/#breadcrumb\",\"itemListElement\":[{\"@type\":\"ListItem\",\"position\":1,\"name\":\"Home\",\"item\":\"https:\\\/\\\/websjop.afuk.frl\\\/nl\\\/\"},{\"@type\":\"ListItem\",\"position\":2,\"name\":\"Winkel\",\"item\":\"https:\\\/\\\/websjop.afuk.frl\\\/nl\\\/winkel\\\/\"},{\"@type\":\"ListItem\",\"position\":3,\"name\":\"Frysl\u00e2n Mokje\"}]},{\"@type\":\"WebSite\",\"@id\":\"https:\\\/\\\/websjop.afuk.frl\\\/nl\\\/#website\",\"url\":\"https:\\\/\\\/websjop.afuk.frl\\\/nl\\\/\",\"name\":\"Af\u00fbk Websjop\",\"description\":\"\",\"potentialAction\":[{\"@type\":\"SearchAction\",\"target\":{\"@type\":\"EntryPoint\",\"urlTemplate\":\"https:\\\/\\\/websjop.afuk.frl\\\/nl\\\/?s={search_term_string}\"},\"query-input\":{\"@type\":\"PropertyValueSpecification\",\"valueRequired\":true,\"valueName\":\"search_term_string\"}}],\"inLanguage\":\"nl-NL\"}]}<\/script>\n<!-- \/ Yoast SEO plugin. -->","yoast_head_json":{"title":"Frysl\u00e2n Mokje &#8211; Af\u00fbk Websjop","description":"De koffie smaakt zoveel beter uit dit prachtige Frysl\u00e2n drinkmokje. Met op de voor- en achterkant een wapperende Friese vlag. Hoogte: 8.5 cm","robots":{"index":"index","follow":"follow","max-snippet":"max-snippet:-1","max-image-preview":"max-image-preview:large","max-video-preview":"max-video-preview:-1"},"canonical":"https:\/\/websjop.afuk.frl\/nl\/winkel\/fryslan-mokje\/","og_locale":"nl_NL","og_type":"article","og_title":"Frysl\u00e2n Mokje &#8211; Af\u00fbk Websjop","og_description":"De koffie smaakt zoveel beter uit dit prachtige Frysl\u00e2n drinkmokje. Met op de voor- en achterkant een wapperende Friese vlag. Hoogte: 8.5 cm","og_url":"https:\/\/websjop.afuk.frl\/nl\/winkel\/fryslan-mokje\/","og_site_name":"Af\u00fbk Websjop","article_modified_time":"2026-02-12T12:05:08+00:00","og_image":[{"width":1919,"height":2560,"url":"https:\/\/websjop.afuk.frl\/wp-content\/uploads\/2020\/05\/Frysl\u00e2nmokje-scaled.jpg","type":"image\/jpeg"}],"twitter_card":"summary_large_image","twitter_misc":{"Geschatte leestijd":"1 minuut"},"schema":{"@context":"https:\/\/schema.org","@graph":[{"@type":"WebPage","@id":"https:\/\/websjop.afuk.frl\/nl\/winkel\/fryslan-mokje\/","url":"https:\/\/websjop.afuk.frl\/nl\/winkel\/fryslan-mokje\/","name":"Frysl\u00e2n Mokje &#8211; Af\u00fbk Websjop","isPartOf":{"@id":"https:\/\/websjop.afuk.frl\/nl\/#website"},"primaryImageOfPage":{"@id":"https:\/\/websjop.afuk.frl\/nl\/winkel\/fryslan-mokje\/#primaryimage"},"image":{"@id":"https:\/\/websjop.afuk.frl\/nl\/winkel\/fryslan-mokje\/#primaryimage"},"thumbnailUrl":"https:\/\/websjop.afuk.frl\/wp-content\/uploads\/2020\/05\/Frysl\u00e2nmokje-scaled.jpg","datePublished":"2020-05-28T10:57:18+00:00","dateModified":"2026-02-12T12:05:08+00:00","description":"De koffie smaakt zoveel beter uit dit prachtige Frysl\u00e2n drinkmokje. Met op de voor- en achterkant een wapperende Friese vlag. Hoogte: 8.5 cm","breadcrumb":{"@id":"https:\/\/websjop.afuk.frl\/nl\/winkel\/fryslan-mokje\/#breadcrumb"},"inLanguage":"nl-NL","potentialAction":[{"@type":"ReadAction","target":["https:\/\/websjop.afuk.frl\/nl\/winkel\/fryslan-mokje\/"]}]},{"@type":"ImageObject","inLanguage":"nl-NL","@id":"https:\/\/websjop.afuk.frl\/nl\/winkel\/fryslan-mokje\/#primaryimage","url":"https:\/\/websjop.afuk.frl\/wp-content\/uploads\/2020\/05\/Frysl\u00e2nmokje-scaled.jpg","contentUrl":"https:\/\/websjop.afuk.frl\/wp-content\/uploads\/2020\/05\/Frysl\u00e2nmokje-scaled.jpg","width":1919,"height":2560,"caption":"Frysl\u00e2nmokje"},{"@type":"BreadcrumbList","@id":"https:\/\/websjop.afuk.frl\/nl\/winkel\/fryslan-mokje\/#breadcrumb","itemListElement":[{"@type":"ListItem","position":1,"name":"Home","item":"https:\/\/websjop.afuk.frl\/nl\/"},{"@type":"ListItem","position":2,"name":"Winkel","item":"https:\/\/websjop.afuk.frl\/nl\/winkel\/"},{"@type":"ListItem","position":3,"name":"Frysl\u00e2n Mokje"}]},{"@type":"WebSite","@id":"https:\/\/websjop.afuk.frl\/nl\/#website","url":"https:\/\/websjop.afuk.frl\/nl\/","name":"Af\u00fbk Websjop","description":"","potentialAction":[{"@type":"SearchAction","target":{"@type":"EntryPoint","urlTemplate":"https:\/\/websjop.afuk.frl\/nl\/?s={search_term_string}"},"query-input":{"@type":"PropertyValueSpecification","valueRequired":true,"valueName":"search_term_string"}}],"inLanguage":"nl-NL"}]}},"_links":{"self":[{"href":"https:\/\/websjop.afuk.frl\/nl\/wp-json\/wp\/v2\/product\/19201","targetHints":{"allow":["GET"]}}],"collection":[{"href":"https:\/\/websjop.afuk.frl\/nl\/wp-json\/wp\/v2\/product"}],"about":[{"href":"https:\/\/websjop.afuk.frl\/nl\/wp-json\/wp\/v2\/types\/product"}],"replies":[{"embeddable":true,"href":"https:\/\/websjop.afuk.frl\/nl\/wp-json\/wp\/v2\/comments?post=19201"}],"wp:featuredmedia":[{"embeddable":true,"href":"https:\/\/websjop.afuk.frl\/nl\/wp-json\/wp\/v2\/media\/19202"}],"wp:attachment":[{"href":"https:\/\/websjop.afuk.frl\/nl\/wp-json\/wp\/v2\/media?parent=19201"}],"wp:term":[{"taxonomy":"product_brand","embeddable":true,"href":"https:\/\/websjop.afuk.frl\/nl\/wp-json\/wp\/v2\/product_brand?post=19201"},{"taxonomy":"product_cat","embeddable":true,"href":"https:\/\/websjop.afuk.frl\/nl\/wp-json\/wp\/v2\/product_cat?post=19201"},{"taxonomy":"product_tag","embeddable":true,"href":"https:\/\/websjop.afuk.frl\/nl\/wp-json\/wp\/v2\/product_tag?post=19201"}],"curies":[{"name":"wp","href":"https:\/\/api.w.org\/{rel}","templated":true}]}}