{"id":18974,"date":"2020-05-13T08:11:19","date_gmt":"2020-05-13T07:11:19","guid":{"rendered":"https:\/\/websjop.afuk.frl\/frl\/?post_type=product&#038;p=18974"},"modified":"2025-02-06T16:45:10","modified_gmt":"2025-02-06T15:45:10","slug":"de-raven-facebookroman","status":"publish","type":"product","link":"https:\/\/websjop.afuk.frl\/nl\/winkel\/de-raven-facebookroman\/","title":{"rendered":"De Raven &#8211; Facebookroman"},"content":{"rendered":"<p><strong>Hoe Elske Schotanus de privacy van haar familieleden schendt<\/strong><\/p>\n<p><strong>Facebookroman<\/strong><\/p>\n<p>Spannend en zo nu en dan hilarisch familieverhaal over Elske, haar zus en drie broers. Een raaf, een drone en een kapitaal negentiende-eeuws landhuis in de bossen van Gaasterland spelen een belangrijke rol in het verhaal dat in de zomer van 2019 in afleveringen op Facebook werd geschreven.<\/p>\n<p>&#8212;&#8212;&#8212;-<\/p>\n<p><strong>L\u00eazersreaksjes:<\/strong><br \/>\n<em>It earste Fryske feuilleton op Facebook. En watfoar ien! Gjin dei oerslein. Alle dagen hast in knappe cliffhanger. Fermaaklik, mar ek fernimstich binne de stikken d\u00ear\u2019t werklikheid en fiksje inoar yn bespylje. It tal passaazjes d\u00ear\u2019t ik smaaklik by laitsje moast, binne mannichf\u00e2ld. Der sit wat yn it ferhaal dat driuwt, it makket gong. Fierders is der \u00f4fwikseling by \u2019t soad, al wie it mar fanwegen de opset en struktuer fan \u2019e stikken. De ein wie foar my ferrassend.<\/em><\/p>\n<p><em>As ik in pear dagen yn it achter wie, gong ik earst werom nei w\u00ear\u2019t ik bleaun wie.<\/em><\/p>\n<p><em>Ondanks dat ik Facebook vooral open op momenten dat ik even oppervlakkig wil scannen en scrollen, las ik regelmatig door als de eerste zinnen mijn aandacht trokken.<\/em><\/p>\n<p><em>Alles l\u00eazen, fansels! \u2019t Wie machtich moai! Hiest om my noch wol in pear wike trochsette mocht!<\/em><\/p>\n<p><em>Reina Kroodsma: &#8216;It boek bondelet it ferhaal dat\u00a0Elske\u00a0yn de simmer fan 2019 yn \u00f4fleveringen op\u00a0Facebook\u00a0skreaun hat.\u00a0In\u00a0famyljeferhaal\u00a0d\u00ear\u2019t alles yn sit. Spanning, humor, drones, in Fries om utens, in toefke mystyk en oan \u2018e ein in\u00a0pikefelmomintsje.\u00a0In boek mei alles derop en deroan. It kloppet!&#8217; L\u00eas <a href=\"https:\/\/heitenmem.nl\/artikel\/19591\/de-boekresinsje-fan-reina-de-raven-facebookroman\/\" target=\"_blank\" rel=\"noopener noreferrer\">Reina har hiele resinsje hjir op heitenmem.nl<\/a><\/em><\/p>\n<p><em>Pieter Zuidema: &#8220;Nei elk stikje wolle jo witte: hoe giet dit fierder\u2026 Sa no en dan komme der wiere cliffhangers yn it ferhaal nei boppen. Elske Schotanus lit d\u00earyn sjen in bet\u00fbft Facebookromanskriuwer te w\u00eazen.&#8221; <a href=\"https:\/\/heitenmem.nl\/artikel\/19779\/de-boekresinsje-fan-pieter-de-raven\/\" target=\"_blank\" rel=\"noopener noreferrer\">L\u00eas hjir Pieter syn hiele resinsje.<\/a><\/em><\/p>\n<div style=\"width: 1280px;\" class=\"wp-video\"><video class=\"wp-video-shortcode\" id=\"video-18974-1\" width=\"1280\" height=\"720\" preload=\"metadata\" controls=\"controls\"><source type=\"video\/mp4\" src=\"https:\/\/websjop.afuk.frl\/wp-content\/uploads\/2020\/05\/DeRavenTrailer.3.mp4?_=1\" \/><a href=\"https:\/\/websjop.afuk.frl\/wp-content\/uploads\/2020\/05\/DeRavenTrailer.3.mp4\">https:\/\/websjop.afuk.frl\/wp-content\/uploads\/2020\/05\/DeRavenTrailer.3.mp4<\/a><\/video><\/div>\n","protected":false},"excerpt":{"rendered":"<p>Hoe Elske Schotanus de privacy van haar familieleden schendt Facebookroman Spannend en zo nu en dan hilarisch familieverhaal over Elske, haar zus en drie broers. Een raaf, een drone en een kapitaal negentiende-eeuws landhuis in de bossen van Gaasterland spelen een belangrijke rol in het verhaal dat in de zomer van 2019 in afleveringen op [&hellip;]<\/p>\n","protected":false},"featured_media":18978,"comment_status":"closed","ping_status":"closed","template":"","meta":{"_acf_changed":false},"product_brand":[],"product_cat":[535,574,537,1215,1313],"product_tag":[13216,13217,13218,13220,13219],"class_list":{"0":"post-18974","1":"product","2":"type-product","3":"status-publish","4":"has-post-thumbnail","6":"product_cat-fryske-boeken","7":"product_cat-oanbiedingen","8":"product_cat-romans","9":"product_cat-romans-en-literatuer","10":"product_cat-simmer-yn-fryslan","11":"product_tag-de-raven","12":"product_tag-elske-schotanus","13":"product_tag-facebookroman","14":"product_tag-gaasterlan","15":"product_tag-gaasterland","16":"product_shipping_class-brievenbus-verzending","17":"pa_auteur-elske-schotanus","18":"pa_isbn-13215","19":"pa_new-label-1-3","20":"pa_taal-frysk","21":"pa_uitgever-afuk","23":"first","24":"instock","25":"sale","26":"taxable","27":"shipping-taxable","28":"purchasable","29":"product-type-simple"},"acf":[],"yoast_head":"<!-- This site is optimized with the Yoast SEO plugin v27.3 - https:\/\/yoast.com\/product\/yoast-seo-wordpress\/ -->\n<title>De Raven - Facebookroman &#8211; Af\u00fbk Websjop<\/title>\n<meta name=\"description\" content=\"De Raven is een spannend en soms hilarisch familieverhaal over Elske, haar zus en drie broers. Hoe Elske Schotanus de privacy van haar familieleden schendt.\" \/>\n<meta name=\"robots\" content=\"index, follow, max-snippet:-1, max-image-preview:large, max-video-preview:-1\" \/>\n<link rel=\"canonical\" href=\"https:\/\/websjop.afuk.frl\/nl\/winkel\/de-raven-facebookroman\/\" \/>\n<meta property=\"og:locale\" content=\"nl_NL\" \/>\n<meta property=\"og:type\" content=\"article\" \/>\n<meta property=\"og:title\" content=\"De Raven - Facebookroman &#8211; Af\u00fbk Websjop\" \/>\n<meta property=\"og:description\" content=\"De Raven is een spannend en soms hilarisch familieverhaal over Elske, haar zus en drie broers. Hoe Elske Schotanus de privacy van haar familieleden schendt.\" \/>\n<meta property=\"og:url\" content=\"https:\/\/websjop.afuk.frl\/nl\/winkel\/de-raven-facebookroman\/\" \/>\n<meta property=\"og:site_name\" content=\"Af\u00fbk Websjop\" \/>\n<meta property=\"article:modified_time\" content=\"2025-02-06T15:45:10+00:00\" \/>\n<meta property=\"og:image\" content=\"https:\/\/websjop.afuk.frl\/wp-content\/uploads\/2020\/05\/De-Raven-LR.jpg\" \/>\n\t<meta property=\"og:image:width\" content=\"398\" \/>\n\t<meta property=\"og:image:height\" content=\"599\" \/>\n\t<meta property=\"og:image:type\" content=\"image\/jpeg\" \/>\n<meta name=\"twitter:card\" content=\"summary_large_image\" \/>\n<meta name=\"twitter:label1\" content=\"Geschatte leestijd\" \/>\n\t<meta name=\"twitter:data1\" content=\"2 minuten\" \/>\n<script type=\"application\/ld+json\" class=\"yoast-schema-graph\">{\"@context\":\"https:\\\/\\\/schema.org\",\"@graph\":[{\"@type\":\"WebPage\",\"@id\":\"https:\\\/\\\/websjop.afuk.frl\\\/nl\\\/winkel\\\/de-raven-facebookroman\\\/\",\"url\":\"https:\\\/\\\/websjop.afuk.frl\\\/nl\\\/winkel\\\/de-raven-facebookroman\\\/\",\"name\":\"De Raven - Facebookroman &#8211; Af\u00fbk Websjop\",\"isPartOf\":{\"@id\":\"https:\\\/\\\/websjop.afuk.frl\\\/nl\\\/#website\"},\"primaryImageOfPage\":{\"@id\":\"https:\\\/\\\/websjop.afuk.frl\\\/nl\\\/winkel\\\/de-raven-facebookroman\\\/#primaryimage\"},\"image\":{\"@id\":\"https:\\\/\\\/websjop.afuk.frl\\\/nl\\\/winkel\\\/de-raven-facebookroman\\\/#primaryimage\"},\"thumbnailUrl\":\"https:\\\/\\\/websjop.afuk.frl\\\/wp-content\\\/uploads\\\/2020\\\/05\\\/De-Raven-LR.jpg\",\"datePublished\":\"2020-05-13T07:11:19+00:00\",\"dateModified\":\"2025-02-06T15:45:10+00:00\",\"description\":\"De Raven is een spannend en soms hilarisch familieverhaal over Elske, haar zus en drie broers. Hoe Elske Schotanus de privacy van haar familieleden schendt.\",\"breadcrumb\":{\"@id\":\"https:\\\/\\\/websjop.afuk.frl\\\/nl\\\/winkel\\\/de-raven-facebookroman\\\/#breadcrumb\"},\"inLanguage\":\"nl-NL\",\"potentialAction\":[{\"@type\":\"ReadAction\",\"target\":[\"https:\\\/\\\/websjop.afuk.frl\\\/nl\\\/winkel\\\/de-raven-facebookroman\\\/\"]}]},{\"@type\":\"ImageObject\",\"inLanguage\":\"nl-NL\",\"@id\":\"https:\\\/\\\/websjop.afuk.frl\\\/nl\\\/winkel\\\/de-raven-facebookroman\\\/#primaryimage\",\"url\":\"https:\\\/\\\/websjop.afuk.frl\\\/wp-content\\\/uploads\\\/2020\\\/05\\\/De-Raven-LR.jpg\",\"contentUrl\":\"https:\\\/\\\/websjop.afuk.frl\\\/wp-content\\\/uploads\\\/2020\\\/05\\\/De-Raven-LR.jpg\",\"width\":398,\"height\":599,\"caption\":\"De Raven\"},{\"@type\":\"BreadcrumbList\",\"@id\":\"https:\\\/\\\/websjop.afuk.frl\\\/nl\\\/winkel\\\/de-raven-facebookroman\\\/#breadcrumb\",\"itemListElement\":[{\"@type\":\"ListItem\",\"position\":1,\"name\":\"Home\",\"item\":\"https:\\\/\\\/websjop.afuk.frl\\\/nl\\\/\"},{\"@type\":\"ListItem\",\"position\":2,\"name\":\"Winkel\",\"item\":\"https:\\\/\\\/websjop.afuk.frl\\\/nl\\\/winkel\\\/\"},{\"@type\":\"ListItem\",\"position\":3,\"name\":\"De Raven &#8211; Facebookroman\"}]},{\"@type\":\"WebSite\",\"@id\":\"https:\\\/\\\/websjop.afuk.frl\\\/nl\\\/#website\",\"url\":\"https:\\\/\\\/websjop.afuk.frl\\\/nl\\\/\",\"name\":\"Af\u00fbk Websjop\",\"description\":\"\",\"potentialAction\":[{\"@type\":\"SearchAction\",\"target\":{\"@type\":\"EntryPoint\",\"urlTemplate\":\"https:\\\/\\\/websjop.afuk.frl\\\/nl\\\/?s={search_term_string}\"},\"query-input\":{\"@type\":\"PropertyValueSpecification\",\"valueRequired\":true,\"valueName\":\"search_term_string\"}}],\"inLanguage\":\"nl-NL\"}]}<\/script>\n<!-- \/ Yoast SEO plugin. -->","yoast_head_json":{"title":"De Raven - Facebookroman &#8211; Af\u00fbk Websjop","description":"De Raven is een spannend en soms hilarisch familieverhaal over Elske, haar zus en drie broers. Hoe Elske Schotanus de privacy van haar familieleden schendt.","robots":{"index":"index","follow":"follow","max-snippet":"max-snippet:-1","max-image-preview":"max-image-preview:large","max-video-preview":"max-video-preview:-1"},"canonical":"https:\/\/websjop.afuk.frl\/nl\/winkel\/de-raven-facebookroman\/","og_locale":"nl_NL","og_type":"article","og_title":"De Raven - Facebookroman &#8211; Af\u00fbk Websjop","og_description":"De Raven is een spannend en soms hilarisch familieverhaal over Elske, haar zus en drie broers. Hoe Elske Schotanus de privacy van haar familieleden schendt.","og_url":"https:\/\/websjop.afuk.frl\/nl\/winkel\/de-raven-facebookroman\/","og_site_name":"Af\u00fbk Websjop","article_modified_time":"2025-02-06T15:45:10+00:00","og_image":[{"width":398,"height":599,"url":"https:\/\/websjop.afuk.frl\/wp-content\/uploads\/2020\/05\/De-Raven-LR.jpg","type":"image\/jpeg"}],"twitter_card":"summary_large_image","twitter_misc":{"Geschatte leestijd":"2 minuten"},"schema":{"@context":"https:\/\/schema.org","@graph":[{"@type":"WebPage","@id":"https:\/\/websjop.afuk.frl\/nl\/winkel\/de-raven-facebookroman\/","url":"https:\/\/websjop.afuk.frl\/nl\/winkel\/de-raven-facebookroman\/","name":"De Raven - Facebookroman &#8211; Af\u00fbk Websjop","isPartOf":{"@id":"https:\/\/websjop.afuk.frl\/nl\/#website"},"primaryImageOfPage":{"@id":"https:\/\/websjop.afuk.frl\/nl\/winkel\/de-raven-facebookroman\/#primaryimage"},"image":{"@id":"https:\/\/websjop.afuk.frl\/nl\/winkel\/de-raven-facebookroman\/#primaryimage"},"thumbnailUrl":"https:\/\/websjop.afuk.frl\/wp-content\/uploads\/2020\/05\/De-Raven-LR.jpg","datePublished":"2020-05-13T07:11:19+00:00","dateModified":"2025-02-06T15:45:10+00:00","description":"De Raven is een spannend en soms hilarisch familieverhaal over Elske, haar zus en drie broers. Hoe Elske Schotanus de privacy van haar familieleden schendt.","breadcrumb":{"@id":"https:\/\/websjop.afuk.frl\/nl\/winkel\/de-raven-facebookroman\/#breadcrumb"},"inLanguage":"nl-NL","potentialAction":[{"@type":"ReadAction","target":["https:\/\/websjop.afuk.frl\/nl\/winkel\/de-raven-facebookroman\/"]}]},{"@type":"ImageObject","inLanguage":"nl-NL","@id":"https:\/\/websjop.afuk.frl\/nl\/winkel\/de-raven-facebookroman\/#primaryimage","url":"https:\/\/websjop.afuk.frl\/wp-content\/uploads\/2020\/05\/De-Raven-LR.jpg","contentUrl":"https:\/\/websjop.afuk.frl\/wp-content\/uploads\/2020\/05\/De-Raven-LR.jpg","width":398,"height":599,"caption":"De Raven"},{"@type":"BreadcrumbList","@id":"https:\/\/websjop.afuk.frl\/nl\/winkel\/de-raven-facebookroman\/#breadcrumb","itemListElement":[{"@type":"ListItem","position":1,"name":"Home","item":"https:\/\/websjop.afuk.frl\/nl\/"},{"@type":"ListItem","position":2,"name":"Winkel","item":"https:\/\/websjop.afuk.frl\/nl\/winkel\/"},{"@type":"ListItem","position":3,"name":"De Raven &#8211; Facebookroman"}]},{"@type":"WebSite","@id":"https:\/\/websjop.afuk.frl\/nl\/#website","url":"https:\/\/websjop.afuk.frl\/nl\/","name":"Af\u00fbk Websjop","description":"","potentialAction":[{"@type":"SearchAction","target":{"@type":"EntryPoint","urlTemplate":"https:\/\/websjop.afuk.frl\/nl\/?s={search_term_string}"},"query-input":{"@type":"PropertyValueSpecification","valueRequired":true,"valueName":"search_term_string"}}],"inLanguage":"nl-NL"}]}},"_links":{"self":[{"href":"https:\/\/websjop.afuk.frl\/nl\/wp-json\/wp\/v2\/product\/18974","targetHints":{"allow":["GET"]}}],"collection":[{"href":"https:\/\/websjop.afuk.frl\/nl\/wp-json\/wp\/v2\/product"}],"about":[{"href":"https:\/\/websjop.afuk.frl\/nl\/wp-json\/wp\/v2\/types\/product"}],"replies":[{"embeddable":true,"href":"https:\/\/websjop.afuk.frl\/nl\/wp-json\/wp\/v2\/comments?post=18974"}],"wp:featuredmedia":[{"embeddable":true,"href":"https:\/\/websjop.afuk.frl\/nl\/wp-json\/wp\/v2\/media\/18978"}],"wp:attachment":[{"href":"https:\/\/websjop.afuk.frl\/nl\/wp-json\/wp\/v2\/media?parent=18974"}],"wp:term":[{"taxonomy":"product_brand","embeddable":true,"href":"https:\/\/websjop.afuk.frl\/nl\/wp-json\/wp\/v2\/product_brand?post=18974"},{"taxonomy":"product_cat","embeddable":true,"href":"https:\/\/websjop.afuk.frl\/nl\/wp-json\/wp\/v2\/product_cat?post=18974"},{"taxonomy":"product_tag","embeddable":true,"href":"https:\/\/websjop.afuk.frl\/nl\/wp-json\/wp\/v2\/product_tag?post=18974"}],"curies":[{"name":"wp","href":"https:\/\/api.w.org\/{rel}","templated":true}]}}